{"id":94,"date":"2020-04-02T15:59:13","date_gmt":"2020-04-02T13:59:13","guid":{"rendered":"http:\/\/www.trekrosetrip.com\/senegal\/?page_id=94"},"modified":"2025-12-03T11:47:08","modified_gmt":"2025-12-03T10:47:08","slug":"inscrire-son-entreprise","status":"publish","type":"page","link":"https:\/\/www.trekrosetrip.com\/senegal\/club-entreprises\/inscrire-son-entreprise\/","title":{"rendered":"Inscrire son entreprise"},"content":{"rendered":"[vc_row el_class=\u00a0\u00bbtrack_load_ContactEntreprise track_load_ContactEntreprise-Senegal\u00a0\u00bb][vc_column width=\u00a0\u00bb1\/6&Prime;][\/vc_column][vc_column width=\u00a0\u00bb2\/3&Prime;][vc_empty_space height=\u00a0\u00bb90px\u00a0\u00bb]<div id=\"argenta-custom-69ef811698fe9\"  class=\"heading-wrapper text-center text-titre\"  >\r\n\t\t\t<p class=\"subtitle\">#Inscription<\/p>\r\n\t\r\n\t<h2 class=\"second-title text-center\">Comment inscrire son entreprise ?<\/h2>\r\n\r\n\t\r\n\t\t<div class=\"divider-solid\"><div class=\"divider-line\"><\/div><\/div>\t\r\n\t<\/div>\t\r\n\r\n[vc_empty_space height=\u00a0\u00bb20px\u00a0\u00bb]<div id=\"argenta-custom-69ef811699111\"  >\r\n\t<p style=\"text-align: justify;\">C\u2019est tr\u00e8s simple ! Vous devez imp\u00e9rativement avoir s\u00e9lectionn\u00e9 une ou plusieurs \u00e9quipe(s) de deux ou trois participantes avant d\u2019enregistrer votre pr\u00e9-inscription. Vous pouvez \u00e9galement prendre contact avec l&rsquo;\u00e9quipe Rose Trip pour vous faire conseiller sur votre participation.<\/p>\n<\/div>\r\n\r\n[vc_empty_space height=\u00a0\u00bb50px\u00a0\u00bb el_id=\u00a0\u00bbinscription\u00a0\u00bb]<div  class=\"heading-wrapper text-center text-titre\"  >\r\n\t\r\n\t<h2 class=\"second-title text-center\">Contacter l'\u00e9quipe Rose Trip S\u00e9n\u00e9gal<\/h2>\r\n\r\n\t\r\n\t\t<div class=\"divider-solid\"><div class=\"divider-line\"><\/div><\/div>\t\r\n\t<\/div>\t\r\n\r\n[vc_empty_space height=\u00a0\u00bb20px\u00a0\u00bb]<div id=\"argenta-custom-69ef811699283\"  >\r\n\t<p style=\"text-align: justify;\">Pour vous pr\u00e9-inscrire, il vous suffit de prendre contact avec notre \u00e9quipe Rose Trip qui saura vous conseiller et vous donner tous les d\u00e9tails d\u2019une inscription au Club Entreprises.<\/p>\n<\/div>\r\n\r\n[vc_empty_space height=\u00a0\u00bb20px\u00a0\u00bb][vc_column_text el_class=\u00a0\u00bbtrack_ContactEntreprise track_ContactEntreprise-Senegal\u00a0\u00bb]\n<form method=\"POST\" id=\"ceform\">\n<div class=\"input-group\">\n<p>\n            <label class=\"col-6\"><br \/>\n                <span class=\"wpcf7-form-control-wrap\"><br \/>\n                    <input size=\"40\" maxlength=\"80\" placeholder=\"Pr\u00e9nom *\" value=\"\" type=\"text\" name=\"ceform[firstname]\"><br \/>\n                <\/span><br \/>\n            <\/label>\n        <\/p>\n<\/p><\/div>\n<div class=\"input-group\">\n<p>\n            <label class=\"col-6\"><br \/>\n                <span class=\"wpcf7-form-control-wrap\"><br \/>\n                    <input size=\"40\" maxlength=\"80\" placeholder=\"Nom *\" value=\"\" type=\"text\" name=\"ceform[lastname]\"><br \/>\n                <\/span><br \/>\n            <\/label>\n        <\/p>\n<\/p><\/div>\n<div class=\"input-group\">\n<p>\n            <label class=\"col-6\"><br \/>\n                <span class=\"wpcf7-form-control-wrap\"><br \/>\n                    <input size=\"40\" maxlength=\"80\" placeholder=\"Entreprise *\" value=\"\" type=\"text\" name=\"ceform[enterprise]\"><br \/>\n                <\/span><br \/>\n            <\/label>\n        <\/p>\n<\/p><\/div>\n<div class=\"input-group\">\n<p>\n            <label class=\"col-6\"><br \/>\n                <span class=\"wpcf7-form-control-wrap\"><br \/>\n                    <input size=\"40\" maxlength=\"80\" placeholder=\"Fonction occup\u00e9e *\" value=\"\" type=\"text\" name=\"ceform[fonction]\"><br \/>\n                <\/span><br \/>\n            <\/label>\n        <\/p>\n<\/p><\/div>\n<div class=\"input-group\">\n<p>\n            <label class=\"col-6\"><br \/>\n                <span class=\"wpcf7-form-control-wrap\"><br \/>\n                    <input size=\"40\" maxlength=\"80\" placeholder=\"Email *\" value=\"\" type=\"text\" name=\"ceform[email]\"><br \/>\n                <\/span><br \/>\n            <\/label>\n        <\/p>\n<\/p><\/div>\n<div class=\"input-group\">\n<p>\n            <label class=\"col-6\"><br \/>\n                <span class=\"wpcf7-form-control-wrap\"><br \/>\n                    <input size=\"40\" maxlength=\"80\" placeholder=\"T\u00e9l. *\" value=\"\" type=\"text\" name=\"ceform[telephone]\"><br \/>\n                <\/span><br \/>\n            <\/label>\n        <\/p>\n<\/p><\/div>\n<div class=\"col-12\">\n<p>\n            <label><br \/>\n                <span><br \/>\n                    <select class=\"wpcf7-form-control wpcf7-select\" name=\"ceform[equipes]\"><option value=\"Combien d'\u00e9quipes de 3 personnes envisagez-vous d'engager ?\">Combien d&rsquo;\u00e9quipes de 3 personnes envisagez-vous d&rsquo;engager ?<\/option><option value=\"1\" >1<\/option><option value=\"2\" >2<\/option><option value=\"3\" >3<\/option><option value=\"4\" >4<\/option><option value=\"5\" >5<\/option><option value=\"6\" >6<\/option><option value=\"7\" >7<\/option><option value=\"8\" >8<\/option><option value=\"9\" >9<\/option><option value=\"10 et +\" >10 et +<\/option><option value=\"Je ne sais pas\" >Je ne sais pas<\/option><\/select><br \/>\n                <\/span><br \/>\n            <\/label>\n        <\/p>\n<\/p><\/div>\n<p>            <input type=\"hidden\" name=\"ceform[products][]\" value=\"Rose Trip S\u00e9n\u00e9gal\" \/><\/p>\n<p>    <input type=\"hidden\" name=\"ceform[winner]\" value=\"\" \/><select style=\"display:none;\" name=\"ceform[gain]\"><option value=\"500\">500<\/option><option value=\"1000\" selected=\"selected\">1000<\/option><option value=\"2000\">2000<\/option><option value=\"5000\">5000<\/option><\/select><\/p>\n<div class=\"col-12\">\n<p>\n            <label><br \/>\n                <span class=\"wpcf7-form-control-wrap\"><textarea cols=\"20\" rows=\"10\" maxlength=\"400\" class=\"wpcf7-form-control wpcf7-textarea\" placeholder=\"Votre message\" name=\"ceform[message]\"><\/textarea><\/span><\/p>\n<p>                <label data-dashlane-label=\"true\"><br \/>\n                    <span class=\"wpcf7-form-control-wrap\"><span class=\"wpcf7-form-control wpcf7-checkbox\"><span class=\"wpcf7-list-item first last\"><span class=\"wpcf7-list-item-label\">Je souhaite en savoir plus sur la journ\u00e9e incentive aventure<\/span><input type=\"checkbox\" name=\"ceform[journee-incentive]\" value=\"Je souhaite en savoir plus sur la journ\u00e9e incentive aventure\" ><\/span><\/span><\/span><br \/>\n                    <\/label><br \/>\n            <\/label>\n        <\/p>\n<\/p><\/div>\n<p><button class=\"btn btn-rounded\"><span class=\"btn-load\"><\/span>Envoyer<\/button><\/p>\n<\/form>\n<style>\ndiv.errors ul li{\n    color:#dd3333;\n}\n#ceform input[type=text], #ceform textarea, #ceform select{\n    background-color:#f8f8f8;\n}\n<\/style>\n[\/vc_column_text][vc_empty_space height=\u00a0\u00bb50px\u00a0\u00bb][\/vc_column][vc_column width=\u00a0\u00bb1\/6&Prime;][\/vc_column][\/vc_row]\n","protected":false},"excerpt":{"rendered":"<p>[vc_row el_class=\u00a0\u00bbtrack_load_ContactEntreprise track_load_ContactEntreprise-Senegal\u00a0\u00bb][vc_column width=\u00a0\u00bb1\/6&Prime;][\/vc_column][vc_column width=\u00a0\u00bb2\/3&Prime;][vc_empty_space height=\u00a0\u00bb90px\u00a0\u00bb][vc_empty_space height=\u00a0\u00bb20px\u00a0\u00bb][vc_empty_space height=\u00a0\u00bb50px\u00a0\u00bb el_id=\u00a0\u00bbinscription\u00a0\u00bb][vc_empty_space height=\u00a0\u00bb20px\u00a0\u00bb][vc_empty_space height=\u00a0\u00bb20px\u00a0\u00bb][vc_column_text el_class=\u00a0\u00bbtrack_ContactEntreprise track_ContactEntreprise-Senegal\u00a0\u00bb][\/vc_column_text][vc_empty_space height=\u00a0\u00bb50px\u00a0\u00bb][\/vc_column][vc_column width=\u00a0\u00bb1\/6&Prime;][\/vc_column][\/vc_row]<\/p>\n","protected":false},"author":1,"featured_media":0,"parent":80,"menu_order":0,"comment_status":"closed","ping_status":"closed","template":"page-templates\/page_without-sidebar.php","meta":{"_acf_changed":false,"footnotes":""},"class_list":["post-94","page","type-page","status-publish","hentry"],"acf":[],"_links":{"self":[{"href":"https:\/\/www.trekrosetrip.com\/senegal\/wp-json\/wp\/v2\/pages\/94","targetHints":{"allow":["GET"]}}],"collection":[{"href":"https:\/\/www.trekrosetrip.com\/senegal\/wp-json\/wp\/v2\/pages"}],"about":[{"href":"https:\/\/www.trekrosetrip.com\/senegal\/wp-json\/wp\/v2\/types\/page"}],"author":[{"embeddable":true,"href":"https:\/\/www.trekrosetrip.com\/senegal\/wp-json\/wp\/v2\/users\/1"}],"replies":[{"embeddable":true,"href":"https:\/\/www.trekrosetrip.com\/senegal\/wp-json\/wp\/v2\/comments?post=94"}],"version-history":[{"count":4,"href":"https:\/\/www.trekrosetrip.com\/senegal\/wp-json\/wp\/v2\/pages\/94\/revisions"}],"predecessor-version":[{"id":7434,"href":"https:\/\/www.trekrosetrip.com\/senegal\/wp-json\/wp\/v2\/pages\/94\/revisions\/7434"}],"up":[{"embeddable":true,"href":"https:\/\/www.trekrosetrip.com\/senegal\/wp-json\/wp\/v2\/pages\/80"}],"wp:attachment":[{"href":"https:\/\/www.trekrosetrip.com\/senegal\/wp-json\/wp\/v2\/media?parent=94"}],"curies":[{"name":"wp","href":"https:\/\/api.w.org\/{rel}","templated":true}]}}