{"id":702,"date":"2022-03-03T11:32:40","date_gmt":"2022-03-03T10:32:40","guid":{"rendered":"https:\/\/www.trekrosetrip.com\/senegal\/?page_id=702"},"modified":"2025-06-23T17:31:18","modified_gmt":"2025-06-23T15:31:18","slug":"solidarite","status":"publish","type":"page","link":"https:\/\/www.trekrosetrip.com\/senegal\/trek-en-direct\/solidarite\/","title":{"rendered":"Solidarit\u00e9"},"content":{"rendered":"[vc_row][vc_column width=\u00a0\u00bb1\/4&Prime;][\/vc_column][vc_column width=\u00a0\u00bb1\/2&Prime;][vc_empty_space height=\u00a0\u00bb50px\u00a0\u00bb]<div  class=\"heading-wrapper text-center\"  >\r\n\t\t\t<p class=\"subtitle\">#Trek solidaire<\/p>\r\n\t\r\n\t<h1 class=\"second-title text-center\">La solidarit\u00e9 au c\u0153ur du Rose Trip S\u00e9n\u00e9gal<\/h1>\r\n\r\n\t\r\n\t\t<div class=\"divider-solid\"><div class=\"divider-line\"><\/div><\/div>\t\r\n\t<\/div>\t\r\n\r\n[vc_empty_space height=\u00a0\u00bb20px\u00a0\u00bb]<div id=\"argenta-custom-69e3744d48274\"  >\r\n\t<p>Depuis sa premi\u00e8re \u00e9dition, en plus du d\u00e9fi sportif, le Rose Trip S\u00e9n\u00e9gal est caract\u00e9ris\u00e9 <strong>par un fort ADN solidaire<\/strong> en partenariat avec deux associations :<\/p>\n<\/div>\r\n\r\n[vc_row_inner][vc_column_inner width=\u00a0\u00bb1\/2&Prime;][vc_single_image image=\u00a0\u00bb892&Prime; img_size=\u00a0\u00bbfull\u00a0\u00bb alignment=\u00a0\u00bbcenter\u00a0\u00bb onclick=\u00a0\u00bbcustom_link\u00a0\u00bb link=\u00a0\u00bb#ruban-rose\u00a0\u00bb][\/vc_column_inner][vc_column_inner width=\u00a0\u00bb1\/2&Prime;][vc_single_image image=\u00a0\u00bb894&Prime; img_size=\u00a0\u00bbfull\u00a0\u00bb onclick=\u00a0\u00bbcustom_link\u00a0\u00bb link=\u00a0\u00bb#cap-eco-solidaire\u00a0\u00bb][\/vc_column_inner][\/vc_row_inner][\/vc_column][vc_column width=\u00a0\u00bb1\/4&Prime;][\/vc_column][\/vc_row][vc_row full_width=\u00a0\u00bbstretch_row_content_no_spaces\u00a0\u00bb el_class=\u00a0\u00bbbg-right-bottom\u00a0\u00bb el_id=\u00a0\u00bbruban-rose\u00a0\u00bb][vc_column css=\u00a0\u00bb.vc_custom_1647443757253{padding-top: 50px !important;}\u00a0\u00bb]<div class=\"split-box\" id=\"argenta-custom-69e3744d48303\" \r\n\t\t\t\t>\r\n\t\t<div class=\"vc_col-md-6 split-box-wrap\">\r\n\t\t<div class=\"parallax-bg\"><\/div>\r\n\t\t<div class=\"content\">\r\n\t\t\t\t\t<\/div>\r\n\t<\/div>\t<div class=\"vc_col-md-6 split-box-wrap\">\r\n\t\t<div class=\"parallax-bg\"><\/div>\r\n\t\t<div class=\"content\">\r\n\t\t\t[vc_single_image image=\u00a0\u00bb897&Prime; img_size=\u00a0\u00bbfull\u00a0\u00bb]<div  class=\"heading-wrapper text-left\"  >\r\n\t\t\t<p class=\"subtitle\">#Ruban Rose<\/p>\r\n\t\r\n\t<h3 class=\"second-title text-left\">L'association Ruban Rose et le Rose Trip S\u00e9n\u00e9gal<\/h3>\r\n\r\n\t\r\n\t\t<div class=\"divider-solid\"><div class=\"divider-line\"><\/div><\/div>\t\r\n\t<\/div>\t\r\n\r\n[vc_empty_space height=\u00a0\u00bb20px\u00a0\u00bb]<div id=\"argenta-custom-69e3744d4c46b\"  >\r\n\t<p align=\"justify\">L&rsquo;association <a href=\"https:\/\/www.cancerdusein.org\/\" target=\"_blank\" rel=\"noopener\"><strong>Ruban Rose<\/strong><\/a> soutient la recherche destin\u00e9e \u00e0 lutter contre le cancer du sein et \u0153uvre pour la pr\u00e9vention \u00e0 travers diverses actions, dont <a href=\"https:\/\/octobre-rose.ligue-cancer.net\/\" target=\"_blank\" rel=\"noopener\">Octobre Rose<\/a>. Comme tous <strong>les \u00e9v\u00e9nements 100% f\u00e9minins organis\u00e9s par <a href=\"https:\/\/www.desertours.com\" target=\"_blank\" rel=\"noopener\">D\u00e9sertours<\/a><\/strong>, <strong>le Rose Trip S\u00e9n\u00e9gal pr\u00e9voit une action de mise en avant de cette cause<\/strong> ch\u00e8re \u00e0 toutes les personnes, touch\u00e9es de pr\u00e8s ou de loin par la maladie.<\/p>\n<p align=\"justify\">Cette ann\u00e9e encore, le Rose Trip S\u00e9n\u00e9gal compte ainsi une \u00e9tape hors classement d\u00e9di\u00e9e \u00e0 ce volet : elle consiste en une marche solidaire les pieds dans l\u2019eau, aux couleurs de l\u2019association, cl\u00f4tur\u00e9e par une action de visibilit\u00e9 d\u2019envergure. Durant la marche solidaire, les trekkeuses prendront la pause pour former le symbole de Ruban Rose sur la plage. Un clich\u00e9 et des images seront r\u00e9alis\u00e9s vu du ciel et ensuite partag\u00e9s sur les r\u00e9seaux sociaux puis diffus\u00e9s aux m\u00e9dias, en hommage \u00e0 toutes les victimes des cancers du sein. A l\u2019heure o\u00f9 les images inondent nos \u00e9crans, l\u2019objectif de cette action est de donner de la visibilit\u00e9 \u00e0 l&rsquo;association Ruban Rose afin de sensibiliser le plus grand nombre de personnes \u00e0 la pr\u00e9vention.<\/p>\n<p>&nbsp;<\/p>\n<p>En savoir plus : <a href=\"https:\/\/www.cancerdusein.org\" target=\"_blank\" rel=\"noopener\">www.cancerdusein.org<\/a><\/p>\n<\/div>\r\n\r\n[vc_empty_space height=\u00a0\u00bb1px\u00a0\u00bb el_id=\u00a0\u00bbcap-eco-solidaire\u00a0\u00bb]\t\t<\/div>\r\n\t<\/div>\t\r\n<\/div>\r\n\r\n<div class=\"split-box\" id=\"argenta-custom-69e3744d4c52d\" \r\n\t\t\t\t>\r\n\t\t<div class=\"vc_col-md-6 split-box-wrap\">\r\n\t\t<div class=\"parallax-bg\"><\/div>\r\n\t\t<div class=\"content\">\r\n\t\t\t[vc_single_image image=\u00a0\u00bb894&Prime; img_size=\u00a0\u00bbfull\u00a0\u00bb]<div  class=\"heading-wrapper text-left\"  >\r\n\t\t\t<p class=\"subtitle\">#Cap Eco Solidaire<\/p>\r\n\t\r\n\t<h3 class=\"second-title text-left\">L'\u00e9co-responsabilit\u00e9 sur le Rose Trip S\u00e9n\u00e9gal avec Cap Eco Solidaire<\/h3>\r\n\r\n\t\r\n\t\t<div class=\"divider-solid\"><div class=\"divider-line\"><\/div><\/div>\t\r\n\t<\/div>\t\r\n\r\n[vc_empty_space height=\u00a0\u00bb20px\u00a0\u00bb]<div id=\"argenta-custom-69e3744d51fa0\"  >\r\n\t<p align=\"justify\">En parall\u00e8le, le Rose Trip S\u00e9n\u00e9gal met cette ann\u00e9e \u00e0 nouveau en lumi\u00e8re l&rsquo;association <a href=\"https:\/\/asso-cap-eco-solidaire.org\" target=\"_blank\" rel=\"noopener\">Cap Eco Solidaire<\/a>, ayant des projets <strong>ax\u00e9s autour de l\u2019\u00e9co-responsabilit\u00e9 et la solidarit\u00e9<\/strong>. En collaboration avec le Rose Trip S\u00e9n\u00e9gal, le focus est mis sur le soutien au <strong>d\u00e9veloppement d\u2019un \u00e9tablissement scolaire \u00e0 Saly<\/strong>.<\/p>\n<p align=\"justify\">L\u2019\u00e9cole Keur Ma\u00efmouna a \u00e9t\u00e9 cr\u00e9\u00e9e en 2004 par une enseignante s\u00e9n\u00e9galaise Madame Nd\u00e9ye Coumba Ka \u00e9pouse Dieye et sa fille Aida, dans la lign\u00e9e de Ma\u00efmouna, leur m\u00e8re et grand-m\u00e8re respectives. Depuis 2021, les dons des trekkeuses et de l&rsquo;organisation ont permis la construction compl\u00e8te et l&rsquo;am\u00e9nagement d&rsquo;infrastructures pour le coll\u00e8ge : 2 salles de classe, de 6\u00e8me et de 5\u00e8me, ainsi qu&rsquo;un bureau pour le surveillant g\u00e9n\u00e9ral et un escalier ext\u00e9rieur. \u00c0 moyen terme, l&rsquo;objectif est de cr\u00e9er deux autres salles de classe afin de proposer aux \u00e9l\u00e8ves de la r\u00e9gion un enseignement et un cursus coll\u00e9gial complet jusqu&rsquo;au baccalaur\u00e9at. Cette ann\u00e9e les trekkeuses vont soutenir l\u2019\u00e9cole Keur Ma\u00efmouna via 3 projets :<\/p>\n<ul>\n<li>l\u2019<strong>extension de l\u2019\u00e9cole de Saly<\/strong>. Gr\u00e2ce aux dons financiers, l&rsquo;\u00e9cole pourra envisager la continuit\u00e9 des travaux commenc\u00e9s gr\u00e2ce aux dons des trekkeuses 2022 et 2023.<\/li>\n<li><strong>une op\u00e9ration marrainage<\/strong> pour soutenir un \u00e9l\u00e8ve en particulier en s&rsquo;engageant \u00e0 contribuer \u00e0 son \u00e9volution scolaire.<\/li>\n<li><strong>la remise d&rsquo;un kit d&rsquo;hygi\u00e8ne<\/strong>, cette action donne la possibilit\u00e9 aux trekkeuses d&#8217;emporter avec elles un petit kit d&rsquo;hygi\u00e8ne qui sera remis \u00e0 un \u00e9l\u00e8ve de l&rsquo;\u00e9cole Keur Ma\u00efmouna.<\/li>\n<\/ul>\n<p align=\"justify\">Pur en savoir plus : <a href=\"https:\/\/www.asso-cap-eco-solidaire.org\/\" target=\"_blank\" rel=\"noopener\">www.asso-cap-solidaire.org<\/a><\/p>\n<\/div>\r\n\r\n\t\t<\/div>\r\n\t<\/div>\t<div class=\"vc_col-md-6 split-box-wrap\">\r\n\t\t<div class=\"parallax-bg\"><\/div>\r\n\t\t<div class=\"content\">\r\n\t\t\t\t\t<\/div>\r\n\t<\/div>\t\r\n<\/div>\r\n\r\n[\/vc_column][\/vc_row]\n","protected":false},"excerpt":{"rendered":"<p>[vc_row][vc_column width=\u00a0\u00bb1\/4&Prime;][\/vc_column][vc_column width=\u00a0\u00bb1\/2&Prime;][vc_empty_space height=\u00a0\u00bb50px\u00a0\u00bb][vc_empty_space height=\u00a0\u00bb20px\u00a0\u00bb][vc_row_inner][vc_column_inner width=\u00a0\u00bb1\/2&Prime;][vc_single_image image=\u00a0\u00bb892&Prime; img_size=\u00a0\u00bbfull\u00a0\u00bb alignment=\u00a0\u00bbcenter\u00a0\u00bb onclick=\u00a0\u00bbcustom_link\u00a0\u00bb link=\u00a0\u00bb#ruban-rose\u00a0\u00bb][\/vc_column_inner][vc_column_inner width=\u00a0\u00bb1\/2&Prime;][vc_single_image image=\u00a0\u00bb894&Prime; img_size=\u00a0\u00bbfull\u00a0\u00bb onclick=\u00a0\u00bbcustom_link\u00a0\u00bb link=\u00a0\u00bb#cap-eco-solidaire\u00a0\u00bb][\/vc_column_inner][\/vc_row_inner][\/vc_column][vc_column width=\u00a0\u00bb1\/4&Prime;][\/vc_column][\/vc_row][vc_row full_width=\u00a0\u00bbstretch_row_content_no_spaces\u00a0\u00bb el_class=\u00a0\u00bbbg-right-bottom\u00a0\u00bb el_id=\u00a0\u00bbruban-rose\u00a0\u00bb][vc_column css=\u00a0\u00bb.vc_custom_1647443757253{padding-top: 50px !important;}\u00a0\u00bb][\/vc_column][\/vc_row]<\/p>\n","protected":false},"author":1,"featured_media":0,"parent":688,"menu_order":0,"comment_status":"closed","ping_status":"closed","template":"page-templates\/page_without-sidebar.php","meta":{"_acf_changed":false,"footnotes":""},"class_list":["post-702","page","type-page","status-publish","hentry"],"acf":[],"_links":{"self":[{"href":"https:\/\/www.trekrosetrip.com\/senegal\/wp-json\/wp\/v2\/pages\/702","targetHints":{"allow":["GET"]}}],"collection":[{"href":"https:\/\/www.trekrosetrip.com\/senegal\/wp-json\/wp\/v2\/pages"}],"about":[{"href":"https:\/\/www.trekrosetrip.com\/senegal\/wp-json\/wp\/v2\/types\/page"}],"author":[{"embeddable":true,"href":"https:\/\/www.trekrosetrip.com\/senegal\/wp-json\/wp\/v2\/users\/1"}],"replies":[{"embeddable":true,"href":"https:\/\/www.trekrosetrip.com\/senegal\/wp-json\/wp\/v2\/comments?post=702"}],"version-history":[{"count":0,"href":"https:\/\/www.trekrosetrip.com\/senegal\/wp-json\/wp\/v2\/pages\/702\/revisions"}],"up":[{"embeddable":true,"href":"https:\/\/www.trekrosetrip.com\/senegal\/wp-json\/wp\/v2\/pages\/688"}],"wp:attachment":[{"href":"https:\/\/www.trekrosetrip.com\/senegal\/wp-json\/wp\/v2\/media?parent=702"}],"curies":[{"name":"wp","href":"https:\/\/api.w.org\/{rel}","templated":true}]}}