{"id":698,"date":"2022-03-03T11:31:53","date_gmt":"2022-03-03T10:31:53","guid":{"rendered":"https:\/\/www.trekrosetrip.com\/senegal\/?page_id=698"},"modified":"2025-06-24T12:13:15","modified_gmt":"2025-06-24T10:13:15","slug":"organisation","status":"publish","type":"page","link":"https:\/\/www.trekrosetrip.com\/senegal\/trek-en-direct\/organisation\/","title":{"rendered":"Organisation"},"content":{"rendered":"[vc_row][vc_column][vc_empty_space height=\u00a0\u00bb60px\u00a0\u00bb]<div  class=\"heading-wrapper text-center\"  >\r\n\t\t\t<p class=\"subtitle\">#Naissance du trek<\/p>\r\n\t\r\n\t<h1 class=\"second-title text-center\">Un trek au S\u00e9n\u00e9gal<\/h1>\r\n\r\n\t\r\n\t\t<div class=\"divider-solid\"><div class=\"divider-line\"><\/div><\/div>\t\r\n\t<\/div>\t\r\n\r\n[vc_empty_space height=\u00a0\u00bb20px\u00a0\u00bb][\/vc_column][\/vc_row][vc_row][vc_column width=\u00a0\u00bb1\/4&Prime; css=\u00a0\u00bb.vc_custom_1647527791358{padding-right: 20px !important;padding-bottom: 20px !important;padding-left: 20px !important;}\u00a0\u00bb][vc_single_image image=\u00a0\u00bb921&Prime; img_size=\u00a0\u00bblarge\u00a0\u00bb alignment=\u00a0\u00bbcenter\u00a0\u00bb][\/vc_column][vc_column width=\u00a0\u00bb3\/4&Prime;]<div id=\"argenta-custom-69e3772a0b1a3\"  >\r\n\t<p align=\"justify\">Pour la troisi\u00e8me ann\u00e9e cons\u00e9cutive, <strong>le Rose Trip s\u2019envole vers le nord de Dakar<\/strong> pour mettre en avant d\u2019autres paysages et une culture singuli\u00e8re, tourn\u00e9e vers le partage, la joie de vivre et la tol\u00e9rance. <strong>Les participantes \u00e9voluent ainsi entre oc\u00e9an et savane<\/strong>, en passant par un <strong>petit d\u00e9sert de dunes<\/strong>, des terrains propices \u00e0 ce type de trek grandeur nature.<\/p>\n<p align=\"justify\">Sur le mod\u00e8le du <a href=\"https:\/\/www.trekrosetrip.com\/maroc\/\" target=\"_blank\" rel=\"noopener\">Rose Trip Maroc<\/a> inaugur\u00e9 en 2018, les participantes, par \u00e9quipes de trois, calculent les distances \u00e0 parcourir et les caps \u00e0 prendre sur une carte topographique, pour <strong>comptabiliser le moins de kilom\u00e8tres possible<\/strong> \u00e0 l\u2019issue des diff\u00e9rentes \u00e9tapes de la course. Le tout, <strong>en validant les fameuses balises et les contr\u00f4les de passage<\/strong> (les CP dans le jargon).<\/p>\n<p align=\"justify\">La premi\u00e8re \u00e9dition du Rose Trip S\u00e9n\u00e9gal en 2022 a marqu\u00e9 \u00e0 la fois un nouveau virage et un retour aux sources, car si le S\u00e9n\u00e9gal a accueilli pour la premi\u00e8re fois il y a 2 ans un \u00e9v\u00e9nement <em>made by <a href=\"https:\/\/www.desertours.com\" target=\"_blank\" rel=\"noopener\">D\u00e9sertours<\/a><\/em>, c\u2019est pr\u00e9cis\u00e9ment l\u00e0 qu\u2019est n\u00e9e la vocation sportive et solidaire du fondateur de l\u2019entreprise familiale dans les ann\u00e9es 80.<\/p>\n<p align=\"justify\">Pour Jean-Jacques Rey, ce n&rsquo;est pas une premi\u00e8re au pays de la <em>Terenga, mot wolof <\/em>qui d\u00e9signe l&rsquo;\u00e9tat d\u2019esprit si particulier et l\u2019hospitalit\u00e9 du peuple s\u00e9n\u00e9galais.<\/p>\n<\/div>\r\n\r\n[vc_empty_space height=\u00a0\u00bb70px\u00a0\u00bb][\/vc_column][\/vc_row][vc_row full_width=\u00a0\u00bbstretch_row_content_no_spaces\u00a0\u00bb el_id=\u00a0\u00bborganisation\u00a0\u00bb css=\u00a0\u00bb.vc_custom_1647527330243{margin-top: 0px !important;margin-bottom: 0px !important;padding-top: 10px !important;padding-bottom: 10px !important;background-color: #f1f3f3 !important;}\u00a0\u00bb][vc_column css=\u00a0\u00bb.vc_custom_1647527346756{margin-top: 0px !important;margin-right: 0px !important;margin-bottom: 0px !important;margin-left: 0px !important;padding-top: 0px !important;padding-right: 0px !important;padding-bottom: 0px !important;padding-left: 0px !important;}\u00a0\u00bb]<div class=\"split-box\" id=\"argenta-custom-69e3772a0b236\" \r\n\t\t\t\t>\r\n\t\t<div class=\"vc_col-md-6 split-box-wrap\">\r\n\t\t<div class=\"parallax-bg\"><\/div>\r\n\t\t<div class=\"content\">\r\n\t\t\t<div  class=\"heading-wrapper text-left\"  >\r\n\t\t\t<p class=\"subtitle\">#D\u00e9sertours<\/p>\r\n\t\r\n\t<h3 class=\"second-title text-left\">L'organisation<\/h3>\r\n\r\n\t\r\n\t\t<div class=\"divider-solid\"><div class=\"divider-line\"><\/div><\/div>\t\r\n\t<\/div>\t\r\n\r\n<div id=\"argenta-custom-69e3772a0b52a\"  >\r\n\t<p align=\"justify\"><strong>Le trek Rose Trip est n\u00e9 de l\u2019alliance de deux passions<\/strong>, celles d\u2019un p\u00e8re et de sa fille, pour les grands espaces et la randonn\u00e9e. Le premier, <strong><em>Jean-Jacques Rey<\/em><\/strong>, a fond\u00e9 <a href=\"https:\/\/www.desertours.com\" target=\"_blank\" rel=\"noopener\">D\u00e9sertours<\/a> sur les bases de <strong>son amour du d\u00e9sert n\u00e9 lors d\u2019un Paris-Dakar<\/strong>. D\u2019abord, pilote aguerri dans les montagnes basques, c\u2019est dans l\u2019immensit\u00e9 des d\u00e9serts africains que ce mordu de moto a trouv\u00e9 son terrain de jeu. Rapidement, celui-ci d\u00e9sire partager cette exp\u00e9rience unique avec un public qui n\u2019y a pas acc\u00e8s. C\u2019est ainsi qu\u2019il cr\u00e9e le <a href=\"https:\/\/www.4ltrophy.com\" target=\"_blank\" rel=\"noopener\">4L Trophy<\/a>, une course d\u2019orientation au roadbook et \u00e0 la boussole, initialement r\u00e9serv\u00e9e aux \u00e9tudiants, puis \u00e9tendue aux jeunes actifs.<\/p>\n<p align=\"justify\">L\u2019arriv\u00e9e de sa fille <strong><em>G\u00e9raldine<\/em><\/strong> dans l&rsquo;entreprise familiale <strong>marque un tournant vers la gente f\u00e9minine<\/strong>. Pas question de priver les femmes de telles sensations, elle souhaite ouvrir les portes du d\u00e9sert \u00e0 des participantes de tous \u00e2ges et de tous horizons. C\u2019est ainsi que na\u00eetront le <a href=\"https:\/\/trophee-roses-des-sables.com\" target=\"_blank\" rel=\"noopener\">Troph\u00e9e Roses des Sables<\/a> et <a href=\"https:\/\/trophee-roses-des-andes.com\" target=\"_blank\" rel=\"noopener\">Troph\u00e9e Roses des Andes<\/a>, deux rallyes auto calqu\u00e9s sur les plus grands raids africains. L\u2019exp\u00e9rience et le recul du p\u00e8re, au service de la fougue de la fille, il n\u2019en fallait pas moins pour convertir les femmes au roadbook et la boussole \u00e0 bord des bolides de leur choix. <em><strong>Et apr\u00e8s avoir marqu\u00e9 le c\u0153ur de plus de 3500 femmes, cette ann\u00e9e est un nouveau tournant dans l&rsquo;histoire de D\u00e9sertours qui a c\u00e9d\u00e9 le Troph\u00e9e Roses des Sables et le Troph\u00e9e Roses des Andes \u00e0 une nouvelle \u00e9quipe de repreneurs passionn\u00e9s<\/strong><\/em>.<\/p>\n<p align=\"justify\">Plus r\u00e9cemment, port\u00e9e par sa pratique r\u00e9guli\u00e8re de la randonn\u00e9e au pied de la Rhune (la montagne qui veille sur la baie de Saint-Jean-de-Luz), G\u00e9raldine a souhait\u00e9 utiliser ce background familial pour se lancer dans le trek grandeur nature. Depuis 2018, le <a href=\"https:\/\/www.trekrosetrip.com\/maroc\/\" target=\"_blank\" rel=\"noopener\">Rose Trip Maroc<\/a> invite donc des \u00e9quipes de trois concurrentes \u00e0 une course d\u2019orientation \u00e0 pied, autour d\u2019un bivouac au pied des dunes du Sahara.<\/p>\n<\/div>\r\n\r\n[vc_empty_space height=\u00a0\u00bb20px\u00a0\u00bb][vc_single_image image=\u00a0\u00bb505&Prime; img_size=\u00a0\u00bblarge\u00a0\u00bb]\t\t<\/div>\r\n\t<\/div>\t<div class=\"vc_col-md-6 split-box-wrap\">\r\n\t\t<div class=\"parallax-bg\"><\/div>\r\n\t\t<div class=\"content\">\r\n\t\t\t[vc_empty_space height=\u00a0\u00bb1px\u00a0\u00bb el_id=\u00a0\u00bbsecurite\u00a0\u00bb]<div  class=\"heading-wrapper text-left\"  >\r\n\t\t\t<p class=\"subtitle\">#S\u00e9curit\u00e9<\/p>\r\n\t\r\n\t<h3 class=\"second-title text-left\">La s\u00e9curit\u00e9 sur le trek<\/h3>\r\n\r\n\t\r\n\t\t<div class=\"divider-solid\"><div class=\"divider-line\"><\/div><\/div>\t\r\n\t<\/div>\t\r\n\r\n<div id=\"argenta-custom-69e3772a0b730\"  >\r\n\t<p align=\"justify\">Forte de son exp\u00e9rience et fid\u00e8le \u00e0 ses valeurs, <a href=\"https:\/\/www.desertours.com\/desertours\/organisation\/\" target=\"_blank\" rel=\"noopener\">l\u2019\u00e9quipe D\u00e9sertours<\/a> promet une exp\u00e9rience \u00e0 la fois hors du commun et totalement s\u00e9curis\u00e9e.<br \/>\nEn effet, l\u00e2ch\u00e9es dans une nature immense et sauvage, <strong>les trekkeuses sont discr\u00e8tement surveill\u00e9es par un staff bien r\u00f4d\u00e9<\/strong>.<\/p>\n<p align=\"justify\">Sur le terrain, <em><strong>G\u00e9raldine Rey<\/strong><\/em> incarne la <strong>Direction de Course<\/strong>. <em><strong>Julien Letullier<\/strong><\/em>, le <strong>Directeur de piste<\/strong> et <strong>Directeur sportif<\/strong>, qui assure la cr\u00e9ation des diff\u00e9rents trac\u00e9s, anticipe les potentiels obstacles en ouvrant la piste chaque matin avant le d\u00e9part des trekkeuses. Tous les soirs, l\u2019\u00e9quipe de direction au complet dispense un briefing pour rappeler les points importants du r\u00e8glement sportif et les consignes de s\u00e9curit\u00e9.<\/p>\n<p align=\"justify\">Depuis le <strong>PC Course<\/strong>, <strong>v\u00e9ritable tour de contr\u00f4le num\u00e9rique<\/strong>, ceux que l\u2019on nomme <em><strong>Papa Charly<\/strong> <\/em>scrutent leurs \u00e9crans de contr\u00f4le pour <strong>suivre de pr\u00e8s l\u2019\u00e9volution des trekkeuses g\u00e9olocalis\u00e9es par satellite<\/strong>. Au moindre incident &#8211; m\u00e9dical ou d\u2019orientation &#8211; celles-ci peuvent activer une <strong>balise d\u2019urgence<\/strong> et d\u00e9clencher une intervention imm\u00e9diate. En quelques minutes, un m\u00e9decin ou un membre de l\u2019organisation est ainsi au contact direct des participantes pour les soigner, les rapatrier au bivouac ou les rediriger sur le trac\u00e9.<\/p>\n<p align=\"justify\">Les <strong>commissaires de course<\/strong> sont quant \u00e0 eux post\u00e9s aux contr\u00f4les de passage (CP) et aux points de ravitaillement que les participantes doivent valider au fil de chaque parcours. Ils re\u00e7oivent aussi les \u00e9ventuelles r\u00e9clamations relatives au classement et recalculent chaque soir la position des \u00e9quipes au regard du parcours du jour, jusqu\u2019au classement final.<\/p>\n<p align=\"justify\">Enfin, l\u2019<strong>\u00e9quipe m\u00e9dicale<\/strong> se compose de <strong>m\u00e9decins g\u00e9n\u00e9ralistes<\/strong> et <strong>urgentistes<\/strong> ainsi que d\u2019<strong>infirmi\u00e8res<\/strong>. Ces professionnels se d\u00e9placent avec des chauffeurs exp\u00e9riment\u00e9s afin d\u2019<strong>intervenir au plus vite<\/strong> en cas de besoin. Sur le bivouac, elle est compl\u00e9t\u00e9e par des <strong>podologues<\/strong> et des <strong>\u00e9tiopathes<\/strong>.<\/p>\n<\/div>\r\n\r\n[vc_empty_space height=\u00a0\u00bb20px\u00a0\u00bb]\t\t<\/div>\r\n\t<\/div>\t\r\n<\/div>\r\n\r\n[\/vc_column][\/vc_row][vc_row el_id=\u00a0\u00bblogistique\u00a0\u00bb][vc_column][vc_empty_space height=\u00a0\u00bb70px\u00a0\u00bb]<div  class=\"heading-wrapper text-center\"  >\r\n\t\t\t<p class=\"subtitle\">#logistique<\/p>\r\n\t\r\n\t<h3 class=\"second-title text-center\">La logistique<\/h3>\r\n\r\n\t\r\n\t\t<div class=\"divider-solid\"><div class=\"divider-line\"><\/div><\/div>\t\r\n\t<\/div>\t\r\n\r\n[vc_empty_space height=\u00a0\u00bb20px\u00a0\u00bb][\/vc_column][\/vc_row][vc_row][vc_column width=\u00a0\u00bb2\/3&Prime;]<div id=\"argenta-custom-69e3772a0b8a3\"  >\r\n\t<p align=\"justify\">En <strong>coulisses du Rose Trip S\u00e9n\u00e9gal<\/strong>, des dizaines de personnes man\u0153uvrent pour assurer le bon d\u00e9roulement du trek.<\/p>\n<p align=\"justify\">Pour la partie sportive, elles veillent au <strong>balisage du terrain quand celui-ci l\u2019impose<\/strong> (champs cultiv\u00e9s ou villages \u00e0 respecter), ainsi qu\u2019au <strong>ravitaillement<\/strong>. Sur leur parcours, <strong>les trekkeuses ont ainsi acc\u00e8s \u00e0 des r\u00e9serves d\u2019eau<\/strong> pour remplir leurs gourdes et autres contenants, mais aussi \u00e0 des <strong>corbeilles de fruits secs ou frais<\/strong>, sous un <strong>abri ombrag\u00e9<\/strong>. <strong>Les bouteilles vides en plastique sont aussit\u00f4t collect\u00e9es pour \u00eatre tri\u00e9es et recycl\u00e9es<\/strong> ult\u00e9rieurement.<\/p>\n<p align=\"justify\">Pour leur confort au bivouac, l\u2019\u00e9quipe s\u2019active \u00e0 <strong>installer un mini village avec couchages et sanitaires<\/strong>,<strong> espace restauration<\/strong>, <strong>coin d\u00e9tente<\/strong> et <strong>espace d\u00e9di\u00e9 \u00e0 la pr\u00e9paration\/r\u00e9cup\u00e9ration physique<\/strong> avant et apr\u00e8s parcours. La \u201c<em>tente infos<\/em>\u201d est \u00e9galement un \u00e9l\u00e9ment central de la logistique : c\u2019est l\u00e0 que les participantes retrouvent notamment leur boussole perdue (un comble non ?) et v\u00e9rifient le bon horaire de briefing ou de d\u00e9part.<\/p>\n<p align=\"justify\">Enfin, la \u201c<em>tente presse<\/em>\u201d est garante de la bonne <strong>couverture m\u00e9diatique du Rose Trip S\u00e9n\u00e9gal<\/strong>. Photographes de <strong><em>FLASHPORT<\/em><\/strong>, filmeurs et monteurs de <strong><em>3122 Prod\u2019<\/em><\/strong>, community managers de l&rsquo;<em><strong>agence Chahut<\/strong><\/em>, \u00e9quipes de communication, journalistes et attach\u00e9s de presse ont un acc\u00e8s wifi r\u00e9serv\u00e9 pour travailler nuit et jour afin de diffuser au plus vite les contenus produits dans la journ\u00e9e.<\/p>\n<\/div>\r\n\r\n[vc_empty_space height=\u00a0\u00bb70px\u00a0\u00bb][\/vc_column][vc_column width=\u00a0\u00bb1\/3&Prime;][vc_single_image image=\u00a0\u00bb156&Prime; img_size=\u00a0\u00bblarge\u00a0\u00bb alignment=\u00a0\u00bbcenter\u00a0\u00bb][\/vc_column][\/vc_row]\n","protected":false},"excerpt":{"rendered":"<p>[vc_row][vc_column][vc_empty_space height=\u00a0\u00bb60px\u00a0\u00bb][vc_empty_space height=\u00a0\u00bb20px\u00a0\u00bb][\/vc_column][\/vc_row][vc_row][vc_column width=\u00a0\u00bb1\/4&Prime; css=\u00a0\u00bb.vc_custom_1647527791358{padding-right: 20px !important;padding-bottom: 20px !important;padding-left: 20px !important;}\u00a0\u00bb][vc_single_image image=\u00a0\u00bb921&Prime; img_size=\u00a0\u00bblarge\u00a0\u00bb alignment=\u00a0\u00bbcenter\u00a0\u00bb][\/vc_column][vc_column width=\u00a0\u00bb3\/4&Prime;][vc_empty_space height=\u00a0\u00bb70px\u00a0\u00bb][\/vc_column][\/vc_row][vc_row full_width=\u00a0\u00bbstretch_row_content_no_spaces\u00a0\u00bb el_id=\u00a0\u00bborganisation\u00a0\u00bb css=\u00a0\u00bb.vc_custom_1647527330243{margin-top: 0px !important;margin-bottom: 0px !important;padding-top: 10px !important;padding-bottom: 10px !important;background-color: #f1f3f3 !important;}\u00a0\u00bb][vc_column css=\u00a0\u00bb.vc_custom_1647527346756{margin-top: 0px !important;margin-right: 0px !important;margin-bottom: 0px !important;margin-left: 0px !important;padding-top: 0px !important;padding-right: 0px !important;padding-bottom: 0px !important;padding-left: 0px !important;}\u00a0\u00bb][\/vc_column][\/vc_row][vc_row el_id=\u00a0\u00bblogistique\u00a0\u00bb][vc_column][vc_empty_space height=\u00a0\u00bb70px\u00a0\u00bb][vc_empty_space height=\u00a0\u00bb20px\u00a0\u00bb][\/vc_column][\/vc_row][vc_row][vc_column width=\u00a0\u00bb2\/3&Prime;][vc_empty_space height=\u00a0\u00bb70px\u00a0\u00bb][\/vc_column][vc_column width=\u00a0\u00bb1\/3&Prime;][vc_single_image image=\u00a0\u00bb156&Prime; img_size=\u00a0\u00bblarge\u00a0\u00bb alignment=\u00a0\u00bbcenter\u00a0\u00bb][\/vc_column][\/vc_row]<\/p>\n","protected":false},"author":1,"featured_media":0,"parent":688,"menu_order":0,"comment_status":"closed","ping_status":"closed","template":"page-templates\/page_without-sidebar.php","meta":{"_acf_changed":false,"footnotes":""},"class_list":["post-698","page","type-page","status-publish","hentry"],"acf":[],"_links":{"self":[{"href":"https:\/\/www.trekrosetrip.com\/senegal\/wp-json\/wp\/v2\/pages\/698","targetHints":{"allow":["GET"]}}],"collection":[{"href":"https:\/\/www.trekrosetrip.com\/senegal\/wp-json\/wp\/v2\/pages"}],"about":[{"href":"https:\/\/www.trekrosetrip.com\/senegal\/wp-json\/wp\/v2\/types\/page"}],"author":[{"embeddable":true,"href":"https:\/\/www.trekrosetrip.com\/senegal\/wp-json\/wp\/v2\/users\/1"}],"replies":[{"embeddable":true,"href":"https:\/\/www.trekrosetrip.com\/senegal\/wp-json\/wp\/v2\/comments?post=698"}],"version-history":[{"count":0,"href":"https:\/\/www.trekrosetrip.com\/senegal\/wp-json\/wp\/v2\/pages\/698\/revisions"}],"up":[{"embeddable":true,"href":"https:\/\/www.trekrosetrip.com\/senegal\/wp-json\/wp\/v2\/pages\/688"}],"wp:attachment":[{"href":"https:\/\/www.trekrosetrip.com\/senegal\/wp-json\/wp\/v2\/media?parent=698"}],"curies":[{"name":"wp","href":"https:\/\/api.w.org\/{rel}","templated":true}]}}