{"id":696,"date":"2022-03-03T11:31:32","date_gmt":"2022-03-03T10:31:32","guid":{"rendered":"https:\/\/www.trekrosetrip.com\/senegal\/?page_id=696"},"modified":"2025-06-23T17:30:54","modified_gmt":"2025-06-23T15:30:54","slug":"eco-responsabilite","status":"publish","type":"page","link":"https:\/\/www.trekrosetrip.com\/senegal\/trek-en-direct\/eco-responsabilite\/","title":{"rendered":"Eco-responsabilit\u00e9"},"content":{"rendered":"[vc_row][vc_column width=\u00a0\u00bb1\/6&Prime;][\/vc_column][vc_column width=\u00a0\u00bb2\/3&Prime;][vc_empty_space height=\u00a0\u00bb60px\u00a0\u00bb]<div  class=\"heading-wrapper text-center\"  >\r\n\t\t\t<p class=\"subtitle\">#Trek \u00e9co-responsable<\/p>\r\n\t\r\n\t<h1 class=\"second-title text-center\">L'\u00e9co-responsabilit\u00e9<\/h1>\r\n\r\n\t\r\n\t\t<div class=\"divider-solid\"><div class=\"divider-line\"><\/div><\/div>\t\r\n\t<\/div>\t\r\n\r\n[vc_empty_space height=\u00a0\u00bb20px\u00a0\u00bb]<div id=\"argenta-custom-69f636f7d6c34\"  >\r\n\t<p style=\"text-align: justify;\"><img loading=\"lazy\" decoding=\"async\" class=\"size-full wp-image-902 alignleft\" src=\"https:\/\/www.trekrosetrip.com\/senegal\/wp-content\/uploads\/sites\/3\/2022\/03\/tampon-ecoresponsable.png\" alt=\"Trek Eco-responsable | Rose Trip S\u00e9n\u00e9gal\" width=\"130\" height=\"100\" \/>Soucieuse de profiter des \u00e9v\u00e9nements pour sensibiliser les participantes \u00e0 la protection de l\u2019environnement, l&rsquo;\u00e9quipe d\u2019organisation a pr\u00e9vu diff\u00e9rentes actions durant le trek.<\/p>\n<p style=\"text-align: justify;\">Objectif : le moindre impact \u00e9cologique de la course et la mise en avant de gestes \u00e9co-responsables \u00e0 reproduire au quotidien.<\/p>\n<\/div>\r\n\r\n[vc_empty_space height=\u00a0\u00bb60px\u00a0\u00bb][\/vc_column][vc_column width=\u00a0\u00bb1\/6&Prime;][\/vc_column][\/vc_row][vc_row full_width=\u00a0\u00bbstretch_row_content_no_spaces\u00a0\u00bb el_class=\u00a0\u00bbbg-right-bottom\u00a0\u00bb][vc_column]<div class=\"split-box\" id=\"argenta-custom-69f636f7d6cb9\" \r\n\t\t\t\t>\r\n\t\t<div class=\"vc_col-md-6 split-box-wrap\">\r\n\t\t<div class=\"parallax-bg\"><\/div>\r\n\t\t<div class=\"content\">\r\n\t\t\t[vc_single_image image=\u00a0\u00bb907&Prime; img_size=\u00a0\u00bbfull\u00a0\u00bb alignment=\u00a0\u00bbcenter\u00a0\u00bb]\t\t<\/div>\r\n\t<\/div>\t<div class=\"vc_col-md-6 split-box-wrap\">\r\n\t\t<div class=\"parallax-bg\"><\/div>\r\n\t\t<div class=\"content\">\r\n\t\t\t<div  class=\"heading-wrapper text-left\"  >\r\n\t\t\t<p class=\"subtitle\">#Charte des gestes responsables<\/p>\r\n\t\r\n\t<h3 class=\"second-title text-left\">Responsabiliser<\/h3>\r\n\r\n\t\r\n\t\t<div class=\"divider-solid\"><div class=\"divider-line\"><\/div><\/div>\t\r\n\t<\/div>\t\r\n\r\n[vc_empty_space height=\u00a0\u00bb20px\u00a0\u00bb]<div id=\"argenta-custom-69f636f7d6fd8\"  >\r\n\t<p align=\"justify\">Pour les Roses Trekkeuses comme pour l\u2019\u00e9quipe d\u2019organisation, le terrain de jeu du trek doit \u00eatre per\u00e7u comme un <strong>p\u00e9rim\u00e8tre \u00e0 pr\u00e9server via des gestes simples<\/strong>.<\/p>\n<p align=\"justify\">Tout comme sur notre \u00e9v\u00e9nement <a href=\"https:\/\/trekrosetrip.com\/maroc\/\" target=\"_blank\" rel=\"noopener\">Rose Trip Maroc<\/a>, les participantes sont ainsi incit\u00e9es \u00e0 respecter leur terrain de jeu et, si elles le souhaitent, avoir une d\u00e9marche de <i>clean walk <\/i>en ramassant les d\u00e9chets qu&rsquo;elles croiseront sur leur itin\u00e9raire.<\/p>\n<p align=\"justify\">M\u00eame s\u2019ils rel\u00e8vent du simple bon sens, ceux-ci sont compil\u00e9s dans la<a href=\"https:\/\/www.trekrosetrip.com\/senegal\/wp-content\/uploads\/sites\/3\/2022\/03\/Charte-des-Gestes-Eco-Responsables.docx.pdf\" target=\"_blank\" rel=\"noopener\"><i> Charte des gestes responsables<\/i><\/a> transmise \u00e0 l\u2019ensemble des participantes, et rappel\u00e9s par la signal\u00e9tique du bivouac.<\/p>\n<p align=\"justify\">Ainsi, les Roses Trekkeuses s\u2019engagent notamment \u00e0 :<\/p>\n<ul>\n<li aria-level=\"1\">ne laisser <strong>aucune trace de leur passage<\/strong> dans le d\u00e9sert<\/li>\n<li aria-level=\"1\"><strong>ramasser les \u00e9ventuels d\u00e9chets abandonn\u00e9s<\/strong> crois\u00e9s sur leur passage.<\/li>\n<li aria-level=\"1\"><strong>ramasser ou br\u00fbler le papier toilette utilis\u00e9 sur la piste<\/strong><b>\u00a0<\/b><\/li>\n<\/ul>\n<p align=\"justify\">Les Roses Trekkeuses sont invit\u00e9es \u00e0 reproduire ces r\u00e9flexes \u00e9co-citoyens li\u00e9s au ramassage des d\u00e9chets (dans la rue, dans la nature) et \u00e0 l\u2019utilisation du plastique une fois de retour dans leur vie quotidienne.<\/p>\n<\/div>\r\n\r\n\t\t<\/div>\r\n\t<\/div>\t\r\n<\/div>\r\n\r\n<div class=\"split-box\" id=\"argenta-custom-69f636f7d708a\" \r\n\t\t\t\t>\r\n\t\t<div class=\"vc_col-md-6 split-box-wrap\">\r\n\t\t<div class=\"parallax-bg\"><\/div>\r\n\t\t<div class=\"content\">\r\n\t\t\t<div  class=\"heading-wrapper text-left\"  >\r\n\t\t\t<p class=\"subtitle\">#Comportement \u00e9co-citoyen<\/p>\r\n\t\r\n\t<h3 class=\"second-title text-left\">Collecte et recyclage des bouteilles en plastique<\/h3>\r\n\r\n\t\r\n\t\t<div class=\"divider-solid\"><div class=\"divider-line\"><\/div><\/div>\t\r\n\t<\/div>\t\r\n\r\n[vc_empty_space height=\u00a0\u00bb20px\u00a0\u00bb]<div id=\"argenta-custom-69f636f7d7281\"  >\r\n\t<p align=\"justify\">A chaque d\u00e9part d\u2019\u00e9tape et sur les points de ravitaillement, <strong>les participantes utilisent leurs propres contenants<\/strong> qu\u2019elles remplissent avec les bouteilles en plastique fournies par l\u2019organisation. Les bouteilles ainsi vid\u00e9es sont aussit\u00f4t r\u00e9cup\u00e9r\u00e9es afin d\u2019\u00e9carter tout risque de pollution du milieu naturel.<\/p>\n<p align=\"justify\">De son c\u00f4t\u00e9, <strong>l\u2019\u00e9quipe d\u2019organisation du Rose Trip S\u00e9n\u00e9gal se charge de mettre en place des poubelles de tri pour la collecte de ces bouteilles en plastiques sur le bivouac, afin d&rsquo;assurer leur recyclage ult\u00e9rieur<\/strong>.<\/p>\n<p align=\"justify\">C\u2019est la soci\u00e9t\u00e9 <a href=\"\/senegal\/trek-en-direct\/partenaires\/\">La Casaman\u00e7aise<\/a> qui r\u00e9cup\u00e9rera les bouteilles plastique pour une r\u00e9utilisation au sein de son unit\u00e9 de production.<\/p>\n<p align=\"justify\">Dans le m\u00eame esprit, notre d\u00e9marche inclut \u00e9galement la <strong>r\u00e9duction des impressions papiers au strict n\u00e9cessaire<\/strong>.<\/p>\n<\/div>\r\n\r\n\t\t<\/div>\r\n\t<\/div>\t<div class=\"vc_col-md-6 split-box-wrap\">\r\n\t\t<div class=\"parallax-bg\"><\/div>\r\n\t\t<div class=\"content\">\r\n\t\t\t[vc_single_image image=\u00a0\u00bb911&Prime; img_size=\u00a0\u00bbfull\u00a0\u00bb alignment=\u00a0\u00bbcenter\u00a0\u00bb]\t\t<\/div>\r\n\t<\/div>\t\r\n<\/div>\r\n\r\n[\/vc_column][\/vc_row]\n","protected":false},"excerpt":{"rendered":"<p>[vc_row][vc_column width=\u00a0\u00bb1\/6&Prime;][\/vc_column][vc_column width=\u00a0\u00bb2\/3&Prime;][vc_empty_space height=\u00a0\u00bb60px\u00a0\u00bb][vc_empty_space height=\u00a0\u00bb20px\u00a0\u00bb][vc_empty_space height=\u00a0\u00bb60px\u00a0\u00bb][\/vc_column][vc_column width=\u00a0\u00bb1\/6&Prime;][\/vc_column][\/vc_row][vc_row full_width=\u00a0\u00bbstretch_row_content_no_spaces\u00a0\u00bb el_class=\u00a0\u00bbbg-right-bottom\u00a0\u00bb][vc_column][\/vc_column][\/vc_row]<\/p>\n","protected":false},"author":1,"featured_media":0,"parent":688,"menu_order":0,"comment_status":"closed","ping_status":"closed","template":"page-templates\/page_without-sidebar.php","meta":{"_acf_changed":false,"footnotes":""},"class_list":["post-696","page","type-page","status-publish","hentry"],"acf":[],"_links":{"self":[{"href":"https:\/\/www.trekrosetrip.com\/senegal\/wp-json\/wp\/v2\/pages\/696","targetHints":{"allow":["GET"]}}],"collection":[{"href":"https:\/\/www.trekrosetrip.com\/senegal\/wp-json\/wp\/v2\/pages"}],"about":[{"href":"https:\/\/www.trekrosetrip.com\/senegal\/wp-json\/wp\/v2\/types\/page"}],"author":[{"embeddable":true,"href":"https:\/\/www.trekrosetrip.com\/senegal\/wp-json\/wp\/v2\/users\/1"}],"replies":[{"embeddable":true,"href":"https:\/\/www.trekrosetrip.com\/senegal\/wp-json\/wp\/v2\/comments?post=696"}],"version-history":[{"count":0,"href":"https:\/\/www.trekrosetrip.com\/senegal\/wp-json\/wp\/v2\/pages\/696\/revisions"}],"up":[{"embeddable":true,"href":"https:\/\/www.trekrosetrip.com\/senegal\/wp-json\/wp\/v2\/pages\/688"}],"wp:attachment":[{"href":"https:\/\/www.trekrosetrip.com\/senegal\/wp-json\/wp\/v2\/media?parent=696"}],"curies":[{"name":"wp","href":"https:\/\/api.w.org\/{rel}","templated":true}]}}