{"id":688,"date":"2022-03-03T11:05:19","date_gmt":"2022-03-03T10:05:19","guid":{"rendered":"https:\/\/www.trekrosetrip.com\/senegal\/?page_id=688"},"modified":"2025-06-23T17:30:22","modified_gmt":"2025-06-23T15:30:22","slug":"trek-en-direct","status":"publish","type":"page","link":"https:\/\/www.trekrosetrip.com\/senegal\/trek-en-direct\/","title":{"rendered":"Trek en Direct"},"content":{"rendered":"[vc_row][vc_column]<link href=\"https:\/\/fonts.googleapis.com\/css?family=Lato:900%2C700%2C400%7CNothing+You+Could+Do:400\" rel=\"stylesheet\" property=\"stylesheet\" type=\"text\/css\" media=\"all\">\n<div id=\"rev_slider_2_1_wrapper\" class=\"rev_slider_wrapper fullwidthbanner-container\" data-source=\"gallery\" style=\"margin:0px auto;background:transparent;padding:0px;margin-top:0px;margin-bottom:0px;\">\n<!-- START REVOLUTION SLIDER 5.4.5.1 fullwidth mode -->\n\t<div id=\"rev_slider_2_1\" class=\"rev_slider fullwidthabanner\" style=\"display:none;\" data-version=\"5.4.5.1\">\n<ul>\t<!-- SLIDE  -->\n\t<li data-index=\"rs-2\" data-transition=\"fade\" data-slotamount=\"default\" data-hideafterloop=\"0\" data-hideslideonmobile=\"off\"  data-easein=\"default\" data-easeout=\"default\" data-masterspeed=\"320\"  data-delay=\"3000\"  data-rotate=\"0\"  data-saveperformance=\"off\"  data-title=\"Slide\" data-param1=\"\" data-param2=\"\" data-param3=\"\" data-param4=\"\" data-param5=\"\" data-param6=\"\" data-param7=\"\" data-param8=\"\" data-param9=\"\" data-param10=\"\" data-description=\"\">\n\t\t<!-- MAIN IMAGE -->\n\t\t<img loading=\"lazy\" decoding=\"async\" src=\"https:\/\/www.trekrosetrip.com\/senegal\/wp-content\/uploads\/sites\/3\/2024\/03\/trek-en-direct-2024-1.jpg\"  alt=\"Trek en Direct | Rose Trip S\u00e9n\u00e9gal 2024\" title=\"Trek en Direct | Rose Trip S\u00e9n\u00e9gal 2024\"  width=\"1400\" height=\"890\" data-bgposition=\"center center\" data-bgfit=\"cover\" data-bgrepeat=\"no-repeat\" class=\"rev-slidebg\" data-no-retina>\n\t\t<!-- LAYERS -->\n\n\t\t<!-- LAYER NR. 1 -->\n\t\t<div class=\"tp-caption   tp-resizeme\" \n\t\t\t id=\"slide-2-layer-1\" \n\t\t\t data-x=\"['center','center','center','center']\" data-hoffset=\"['0','0','1','0']\" \n\t\t\t data-y=\"['top','top','top','top']\" data-voffset=\"['254','225','238','171']\" \n\t\t\t\t\t\tdata-fontsize=\"['75','65','75','45']\"\n\t\t\tdata-fontweight=\"['900','900','900','700']\"\n\t\t\tdata-width=\"none\"\n\t\t\tdata-height=\"none\"\n\t\t\tdata-whitespace=\"nowrap\"\n \n\t\t\tdata-type=\"text\" \n\t\t\tdata-responsive_offset=\"on\" \n\n\t\t\tdata-frames='[{\"delay\":800,\"speed\":800,\"frame\":\"0\",\"from\":\"opacity:0;\",\"to\":\"o:1;\",\"ease\":\"Power3.easeInOut\"},{\"delay\":\"wait\",\"speed\":300,\"frame\":\"999\",\"to\":\"opacity:0;\",\"ease\":\"Power3.easeInOut\"}]'\n\t\t\tdata-textAlign=\"['inherit','inherit','inherit','inherit']\"\n\t\t\tdata-paddingtop=\"[0,0,0,0]\"\n\t\t\tdata-paddingright=\"[0,0,0,0]\"\n\t\t\tdata-paddingbottom=\"[0,0,0,0]\"\n\t\t\tdata-paddingleft=\"[0,0,0,0]\"\n\n\t\t\tstyle=\"z-index: 5; white-space: nowrap; font-size: 75px; line-height: 22px; font-weight: 900; color: #ffffff; letter-spacing: 0px;font-family:Lato;text-transform:uppercase;cursor:pointer;\">Trek en Direct <\/div>\n\n\t\t<!-- LAYER NR. 2 -->\n\t\t<div class=\"tp-caption   tp-resizeme\" \n\t\t\t id=\"slide-2-layer-4\" \n\t\t\t data-x=\"['center','center','center','center']\" data-hoffset=\"['0','0','3','0']\" \n\t\t\t data-y=\"['top','top','top','top']\" data-voffset=\"['324','296','316','216']\" \n\t\t\t\t\t\tdata-fontsize=\"['60','50','45','35']\"\n\t\t\tdata-fontweight=\"['400','400','400','700']\"\n\t\t\tdata-width=\"none\"\n\t\t\tdata-height=\"none\"\n\t\t\tdata-whitespace=\"nowrap\"\n \n\t\t\tdata-type=\"text\" \n\t\t\tdata-responsive_offset=\"on\" \n\n\t\t\tdata-frames='[{\"delay\":890,\"speed\":800,\"frame\":\"0\",\"from\":\"opacity:0;\",\"to\":\"o:1;\",\"ease\":\"Power3.easeInOut\"},{\"delay\":\"wait\",\"speed\":300,\"frame\":\"999\",\"to\":\"opacity:0;\",\"ease\":\"Power3.easeInOut\"}]'\n\t\t\tdata-textAlign=\"['inherit','inherit','inherit','inherit']\"\n\t\t\tdata-paddingtop=\"[0,0,0,0]\"\n\t\t\tdata-paddingright=\"[0,0,0,0]\"\n\t\t\tdata-paddingbottom=\"[0,0,0,0]\"\n\t\t\tdata-paddingleft=\"[0,0,0,0]\"\n\n\t\t\tstyle=\"z-index: 6; white-space: nowrap; font-size: 60px; line-height: 22px; font-weight: 400; color: #ffffff; letter-spacing: 0px;font-family:Lato;text-transform:uppercase;cursor:pointer;\">Trek d'orientation <\/div>\n\n\t\t<!-- LAYER NR. 3 -->\n\t\t<div class=\"tp-caption   tp-resizeme\" \n\t\t\t id=\"slide-2-layer-5\" \n\t\t\t data-x=\"['center','center','center','center']\" data-hoffset=\"['0','0','2','0']\" \n\t\t\t data-y=\"['top','top','top','top']\" data-voffset=\"['383','343','372','250']\" \n\t\t\t\t\t\tdata-fontsize=\"['60','50','45','35']\"\n\t\t\tdata-fontweight=\"['400','400','400','700']\"\n\t\t\tdata-width=\"none\"\n\t\t\tdata-height=\"none\"\n\t\t\tdata-whitespace=\"nowrap\"\n \n\t\t\tdata-type=\"text\" \n\t\t\tdata-responsive_offset=\"on\" \n\n\t\t\tdata-frames='[{\"delay\":890,\"speed\":800,\"frame\":\"0\",\"from\":\"opacity:0;\",\"to\":\"o:1;\",\"ease\":\"Power3.easeInOut\"},{\"delay\":\"wait\",\"speed\":300,\"frame\":\"999\",\"to\":\"opacity:0;\",\"ease\":\"Power3.easeInOut\"}]'\n\t\t\tdata-textAlign=\"['inherit','inherit','inherit','inherit']\"\n\t\t\tdata-paddingtop=\"[0,0,0,0]\"\n\t\t\tdata-paddingright=\"[0,0,0,0]\"\n\t\t\tdata-paddingbottom=\"[0,0,0,0]\"\n\t\t\tdata-paddingleft=\"[0,0,0,0]\"\n\n\t\t\tstyle=\"z-index: 7; white-space: nowrap; font-size: 60px; line-height: 22px; font-weight: 400; color: #ffffff; letter-spacing: 0px;font-family:Lato;text-transform:uppercase;cursor:pointer;\">100% f\u00e9minin et solidaire <\/div>\n\n\t\t<!-- LAYER NR. 4 -->\n\t\t<div class=\"tp-caption   tp-resizeme\" \n\t\t\t id=\"slide-2-layer-6\" \n\t\t\t data-x=\"['center','center','center','center']\" data-hoffset=\"['0','0','0','0']\" \n\t\t\t data-y=\"['top','top','top','top']\" data-voffset=\"['436','406','431','307']\" \n\t\t\t\t\t\tdata-fontsize=\"['28','28','24','16']\"\n\t\t\tdata-width=\"none\"\n\t\t\tdata-height=\"none\"\n\t\t\tdata-whitespace=\"nowrap\"\n \n\t\t\tdata-type=\"text\" \n\t\t\tdata-responsive_offset=\"on\" \n\n\t\t\tdata-frames='[{\"delay\":890,\"speed\":800,\"frame\":\"0\",\"from\":\"opacity:0;\",\"to\":\"o:1;\",\"ease\":\"Power3.easeInOut\"},{\"delay\":\"wait\",\"speed\":300,\"frame\":\"999\",\"to\":\"opacity:0;\",\"ease\":\"Power3.easeInOut\"}]'\n\t\t\tdata-textAlign=\"['inherit','inherit','inherit','inherit']\"\n\t\t\tdata-paddingtop=\"[0,0,0,0]\"\n\t\t\tdata-paddingright=\"[0,0,0,0]\"\n\t\t\tdata-paddingbottom=\"[0,0,0,0]\"\n\t\t\tdata-paddingleft=\"[0,0,0,0]\"\n\n\t\t\tstyle=\"z-index: 8; white-space: nowrap; font-size: 28px; line-height: 22px; font-weight: 400; color: #ffffff; letter-spacing: 0px;font-family:Nothing You Could Do;text-transform:uppercase;cursor:pointer;\">D\u00e9couvrez ici toutes les derni\u00e8res actualit\u00e9s <\/div>\n\t<\/li>\n<\/ul>\n<div class=\"tp-bannertimer tp-bottom\" style=\"visibility: hidden !important;\"><\/div>\t<\/div>\n<script>var htmlDiv = document.getElementById(\"rs-plugin-settings-inline-css\"); var htmlDivCss=\"\";\r\n\t\t\t\tif(htmlDiv) {\r\n\t\t\t\t\thtmlDiv.innerHTML = htmlDiv.innerHTML + htmlDivCss;\r\n\t\t\t\t}else{\r\n\t\t\t\t\tvar htmlDiv = document.createElement(\"div\");\r\n\t\t\t\t\thtmlDiv.innerHTML = \"<style>\" + htmlDivCss + \"<\/style>\";\r\n\t\t\t\t\tdocument.getElementsByTagName(\"head\")[0].appendChild(htmlDiv.childNodes[0]);\r\n\t\t\t\t}\r\n\t\t\t<\/script>\n\t\t<script type=\"text\/javascript\">\r\nsetREVStartSize({c: jQuery('#rev_slider_2_1'), responsiveLevels: [1240,1024,778,480], gridwidth: [1280,1024,778,480], gridheight: [780,730,960,600], sliderLayout: 'fullwidth'});\r\n\t\t\t\r\nvar revapi2,\r\n\ttpj=jQuery;\r\n\t\t\t\r\ntpj(document).ready(function() {\n\tif(tpj(\"#rev_slider_2_1\").revolution == undefined){\n\t\trevslider_showDoubleJqueryError(\"#rev_slider_2_1\");\n\t}else{\n\t\trevapi2 = tpj(\"#rev_slider_2_1\").show().revolution({\n\t\t\tsliderType:\"hero\",\n\t\t\tjsFileLocation:\"\/\/www.trekrosetrip.com\/senegal\/wp-content\/plugins\/revslider\/public\/assets\/js\/\",\n\t\t\tsliderLayout:\"fullwidth\",\n\t\t\tdottedOverlay:\"none\",\n\t\t\tdelay:9000,\n\t\t\tresponsiveLevels:[1240,1024,778,480],\n\t\t\tvisibilityLevels:[1240,1024,778,480],\n\t\t\tgridwidth:[1280,1024,778,480],\n\t\t\tgridheight:[780,730,960,600],\n\t\t\tlazyType:\"none\",\n\t\t\tshadow:0,\n\t\t\tspinner:\"spinner0\",\n\t\t\tautoHeight:\"off\",\n\t\t\tdisableProgressBar:\"on\",\n\t\t\thideThumbsOnMobile:\"off\",\n\t\t\thideSliderAtLimit:0,\n\t\t\thideCaptionAtLimit:0,\n\t\t\thideAllCaptionAtLilmit:0,\n\t\t\tdebugMode:false,\n\t\t\tfallbacks: {\n\t\t\t\tsimplifyAll:\"off\",\n\t\t\t\tdisableFocusListener:false,\n\t\t\t}\n\t\t});\n\t}\n\t\n});\t\/*ready*\/\n<\/script>\r\n\t\t<\/div><!-- END REVOLUTION SLIDER -->[\/vc_column][\/vc_row][vc_row][vc_column width=\u00a0\u00bb1\/4&Prime;][vc_empty_space height=\u00a0\u00bb60px\u00a0\u00bb el_class=\u00a0\u00bbarg-spacer\u00a0\u00bb][vc_row_inner el_class=\u00a0\u00bbborder-reset-xs\u00a0\u00bb css=\u00a0\u00bb.vc_custom_1537777938473{border-right-width: 1px !important;padding-top: 0px !important;padding-right: 8% !important;padding-left: 8% !important;border-right-color: #e9e9f2 !important;border-right-style: solid !important;}\u00a0\u00bb][vc_column_inner]<div id=\"argenta-custom-69ef7c0929e0b\" class=\"icon-box ced-button\"  >\r\n\r\n\t<div class=\"icon-box-image brand-color brand-border-color\">\r\n\t\t\t\t<img decoding=\"async\" src=\"https:\/\/www.trekrosetrip.com\/senegal\/wp-content\/uploads\/sites\/3\/2022\/03\/camera-club-entreprises.png\" alt=\"Vid\u00e9os\">\r\n\t\t\t<\/div>\r\n\r\n\t<div class=\"icon-box-wrap-content\">\r\n\t\t<h3 class=\"title icon-box-title\">Vid\u00e9os<\/h3>\r\n\t\t\r\n\t\t\t\t\r\n\t\t\t\t\t<p class=\"icon-box-description\">Visionnez les JT du trek et d\u00e9couvrez l\u2019histoire des Roses Trekkeuses.<\/p>\r\n\r\n\t\t\t\t<a class=\"btn btn-outline uppercase brand-color brand-border-color btn-rounded\" href=\"\/senegal\/medias\/videos\">\r\n\t\t\tVisionner\t\t<\/a>\r\n\t\t\t\t\t<\/div>\r\n\t\t\r\n<\/div>\r\n\r\n[\/vc_column_inner][\/vc_row_inner][vc_empty_space height=\u00a0\u00bb60px\u00a0\u00bb el_class=\u00a0\u00bbarg-spacer\u00a0\u00bb][\/vc_column][vc_column width=\u00a0\u00bb1\/4&Prime;][vc_empty_space height=\u00a0\u00bb60px\u00a0\u00bb el_class=\u00a0\u00bbarg-spacer\u00a0\u00bb][vc_row_inner el_class=\u00a0\u00bbborder-reset-xs\u00a0\u00bb css=\u00a0\u00bb.vc_custom_1537778011438{border-right-width: 1px !important;padding-right: 8% !important;padding-left: 8% !important;border-right-color: #e9e9f2 !important;border-right-style: solid !important;}\u00a0\u00bb][vc_column_inner]<div id=\"argenta-custom-69ef7c092a014\" class=\"icon-box ced-button\"  >\r\n\r\n\t<div class=\"icon-box-image brand-color brand-border-color\">\r\n\t\t\t\t<img decoding=\"async\" src=\"https:\/\/www.trekrosetrip.com\/senegal\/wp-content\/uploads\/sites\/3\/2022\/03\/photos.jpg\" alt=\"Photos\">\r\n\t\t\t<\/div>\r\n\r\n\t<div class=\"icon-box-wrap-content\">\r\n\t\t<h3 class=\"title icon-box-title\">Photos<\/h3>\r\n\t\t\r\n\t\t\t\t\r\n\t\t\t\t\t<p class=\"icon-box-description\">Regardez toutes les photos de l\u2019aventure et vivez par procuration le trek.<\/p>\r\n\r\n\t\t\t\t<a class=\"btn btn-outline uppercase brand-color brand-border-color btn-rounded\" href=\"\/senegal\/medias\/photos\/\">\r\n\t\t\tVisionner\t\t<\/a>\r\n\t\t\t\t\t<\/div>\r\n\t\t\r\n<\/div>\r\n\r\n[\/vc_column_inner][\/vc_row_inner][vc_empty_space height=\u00a0\u00bb60px\u00a0\u00bb el_class=\u00a0\u00bbarg-spacer\u00a0\u00bb][\/vc_column][vc_column width=\u00a0\u00bb1\/4&Prime;][vc_empty_space height=\u00a0\u00bb60px\u00a0\u00bb el_class=\u00a0\u00bbarg-spacer\u00a0\u00bb][vc_row_inner el_class=\u00a0\u00bbborder-reset-xs\u00a0\u00bb css=\u00a0\u00bb.vc_custom_1537778053063{border-right-width: 1px !important;padding-right: 8% !important;padding-left: 8% !important;border-right-color: #e9e9f2 !important;border-right-style: solid !important;}\u00a0\u00bb][vc_column_inner]<div id=\"argenta-custom-69ef7c092a1d6\" class=\"icon-box ced-button\"  >\r\n\r\n\t<div class=\"icon-box-image brand-color brand-border-color\">\r\n\t\t\t\t<img decoding=\"async\" src=\"https:\/\/www.trekrosetrip.com\/senegal\/wp-content\/uploads\/sites\/3\/2022\/03\/22-blocnotes.png\" alt=\"R\u00e9sum\u00e9s\">\r\n\t\t\t<\/div>\r\n\r\n\t<div class=\"icon-box-wrap-content\">\r\n\t\t<h3 class=\"title icon-box-title\">R\u00e9sum\u00e9s<\/h3>\r\n\t\t\r\n\t\t\t\t\r\n\t\t\t\t\t<p class=\"icon-box-description\">Immergez-vous dans l\u2019aventure en d\u00e9couvrant chaque jour le r\u00e9cit des exploits de ces femmes parties \u00e0 la conqu\u00eate du S\u00e9n\u00e9gal.<\/p>\r\n\r\n\t\t\t\t<a class=\"btn btn-outline uppercase brand-color brand-border-color btn-rounded\" href=\"\/senegal\/medias\/resumes-du-jour\">\r\n\t\t\tLire\t\t<\/a>\r\n\t\t\t\t\t<\/div>\r\n\t\t\r\n<\/div>\r\n\r\n[\/vc_column_inner][\/vc_row_inner][vc_empty_space height=\u00a0\u00bb60px\u00a0\u00bb el_class=\u00a0\u00bbarg-spacer\u00a0\u00bb][\/vc_column][vc_column width=\u00a0\u00bb1\/4&Prime; css=\u00a0\u00bb.vc_custom_1537778995968{padding-top: 0px !important;}\u00a0\u00bb][vc_empty_space height=\u00a0\u00bb60px\u00a0\u00bb el_class=\u00a0\u00bbarg-spacer\u00a0\u00bb][vc_row_inner el_class=\u00a0\u00bbborder-reset-xs\u00a0\u00bb css=\u00a0\u00bb.vc_custom_1537779538686{padding-top: 35px !important;padding-right: 8% !important;padding-left: 8% !important;}\u00a0\u00bb][vc_column_inner]<div id=\"argenta-custom-69ef7c092a37f\" class=\"icon-box ced-button\"  >\r\n\r\n\t<div class=\"icon-box-image brand-color brand-border-color\">\r\n\t\t\t\t<img decoding=\"async\" src=\"https:\/\/www.trekrosetrip.com\/senegal\/wp-content\/uploads\/sites\/3\/2022\/03\/classements-1.png\" alt=\"Classements\">\r\n\t\t\t<\/div>\r\n\r\n\t<div class=\"icon-box-wrap-content\">\r\n\t\t<h3 class=\"title icon-box-title\">Classements<\/h3>\r\n\t\t\r\n\t\t\t\t\r\n\t\t\t\t\t<p class=\"icon-box-description\">Vivez chaque jour l'aventure au travers du classement des participantes de cette deuxi\u00e8me \u00e9dition. Qui remportera l\u2019aventure ?<\/p>\r\n\r\n\t\t\t\t<a class=\"btn btn-outline uppercase brand-color brand-border-color btn-rounded\" href=\"https:\/\/podium.desertours.com\/RTS2024\" target=\"_blank\">\r\n\t\t\tVisionner\t\t<\/a>\r\n\t\t\t\t\t<\/div>\r\n\t\t\r\n<\/div>\r\n\r\n[\/vc_column_inner][\/vc_row_inner][vc_empty_space height=\u00a0\u00bb60px\u00a0\u00bb el_class=\u00a0\u00bbarg-spacer\u00a0\u00bb][\/vc_column][\/vc_row][vc_row][vc_column][vc_empty_space height=\u00a0\u00bb60px\u00a0\u00bb el_class=\u00a0\u00bbarg-spacer\u00a0\u00bb]<div  class=\"heading-wrapper text-center text-titre\"  >\r\n\t\t\t<p class=\"subtitle\">Toutes les derni\u00e8res actualit\u00e9s du trek<\/p>\r\n\t\r\n\t<h1 class=\"second-title text-center\">A la Une<\/h1>\r\n\r\n\t\r\n\t\t<div class=\"divider-solid\"><div class=\"divider-line\"><\/div><\/div>\t\r\n\t<\/div>\t\r\n\r\n[vc_empty_space height=\u00a0\u00bb20px\u00a0\u00bb el_class=\u00a0\u00bbarg-spacer\u00a0\u00bb][\/vc_column][\/vc_row][vc_row][vc_column width=\u00a0\u00bb1\/6&Prime;][\/vc_column][vc_column width=\u00a0\u00bb2\/3&Prime;]<div id=\"argenta-custom-69ef7c092a533\"  >\r\n\t<p>Vivre au rythme du Rose Trip, une aventure au S\u00e9n\u00e9gal, au jour le jour et au plus pr\u00e8s des participantes pendant quatre jours. C\u2019est l\u2019univers de ces trekkeuses aventuri\u00e8res que nous vous proposons de vivre ici&#8230;<\/p>\n<\/div>\r\n\r\n[vc_empty_space height=\u00a0\u00bb20px\u00a0\u00bb el_class=\u00a0\u00bbarg-spacer\u00a0\u00bb][\/vc_column][vc_column width=\u00a0\u00bb1\/6&Prime;][\/vc_column][\/vc_row]\n","protected":false},"excerpt":{"rendered":"<p>[vc_row][vc_column][\/vc_column][\/vc_row][vc_row][vc_column width=\u00a0\u00bb1\/4&Prime;][vc_empty_space height=\u00a0\u00bb60px\u00a0\u00bb el_class=\u00a0\u00bbarg-spacer\u00a0\u00bb][vc_row_inner el_class=\u00a0\u00bbborder-reset-xs\u00a0\u00bb css=\u00a0\u00bb.vc_custom_1537777938473{border-right-width: 1px !important;padding-top: 0px !important;padding-right: 8% !important;padding-left: 8% !important;border-right-color: #e9e9f2 !important;border-right-style: solid !important;}\u00a0\u00bb][vc_column_inner][\/vc_column_inner][\/vc_row_inner][vc_empty_space height=\u00a0\u00bb60px\u00a0\u00bb el_class=\u00a0\u00bbarg-spacer\u00a0\u00bb][\/vc_column][vc_column width=\u00a0\u00bb1\/4&Prime;][vc_empty_space height=\u00a0\u00bb60px\u00a0\u00bb el_class=\u00a0\u00bbarg-spacer\u00a0\u00bb][vc_row_inner el_class=\u00a0\u00bbborder-reset-xs\u00a0\u00bb css=\u00a0\u00bb.vc_custom_1537778011438{border-right-width: 1px !important;padding-right: 8% !important;padding-left: 8% !important;border-right-color: #e9e9f2 !important;border-right-style: solid !important;}\u00a0\u00bb][vc_column_inner][\/vc_column_inner][\/vc_row_inner][vc_empty_space height=\u00a0\u00bb60px\u00a0\u00bb el_class=\u00a0\u00bbarg-spacer\u00a0\u00bb][\/vc_column][vc_column width=\u00a0\u00bb1\/4&Prime;][vc_empty_space height=\u00a0\u00bb60px\u00a0\u00bb el_class=\u00a0\u00bbarg-spacer\u00a0\u00bb][vc_row_inner el_class=\u00a0\u00bbborder-reset-xs\u00a0\u00bb css=\u00a0\u00bb.vc_custom_1537778053063{border-right-width: 1px !important;padding-right: 8% !important;padding-left: 8% !important;border-right-color: #e9e9f2 !important;border-right-style: solid !important;}\u00a0\u00bb][vc_column_inner][\/vc_column_inner][\/vc_row_inner][vc_empty_space height=\u00a0\u00bb60px\u00a0\u00bb el_class=\u00a0\u00bbarg-spacer\u00a0\u00bb][\/vc_column][vc_column width=\u00a0\u00bb1\/4&Prime; [&hellip;]<\/p>\n","protected":false},"author":1,"featured_media":0,"parent":0,"menu_order":0,"comment_status":"closed","ping_status":"closed","template":"page-templates\/page_for-ced-rts.php","meta":{"_acf_changed":false,"footnotes":""},"class_list":["post-688","page","type-page","status-publish","hentry"],"acf":[],"_links":{"self":[{"href":"https:\/\/www.trekrosetrip.com\/senegal\/wp-json\/wp\/v2\/pages\/688","targetHints":{"allow":["GET"]}}],"collection":[{"href":"https:\/\/www.trekrosetrip.com\/senegal\/wp-json\/wp\/v2\/pages"}],"about":[{"href":"https:\/\/www.trekrosetrip.com\/senegal\/wp-json\/wp\/v2\/types\/page"}],"author":[{"embeddable":true,"href":"https:\/\/www.trekrosetrip.com\/senegal\/wp-json\/wp\/v2\/users\/1"}],"replies":[{"embeddable":true,"href":"https:\/\/www.trekrosetrip.com\/senegal\/wp-json\/wp\/v2\/comments?post=688"}],"version-history":[{"count":0,"href":"https:\/\/www.trekrosetrip.com\/senegal\/wp-json\/wp\/v2\/pages\/688\/revisions"}],"wp:attachment":[{"href":"https:\/\/www.trekrosetrip.com\/senegal\/wp-json\/wp\/v2\/media?parent=688"}],"curies":[{"name":"wp","href":"https:\/\/api.w.org\/{rel}","templated":true}]}}