{"id":60,"date":"2020-04-02T15:29:10","date_gmt":"2020-04-02T13:29:10","guid":{"rendered":"http:\/\/www.trekrosetrip.com\/senegal\/?page_id=60"},"modified":"2026-03-25T13:32:03","modified_gmt":"2026-03-25T12:32:03","slug":"trek-solidaire","status":"publish","type":"page","link":"https:\/\/www.trekrosetrip.com\/senegal\/trek-solidaire\/","title":{"rendered":"Rose Trip S\u00e9n\u00e9gal, un trek solidaire"},"content":{"rendered":"[vc_row][vc_column][vc_column_text]\n[\/vc_column_text][\/vc_column][\/vc_row][vc_row css=\u00a0\u00bb.vc_custom_1509985455989{padding-top: 50px !important;}\u00a0\u00bb][vc_column width=\u00a0\u00bb1\/6&Prime;][\/vc_column][vc_column width=\u00a0\u00bb2\/3&Prime;]<div id=\"argenta-custom-69e348bb94b73\"  class=\"heading-wrapper text-center text-titre\"  >\r\n\t\t\t<p class=\"subtitle\">#Trek solidaire<\/p>\r\n\t\r\n\t<h2 class=\"second-title text-center\">La solidarit\u00e9 au c\u0153ur du Rose Trip S\u00e9n\u00e9gal<\/h2>\r\n\r\n\t\r\n\t\t<div class=\"divider-solid\"><div class=\"divider-line\"><\/div><\/div>\t\r\n\t<\/div>\t\r\n\r\n[vc_empty_space height=\u00a0\u00bb20px\u00a0\u00bb]<div id=\"argenta-custom-69e348bb94c7e\"  >\r\n\t<p><strong>Le Rose Trip ne se limite pas \u00e0 une \u00e9preuve sportive<\/strong>. Comme tous les autres treks cr\u00e9\u00e9s par D\u00e9sertours, le <strong>Rose Trip S\u00e9n\u00e9gal s&rsquo;associe en effet \u00e0 des projets solidaires d&rsquo;envergures<\/strong>.<\/p>\n<p>Chaque trac\u00e9 parcouru marque ainsi l&rsquo;<strong>engagement des trekkeuses envers une ou plusieurs associations<\/strong>, principalement ax\u00e9es autour des femmes et des enfants en difficult\u00e9. Une \u00e9tape sp\u00e9cifique est \u00e9galement d\u00e9di\u00e9e \u00e0 <a href=\"http:\/\/www.cancerdusein.org\/\" target=\"_blank\" rel=\"noopener noreferrer\">Ruban Rose<\/a> qui lutte contre le cancer du sein \u00e0 travers une sensibilisation au d\u00e9pistage.<\/p>\n<\/div>\r\n\r\n[vc_empty_space height=\u00a0\u00bb20px\u00a0\u00bb][vc_row_inner][vc_column_inner width=\u00a0\u00bb1\/4&Prime;][vc_single_image image=\u00a0\u00bb185&Prime; img_size=\u00a0\u00bbfull\u00a0\u00bb alignment=\u00a0\u00bbcenter\u00a0\u00bb onclick=\u00a0\u00bbcustom_link\u00a0\u00bb link=\u00a0\u00bb#ruban-rose\u00a0\u00bb][\/vc_column_inner][vc_column_inner width=\u00a0\u00bb1\/4&Prime;][vc_single_image image=\u00a0\u00bb7219&Prime; img_size=\u00a0\u00bbfull\u00a0\u00bb alignment=\u00a0\u00bbcenter\u00a0\u00bb onclick=\u00a0\u00bbcustom_link\u00a0\u00bb link=\u00a0\u00bb#jeune-et-rose\u00a0\u00bb][\/vc_column_inner][vc_column_inner width=\u00a0\u00bb1\/4&Prime;][vc_single_image image=\u00a0\u00bb7520&Prime; img_size=\u00a0\u00bbfull\u00a0\u00bb alignment=\u00a0\u00bbcenter\u00a0\u00bb onclick=\u00a0\u00bbcustom_link\u00a0\u00bb link=\u00a0\u00bb#fondation-cancer-du-sein-quebec\u00a0\u00bb][\/vc_column_inner][vc_column_inner width=\u00a0\u00bb1\/4&Prime;][vc_single_image image=\u00a0\u00bb418&Prime; img_size=\u00a0\u00bbfull\u00a0\u00bb alignment=\u00a0\u00bbcenter\u00a0\u00bb onclick=\u00a0\u00bbcustom_link\u00a0\u00bb link=\u00a0\u00bb#cap-eco-solidaire\u00a0\u00bb][\/vc_column_inner][\/vc_row_inner][\/vc_column][vc_column width=\u00a0\u00bb1\/6&Prime;][\/vc_column][\/vc_row][vc_row full_width=\u00a0\u00bbstretch_row_content_no_spaces\u00a0\u00bb el_class=\u00a0\u00bbbg-right-bottom\u00a0\u00bb css=\u00a0\u00bb.vc_custom_1509986403293{padding-top: 50px !important;background-position: 0 0 !important;background-repeat: no-repeat !important;}\u00a0\u00bb][vc_column css=\u00a0\u00bb.vc_custom_1482499486696{padding-top: 0px !important;}\u00a0\u00bb][vc_empty_space height=\u00a0\u00bb0&Prime; el_id=\u00a0\u00bbdesertours\u00a0\u00bb]<div class=\"split-box\" id=\"argenta-custom-69e348bb94d1e\" \r\n\t\t\t\t>\r\n\t\t<div class=\"vc_col-md-6 split-box-wrap\">\r\n\t\t<div class=\"parallax-bg\"><\/div>\r\n\t\t<div class=\"content\">\r\n\t\t\t\t\t<\/div>\r\n\t<\/div>\t<div class=\"vc_col-md-6 split-box-wrap\">\r\n\t\t<div class=\"parallax-bg\"><\/div>\r\n\t\t<div class=\"content\">\r\n\t\t\t[vc_single_image image=\u00a0\u00bb231&Prime; img_size=\u00a0\u00bbmedium\u00a0\u00bb]<div id=\"argenta-custom-69e348bba74f5\"  class=\"heading-wrapper text-left text-titre\"  >\r\n\t\t\t<p class=\"subtitle\">#D\u00e9sertours<\/p>\r\n\t\r\n\t<h2 class=\"second-title text-left\">La solidarit\u00e9 avec D\u00e9sertours<\/h2>\r\n\r\n\t\r\n\t\t<div class=\"divider-solid\"><div class=\"divider-line\"><\/div><\/div>\t\r\n\t<\/div>\t\r\n\r\n[vc_empty_space height=\u00a0\u00bb20px\u00a0\u00bb]<div id=\"argenta-custom-69e348bba7609\"  >\r\n\t<p style=\"text-align: justify;\">Fid\u00e8le \u00e0 son ADN, D\u00e9sertours pr\u00e9voit d&rsquo;<strong>associer diff\u00e9rentes actions solidaires au Rose Trip S\u00e9n\u00e9gal<\/strong>. Depuis maintenant plus de trente ans, l&rsquo;organisation tient en effet \u00e0 mener des op\u00e9rations r\u00e9pondant \u00e0 des besoins sp\u00e9cifiques qui varient d&rsquo;un d\u00e9sert \u00e0 l&rsquo;autre&#8230; Les probl\u00e8mes d&rsquo;acc\u00e8s l&rsquo;eau, \u00e0 l&rsquo;\u00e9ducation ou \u00e0 la sant\u00e9 constituent le socle commun de ses interventions. C&rsquo;est en soutenant financi\u00e8rement la construction d&rsquo;un premier puit au Mali, d&rsquo;une infirmerie au S\u00e9n\u00e9gal, puis de nombreuses salles de classes et biblioth\u00e8ques au Maroc, ou encore en acheminant du mat\u00e9riel scolaire et param\u00e9dical jusqu&rsquo;en Argentine, que D\u00e9sertours a ancr\u00e9 sa volont\u00e9 d&rsquo;aider durablement les populations qui accueillent ses \u00e9v\u00e9nements sportifs.<\/p>\n<p>&nbsp;<\/p>\n<p style=\"text-align: justify;\">Le Rose Trip S\u00e9n\u00e9gal repr\u00e9sente un <strong>v\u00e9ritable retour aux sources<\/strong> pour Jean-Jacques Rey, qui a d\u00e9couvert sa vocation de cr\u00e9ateur de courses d&rsquo;orientation solidaires lors de sa participation au Paris-Dakar \u00e0 la fin des ann\u00e9es 80. L&rsquo;Afrique noire est le berceau de tous les \u00e9v\u00e9nements D\u00e9sertours. C&rsquo;est pourquoi l&rsquo;organisation a choisi d&rsquo;agir en faveur d&rsquo;enfants en difficult\u00e9 sur le territoire s\u00e9n\u00e9galais.<\/p>\n<p>&nbsp;<\/p>\n<p style=\"text-align: justify;\">A l&rsquo;occasion du Rose Trip S\u00e9n\u00e9gal, les Roses Trekkeuses soutiennent donc la <strong>scolarisation d&rsquo;\u00e9l\u00e8ves d\u00e9favoris\u00e9s<\/strong> dans les meilleures conditions. Apr\u00e8s trois voyages de reconnaissances terrain et une premi\u00e8re \u00e9dition, c&rsquo;est une \u00e9cole \u00e0 Saly, qui a retenu toute l&rsquo;attention de l&rsquo;\u00e9quipe d\u00e9di\u00e9e au volet solidaire du trek, l&rsquo;\u00e9cole Keur Ma\u00efmouna.<\/p>\n<\/div>\r\n\r\n[vc_empty_space height=\u00a0\u00bb30px\u00a0\u00bb]<div class=\"button_wrapper\"  >\r\n\t\r\n\t<a href=\"https:\/\/desertours.fr\/\" target=\"_blank\" class=\"btn btn-rounded btn-small\" id=\"argenta-custom-69e348bba76e1\">\r\n\t\t\t\t<span class=\"text\">D\u00e9couvrir D\u00e9sertours<\/span>\r\n\t\t\t<\/a>\r\n\t\r\n<\/div>\r\n\r\n\t\t<\/div>\r\n\t<\/div>\t\r\n<\/div>\r\n\r\n[vc_empty_space height=\u00a0\u00bb0&Prime; el_id=\u00a0\u00bbruban-rose\u00a0\u00bb]<div class=\"split-box\" id=\"argenta-custom-69e348bba77bb\" \r\n\t\t\t\t>\r\n\t\t<div class=\"vc_col-md-6 split-box-wrap\">\r\n\t\t<div class=\"parallax-bg\"><\/div>\r\n\t\t<div class=\"content\">\r\n\t\t\t[vc_single_image image=\u00a0\u00bb185&Prime; img_size=\u00a0\u00bbmedium\u00a0\u00bb]<div id=\"argenta-custom-69e348bbc0d8c\"  class=\"heading-wrapper text-left text-titre\"  >\r\n\t\t\t<p class=\"subtitle\">#Ruban Rose<\/p>\r\n\t\r\n\t<h2 class=\"second-title text-left\">Une grande marche solidaire pour Ruban Rose<\/h2>\r\n\r\n\t\r\n\t\t<div class=\"divider-solid\"><div class=\"divider-line\"><\/div><\/div>\t\r\n\t<\/div>\t\r\n\r\n[vc_empty_space height=\u00a0\u00bb20px\u00a0\u00bb]<div id=\"argenta-custom-69e348bbc0e60\"  >\r\n\t<\/div>\r\n\r\n[vc_empty_space height=\u00a0\u00bb20px\u00a0\u00bb]<div id=\"argenta-custom-69e348bbc0f24\"  >\r\n\t<p style=\"text-align: justify;\"><a href=\"http:\/\/www.cancerdusein.org\/\" target=\"_blank\" rel=\"noopener noreferrer\">L\u2019association \u00ab Ruban Rose \u00bb<\/a> \u0153uvre sans rel\u00e2che en faveur de la pr\u00e9vention et de la sensibilisation pour limiter les m\u00e9faits du cancer du sein, <strong>une pathologie susceptible de toucher une femme sur huit en France\u2026<\/strong> Une telle cause m\u00e9rite une visibilit\u00e9 de grande ampleur ! <strong>C\u2019est pourquoi depuis 2012, D\u00e9sertours se mobilise \u00e0 travers tous ses \u00e9v\u00e9nements 100% f\u00e9minins<\/strong>. L\u2019objectif : mettre en avant l\u2019association \u00ab <strong>Ruban Rose <\/strong>\u00bb, tout en apportant un soutien manifeste aux victimes de la maladie.<\/p>\n<p style=\"text-align: justify;\"><strong>Pour communiquer de mani\u00e8re originale et efficace, le Rose Trip S\u00e9n\u00e9gal d\u00e9die ainsi une grande marche solidaire \u00e0 l\u2019association<\/strong>. C\u2019est l\u2019ultime parcours du trek. Avec l\u2019oc\u00e9an Atlantique pour toile de fond, cette \u00e9preuve hors comp\u00e9tition est uniquement d\u00e9di\u00e9e aux couleurs de l\u2019association et de son ruban rose. <strong>Les participantes vont marcher, \u00e9voluer ensemble et \u0153uvrer \u00e0 la r\u00e9alisation d&rsquo;un symbole collectif face \u00e0 l&rsquo;oc\u00e9an Atlantique<\/strong>. A la cl\u00e9, un superbe clich\u00e9 de ce geste embl\u00e9matique largement partag\u00e9 dans les m\u00e9dias et sur les r\u00e9seaux sociaux !<\/p>\n<\/div>\r\n\r\n[vc_empty_space height=\u00a0\u00bb30px\u00a0\u00bb]<div class=\"button_wrapper\"  >\r\n\t\r\n\t<a href=\"http:\/\/www.cancerdusein.org\/\" target=\"_blank\" class=\"btn btn-rounded btn-small\" id=\"argenta-custom-69e348bbc0ff2\">\r\n\t\t\t\t<span class=\"text\">D\u00e9couvrir Ruban Rose<\/span>\r\n\t\t\t<\/a>\r\n\t\r\n<\/div>\r\n\r\n\t\t<\/div>\r\n\t<\/div>\t<div class=\"vc_col-md-6 split-box-wrap\">\r\n\t\t<div class=\"parallax-bg\"><\/div>\r\n\t\t<div class=\"content\">\r\n\t\t\t\t\t<\/div>\r\n\t<\/div>\t\r\n<\/div>\r\n\r\n[vc_empty_space height=\u00a0\u00bb0&Prime; el_id=\u00a0\u00bbfillactive\u00a0\u00bb][vc_empty_space height=\u00a0\u00bb0&Prime; el_id=\u00a0\u00bbjeune-et-rose\u00a0\u00bb]<div class=\"split-box\" id=\"argenta-custom-69e348bbc111b\" \r\n\t\t\t\t>\r\n\t\t<div class=\"vc_col-md-6 split-box-wrap\">\r\n\t\t<div class=\"parallax-bg\"><\/div>\r\n\t\t<div class=\"content\">\r\n\t\t\t\t\t<\/div>\r\n\t<\/div>\t<div class=\"vc_col-md-6 split-box-wrap\">\r\n\t\t<div class=\"parallax-bg\"><\/div>\r\n\t\t<div class=\"content\">\r\n\t\t\t[vc_single_image image=\u00a0\u00bb7219&Prime; img_size=\u00a0\u00bbmedium\u00a0\u00bb]<div id=\"argenta-custom-69e348bbc9649\"  class=\"heading-wrapper text-left text-titre\"  >\r\n\t\t\t<p class=\"subtitle\">#Jeune et Rose<\/p>\r\n\t\r\n\t<h2 class=\"second-title text-left\">Le Pink Power est en nous<\/h2>\r\n\r\n\t\r\n\t\t<div class=\"divider-solid\"><div class=\"divider-line\"><\/div><\/div>\t\r\n\t<\/div>\t\r\n\r\n[vc_empty_space height=\u00a0\u00bb20px\u00a0\u00bb]<div id=\"argenta-custom-69e348bbc9735\"  >\r\n\t<p align=\"justify\">Apr\u00e8s un passage tr\u00e8s remarqu\u00e9 lors de la 3\u00e8me \u00e9dition du <a href=\"https:\/\/www.trekrosetrip.com\/maroc\">Rose Trip Maroc<\/a> sur invitation de l\u2019<a href=\"#ruban-rose\">association Ruban Rose<\/a>, <strong>la pr\u00e9sence sur le terrain de l\u2019\u00e9quipe de <a href=\"https:\/\/www.jeuneetrose.fr\/\" target=\"_blank\" rel=\"noopener\">Jeune et Rose<\/a> sur l\u2019ensemble de nos treks est d\u00e9sormais une \u00e9vidence<\/strong>. \u201c<em><strong>Le Pink Power est en nous<\/strong><\/em>\u201d, voil\u00e0 un slogan qui devrait inspirer les trekkeuses ! C\u2019est celui de ce collectif aussi actif que cr\u00e9atif pour \u00e9pauler les jeunes femmes malades. Autoqualifi\u00e9es de \u201c<em>motitiv\u00e9es et d\u00e9termin\u00e9n\u00e9es<\/em>\u201d, <a href=\"https:\/\/www.jeuneetrose.fr\/\" target=\"_blank\" rel=\"noopener\">Jeune et Rose<\/a> propose des actions percutantes et une communication d\u00e9cal\u00e9e visant \u00e0 changer le regard sur la maladie.<\/p>\n<p align=\"justify\">L\u2019association Jeune et Rose sera pr\u00e9sente sur le terrain pour vous renseigner sur leurs actions et vous permettre de faire un don. Des<br \/>\nrepr\u00e9sentantes de l\u2019association animeront des ateliers de sensibilisation, des discussions et des \u00e9changes avec les participantes.<\/p>\n<\/div>\r\n\r\n[vc_empty_space height=\u00a0\u00bb30px\u00a0\u00bb]<div class=\"button_wrapper\"  >\r\n\t\r\n\t<a href=\"https:\/\/www.jeuneetrose.fr\/\" target=\"_blank\" class=\"btn btn-rounded btn-small\" id=\"argenta-custom-69e348bbc97ed\">\r\n\t\t\t\t<span class=\"text\">D\u00e9couvrir Jeune&Rose<\/span>\r\n\t\t\t<\/a>\r\n\t\r\n<\/div>\r\n\r\n\t\t<\/div>\r\n\t<\/div>\t\r\n<\/div>\r\n\r\n[vc_empty_space height=\u00a0\u00bb0&Prime; el_id=\u00a0\u00bbfondation-cancer-du-sein-quebec\u00a0\u00bb]<div class=\"split-box\" id=\"argenta-custom-69e348bbc98a9\" \r\n\t\t\t\t>\r\n\t\t<div class=\"vc_col-md-6 split-box-wrap\">\r\n\t\t<div class=\"parallax-bg\"><\/div>\r\n\t\t<div class=\"content\">\r\n\t\t\t[vc_single_image image=\u00a0\u00bb7520&Prime; img_size=\u00a0\u00bbmedium\u00a0\u00bb]<div id=\"argenta-custom-69e348bbd19f8\"  class=\"heading-wrapper text-left text-titre\"  >\r\n\t\t\t<p class=\"subtitle\">#Fondation cancer du sein Qu\u00e9bec<\/p>\r\n\t\r\n\t<h2 class=\"second-title text-left\">Fondation cancer du sein Qu\u00e9bec<\/h2>\r\n\r\n\t\r\n\t\t<div class=\"divider-solid\"><div class=\"divider-line\"><\/div><\/div>\t\r\n\t<\/div>\t\r\n\r\n[vc_empty_space height=\u00a0\u00bb20px\u00a0\u00bb]<div id=\"argenta-custom-69e348bbd1ae9\"  >\r\n\t<p>De part et d\u2019autre de l\u2019Atlantique, un engagement commun pour la lutte contre le cancer du sein.<\/p>\n<p><b>La Fondation cancer du sein du Qu\u00e9bec<\/b> est un organisme de bienfaisance <b>d\u00e9di\u00e9 \u00e0 la lutte contre le cancer du sein<\/b>. Elle \u0153uvre pour <b>am\u00e9liorer le taux de survie et la qualit\u00e9 de vie des personnes touch\u00e9es<\/b>, tout en sensibilisant la population \u00e0 la pr\u00e9vention. \u00c0 travers le financement de la recherche, le soutien aux patientes et \u00e0 leurs proches, ainsi que des actions d\u2019\u00e9ducation, elle joue un r\u00f4le essentiel dans la sant\u00e9 des femmes au Qu\u00e9bec.<\/p>\n<p>Le <a title=\"Trek Rose Trip\" href=\"https:\/\/www.trekrosetrip.com\" target=\"_blank\" rel=\"noopener\">Rose Trip<\/a>, rassemble chaque ann\u00e9e des femmes venues du monde entier, dont <b>de nombreuses participantes qu\u00e9b\u00e9coises<\/b>, parfois touch\u00e9es de pr\u00e8s par cette cause. C\u2019est ainsi qu\u2019est n\u00e9 <b>ce partenariat entre nos treks et la Fondation cancer du sein du Qu\u00e9bec<\/b>. Une collaboration qui <b>fait pleinement sens<\/b>, port\u00e9e par des valeurs communes d\u2019engagement, de solidarit\u00e9 et de d\u00e9passement de soi et dont nous sommes particuli\u00e8rement fiers.<\/p>\n<p>\u00ab <i>Depuis 32 ans, nous nous engageons \u00e0 la d\u00e9fense des int\u00e9r\u00eats et au mieux-\u00eatre des patientes et patients atteints du cancer du sein et de leurs proches. Notre contribution s\u2019affirme tout particuli\u00e8rement sur le plan des avanc\u00e9es m\u00e9dicales et scientifiques par nos investissements en innovation et recherche de pointe, ainsi que dans des programmes de soutien, de la pr\u00e9vention \u00e0 la gu\u00e9rison. Chaque jour, la Fondation cancer du sein du Qu\u00e9bec s\u2019active \u00e0 sauver des vies et \u00e0 am\u00e9liorer la qualit\u00e9 de vie des personnes atteintes du cancer du sein via ses axes d\u2019intervention : Recherche &amp; Innovation, Soutien de la communaut\u00e9, \u00c9ducation &amp; sensibilisation et D\u00e9fense des int\u00e9r\u00eats.<\/i> \u00bb &#8211; <b>La Fondation cancer du sein du Qu\u00e9bec<\/b><\/p>\n<\/div>\r\n\r\n[vc_empty_space height=\u00a0\u00bb30px\u00a0\u00bb]<div class=\"button_wrapper\"  >\r\n\t\r\n\t<a href=\"https:\/\/rubanrose.org\/\" target=\"_blank\" class=\"btn btn-rounded btn-small\" id=\"argenta-custom-69e348bbd1baf\">\r\n\t\t\t\t<span class=\"text\">D\u00e9couvrir la Fondation Cancer du sein Qu\u00e9bec<\/span>\r\n\t\t\t<\/a>\r\n\t\r\n<\/div>\r\n\r\n\t\t<\/div>\r\n\t<\/div>\t<div class=\"vc_col-md-6 split-box-wrap\">\r\n\t\t<div class=\"parallax-bg\"><\/div>\r\n\t\t<div class=\"content\">\r\n\t\t\t\t\t<\/div>\r\n\t<\/div>\t\r\n<\/div>\r\n\r\n[vc_empty_space height=\u00a0\u00bb0&Prime; el_id=\u00a0\u00bbcap-eco-solidaire\u00a0\u00bb]<div class=\"split-box\" id=\"argenta-custom-69e348bbd1ce1\" \r\n\t\t\t\t>\r\n\t\t<div class=\"vc_col-md-6 split-box-wrap\">\r\n\t\t<div class=\"parallax-bg\"><\/div>\r\n\t\t<div class=\"content\">\r\n\t\t\t\t\t<\/div>\r\n\t<\/div>\t<div class=\"vc_col-md-6 split-box-wrap\">\r\n\t\t<div class=\"parallax-bg\"><\/div>\r\n\t\t<div class=\"content\">\r\n\t\t\t[vc_single_image image=\u00a0\u00bb418&Prime; img_size=\u00a0\u00bbmedium\u00a0\u00bb]<div id=\"argenta-custom-69e348bbd9a51\"  class=\"heading-wrapper text-left text-titre\"  >\r\n\t\t\t<p class=\"subtitle\">#Cap Eco Solidaire<\/p>\r\n\t\r\n\t<h2 class=\"second-title text-left\">L'extension d\u2019une \u00e9cole avec l\u2019association Cap Eco Solidaire<\/h2>\r\n\r\n\t\r\n\t\t<div class=\"divider-solid\"><div class=\"divider-line\"><\/div><\/div>\t\r\n\t<\/div>\t\r\n\r\n[vc_empty_space height=\u00a0\u00bb20px\u00a0\u00bb]<div id=\"argenta-custom-69e348bbd9b40\"  >\r\n\t<p style=\"text-align: justify;\">Fid\u00e8le \u00e0 son ADN, D\u00e9sertours tient \u00e0 associer <strong>une action solidaire<\/strong> au <strong>Rose Trip S\u00e9n\u00e9gal<\/strong>. Pour cette troisi\u00e8me \u00e9dition du trek, les participantes pourront de nouveau agir avec l\u2019association <strong><a href=\"https:\/\/www.asso-cap-eco-solidaire.org\" target=\"_blank\" rel=\"noopener\">Cap Eco Solidaire<\/a> en faveur d\u2019enfants en difficult\u00e9<\/strong> sur le territoire s\u00e9n\u00e9galais.<\/p>\n<p style=\"text-align: justify;\"><strong>Cap Eco Solidaire<\/strong> est une association de loi 1901 qui a pour objectif de <strong>sensibiliser \u00e0 l\u2019\u00e9co-citoyennet\u00e9<\/strong> tout en <strong>apportant son aide aux populations locales<\/strong> rencontr\u00e9es lors de voyages. L\u2019association se donne pour mission de <strong>partager ses valeurs solidaire et \u00e9co-citoyenne<\/strong> \u00e0 travers les diff\u00e9rentes aventures auxquelles elle prend part.<\/p>\n<p style=\"text-align: justify;\">Lors des trois premi\u00e8res \u00e9ditions, le <strong>Rose Trip S\u00e9n\u00e9gal<\/strong> s\u2019est engag\u00e9 avec l\u2019association <strong>Cap Eco Solidaire<\/strong> pour participer \u00e0 un projet d\u2019extension d\u2019une \u00e9cole \u00e0 Saly. Les Roses Trekkeuses ont eu la possibilit\u00e9 de s&rsquo;impliquer financi\u00e8rement aupr\u00e8s de l&rsquo;association afin de soutenir la construction d&rsquo;infrastructures scolaires. Elles ont \u00e9galement fait des dons de fournitures scolaires (cahiers, crayons, mat\u00e9riel de g\u00e9om\u00e9trie, livres, puzzle, etc.) et de kits hygi\u00e8nes pour permettre aux \u00e9l\u00e8ves de suivre la classe dans de meilleures conditions.<\/p>\n<p style=\"text-align: justify;\">Apr\u00e8s \u00e9tude des besoins locaux li\u00e9s \u00e0 l\u2019enfance, nos \u00e9quipes ont choisi de <strong>soutenir l\u2019\u00e9cole Keur Ma\u00efmouna<\/strong>, \u201c<em><strong>la maison de Ma\u00efmouna<\/strong><\/em>\u201d en wolof. Voici son histoire, en hommage \u00e0 Ma\u00efmouna, une grand-m\u00e8re f\u00e9ministe de la premi\u00e8re heure.<\/p>\n<p>Cette ann\u00e9e les trekkeuses pourront \u00e0 nouveau soutenir le d\u00e9veloppement de l&rsquo;\u00e9cole Keur Ma\u00efmouna \u00e0 travers des dons financiers ainsi que des marrainages.<\/p>\n<\/div>\r\n\r\n[vc_empty_space height=\u00a0\u00bb30px\u00a0\u00bb]<div class=\"button_wrapper\"  >\r\n\t\r\n\t<a href=\"https:\/\/www.asso-cap-eco-solidaire.org\" target=\"_blank\" class=\"btn btn-rounded btn-small\" id=\"argenta-custom-69e348bbd9bf3\">\r\n\t\t\t\t<span class=\"text\">D\u00e9couvrir Cap Eco Solidaire<\/span>\r\n\t\t\t<\/a>\r\n\t\r\n<\/div>\r\n\r\n\t\t<\/div>\r\n\t<\/div>\t\r\n<\/div>\r\n\r\n[\/vc_column][\/vc_row][vc_row full_width=\u00a0\u00bbstretch_row\u00a0\u00bb][vc_column css=\u00a0\u00bb.vc_custom_1510500773686{padding-top: 0px !important;}\u00a0\u00bb el_class=\u00a0\u00bbtext-center\u00a0\u00bb][vc_empty_space height=\u00a0\u00bb70px\u00a0\u00bb el_class=\u00a0\u00bbarg-spacer\u00a0\u00bb]<div id=\"argenta-custom-69e348bbd9cd2\"  class=\"heading-wrapper text-center text-titre\"  >\r\n\t\t\t<p class=\"subtitle\">Recevez toutes les actualit\u00e9s solidaires<\/p>\r\n\t\r\n\t<h2 class=\"second-title text-center\">Inscrivez-vous \u00e0 la newsletter du trek Rose Trip S\u00e9n\u00e9gal !<\/h2>\r\n\r\n\t\r\n\t\t<div class=\"divider-solid\"><div class=\"divider-line\"><\/div><\/div>\t\r\n\t<\/div>\t\r\n\r\n[vc_empty_space height=\u00a0\u00bb5px\u00a0\u00bb]<div class=\"button_wrapper\"  >\r\n\t\r\n\t<a href=\"https:\/\/www.trekrosetrip.com\/senegal\/contact\/\" class=\"btn btn-rounded btn-large text-center\" id=\"argenta-custom-69e348bbd9daf\">\r\n\t\t\t\t<span class=\"text\">S'inscrire \u00e0 la newsletter<\/span>\r\n\t\t\t<\/a>\r\n\t\r\n<\/div>\r\n\r\n[vc_empty_space height=\u00a0\u00bb70px\u00a0\u00bb el_class=\u00a0\u00bbarg-spacer\u00a0\u00bb][\/vc_column][\/vc_row][vc_row][vc_column][vc_column_text]\n[\/vc_column_text][\/vc_column][\/vc_row]\n","protected":false},"excerpt":{"rendered":"<p>[vc_row][vc_column][vc_column_text] [\/vc_column_text][\/vc_column][\/vc_row][vc_row css=\u00a0\u00bb.vc_custom_1509985455989{padding-top: 50px !important;}\u00a0\u00bb][vc_column width=\u00a0\u00bb1\/6&Prime;][\/vc_column][vc_column width=\u00a0\u00bb2\/3&Prime;][vc_empty_space height=\u00a0\u00bb20px\u00a0\u00bb][vc_empty_space height=\u00a0\u00bb20px\u00a0\u00bb][vc_row_inner][vc_column_inner width=\u00a0\u00bb1\/4&Prime;][vc_single_image image=\u00a0\u00bb185&Prime; img_size=\u00a0\u00bbfull\u00a0\u00bb alignment=\u00a0\u00bbcenter\u00a0\u00bb onclick=\u00a0\u00bbcustom_link\u00a0\u00bb link=\u00a0\u00bb#ruban-rose\u00a0\u00bb][\/vc_column_inner][vc_column_inner width=\u00a0\u00bb1\/4&Prime;][vc_single_image image=\u00a0\u00bb7219&Prime; img_size=\u00a0\u00bbfull\u00a0\u00bb alignment=\u00a0\u00bbcenter\u00a0\u00bb onclick=\u00a0\u00bbcustom_link\u00a0\u00bb link=\u00a0\u00bb#jeune-et-rose\u00a0\u00bb][\/vc_column_inner][vc_column_inner width=\u00a0\u00bb1\/4&Prime;][vc_single_image image=\u00a0\u00bb7520&Prime; img_size=\u00a0\u00bbfull\u00a0\u00bb alignment=\u00a0\u00bbcenter\u00a0\u00bb onclick=\u00a0\u00bbcustom_link\u00a0\u00bb link=\u00a0\u00bb#fondation-cancer-du-sein-quebec\u00a0\u00bb][\/vc_column_inner][vc_column_inner width=\u00a0\u00bb1\/4&Prime;][vc_single_image image=\u00a0\u00bb418&Prime; img_size=\u00a0\u00bbfull\u00a0\u00bb alignment=\u00a0\u00bbcenter\u00a0\u00bb onclick=\u00a0\u00bbcustom_link\u00a0\u00bb link=\u00a0\u00bb#cap-eco-solidaire\u00a0\u00bb][\/vc_column_inner][\/vc_row_inner][\/vc_column][vc_column width=\u00a0\u00bb1\/6&Prime;][\/vc_column][\/vc_row][vc_row full_width=\u00a0\u00bbstretch_row_content_no_spaces\u00a0\u00bb el_class=\u00a0\u00bbbg-right-bottom\u00a0\u00bb css=\u00a0\u00bb.vc_custom_1509986403293{padding-top: 50px !important;background-position: 0 0 !important;background-repeat: no-repeat !important;}\u00a0\u00bb][vc_column css=\u00a0\u00bb.vc_custom_1482499486696{padding-top: 0px !important;}\u00a0\u00bb][vc_empty_space height=\u00a0\u00bb0&Prime; el_id=\u00a0\u00bbdesertours\u00a0\u00bb][vc_empty_space height=\u00a0\u00bb0&Prime; el_id=\u00a0\u00bbruban-rose\u00a0\u00bb][vc_empty_space height=\u00a0\u00bb0&Prime; el_id=\u00a0\u00bbfillactive\u00a0\u00bb][vc_empty_space height=\u00a0\u00bb0&Prime; el_id=\u00a0\u00bbjeune-et-rose\u00a0\u00bb][vc_empty_space [&hellip;]<\/p>\n","protected":false},"author":1,"featured_media":0,"parent":0,"menu_order":0,"comment_status":"closed","ping_status":"closed","template":"page-templates\/page_without-sidebar.php","meta":{"_acf_changed":false,"footnotes":""},"class_list":["post-60","page","type-page","status-publish","hentry"],"acf":[],"_links":{"self":[{"href":"https:\/\/www.trekrosetrip.com\/senegal\/wp-json\/wp\/v2\/pages\/60","targetHints":{"allow":["GET"]}}],"collection":[{"href":"https:\/\/www.trekrosetrip.com\/senegal\/wp-json\/wp\/v2\/pages"}],"about":[{"href":"https:\/\/www.trekrosetrip.com\/senegal\/wp-json\/wp\/v2\/types\/page"}],"author":[{"embeddable":true,"href":"https:\/\/www.trekrosetrip.com\/senegal\/wp-json\/wp\/v2\/users\/1"}],"replies":[{"embeddable":true,"href":"https:\/\/www.trekrosetrip.com\/senegal\/wp-json\/wp\/v2\/comments?post=60"}],"version-history":[{"count":4,"href":"https:\/\/www.trekrosetrip.com\/senegal\/wp-json\/wp\/v2\/pages\/60\/revisions"}],"predecessor-version":[{"id":7536,"href":"https:\/\/www.trekrosetrip.com\/senegal\/wp-json\/wp\/v2\/pages\/60\/revisions\/7536"}],"wp:attachment":[{"href":"https:\/\/www.trekrosetrip.com\/senegal\/wp-json\/wp\/v2\/media?parent=60"}],"curies":[{"name":"wp","href":"https:\/\/api.w.org\/{rel}","templated":true}]}}