{"id":333,"date":"2020-12-01T15:52:29","date_gmt":"2020-12-01T14:52:29","guid":{"rendered":"https:\/\/www.trekrosetrip.com\/senegal\/?page_id=333"},"modified":"2025-12-03T12:06:50","modified_gmt":"2025-12-03T11:06:50","slug":"participer","status":"publish","type":"page","link":"https:\/\/www.trekrosetrip.com\/senegal\/participer\/","title":{"rendered":"Participer au Rose Trip S\u00e9n\u00e9gal"},"content":{"rendered":"[vc_row][vc_column width=\u00a0\u00bb1\/6&Prime;][\/vc_column][vc_column width=\u00a0\u00bb2\/3&Prime;][vc_empty_space height=\u00a0\u00bb90px\u00a0\u00bb]<div  class=\"heading-wrapper text-center text-titre\"  >\r\n\t\t\t<p class=\"subtitle\">#Pr\u00e9paration<\/p>\r\n\t\r\n\t<h2 class=\"second-title text-center\">Se pr\u00e9parer au trek<\/h2>\r\n\r\n\t\r\n\t\t<div class=\"divider-solid\"><div class=\"divider-line\"><\/div><\/div>\t\r\n\t<\/div>\t\r\n\r\n[vc_empty_space height=\u00a0\u00bb20px\u00a0\u00bb]<div id=\"argenta-custom-69f1b97677629\"  >\r\n\t<p align=\"justify\">Une fois <a href=\"https:\/\/www.trekrosetrip.com\/senegal\/inscription-au-trek\/\">votre pr\u00e9-inscription effectu\u00e9e<\/a>, <strong>l\u2019aventure commence<\/strong>. La phase de pr\u00e9paration, incluant la recherche en financement, fait partie int\u00e9grante de votre projet. Durant toute celle-ci <strong>votre \u00e9quipe b\u00e9n\u00e9ficiera de l\u2019accompagnement d\u2019une conseill\u00e8re aventure<\/strong> membre de l\u2019organisation, \u00e0 vos c\u00f4t\u00e9s \u00e0 chaque \u00e9tape :<\/p>\n<\/div>\r\n\r\n[\/vc_column][vc_column width=\u00a0\u00bb1\/6&Prime;][\/vc_column][\/vc_row][vc_row full_width=\u00a0\u00bbstretch_row_content_no_spaces\u00a0\u00bb css=\u00a0\u00bb.vc_custom_1646136428253{margin-top: 20px !important;margin-bottom: 20px !important;padding-top: 20px !important;padding-right: 40px !important;padding-bottom: 40px !important;padding-left: 40px !important;background-color: #d7006d !important;}\u00a0\u00bb][vc_column width=\u00a0\u00bb1\/6&Prime;][\/vc_column][vc_column width=\u00a0\u00bb2\/3&Prime;]<ul class=\"list-box-icon list-box-border-items\" id=\"argenta-custom-69f1b976776f7\">\r\n\t\r\n\t\t\t\t\t<li>\r\n\t\t\t\t\t\t<span class=\"icon ion-android-checkmark-circle\"><\/span>\r\n\t\t\t\t\t\t\t\t\t\t\t\t<h4 class=\"title\">Cr\u00e9ation de l\u2019association offrant un cadre l\u00e9gal \u00e0 votre pr\u00e9paration<\/h4>\r\n\t\t\t\t\t\t\t\t<\/li>\r\n\t\t\t\t<li>\r\n\t\t\t\t\t\t<span class=\"icon ion-android-checkmark-circle\"><\/span>\r\n\t\t\t\t\t\t\t\t\t\t\t\t<h4 class=\"title\">Identification de votre r\u00e9seau, vos opportunit\u00e9s, la liste des entreprises partenaires, le choix des activit\u00e9s de financement<\/h4>\r\n\t\t\t\t\t\t\t\t<\/li>\r\n\t\t\t\t<li>\r\n\t\t\t\t\t\t<span class=\"icon ion-android-checkmark-circle\"><\/span>\r\n\t\t\t\t\t\t\t\t\t\t\t\t<h4 class=\"title\">Cr\u00e9ation de votre book : dossier destin\u00e9 \u00e0 pr\u00e9senter votre \u00e9quipe et votre engagement dans l\u2019aventure \u00e0 vos futurs soutiens. Un mod\u00e8le vous sera fourni.<\/h4>\r\n\t\t\t\t\t\t\t\t<\/li>\r\n\t\t\t\t<li>\r\n\t\t\t\t\t\t<span class=\"icon ion-android-checkmark-circle\"><\/span>\r\n\t\t\t\t\t\t\t\t\t\t\t\t<h4 class=\"title\">Acc\u00e8s \u00e0 l\u2019espace participantes<\/h4>\r\n\t\t\t\t\t\t\t\t<\/li>\r\n\t\t\t\t<li>\r\n\t\t\t\t\t\t<span class=\"icon ion-android-checkmark-circle\"><\/span>\r\n\t\t\t\t\t\t\t\t\t\t\t\t<h4 class=\"title\">Mise \u00e0 disposition des outils utiles \u00e0 la pr\u00e9paration : mod\u00e8le de book pour les sponsors, mod\u00e8le de statuts d\u2019association, conventions de partenariat, dossier de pr\u00e9paration, bilan m\u00e9diatique, bons de commande d\u2019objets de financement, photos libres de droit, affiche, logos<\/h4>\r\n\t\t\t\t\t\t\t\t<\/li>\r\n\t\t\t\t<li>\r\n\t\t\t\t\t\t<span class=\"icon ion-android-checkmark-circle\"><\/span>\r\n\t\t\t\t\t\t\t\t\t\t\t\t<h4 class=\"title\">Mise en relation avec les anciennes participantes : vous entrez dans la communaut\u00e9 des Roses Trekkeuses<\/h4>\r\n\t\t\t\t\t\t\t\t<\/li>\r\n\t\t\t\r\n<\/ul>\r\n\r\n[\/vc_column][vc_column width=\u00a0\u00bb1\/6&Prime;][\/vc_column][\/vc_row][vc_row][vc_column width=\u00a0\u00bb1\/6&Prime;][\/vc_column][vc_column width=\u00a0\u00bb2\/3&Prime;][vc_empty_space height=\u00a0\u00bb20px\u00a0\u00bb]<div  class=\"heading-wrapper text-center\"  >\r\n\t\t\t<p class=\"subtitle\"><\/p>\r\n\t\r\n\t<h3 class=\"second-title text-center\">Une \u00e9quipe \u00e0 vos c\u00f4t\u00e9s pour vous guider<\/h3>\r\n\r\n\t\r\n\t\t<div class=\"divider-solid\"><div class=\"divider-line\"><\/div><\/div>\t\r\n\t<\/div>\t\r\n\r\n[vc_empty_space height=\u00a0\u00bb20px\u00a0\u00bb]<div id=\"argenta-custom-69f1b976778e8\"  >\r\n\t<p align=\"justify\">Votre conseill\u00e8re aventure vous aidera \u00e0 adapter la pr\u00e9paration \u00e0 vos agendas, vos besoins et vos envies. Vous pourrez la contacter pour toute question, partager avec elle vos difficult\u00e9s \u00e9ventuelles et vos succ\u00e8s. \u00c0 votre disposition par mail, t\u00e9l\u00e9phone, visio, sur rendez-vous \u00e0 l\u2019agence ou lors des s\u00e9ances coaching organis\u00e9es dans votre r\u00e9gion \/ webinaires.<\/p>\n<\/div>\r\n\r\n[vc_empty_space height=\u00a0\u00bb40px\u00a0\u00bb][\/vc_column][vc_column width=\u00a0\u00bb1\/6&Prime;][\/vc_column][\/vc_row][vc_row][vc_column][vc_row_inner content_placement=\u00a0\u00bbmiddle\u00a0\u00bb el_class=\u00a0\u00bbtext-center\u00a0\u00bb][vc_column_inner width=\u00a0\u00bb1\/4&Prime;][\/vc_column_inner][vc_column_inner width=\u00a0\u00bb1\/4&Prime; css=\u00a0\u00bb.vc_custom_1709811039177{padding-top: 5px !important;padding-right: 5px !important;padding-bottom: 5px !important;padding-left: 5px !important;}\u00a0\u00bb]<div class=\"button_wrapper\"  >\r\n\t\r\n\t<a href=\"https:\/\/www.trekrosetrip.com\/senegal\/contact\/\" class=\"btn btn-rounded btn-large\" id=\"argenta-custom-69f1b976779ab\">\r\n\t\t\t\t<span class=\"text\">Nous contacter<\/span>\r\n\t\t\t<\/a>\r\n\t\r\n<\/div>\r\n\r\n[\/vc_column_inner][vc_column_inner width=\u00a0\u00bb1\/4&Prime; css=\u00a0\u00bb.vc_custom_1709811046544{padding-top: 5px !important;padding-right: 5px !important;padding-bottom: 5px !important;padding-left: 5px !important;}\u00a0\u00bb]<div class=\"button_wrapper\"  >\r\n\t\r\n\t<a href=\"https:\/\/www.trekrosetrip.com\/senegal\/inscription-au-trek\/\" class=\"btn btn-rounded btn-large\" id=\"argenta-custom-69f1b97677a94\">\r\n\t\t\t\t<span class=\"text\">Se pr\u00e9-inscrire<\/span>\r\n\t\t\t<\/a>\r\n\t\r\n<\/div>\r\n\r\n[\/vc_column_inner][vc_column_inner width=\u00a0\u00bb1\/4&Prime;][\/vc_column_inner][\/vc_row_inner][\/vc_column][\/vc_row][vc_row][vc_column][vc_empty_space height=\u00a0\u00bb90px\u00a0\u00bb][\/vc_column][\/vc_row]\n","protected":false},"excerpt":{"rendered":"<p>[vc_row][vc_column width=\u00a0\u00bb1\/6&Prime;][\/vc_column][vc_column width=\u00a0\u00bb2\/3&Prime;][vc_empty_space height=\u00a0\u00bb90px\u00a0\u00bb][vc_empty_space height=\u00a0\u00bb20px\u00a0\u00bb][\/vc_column][vc_column width=\u00a0\u00bb1\/6&Prime;][\/vc_column][\/vc_row][vc_row full_width=\u00a0\u00bbstretch_row_content_no_spaces\u00a0\u00bb css=\u00a0\u00bb.vc_custom_1646136428253{margin-top: 20px !important;margin-bottom: 20px !important;padding-top: 20px !important;padding-right: 40px !important;padding-bottom: 40px !important;padding-left: 40px !important;background-color: #d7006d !important;}\u00a0\u00bb][vc_column width=\u00a0\u00bb1\/6&Prime;][\/vc_column][vc_column width=\u00a0\u00bb2\/3&Prime;][\/vc_column][vc_column width=\u00a0\u00bb1\/6&Prime;][\/vc_column][\/vc_row][vc_row][vc_column width=\u00a0\u00bb1\/6&Prime;][\/vc_column][vc_column width=\u00a0\u00bb2\/3&Prime;][vc_empty_space height=\u00a0\u00bb20px\u00a0\u00bb][vc_empty_space height=\u00a0\u00bb20px\u00a0\u00bb][vc_empty_space height=\u00a0\u00bb40px\u00a0\u00bb][\/vc_column][vc_column width=\u00a0\u00bb1\/6&Prime;][\/vc_column][\/vc_row][vc_row][vc_column][vc_row_inner content_placement=\u00a0\u00bbmiddle\u00a0\u00bb el_class=\u00a0\u00bbtext-center\u00a0\u00bb][vc_column_inner width=\u00a0\u00bb1\/4&Prime;][\/vc_column_inner][vc_column_inner width=\u00a0\u00bb1\/4&Prime; css=\u00a0\u00bb.vc_custom_1709811039177{padding-top: 5px !important;padding-right: 5px !important;padding-bottom: 5px !important;padding-left: 5px !important;}\u00a0\u00bb][\/vc_column_inner][vc_column_inner width=\u00a0\u00bb1\/4&Prime; css=\u00a0\u00bb.vc_custom_1709811046544{padding-top: 5px !important;padding-right: 5px !important;padding-bottom: 5px !important;padding-left: 5px !important;}\u00a0\u00bb][\/vc_column_inner][vc_column_inner width=\u00a0\u00bb1\/4&Prime;][\/vc_column_inner][\/vc_row_inner][\/vc_column][\/vc_row][vc_row][vc_column][vc_empty_space [&hellip;]<\/p>\n","protected":false},"author":1,"featured_media":0,"parent":0,"menu_order":0,"comment_status":"closed","ping_status":"closed","template":"page-templates\/page_without-sidebar.php","meta":{"_acf_changed":false,"footnotes":""},"class_list":["post-333","page","type-page","status-publish","hentry"],"acf":[],"_links":{"self":[{"href":"https:\/\/www.trekrosetrip.com\/senegal\/wp-json\/wp\/v2\/pages\/333","targetHints":{"allow":["GET"]}}],"collection":[{"href":"https:\/\/www.trekrosetrip.com\/senegal\/wp-json\/wp\/v2\/pages"}],"about":[{"href":"https:\/\/www.trekrosetrip.com\/senegal\/wp-json\/wp\/v2\/types\/page"}],"author":[{"embeddable":true,"href":"https:\/\/www.trekrosetrip.com\/senegal\/wp-json\/wp\/v2\/users\/1"}],"replies":[{"embeddable":true,"href":"https:\/\/www.trekrosetrip.com\/senegal\/wp-json\/wp\/v2\/comments?post=333"}],"version-history":[{"count":4,"href":"https:\/\/www.trekrosetrip.com\/senegal\/wp-json\/wp\/v2\/pages\/333\/revisions"}],"predecessor-version":[{"id":7436,"href":"https:\/\/www.trekrosetrip.com\/senegal\/wp-json\/wp\/v2\/pages\/333\/revisions\/7436"}],"wp:attachment":[{"href":"https:\/\/www.trekrosetrip.com\/senegal\/wp-json\/wp\/v2\/media?parent=333"}],"curies":[{"name":"wp","href":"https:\/\/api.w.org\/{rel}","templated":true}]}}