{"id":299,"date":"2020-11-05T18:26:31","date_gmt":"2020-11-05T17:26:31","guid":{"rendered":"http:\/\/www.trekrosetrip.com\/senegal\/?page_id=299"},"modified":"2025-06-25T15:09:34","modified_gmt":"2025-06-25T13:09:34","slug":"contact","status":"publish","type":"page","link":"https:\/\/www.trekrosetrip.com\/senegal\/contact\/","title":{"rendered":"Contactez-nous"},"content":{"rendered":"[vc_row full_width=\u00a0\u00bbstretch_row\u00a0\u00bb el_class=\u00a0\u00bbnegative-margin\u00a0\u00bb][vc_column width=\u00a0\u00bb1\/2&Prime; css=\u00a0\u00bb.vc_custom_1477038874145{padding-right: 20px !important;padding-left: 20px !important;}\u00a0\u00bb][vc_row_inner css=\u00a0\u00bb.vc_custom_1478274946373{background-color: #ffffff !important;}\u00a0\u00bb][vc_column_inner][vc_empty_space height=\u00a0\u00bb20px\u00a0\u00bb]<div id=\"argenta-custom-69e88e4f85ea5\" class=\"icon-box\"  >\r\n\r\n\t<div class=\"icon-box-image brand-color brand-border-color\">\r\n\t\t\t\t<span class=\"my-icon-loc-point brand-color\"><\/span>\r\n\t\t\t<\/div>\r\n\r\n\t<div class=\"icon-box-wrap-content\">\r\n\t\t<h3 class=\"title icon-box-title\">Adresse D\u00e9sertours<\/h3>\r\n\t\t\r\n\t\t\t\t\r\n\t\t\t\t\t<p class=\"icon-box-description\"><\/p>\r\n\r\n\t\t\t\t\t<\/div>\r\n\t\t\r\n<\/div>\r\n\r\n<div id=\"argenta-custom-69e88e4f85ffc\"  >\r\n\t<p style=\"text-align: center;\">3 Rue de la Tour<\/p>\n<p style=\"text-align: center;\">64500 Ciboure<\/p>\n<\/div>\r\n\r\n[vc_empty_space height=\u00a0\u00bb20px\u00a0\u00bb][\/vc_column_inner][\/vc_row_inner][\/vc_column][vc_column width=\u00a0\u00bb1\/2&Prime; css=\u00a0\u00bb.vc_custom_1477038868274{padding-right: 20px !important;padding-left: 20px !important;}\u00a0\u00bb][vc_row_inner css=\u00a0\u00bb.vc_custom_1477038633028{background-color: #ffffff !important;}\u00a0\u00bb][vc_column_inner][vc_empty_space height=\u00a0\u00bb20px\u00a0\u00bb]<div id=\"argenta-custom-69e88e4f860b2\" class=\"icon-box\"  >\r\n\r\n\t<div class=\"icon-box-image brand-color brand-border-color\">\r\n\t\t\t\t<span class=\"my-icon-tel-phone brand-color\"><\/span>\r\n\t\t\t<\/div>\r\n\r\n\t<div class=\"icon-box-wrap-content\">\r\n\t\t<h3 class=\"title icon-box-title\">T\u00e9l\u00e9phone<\/h3>\r\n\t\t\r\n\t\t\t\t\r\n\t\t\t\t\t<p class=\"icon-box-description\"><\/p>\r\n\r\n\t\t\t\t\t<\/div>\r\n\t\t\r\n<\/div>\r\n\r\n<div id=\"argenta-custom-69e88e4f861b3\"  >\r\n\t<p style=\"text-align: center;\">France &#8211; 05 59 47 47 47<\/p>\n<p style=\"text-align: center;\">Canada &#8211; 514 967-6471<\/p>\n<\/div>\r\n\r\n[vc_empty_space height=\u00a0\u00bb20px\u00a0\u00bb][\/vc_column_inner][\/vc_row_inner][\/vc_column][\/vc_row][vc_row full_width=\u00a0\u00bbstretch_row_content\u00a0\u00bb][vc_column css=\u00a0\u00bb.vc_custom_1741616193671{margin-top: 0px !important;margin-right: 0px !important;margin-bottom: 0px !important;margin-left: 0px !important;padding-top: 0px !important;padding-right: 0px !important;padding-bottom: 0px !important;padding-left: 0px !important;}\u00a0\u00bb][vc_empty_space height=\u00a0\u00bb25px\u00a0\u00bb][vc_row_inner equal_height=\u00a0\u00bbyes\u00a0\u00bb css=\u00a0\u00bb.vc_custom_1741616168768{margin-top: 0px !important;margin-right: 0px !important;margin-bottom: 0px !important;margin-left: 0px !important;padding-top: 0px !important;padding-right: 0px !important;padding-bottom: 0px !important;padding-left: 0px !important;}\u00a0\u00bb][vc_column_inner width=\u00a0\u00bb1\/2&Prime; css=\u00a0\u00bb.vc_custom_1653494346510{background-image: url(https:\/\/www.trekrosetrip.com\/senegal\/wp-content\/uploads\/sites\/3\/2022\/05\/contact.jpg?id=3001) !important;background-position: center !important;background-repeat: no-repeat !important;background-size: cover !important;}\u00a0\u00bb][\/vc_column_inner][vc_column_inner width=\u00a0\u00bb1\/2&Prime; css=\u00a0\u00bb.vc_custom_1489679945332{padding-top: 12% !important;padding-right: 12% !important;padding-bottom: 12% !important;padding-left: 12% !important;background-color: #f3f3f3 !important;}\u00a0\u00bb]<div id=\"argenta-custom-69e88e4f86261\"  class=\"heading-wrapper text-left text-titre\"  >\r\n\t\t\t<p class=\"subtitle\">Une question ? Besoin d'informations ?<\/p>\r\n\t\r\n\t<h2 class=\"second-title text-left\">Contactez-nous !<\/h2>\r\n\r\n\t\r\n\t\t<div class=\"divider-solid\"><div class=\"divider-line\"><\/div><\/div>\t\r\n\t<\/div>\t\r\n\r\n[vc_empty_space height=\u00a0\u00bb5px\u00a0\u00bb]<div id=\"argenta-custom-69e88e4f8633c\"  >\r\n\t<p style=\"text-align: justify;\">Vous souhaitez obtenir plus d&rsquo;informations sur le trek Rose Trip S\u00e9n\u00e9gal, des conseils ou tout simplement vous inscrire \u00e0 la <strong>newsletter<\/strong>, l&rsquo;\u00e9quipe Rose Trip S\u00e9n\u00e9gal est \u00e0 votre disposition !<\/p>\n<p>Vous pouvez \u00e9galement retrouver de nombreuses infos sur l&rsquo;aventure dans la <a href=\"https:\/\/www.trekrosetrip.com\/senegal\/faq\/\">FAQ du Rose Trip<\/a> !<\/p>\n<\/div>\r\n\r\n[vc_empty_space height=\u00a0\u00bb20px\u00a0\u00bb][vc_separator border_width=\u00a0\u00bb3&Prime;][vc_column_text el_id=\u00a0\u00bbformcontactdst\u00a0\u00bb]\r\n\t<script type=\"text\/javascript\">\r\t\tjQuery(document).ready(function(e){\r\t\t\t\r\t\t\tjQuery('.row-mask').each(function(){\r\t\t\t\tjQuery(this).css('display', 'none');\r\t\t\t});\r\t\t\t\r\t\t});\r\t<\/script>\r\t\r\n<script type=\"text\/javascript\">\r\n\tjQuery(document).ready(function(){\r\n\t\tjQuery('div.attr-opt_out').find('input').each(function(){\r\n\t\t\tif(jQuery(this).is(':checked')) jQuery(this).prop('checked', false);\r\n\t\t})\r\n\t});\r\n<\/script>\r\n\r\n<div class=\"form form-application.models.Contact\">\r\n\t<div class=\"result\">\r\n\r\n\t\t<form enctype=\"multipart\/form-data\" class=\"rdscrm-form\" id=\"demande-contact-form\" actionnn=\"\/demandeContact\/form\/demandeType\/treck_contact_simple_senegal\/lang\/fr\/key\/jk45yf48Qz8879\" method=\"post\"><input type='hidden' name='demande-contact-form_isCreate' class='demande-contact-form_isCreate' value='1'\/>\r\n\t\t<div class=\"row-fluid\">\r\n\t\t\t<div class=\"span12\">\r\n\t\t\t\t\t\t\t<\/div>\r\n\r\n\t\t<\/div>\r\n\t\t\t\t\t<div class=\"row-fluid\">\r\n\t\t\t<div class=\"span12\">\r\n\t\t\t\t<div class=\"row-fluid\">\r\n\t\t\t\t\t<div class=\"box-inner clearfix\">\r\n\t\t\t\t\t\t<div class=\"row-fluid\">\r\n\t\t\t\t\t\t\t<div class=\"attr attr-last_name attr-varchar span6 size-100\" >\r\n\t\t\t\t\t\t\t\t<label for=\"DemandeContact_1_last_name\" class=\"required\">Nom <span class=\"required\">*<\/span><\/label>\t\t\t\t\t\t\t\t<input maxlength=\"100\" class=\"\" name=\"DemandeContact[1][last_name]\" id=\"DemandeContact_1_last_name\" type=\"text\" \/>\t\t\t\t\t\t\t\t\t\t\t\t\t\t\t<\/div><!-- attr -->\r\n\r\n\t\t\t\t\t\t\t<div class=\"attr attr-first_name attr-varchar span4 size-100\" >\r\n\t\t\t\t\t\t\t\t<label for=\"DemandeContact_1_first_name\" class=\"required\">Pr\u00e9nom <span class=\"required\">*<\/span><\/label>\t\t\t\t\t\t\t\t<input maxlength=\"100\" class=\"\" name=\"DemandeContact[1][first_name]\" id=\"DemandeContact_1_first_name\" type=\"text\" \/>\t\t\t\t\t\t\t\t\t\t\t\t\t\t\t<\/div><!-- attr -->\r\n\t\t\t\t\t\t<\/div>\r\n\t\t\t\t\t\t\r\n\t\t\t\t\t\t<div class=\"row-fluid row-mask\"><div class=\"attr attr-mask\"><select name=\"DemandeContact[1][maskSelect]\" id=\"DemandeContact_1_maskSelect\">\n<option value=\"\"><\/option>\n<option value=\"choice 1\">choix 1<\/option>\n<option value=\"choice 2\">choix 2<\/option>\n<option value=\"choice 3\">choix 3<\/option>\n<\/select><\/div><\/div>\t\t\t\t\t\t<div class=\"row-fluid row-mask\"><div class=\"attr attr-mask\"><input maxlength=\"255\" class=\"\" name=\"DemandeContact[1][maskTextfield]\" id=\"DemandeContact_1_maskTextfield\" type=\"text\" \/><\/div><\/div>\t\t\r\n\t\t\t\t\t\t<div class=\"row-fluid\">\r\n\t\t\t\t\t\t\t<div class=\"attr attr-email attr-varchar span12 size-255\" >\r\n\t\t\t\t\t\t\t\t<label for=\"DemandeContact_1_email\" class=\"required\">Email <span class=\"required\">*<\/span><\/label>\t\t\t\t\t\t\t\t<a data-placement=\"top\" rel=\"tooltip\" href=\"#\" data-original-title=\"Envoi Newsletter\" data-content=\"Newsletter envoy\u00e9e uniquement sur cet email\" class=\"dst-popover icon-help-circle btn-large\"><\/a>\r\n\t\t\t\t\t\t\t\t<input maxlength=\"255\" class=\"\" name=\"DemandeContact[1][email]\" id=\"DemandeContact_1_email\" type=\"text\" \/>\t\t\t\t\t\t\t\t\t\t\t\t\t\t\t<\/div><!-- attr -->\r\n\r\n\t\t\t\t\t\t\t<div class=\"attr attr-opt_out attr-tinyint span6 size-1\" >\r\n\t\t\t\t\t\t\t\t<label>Je ne souhaite pas recevoir la newsletter<\/label>\r\n\t\t\t\t\t\t\t\t\t\t\t\t\t\t\t\t<input id=\"ytDemandeContact_opt_out\" type=\"hidden\" value=\"\" name=\"DemandeContact[opt_out]\" \/><span id=\"DemandeContact_opt_out\" class=\"checkboxlist clearfix\"><span class=\"checkboxlist-item\"><input id=\"DemandeContact_opt_out_0_0\" value=\"0\" checked=\"checked\" type=\"checkbox\" name=\"DemandeContact[opt_out][]\" \/> <label for=\"DemandeContact_opt_out_0_0\"><\/label><\/span><\/span>\t\t\t\t\t\t\t\t\t\t\t\t\t\t\t<\/div><!-- attr -->\r\n\t\t\t\t\t\t<\/div>\r\n\r\n\r\n\t\t\t\t\t\t<div class=\"attr attr-description attr-text span12\" >\r\n\t\t\t\t\t\t\t<label>Votre message<\/label>\r\n\t\t\t\t\t\t\t<textarea class=\"\" editor=\"\" name=\"DemandeContact[1][description]\" id=\"DemandeContact_1_description\"><\/textarea>\t\t\t\t\t\t\t\t\t\t\t\t\t<\/div><!-- attr -->\r\n\r\n\r\n\t\t\t\t\t\t<div class=\"row-fluid\">\r\n\t\t\t\t\t\t\t<div class=\"attr attr-phone_mobile attr-varchar span12 size-25\">\r\n\t\t\t\t\t\t\t\t<label for=\"DemandeContact_1_composite_phone_mobile\">N\u00b0 de t\u00e9l\u00e9phone<\/label>\t\t\t\t\t\t\t\t<div class=\"composite-phone row-fluid\"><div class=\"span5\"><select class=\"select select-nkphoneinput  cd-composite_phone_mobile\" data-placeholder=\"Calling Code\" name=\"DemandeContact[1][composite_phone_mobile][code]\" id=\"DemandeContact_1_composite_phone_mobile_code\">\n<option value=\"\">Votre indicatif<\/option>\n<option value=\"+44\">Angleterre (+44) <\/option>\n<option value=\"+54\">Argentine (+54) <\/option>\n<option value=\"+0\">Autre (+0) <\/option>\n<option value=\"+32\">Belgique (+32) <\/option>\n<option value=\"+55\">Br\u00e9sil (+55) <\/option>\n<option value=\"+1\">Canada (+1) <\/option>\n<option value=\"+45\">Danemark (+45) <\/option>\n<option value=\"+34\">Espagne (+34) <\/option>\n<option value=\"+33\">France (+33) <\/option>\n<option value=\"+352\">Luxembourg (+352) <\/option>\n<option value=\"+212\">Maroc (+212) <\/option>\n<option value=\"+41\">Suisse (+41) <\/option>\n<\/select><\/div><div class=\"span7 nk-phone-input-number\"><input class=\"cd-phone_mobile\" placeholder=\"Votre n\u00b0 de t\u00e9l\u00e9phone\" type=\"text\" name=\"DemandeContact[1][composite_phone_mobile][number]\" id=\"DemandeContact_1_composite_phone_mobile_number\" \/><\/div><\/div>\t\t\t\t\t\t\t\t\t\t\t\t\t\t\t<\/div><!-- attr -->\r\n\t\t\t\t\t\t<\/div><!-- row-fluid -->\r\n\r\n\r\n\t\t\t\t\t\t<div class=\"clear\"><\/div>\r\n\r\n\r\n\t\t\t\t\t\t<div class=\"row-fluid\">\r\n\t\t\t\t\t\t\t<div class=\"attr attr-sms_accept attr-tinyint span12 size-1 display-inline\" >\r\n\t\t\t\t\t\t\t\t<input name=\"DemandeContact[[{$this->itemId}]][sms_accept]\" id=\"DemandeContact_[{$this->itemId}]_sms_accept\" value=\"1\" type=\"checkbox\">\r\n\t\t\t\t\t\t\t\t<label for=\"DemandeContact_sms_accept\">J'accepte de recevoir des SMS<\/label>\t\t\t\t\t\t\t<\/div>\r\n\t\t\t\t\t\t<\/div>\r\n\r\n\r\n\t\t\t\t\t\t<div class=\"clear\"><\/div>\r\n\t\t\t\t\t\t\r\n\r\n\t\t\t\t\t\t<div class=\"row-fluid\">\r\n\t\t\t\t\t\t\t<div class=\"attr attr-primary_address_city attr-varchar span12 size-255\" >\r\n\t\t\t\t\t\t\t<label>Ville *<\/label>\r\n\t\t\t\t\t\t\t<input maxlength=\"100\" class=\"\" name=\"DemandeContact[1][primary_address_city]\" id=\"DemandeContact_1_primary_address_city\" type=\"text\" \/>\t\t\t\t\t\t\t\t\t\t\t\t\t\t<\/div><!-- attr -->\r\n\r\n\t\t\t\t\t\t\t<div class=\"attr attr-primary_address_postalcode attr-varchar span12 size-255\" >\r\n\t\t\t\t\t\t\t<label>Code postal *<\/label>\r\n\t\t\t\t\t\t\t<input maxlength=\"100\" class=\"\" name=\"DemandeContact[1][primary_address_postalcode]\" id=\"DemandeContact_1_primary_address_postalcode\" type=\"text\" \/>\t\t\t\t\t\t\t\t\t\t\t\t\t\t<\/div><!-- attr -->\r\n\t\t\t\t\t\t<\/div>\r\n\r\n\t\t\t\t\t\t<div class=\"row-fluid\">\r\n\t\t\t\t\t\t\t<div class=\"attr attr-primary_address_country_type attr-varchar span12 size-255\" >\r\n\t\t\t\t\t\t\t<label>Pays *<\/label>\r\n\t\t\t\t\t\t\t<select name=\"DemandeContact[1][primary_address_country_type]\" id=\"DemandeContact_1_primary_address_country_type\">\n<option value=\"\"> <\/option>\n<option value=\"France\">France<\/option>\n<option value=\"Canada\">Canada<\/option>\n<option value=\"Algerie\">Alg\u00e9rie<\/option>\n<option value=\"Allemagne\">Allemagne<\/option>\n<option value=\"Angleterre\">Angleterre<\/option>\n<option value=\"Belgique\">Belgique<\/option>\n<option value=\"Espagne\">Espagne<\/option>\n<option value=\"Emirats arabes unis\">Emirats arabes unis<\/option>\n<option value=\"Argentine\">Argentine<\/option>\n<option value=\"Autriche\">Autriche<\/option>\n<option value=\"Monaco\">Monaco<\/option>\n<option value=\"Congo\">Congo<\/option>\n<option value=\"Corse\">Corse<\/option>\n<option value=\"Cote divoire\">C\u00f4te d&#039;Ivoire<\/option>\n<option value=\"Etats-Unis\">Etats-Unis<\/option>\n<option value=\"Ghana\">Ghana<\/option>\n<option value=\"Grande-Bretagne\">Grande-Bretagne<\/option>\n<option value=\"Guadeloupe\">Guadeloupe<\/option>\n<option value=\"Guinee\">Guin\u00e9e<\/option>\n<option value=\"Irlande\">Irlande<\/option>\n<option value=\"Israel\">Isra\u00ebl<\/option>\n<option value=\"Italie\">Italie<\/option>\n<option value=\"Luxembourg\">Luxembourg<\/option>\n<option value=\"Madagascar\">Madagascar<\/option>\n<option value=\"Maroc\">Maroc<\/option>\n<option value=\"Martinique\">Martinique<\/option>\n<option value=\"Nouvelle Caledonie\">Nouvelle Cal\u00e9donie<\/option>\n<option value=\"Pays-Bas\">Pays-Bas<\/option>\n<option value=\"Portugal\">Portugal<\/option>\n<option value=\"Saint-Pierre-et-Miquelon\">Saint-Pierre-et-Miquelon<\/option>\n<option value=\"Senegal\">S\u00e9n\u00e9gal<\/option>\n<option value=\"Slovenie\">Slov\u00e9nie<\/option>\n<option value=\"Suede\">Su\u00e8de<\/option>\n<option value=\"Suisse\">Suisse<\/option>\n<option value=\"Tunisie\">Tunisie<\/option>\n<option value=\"Venezuela\">Venezuela<\/option>\n<option value=\"Japon\">Japon<\/option>\n<option value=\"Autre\">Autre<\/option>\n<\/select>\t\t\t\t\t\t\t\t\t\t\t\t\t\t<\/div><!-- attr -->\r\n\r\n\t\t\t\t\t\t\t<div class=\"attr attr-subdivision attr-varchar span4 size-100 hidden\" style=\"float:left;width:50%;height:85px;\" >\r\n\t\t\t\t\t\t\t<label>R\u00e9gions Administratives<\/label>\r\n\t\t\t\t\t\t\t<select name=\"DemandeContact[1][subdivision]\" id=\"DemandeContact_1_subdivision\">\n<option value=\"\"><\/option>\n<option value=\"abitibi-teminscamingue\">Abitibi-T\u00e9miscamingue<\/option>\n<option value=\"bas saint laurent\">Bas Saint Laurent<\/option>\n<option value=\"capitale nationale\">Capitale Nationale<\/option>\n<option value=\"centre quebec\">Centre Qu\u00e9bec<\/option>\n<option value=\"chaudieres appalaches\">Chaudi\u00e8res Appalaches<\/option>\n<option value=\"cote nords\">C\u00f4te Nords<\/option>\n<option value=\"estrie\">Estrie<\/option>\n<option value=\"gaspesie ile de la madeleine\">Gasp\u00e9sie Ile de la Madeleine<\/option>\n<option value=\"lanaudieres\">Lanaudi\u00e8res<\/option>\n<option value=\"laurentides\">Laurentides<\/option>\n<option value=\"mauricie\">Mauricie<\/option>\n<option value=\"monteregie\">Mont\u00e9r\u00e9gie<\/option>\n<option value=\"montreal (incluant Laval)\">Montr\u00e9al (incluant Laval)<\/option>\n<option value=\"nord du quebec\">Nord du Qu\u00e9bec<\/option>\n<option value=\"ontario\">Ontario<\/option>\n<option value=\"outaouais\">Outaouais<\/option>\n<option value=\"saguenay lac saint jean\">Saguenay Lac Saint Jean<\/option>\n<option value=\"nouveau-brunswick\">Nouveau-Brunswick<\/option>\n<\/select>\t\t\t\t\t\t\t \r\n\t\t\t\t\t\t\t<\/div><!-- attr -->\r\n\t\t\t\t\t\t\t\r\n\t\t\t\t\t\t\t<div class=\"clear\"><\/div>\r\n\t\t\t\t\t\t<\/div>\r\n\t\t\t\t\t\t\r\n\t\t\t\t\t\t<div class=\"row-fluid row-mask\"><div class=\"attr attr-mask\"><input maxlength=\"255\" class=\"\" value=\"2\" name=\"DemandeContact[1][maskDelay]\" id=\"DemandeContact_1_maskDelay\" type=\"text\" \/><\/div><\/div>\t\t\t\t\t<\/div><!-- .box-inner -->\r\n\t\t\t\t<\/div><!-- .row-fluid -->\r\n\t\t\t<\/div><!-- span12 -->\r\n\t\t<\/div><!-- row-fluid -->\r\n\r\n\r\n\t\t<div class=\"row-fluid\">\r\n\t\t\t<div class=\"buttons button-bottom span12 icons\">\r\n\t\t\t\t<button class=\"nk-admin-tab-item-button nk-admin-save btn-primary button track_Contact track_Contact-Senegal  btn\" name=\"nkAftersaveAction\" value=\"stay\" type=\"submit\" aria-disabled=\"false\"><span class='icon icon-letter '><\/span><span class=\"ico-spacer\">&nbsp;&nbsp;<\/span>Envoyer<\/button>\t\t\t<\/div><!-- buttons -->\r\n\t\t<\/div><!-- row-fluid -->\r\n\t\t\t\t\r\n\t\t<\/form><div style='display:none' class='nkyiiactiveform-data-for-demande-contact-form'>{'validateOnSubmit':true,'afterValidate':function(form, data, hasError){ return nkFormAfterValidate(form, data, hasError); },'beforeValidate':function(form){ return nkFormBeforeValidate(form) },'attributes':[]}<\/div>\t<\/div><!-- .result -->\r\n<\/div><!-- form-application.models.Contact -->\r\n\r\n<script type=\"text\/javascript\">\r\n\tjQuery(document).ready(function(){\r\n\t\tregionAdministratives();\r\n\t});\r\n\t\r\n\tfunction regionAdministratives(){\r\n\t\tvar country;\r\n\t\tvar subdivision=jQuery('.attr-subdivision');\r\n\t\t\r\n\t\tjQuery('.attr-primary_address_country_type select').on('change', function(){\r\n\t\t\tcountry=jQuery(this).val();\r\n\t\t\t\r\n\t\t\tif(country=='Canada'){\r\n\t\t\t\tsubdivision.removeClass('hidden');\r\n\t\t\t}else{\r\n\t\t\t\tsubdivision.addClass('hidden');\r\n\t\t\t}\r\n\t\t});\r\n\t}\r\n<\/script>\r\n\r\n<style type=\"text\/css\">\r\n\t.span5, .span7{ display:inline-block; }\r\n\t.span5{ width:40%; }\r\n\t.span7{ width:60%; }\r\n<\/style>[\/vc_column_text][\/vc_column_inner][\/vc_row_inner][\/vc_column][\/vc_row]\n","protected":false},"excerpt":{"rendered":"<p>[vc_row full_width=\u00a0\u00bbstretch_row\u00a0\u00bb el_class=\u00a0\u00bbnegative-margin\u00a0\u00bb][vc_column width=\u00a0\u00bb1\/2&Prime; css=\u00a0\u00bb.vc_custom_1477038874145{padding-right: 20px !important;padding-left: 20px !important;}\u00a0\u00bb][vc_row_inner css=\u00a0\u00bb.vc_custom_1478274946373{background-color: #ffffff !important;}\u00a0\u00bb][vc_column_inner][vc_empty_space height=\u00a0\u00bb20px\u00a0\u00bb][vc_empty_space height=\u00a0\u00bb20px\u00a0\u00bb][\/vc_column_inner][\/vc_row_inner][\/vc_column][vc_column width=\u00a0\u00bb1\/2&Prime; css=\u00a0\u00bb.vc_custom_1477038868274{padding-right: 20px !important;padding-left: 20px !important;}\u00a0\u00bb][vc_row_inner css=\u00a0\u00bb.vc_custom_1477038633028{background-color: #ffffff !important;}\u00a0\u00bb][vc_column_inner][vc_empty_space height=\u00a0\u00bb20px\u00a0\u00bb][vc_empty_space height=\u00a0\u00bb20px\u00a0\u00bb][\/vc_column_inner][\/vc_row_inner][\/vc_column][\/vc_row][vc_row full_width=\u00a0\u00bbstretch_row_content\u00a0\u00bb][vc_column css=\u00a0\u00bb.vc_custom_1741616193671{margin-top: 0px !important;margin-right: 0px !important;margin-bottom: 0px !important;margin-left: 0px !important;padding-top: 0px !important;padding-right: 0px !important;padding-bottom: 0px !important;padding-left: 0px !important;}\u00a0\u00bb][vc_empty_space height=\u00a0\u00bb25px\u00a0\u00bb][vc_row_inner equal_height=\u00a0\u00bbyes\u00a0\u00bb css=\u00a0\u00bb.vc_custom_1741616168768{margin-top: 0px !important;margin-right: 0px !important;margin-bottom: 0px !important;margin-left: 0px !important;padding-top: 0px [&hellip;]<\/p>\n","protected":false},"author":1,"featured_media":0,"parent":0,"menu_order":0,"comment_status":"closed","ping_status":"closed","template":"page-templates\/page_without-sidebar.php","meta":{"_acf_changed":false,"footnotes":""},"class_list":["post-299","page","type-page","status-publish","hentry"],"acf":[],"_links":{"self":[{"href":"https:\/\/www.trekrosetrip.com\/senegal\/wp-json\/wp\/v2\/pages\/299","targetHints":{"allow":["GET"]}}],"collection":[{"href":"https:\/\/www.trekrosetrip.com\/senegal\/wp-json\/wp\/v2\/pages"}],"about":[{"href":"https:\/\/www.trekrosetrip.com\/senegal\/wp-json\/wp\/v2\/types\/page"}],"author":[{"embeddable":true,"href":"https:\/\/www.trekrosetrip.com\/senegal\/wp-json\/wp\/v2\/users\/1"}],"replies":[{"embeddable":true,"href":"https:\/\/www.trekrosetrip.com\/senegal\/wp-json\/wp\/v2\/comments?post=299"}],"version-history":[{"count":0,"href":"https:\/\/www.trekrosetrip.com\/senegal\/wp-json\/wp\/v2\/pages\/299\/revisions"}],"wp:attachment":[{"href":"https:\/\/www.trekrosetrip.com\/senegal\/wp-json\/wp\/v2\/media?parent=299"}],"curies":[{"name":"wp","href":"https:\/\/api.w.org\/{rel}","templated":true}]}}