{"id":289,"date":"2020-11-05T18:11:26","date_gmt":"2020-11-05T17:11:26","guid":{"rendered":"http:\/\/www.trekrosetrip.com\/senegal\/?page_id=289"},"modified":"2026-01-14T10:20:02","modified_gmt":"2026-01-14T09:20:02","slug":"frais-engagement","status":"publish","type":"page","link":"https:\/\/www.trekrosetrip.com\/senegal\/frais-engagement\/","title":{"rendered":"Frais d\u2019engagement"},"content":{"rendered":"[vc_row el_class=\u00a0\u00bbdisplay-none\u00a0\u00bb][vc_column width=\u00a0\u00bb1\/6&Prime;][\/vc_column][vc_column width=\u00a0\u00bb2\/3&Prime;][vc_empty_space height=\u00a0\u00bb90px\u00a0\u00bb]<div  class=\"heading-wrapper text-center text-titre\"  >\r\n\t\t\t<p class=\"subtitle\">#Tarif<\/p>\r\n\t\r\n\t<h2 class=\"second-title text-center\">Quel est le tarif pour l'inscription d'une \u00e9quipe ?<\/h2>\r\n\r\n\t\r\n\t\t<div class=\"divider-solid\"><div class=\"divider-line\"><\/div><\/div>\t\r\n\t<\/div>\t\r\n\r\n[vc_empty_space height=\u00a0\u00bb20px\u00a0\u00bb]<div id=\"argenta-custom-69e344fa52974\"  >\r\n\t<p style=\"text-align: center;\">Le tarif de l\u2019engagement s\u2019\u00e9l\u00e8ve \u00e0 <strong>:<\/strong><\/p>\n<\/div>\r\n\r\n[vc_row_inner css=\u00a0\u00bb.vc_custom_1738841393296{margin-top: 0px !important;padding-top: 0px !important;}\u00a0\u00bb][vc_column_inner width=\u00a0\u00bb1\/2&Prime; css=\u00a0\u00bb.vc_custom_1738842338040{margin-top: 0px !important;margin-right: 10px !important;margin-bottom: 10px !important;margin-left: 10px !important;padding-top: 15px !important;padding-right: 15px !important;padding-bottom: 15px !important;padding-left: 15px !important;}\u00a0\u00bb][vc_column_text css=\u00a0\u00bb.vc_custom_1738841996956{margin-top: 10px !important;margin-right: 10px !important;margin-bottom: 10px !important;margin-left: 10px !important;border-top-width: 2px !important;border-right-width: 2px !important;border-bottom-width: 2px !important;border-left-width: 2px !important;padding-top: 25px !important;padding-right: 25px !important;padding-bottom: 25px !important;padding-left: 25px !important;background-color: #ffffff !important;border-left-color: #d7006d !important;border-left-style: solid !important;border-right-color: #d7006d !important;border-right-style: solid !important;border-top-color: #d7006d !important;border-top-style: solid !important;border-bottom-color: #d7006d !important;border-bottom-style: solid !important;}\u00a0\u00bb]\n<p style=\"text-align: center; font-size: 18px;\"><strong>Formule <span style=\"color: #d7006d;\">DUO<\/span><\/strong><\/p>\n<p style=\"text-align: center; font-size: 16px;\">5 500 euros (8 240 $CAD)<\/p>\n[\/vc_column_text][\/vc_column_inner][vc_column_inner width=\u00a0\u00bb1\/2&Prime; css=\u00a0\u00bb.vc_custom_1738842344182{margin-top: 0px !important;margin-right: 10px !important;margin-bottom: 10px !important;margin-left: 10px !important;padding-top: 15px !important;padding-right: 15px !important;padding-bottom: 15px !important;padding-left: 15px !important;}\u00a0\u00bb][vc_column_text css=\u00a0\u00bb.vc_custom_1738841945391{margin-top: 10px !important;margin-right: 10px !important;margin-bottom: 10px !important;margin-left: 10px !important;border-top-width: 2px !important;border-right-width: 2px !important;border-bottom-width: 2px !important;border-left-width: 2px !important;padding-top: 25px !important;padding-right: 25px !important;padding-bottom: 25px !important;padding-left: 25px !important;background-color: #ffffff !important;border-left-color: #d7006d !important;border-left-style: solid !important;border-right-color: #d7006d !important;border-right-style: solid !important;border-top-color: #d7006d !important;border-top-style: solid !important;border-bottom-color: #d7006d !important;border-bottom-style: solid !important;}\u00a0\u00bb]\n<p style=\"text-align: center; font-size: 18px;\"><strong>Formule <span style=\"color: #d7006d;\">TRIO<\/span><\/strong><\/p>\n<p style=\"text-align: center; font-size: 16px;\">7 050 euros (10 560 $CAD)<\/p>\n[\/vc_column_text][\/vc_column_inner][\/vc_row_inner][vc_empty_space height=\u00a0\u00bb50px\u00a0\u00bb][\/vc_column][vc_column width=\u00a0\u00bb1\/6&Prime;][\/vc_column][\/vc_row][vc_row][vc_column width=\u00a0\u00bb1\/6&Prime;][\/vc_column][vc_column width=\u00a0\u00bb2\/3&Prime;][vc_empty_space height=\u00a0\u00bb90px\u00a0\u00bb]<div  class=\"heading-wrapper text-left text-titre\"  >\r\n\t\t\t<p class=\"subtitle\">#Le Pack<\/p>\r\n\t\r\n\t<h2 class=\"second-title text-left\">Le prix de l'engagement comprend<\/h2>\r\n\r\n\t\r\n\t\t<div class=\"divider-solid\"><div class=\"divider-line\"><\/div><\/div>\t\r\n\t<\/div>\t\r\n\r\n[vc_empty_space height=\u00a0\u00bb20px\u00a0\u00bb]<div id=\"argenta-custom-69e344fa52b2a\"  >\r\n\t<ul>\n<li>L\u2019inscription des deux ou trois participantes (selon la formule choisie)<\/li>\n<li>L\u2019h\u00e9bergement de trois nuits en h\u00f4tel 4* (base chambre triple) en pension tout compris<\/li>\n<li>L\u2019h\u00e9bergement de quatre nuits en bivouac organis\u00e9 sous tentes triple (pour chaque \u00e9quipe)<\/li>\n<li>La demi-pension au bivouac<\/li>\n<li>Les transferts A\/R entre l&rsquo;h\u00f4tel et le bivouac<\/li>\n<li>Les transferts A\/R entre l&rsquo;h\u00f4tel et le lieu de l&rsquo;action solidaire<\/li>\n<li>Le ravitaillement en eau (1,5 litres d&rsquo;eau par personne par CP) et en fruits sur les 3 \u00e9tapes du trek<\/li>\n<li>Le pique-nique lors de la journ\u00e9e de marche solidaire<\/li>\n<li>L\u2019assistance m\u00e9dicale<\/li>\n<li>L\u2019organisation du bivouac (montage et d\u00e9montage des tentes des participantes avec fourniture de matelas et couvertures)<\/li>\n<li>La communication et la m\u00e9diatisation avant, pendant et apr\u00e8s le trek<\/li>\n<li>Les cartes et les briefings quotidiens<\/li>\n<li>La conception des parcours et des cartes ainsi que la mise en place des parcours<\/li>\n<li>L\u2019organisation sportive, l\u2019encadrement logistique, technique, et m\u00e9dical<\/li>\n<li>Le suivi de l\u2019\u00e9quipe par une conseill\u00e8re aventure<\/li>\n<li>La mise \u00e0 disposition gratuite d\u2019outils de pr\u00e9paration au projet : conseils vid\u00e9os, book sponsor, dossier d\u2019aide au financement, affiches et autres supports<\/li>\n<li>La diffusion de vid\u00e9os comptes rendus d\u2019\u00e9tapes, photos sur le site web<\/li>\n<li>L\u2019assurance responsabilit\u00e9 civile organisation<\/li>\n<li>Les \u00e9quipes d\u2019assistance terrestre sur les parcours<\/li>\n<li>La gestion logistique du trek<\/li>\n<li>La s\u00e9curit\u00e9 \u00ab tracking \u00bb via le PC course et les moyens radios<\/li>\n<li>La c\u00e9r\u00e9monie de cl\u00f4ture et de remise des prix<\/li>\n<\/ul>\n<\/div>\r\n\r\n[vc_empty_space height=\u00a0\u00bb70px\u00a0\u00bb][\/vc_column][vc_column width=\u00a0\u00bb1\/6&Prime;][\/vc_column][\/vc_row][vc_row full_width=\u00a0\u00bbstretch_row_content_no_spaces\u00a0\u00bb][vc_column]<div class=\"split-box\" id=\"argenta-custom-69e344fa52bba\" \r\n\t\t\t\t>\r\n\t\t<div class=\"vc_col-md-6 split-box-wrap\">\r\n\t\t<div class=\"parallax-bg\"><\/div>\r\n\t\t<div class=\"content\">\r\n\t\t\t\t\t<\/div>\r\n\t<\/div>\t<div class=\"vc_col-md-6 split-box-wrap\">\r\n\t\t<div class=\"parallax-bg\"><\/div>\r\n\t\t<div class=\"content\">\r\n\t\t\t<div  class=\"heading-wrapper text-left text-titre\"  >\r\n\t\t\t<p class=\"subtitle\">#Hors Pack<\/p>\r\n\t\r\n\t<h2 class=\"second-title text-left\">Le prix de l'engagement ne comprend pas<\/h2>\r\n\r\n\t\r\n\t\t<div class=\"divider-solid\"><div class=\"divider-line\"><\/div><\/div>\t\r\n\t<\/div>\t\r\n\r\n[vc_empty_space height=\u00a0\u00bb20px\u00a0\u00bb]<div id=\"argenta-custom-69e344fa6b546\"  >\r\n\t<ul>\n<li><strong>OBLIGATOIRE<\/strong> : La location par \u00e9quipe du pack s\u00e9curit\u00e9 et navigation<\/li>\n<li><strong>OBLIGATOIRE<\/strong> : La souscription par personne au contrat d\u2019assistance rapatriement de la compagnie Mutuaide Assistance<\/li>\n<li><strong>Facultatif<\/strong> : Assurance annulation de la compagnie Mutuaide Assistance sur le montant de l\u2019engagement<\/li>\n<li>Les vols A\/R<\/li>\n<li>Les transferts A\/R entre l\u2019a\u00e9roport de Dakar et l\u2019h\u00f4tel<\/li>\n<li>Le repas du midi sur les 3 jours d\u2019\u00e9tapes de marche<\/li>\n<li>Les boissons prises \u00e0 la carte du restaurant sur le bivouac<\/li>\n<li>Les d\u00e9penses \u00e0 caract\u00e8re personnel<\/li>\n<li>\u00c9quipements de survie et de s\u00e9curit\u00e9<\/li>\n<li>La trousse m\u00e9dicale recommand\u00e9e<\/li>\n<\/ul>\n<\/div>\r\n\r\n\t\t<\/div>\r\n\t<\/div>\t\r\n<\/div>\r\n\r\n[\/vc_column][\/vc_row][vc_row css=\u00a0\u00bb.vc_custom_1745415933925{padding-top: 20px !important;padding-right: 20px !important;padding-bottom: 20px !important;padding-left: 20px !important;}\u00a0\u00bb el_class=\u00a0\u00bbdisplay-none\u00a0\u00bb][vc_column el_class=\u00a0\u00bbtext-center\u00a0\u00bb]<div class=\"button_wrapper\"  data-aos=\"fade-up\" >\r\n\t\r\n\t<a href=\"http:\/\/www.trekrosetrip.com\/senegal\/inscription-au-trek\/\" class=\"btn btn-rounded btn-large btn-center\" id=\"argenta-custom-69e344fa6b629\">\r\n\t\t\t\t<span class=\"text\">Se pr\u00e9-inscrire<\/span>\r\n\t\t\t<\/a>\r\n\t\r\n<\/div>\r\n\r\n[\/vc_column][\/vc_row]\n","protected":false},"excerpt":{"rendered":"<p>[vc_row el_class=\u00a0\u00bbdisplay-none\u00a0\u00bb][vc_column width=\u00a0\u00bb1\/6&Prime;][\/vc_column][vc_column width=\u00a0\u00bb2\/3&Prime;][vc_empty_space height=\u00a0\u00bb90px\u00a0\u00bb][vc_empty_space height=\u00a0\u00bb20px\u00a0\u00bb][vc_row_inner css=\u00a0\u00bb.vc_custom_1738841393296{margin-top: 0px !important;padding-top: 0px !important;}\u00a0\u00bb][vc_column_inner width=\u00a0\u00bb1\/2&Prime; css=\u00a0\u00bb.vc_custom_1738842338040{margin-top: 0px !important;margin-right: 10px !important;margin-bottom: 10px !important;margin-left: 10px !important;padding-top: 15px !important;padding-right: 15px !important;padding-bottom: 15px !important;padding-left: 15px !important;}\u00a0\u00bb][vc_column_text css=\u00a0\u00bb.vc_custom_1738841996956{margin-top: 10px !important;margin-right: 10px !important;margin-bottom: 10px !important;margin-left: 10px !important;border-top-width: 2px !important;border-right-width: 2px !important;border-bottom-width: 2px !important;border-left-width: 2px !important;padding-top: 25px !important;padding-right: 25px !important;padding-bottom: 25px !important;padding-left: 25px !important;background-color: #ffffff [&hellip;]<\/p>\n","protected":false},"author":1,"featured_media":0,"parent":0,"menu_order":0,"comment_status":"closed","ping_status":"closed","template":"page-templates\/page_without-sidebar.php","meta":{"_acf_changed":false,"footnotes":""},"class_list":["post-289","page","type-page","status-publish","hentry"],"acf":[],"_links":{"self":[{"href":"https:\/\/www.trekrosetrip.com\/senegal\/wp-json\/wp\/v2\/pages\/289","targetHints":{"allow":["GET"]}}],"collection":[{"href":"https:\/\/www.trekrosetrip.com\/senegal\/wp-json\/wp\/v2\/pages"}],"about":[{"href":"https:\/\/www.trekrosetrip.com\/senegal\/wp-json\/wp\/v2\/types\/page"}],"author":[{"embeddable":true,"href":"https:\/\/www.trekrosetrip.com\/senegal\/wp-json\/wp\/v2\/users\/1"}],"replies":[{"embeddable":true,"href":"https:\/\/www.trekrosetrip.com\/senegal\/wp-json\/wp\/v2\/comments?post=289"}],"version-history":[{"count":3,"href":"https:\/\/www.trekrosetrip.com\/senegal\/wp-json\/wp\/v2\/pages\/289\/revisions"}],"predecessor-version":[{"id":7466,"href":"https:\/\/www.trekrosetrip.com\/senegal\/wp-json\/wp\/v2\/pages\/289\/revisions\/7466"}],"wp:attachment":[{"href":"https:\/\/www.trekrosetrip.com\/senegal\/wp-json\/wp\/v2\/media?parent=289"}],"curies":[{"name":"wp","href":"https:\/\/api.w.org\/{rel}","templated":true}]}}