{"id":258,"date":"2020-11-05T16:23:11","date_gmt":"2020-11-05T15:23:11","guid":{"rendered":"http:\/\/www.trekrosetrip.com\/senegal\/?page_id=258"},"modified":"2026-01-14T10:15:44","modified_gmt":"2026-01-14T09:15:44","slug":"pourquoi-sengager","status":"publish","type":"page","link":"https:\/\/www.trekrosetrip.com\/senegal\/club-entreprises\/pourquoi-sengager\/","title":{"rendered":"Pourquoi s\u2019engager dans le trek Rose Trip S\u00e9n\u00e9gal"},"content":{"rendered":"[vc_row css=\u00a0\u00bb.vc_custom_1510623186519{background-position: center !important;background-repeat: no-repeat !important;background-size: cover !important;}\u00a0\u00bb][vc_column width=\u00a0\u00bb1\/6&Prime;][\/vc_column][vc_column width=\u00a0\u00bb2\/3&Prime;][vc_empty_space height=\u00a0\u00bb50px\u00a0\u00bb]<div  class=\"heading-wrapper text-center text-titre\"  >\r\n\t\t\t<p class=\"subtitle\">#Culture d'entreprise<\/p>\r\n\t\r\n\t<h2 class=\"second-title text-center\">Le trek Rose Trip S\u00e9n\u00e9gal, un engagement entrepreneurial fort<\/h2>\r\n\r\n\t\r\n\t\t<div class=\"divider-solid\"><div class=\"divider-line\"><\/div><\/div>\t\r\n\t<\/div>\t\r\n\r\n[vc_empty_space height=\u00a0\u00bb20px\u00a0\u00bb]<div id=\"argenta-custom-69ef7f7e94e85\"  >\r\n\t<p style=\"text-align: justify;\">La <strong>randonn\u00e9e nomade Rose Trip S\u00e9n\u00e9gal<\/strong> est l\u2019opportunit\u00e9 d\u2019une exp\u00e9rience unique et hors du temps, \u00e0 la fois f\u00e9d\u00e9ratrice, puissant vecteur de coh\u00e9sion et de renforcement des liens, qui laissera des souvenirs et des traces ind\u00e9l\u00e9biles dans l\u2019esprit d\u2019\u00e9quipe et la culture de votre entreprise.<\/p>\n<\/div>\r\n\r\n[vc_empty_space height=\u00a0\u00bb50px\u00a0\u00bb][\/vc_column][vc_column width=\u00a0\u00bb1\/6&Prime;][\/vc_column][\/vc_row][vc_row full_width=\u00a0\u00bbstretch_row\u00a0\u00bb content_placement=\u00a0\u00bbmiddle\u00a0\u00bb css=\u00a0\u00bb.vc_custom_1510623777440{background-color: #f1f3f3 !important;background-position: center !important;background-repeat: no-repeat !important;background-size: cover !important;}\u00a0\u00bb][vc_column][vc_row_inner content_placement=\u00a0\u00bbmiddle\u00a0\u00bb el_class=\u00a0\u00bbtext-center\u00a0\u00bb css=\u00a0\u00bb.vc_custom_1510580620547{background-color: #f1f3f3 !important;}\u00a0\u00bb][vc_column_inner width=\u00a0\u00bb3\/4&Prime;][vc_empty_space height=\u00a0\u00bb30px\u00a0\u00bb]<div  class=\"heading-wrapper text-left text-titre\"  >\r\n\t\t\t<p class=\"subtitle\">#B\u00e9n\u00e9fices<\/p>\r\n\t\r\n\t<h2 class=\"second-title text-left\">Les b\u00e9n\u00e9fices du Club pour une entreprise<\/h2>\r\n\r\n\t\r\n\t\t<div class=\"divider-solid\"><div class=\"divider-line\"><\/div><\/div>\t\r\n\t<\/div>\t\r\n\r\n[vc_empty_space height=\u00a0\u00bb20px\u00a0\u00bb]<div id=\"argenta-custom-69ef7f7e94ff6\"  >\r\n\t<p style=\"text-align: justify;\">La participation de votre entreprise \u00e0 un tel challenge est une v\u00e9ritable plus-value, dont les principaux b\u00e9n\u00e9fices seront les suivants :<\/p>\n<\/div>\r\n\r\n[vc_empty_space height=\u00a0\u00bb20px\u00a0\u00bb]<div id=\"argenta-custom-69ef7f7e950a8\"  >\r\n\t<ul>\n<li style=\"text-align: justify;\"><span style=\"color: #d7006d;\"><strong>Renforcer l\u2019esprit d\u2019\u00e9quipe et cr\u00e9er une coh\u00e9sion d\u2019\u00e9quipe entre vos collaboratrices :<\/strong><\/span> au m\u00eame titre que le team building, le trek Rose Trip permet \u00e0 l\u2019\u00e9quipe compos\u00e9e pour l\u2019\u00e9v\u00e9nement d\u2019apprendre \u00e0 bien se conna\u00eetre afin d\u2019utiliser au mieux les forces en pr\u00e9sence. Ensemble, les participantes devront alternativement s\u2019\u00e9couter, s\u2019organiser, se soutenir, se d\u00e9passer, prendre des d\u00e9cisions concert\u00e9es pour \u00e9luder ensemble les probl\u00e9matiques rencontr\u00e9es, le tout en cohabitant et en affrontant les \u00e9preuves sportives loin de leur zone de confort.<\/li>\n<\/ul>\n<\/div>\r\n\r\n[vc_empty_space height=\u00a0\u00bb20px\u00a0\u00bb]<div id=\"argenta-custom-69ef7f7e95159\"  >\r\n\t<ul style=\"text-align: justify;\">\n<li><span style=\"color: #d7006d;\"><strong>Associer l\u2019image de votre entreprise \u00e0 un \u00e9v\u00e9nement aux valeurs fortes :<\/strong><\/span> le trek Rose Trip est un \u00e9v\u00e9nement vert, solidaire et sportif. Vous \u0153uvrez pour le bien-\u00eatre de vos salari\u00e9s au quotidien ? Vous consid\u00e9rez que le sport renforce l\u2019esprit d\u2019\u00e9quipe et joue un r\u00f4le primordial dans le bien-\u00eatre de vos salari\u00e9s au travail ? Vous aimez challenger vos employ\u00e9s et leur proposer des d\u00e9fis ? Vous souhaitez contribuer au d\u00e9veloppement d\u2019actions solidaires et \u00e9cologiques fortes ? Ce trek rassemble tous ces crit\u00e8res et vous permet de vous engager aupr\u00e8s de vos collaboratrices en leur offrant la possibilit\u00e9 de prendre part \u00e0 un \u00e9v\u00e9nement marquant.<\/li>\n<\/ul>\n<\/div>\r\n\r\n[vc_empty_space height=\u00a0\u00bb20px\u00a0\u00bb]<div id=\"argenta-custom-69ef7f7e95205\"  >\r\n\t<ul>\n<li style=\"text-align: justify;\"><span style=\"color: #d7006d;\"><strong>Offrir de la visibilit\u00e9 \u00e0 votre entreprise : <\/strong><\/span>le trek Rose Trip est un \u00e9v\u00e9nement m\u00e9diatis\u00e9 au niveau national et international. De nombreux m\u00e9dias ont d\u00e9j\u00e0 couvert le trek sur ses pr\u00e9c\u00e9dentes \u00e9ditions : M6, France 3, L&rsquo;\u00c9quipe du Soir, BeIn Sport, Journal des Femmes, Top Sant\u00e9, Ouest France&#8230;<\/li>\n<\/ul>\n<\/div>\r\n\r\n[vc_empty_space height=\u00a0\u00bb50px\u00a0\u00bb][\/vc_column_inner][vc_column_inner width=\u00a0\u00bb1\/4&Prime;][vc_single_image image=\u00a0\u00bb666&Prime; img_size=\u00a0\u00bbfull\u00a0\u00bb alignment=\u00a0\u00bbcenter\u00a0\u00bb][\/vc_column_inner][\/vc_row_inner][\/vc_column][\/vc_row][vc_row full_width=\u00a0\u00bbstretch_row_content_no_spaces\u00a0\u00bb][vc_column css=\u00a0\u00bb.vc_custom_1510624369256{margin-top: -35px !important;}\u00a0\u00bb]<div class=\"split-box\" id=\"argenta-custom-69ef7f7e95295\" \r\n\t\t\t\t>\r\n\t\t<div class=\"vc_col-md-6 split-box-wrap\">\r\n\t\t<div class=\"parallax-bg\"><\/div>\r\n\t\t<div class=\"content\">\r\n\t\t\t\t\t<\/div>\r\n\t<\/div>\t<div class=\"vc_col-md-6 split-box-wrap\">\r\n\t\t<div class=\"parallax-bg\"><\/div>\r\n\t\t<div class=\"content\">\r\n\t\t\t<div  class=\"heading-wrapper text-left text-titre\"  >\r\n\t\t\t<p class=\"subtitle\">#Classement<\/p>\r\n\t\r\n\t<h2 class=\"second-title text-left\">Un classement d\u00e9di\u00e9 aux entreprises<\/h2>\r\n\r\n\t\r\n\t\t<div class=\"divider-solid\"><div class=\"divider-line\"><\/div><\/div>\t\r\n\t<\/div>\t\r\n\r\n[vc_empty_space height=\u00a0\u00bb20px\u00a0\u00bb]<div id=\"argenta-custom-69ef7f7e95bf2\"  >\r\n\t<p style=\"text-align: justify;\">En portant les couleurs de votre entreprise, vos collaboratrices concourront pour le <strong>Troph\u00e9e Club Entreprises<\/strong> qui r\u00e9unit toutes les soci\u00e9t\u00e9s ayant engag\u00e9 des \u00e9quipes dans l\u2019aventure Rose Trip.<\/p>\n<p style=\"text-align: justify;\">Un classement d\u00e9di\u00e9 et actualis\u00e9 au jour le jour mettra en exergue la position de vos collaboratrices au classement g\u00e9n\u00e9ral Club Entreprises. Vous pourrez ainsi les suivre \u00e0 distance et voir leurs progr\u00e8s sur toute la dur\u00e9e de la randonn\u00e9e.<\/p>\n<p style=\"text-align: justify;\">\u00c0 l\u2019issue des trois jours de trek, un classement g\u00e9n\u00e9ral sera \u00e9tabli et la meilleure \u00e9quipe Club Entreprises se verra remettre le Troph\u00e9e lors de la soir\u00e9e de remise des prix. L\u2019entreprise gagnante pourra, bien \u00e9videmment, remettre son titre en jeu lors de l\u2019\u00e9dition suivante en engageant une ou plusieurs nouvelles \u00e9quipes dans l\u2019aventure.<\/p>\n<\/div>\r\n\r\n\t\t<\/div>\r\n\t<\/div>\t\r\n<\/div>\r\n\r\n[\/vc_column][\/vc_row][vc_row full_width=\u00a0\u00bbstretch_row_content_no_spaces\u00a0\u00bb content_placement=\u00a0\u00bbmiddle\u00a0\u00bb css=\u00a0\u00bb.vc_custom_1646136321787{background-color: #d7006d !important;}\u00a0\u00bb][vc_column el_class=\u00a0\u00bbtext-center\u00a0\u00bb][vc_empty_space height=\u00a0\u00bb50px\u00a0\u00bb]<div id=\"argenta-custom-69ef7f7e95ca8\"  class=\"heading-wrapper text-center text-blanc text-titre\"  >\r\n\t\t\t<p class=\"subtitle\">Vous souhaitez engager une ou plusieurs \u00e9quipe\u00b7s ?<\/p>\r\n\t\r\n\t<h2 class=\"second-title text-center\">Rejoignez le Club Entreprises !<\/h2>\r\n\r\n\t\r\n\t\t<div class=\"divider-solid\"><div class=\"divider-line\"><\/div><\/div>\t\r\n\t<\/div>\t\r\n\r\n[vc_empty_space height=\u00a0\u00bb15px\u00a0\u00bb]<div class=\"button_wrapper\"  >\r\n\t\r\n\t<a href=\"http:\/\/www.trekrosetrip.com\/senegal\/club-entreprises\/inscrire-son-entreprise\/\" class=\"btn btn-rounded btn-large\" id=\"argenta-custom-69ef7f7e95d86\">\r\n\t\t\t\t<span class=\"text\">Inscrire son entreprise<\/span>\r\n\t\t\t<\/a>\r\n\t\r\n<\/div>\r\n\r\n[vc_empty_space height=\u00a0\u00bb60px\u00a0\u00bb][\/vc_column][\/vc_row]\n","protected":false},"excerpt":{"rendered":"<p>[vc_row css=\u00a0\u00bb.vc_custom_1510623186519{background-position: center !important;background-repeat: no-repeat !important;background-size: cover !important;}\u00a0\u00bb][vc_column width=\u00a0\u00bb1\/6&Prime;][\/vc_column][vc_column width=\u00a0\u00bb2\/3&Prime;][vc_empty_space height=\u00a0\u00bb50px\u00a0\u00bb][vc_empty_space height=\u00a0\u00bb20px\u00a0\u00bb][vc_empty_space height=\u00a0\u00bb50px\u00a0\u00bb][\/vc_column][vc_column width=\u00a0\u00bb1\/6&Prime;][\/vc_column][\/vc_row][vc_row full_width=\u00a0\u00bbstretch_row\u00a0\u00bb content_placement=\u00a0\u00bbmiddle\u00a0\u00bb css=\u00a0\u00bb.vc_custom_1510623777440{background-color: #f1f3f3 !important;background-position: center !important;background-repeat: no-repeat !important;background-size: cover !important;}\u00a0\u00bb][vc_column][vc_row_inner content_placement=\u00a0\u00bbmiddle\u00a0\u00bb el_class=\u00a0\u00bbtext-center\u00a0\u00bb css=\u00a0\u00bb.vc_custom_1510580620547{background-color: #f1f3f3 !important;}\u00a0\u00bb][vc_column_inner width=\u00a0\u00bb3\/4&Prime;][vc_empty_space height=\u00a0\u00bb30px\u00a0\u00bb][vc_empty_space height=\u00a0\u00bb20px\u00a0\u00bb][vc_empty_space height=\u00a0\u00bb20px\u00a0\u00bb][vc_empty_space height=\u00a0\u00bb20px\u00a0\u00bb][vc_empty_space height=\u00a0\u00bb20px\u00a0\u00bb][vc_empty_space height=\u00a0\u00bb50px\u00a0\u00bb][\/vc_column_inner][vc_column_inner width=\u00a0\u00bb1\/4&Prime;][vc_single_image image=\u00a0\u00bb666&Prime; img_size=\u00a0\u00bbfull\u00a0\u00bb alignment=\u00a0\u00bbcenter\u00a0\u00bb][\/vc_column_inner][\/vc_row_inner][\/vc_column][\/vc_row][vc_row full_width=\u00a0\u00bbstretch_row_content_no_spaces\u00a0\u00bb][vc_column css=\u00a0\u00bb.vc_custom_1510624369256{margin-top: -35px !important;}\u00a0\u00bb][\/vc_column][\/vc_row][vc_row full_width=\u00a0\u00bbstretch_row_content_no_spaces\u00a0\u00bb content_placement=\u00a0\u00bbmiddle\u00a0\u00bb css=\u00a0\u00bb.vc_custom_1646136321787{background-color: #d7006d !important;}\u00a0\u00bb][vc_column el_class=\u00a0\u00bbtext-center\u00a0\u00bb][vc_empty_space height=\u00a0\u00bb50px\u00a0\u00bb][vc_empty_space height=\u00a0\u00bb15px\u00a0\u00bb][vc_empty_space height=\u00a0\u00bb60px\u00a0\u00bb][\/vc_column][\/vc_row]<\/p>\n","protected":false},"author":1,"featured_media":0,"parent":80,"menu_order":0,"comment_status":"closed","ping_status":"closed","template":"page-templates\/page_without-sidebar.php","meta":{"_acf_changed":false,"footnotes":""},"class_list":["post-258","page","type-page","status-publish","hentry"],"acf":[],"_links":{"self":[{"href":"https:\/\/www.trekrosetrip.com\/senegal\/wp-json\/wp\/v2\/pages\/258","targetHints":{"allow":["GET"]}}],"collection":[{"href":"https:\/\/www.trekrosetrip.com\/senegal\/wp-json\/wp\/v2\/pages"}],"about":[{"href":"https:\/\/www.trekrosetrip.com\/senegal\/wp-json\/wp\/v2\/types\/page"}],"author":[{"embeddable":true,"href":"https:\/\/www.trekrosetrip.com\/senegal\/wp-json\/wp\/v2\/users\/1"}],"replies":[{"embeddable":true,"href":"https:\/\/www.trekrosetrip.com\/senegal\/wp-json\/wp\/v2\/comments?post=258"}],"version-history":[{"count":4,"href":"https:\/\/www.trekrosetrip.com\/senegal\/wp-json\/wp\/v2\/pages\/258\/revisions"}],"predecessor-version":[{"id":7463,"href":"https:\/\/www.trekrosetrip.com\/senegal\/wp-json\/wp\/v2\/pages\/258\/revisions\/7463"}],"up":[{"embeddable":true,"href":"https:\/\/www.trekrosetrip.com\/senegal\/wp-json\/wp\/v2\/pages\/80"}],"wp:attachment":[{"href":"https:\/\/www.trekrosetrip.com\/senegal\/wp-json\/wp\/v2\/media?parent=258"}],"curies":[{"name":"wp","href":"https:\/\/api.w.org\/{rel}","templated":true}]}}