{"id":91,"date":"2020-03-24T16:01:38","date_gmt":"2020-03-24T15:01:38","guid":{"rendered":"http:\/\/www.trekrosetrip.com\/maroc\/?page_id=91"},"modified":"2025-06-25T15:18:51","modified_gmt":"2025-06-25T13:18:51","slug":"ecocitoyennete","status":"publish","type":"page","link":"https:\/\/www.trekrosetrip.com\/maroc\/le-trek\/ecocitoyennete\/","title":{"rendered":"\u00c9cocitoyennet\u00e9"},"content":{"rendered":"[vc_row][vc_column width=\u00a0\u00bb1\/6&Prime;][\/vc_column][vc_column width=\u00a0\u00bb2\/3&Prime;][vc_empty_space height=\u00a0\u00bb60px\u00a0\u00bb]<div  class=\"heading-wrapper text-center\"  >\r\n\t\t\t<p class=\"subtitle\">#Trek \u00e9cocitoyen<\/p>\r\n\t\r\n\t<h2 class=\"second-title text-center\">L'\u00e9cocitoyennet\u00e9<\/h2>\r\n\r\n\t\r\n\t\t<div class=\"divider-solid\"><div class=\"divider-line\"><\/div><\/div>\t\r\n\t<\/div>\t\r\n\r\n[vc_empty_space height=\u00a0\u00bb20px\u00a0\u00bb][vc_row_inner content_placement=\u00a0\u00bbmiddle\u00a0\u00bb][vc_column_inner width=\u00a0\u00bb1\/6&Prime;][vc_single_image image=\u00a0\u00bb92&Prime; img_size=\u00a0\u00bbfull\u00a0\u00bb alignment=\u00a0\u00bbcenter\u00a0\u00bb][\/vc_column_inner][vc_column_inner width=\u00a0\u00bb5\/6&Prime;]<div id=\"argenta-custom-69f129fba8b2c\"  >\r\n\t<p style=\"text-align: justify;\">Poursuivant un <strong>objectif de moindre impact \u00e9cologique<\/strong>, l\u2019\u00e9quipe d\u2019organisation du trek a mis en place des actions visant \u00e0 la fois \u00e0 <strong>responsabiliser<\/strong> et <strong>sensibiliser les comp\u00e9titrices<\/strong>, <strong>en \u0153uvrant avec elles pour la protection de l\u2019environnement<\/strong> durant la course.<\/p>\n<p style=\"text-align: justify;\"><a href=\"https:\/\/www.youtube.com\/watch?v=aU6I2lNWTgo&amp;t=16s\" target=\"_blank\" rel=\"noopener noreferrer\">D\u00e9couvrez en vid\u00e9o<\/a> les actions de la Rose Trekkeuse au Maroc.<\/p>\n<\/div>\r\n\r\n[\/vc_column_inner][\/vc_row_inner][vc_empty_space height=\u00a0\u00bb60px\u00a0\u00bb][\/vc_column][vc_column width=\u00a0\u00bb1\/6&Prime;][\/vc_column][\/vc_row][vc_row full_width=\u00a0\u00bbstretch_row_content_no_spaces\u00a0\u00bb el_class=\u00a0\u00bbbg-right-bottom\u00a0\u00bb][vc_column]<div class=\"split-box\" id=\"argenta-custom-69f129fba8bfa\" \r\n\t\t\t\t>\r\n\t\t<div class=\"vc_col-md-6 split-box-wrap\">\r\n\t\t<div class=\"parallax-bg\"><\/div>\r\n\t\t<div class=\"content\">\r\n\t\t\t\t\t<\/div>\r\n\t<\/div>\t<div class=\"vc_col-md-6 split-box-wrap\">\r\n\t\t<div class=\"parallax-bg\"><\/div>\r\n\t\t<div class=\"content\">\r\n\t\t\t<div  class=\"heading-wrapper text-left\"  >\r\n\t\t\t<p class=\"subtitle\">#Charte des gestes responsables<\/p>\r\n\t\r\n\t<h3 class=\"second-title text-left\">Responsabiliser<\/h3>\r\n\r\n\t\r\n\t\t<div class=\"divider-solid\"><div class=\"divider-line\"><\/div><\/div>\t\r\n\t<\/div>\t\r\n\r\n[vc_empty_space height=\u00a0\u00bb20px\u00a0\u00bb]<div id=\"argenta-custom-69f129fba95a3\"  >\r\n\t<p style=\"text-align: justify;\">L\u2019\u00e9quipe du Rose Trip a souhait\u00e9 formaliser son engagement en faveur de la <strong>protection de l\u2019environnement<\/strong> en imposant des r\u00e8gles strictes aux participantes. C\u2019est pourquoi elle a \u00e9dit\u00e9 un document enti\u00e8rement d\u00e9di\u00e9 \u00e0 la d\u00e9marche \u00e9co-responsable qui doit accompagner toute trekkeuse. Cette <a href=\"https:\/\/www.trekrosetrip.com\/maroc\/wp-content\/uploads\/sites\/2\/2020\/03\/Rose-Trip-Charte-Eco-Responsabilite.pdf\" target=\"_blank\" rel=\"noopener noreferrer\">Charte des gestes \u00e9co-responsables<\/a> est remise \u00e0 chacune d\u2019entre elles pour les encourager \u00e0 envisager l\u2019espace du Rose Trip Maroc comme <strong>un p\u00e9rim\u00e8tre pr\u00e9cieux \u00e0 pr\u00e9server<\/strong>. Les quatre volets qui la composent sont \u00e9galement affich\u00e9s sur tous les points strat\u00e9giques du bivouac.<\/p>\n<\/div>\r\n\r\n[vc_empty_space height=\u00a0\u00bb20px\u00a0\u00bb]<div class=\"button_wrapper\"  >\r\n\t\r\n\t<a href=\"http:\/\/www.trekrosetrip.com\/maroc\/wp-content\/uploads\/sites\/2\/2020\/03\/Rose-Trip-Charte-Eco-Responsabilite.pdf\" target=\"_blank\" class=\"btn btn-rounded btn-large\">\r\n\t\t\t\t<span class=\"text\">D\u00e9couvrir la Charte des gestes \u00e9co-responsables<\/span>\r\n\t\t\t<\/a>\r\n\t\r\n<\/div>\r\n\r\n\t\t<\/div>\r\n\t<\/div>\t\r\n<\/div>\r\n\r\n[\/vc_column][\/vc_row][vc_row][vc_column][vc_empty_space height=\u00a0\u00bb50px\u00a0\u00bb]<div  class=\"heading-wrapper text-center\"  >\r\n\t\t\t<p class=\"subtitle\">#SURFRIDER FOUNDATION MAROC<\/p>\r\n\t\r\n\t<h3 class=\"second-title text-center\">Sensibiliser<\/h3>\r\n\r\n\t\r\n\t\t<div class=\"divider-solid\"><div class=\"divider-line\"><\/div><\/div>\t\r\n\t<\/div>\t\r\n\r\n[vc_empty_space height=\u00a0\u00bb50px\u00a0\u00bb][\/vc_column][\/vc_row][vc_row][vc_column width=\u00a0\u00bb5\/6&Prime;]<div id=\"argenta-custom-69f129fba980c\"  >\r\n\t<p align=\"justify\"><strong>Partenaire \u00e9co-responsable du trek depuis l\u2019origine<\/strong>, <strong>Surfrider Foundation Maroc<\/strong> est au centre des actions men\u00e9es pour diffuser des messages concrets sur le terrain. L\u2019association est connue pour sa mobilisation et ses actions en faveur de la <strong>protection des littoraux et des oc\u00e9ans<\/strong> \u00e0 l\u2019\u00e9chelle mondiale. Ses nombreux intervenants locaux interviennent ponctuellement lors d\u2019\u00e9v\u00e9nements outdoor d\u2019envergure.<\/p>\n<p align=\"justify\">C\u2019est dans ce cadre que des repr\u00e9sentants de l\u2019antenne locale de l\u2019ONG ont fait le d\u00e9placement pour pr\u00e9senter, lors d\u2019une soir\u00e9e sur le bivouac de Merzouga, les diff\u00e9rentes actions men\u00e9es sur le territoire marocain lors des trois premi\u00e8res \u00e9ditions du Rose Trip Maroc.<\/p>\n<p align=\"justify\">Le succ\u00e8s de leurs interventions et la grande r\u00e9ceptivit\u00e9 des trekkeuses \u00e0 leur message s\u2019est r\u00e9v\u00e9l\u00e9 comme un terreau fertile\u2026 A l\u2019avenir, <strong>les \u00e9quipes de Surfrider Foundation Maroc seront pr\u00e9sentes durant toute l\u2019aventure<\/strong>. Un challenge d\u00e9di\u00e9 est en effet mis en place pour encourager les participantes \u00e0 <strong>collecter des d\u00e9chets au fil des \u00e9tapes sportives<\/strong>. La marque \u00e9tique Koun prendra le relais pour le recyclage particulier des mati\u00e8res plastiques ramass\u00e9es.<\/p>\n<p align=\"justify\">Enfin, et ce, afin de sensibiliser au mieux les participantes, une \u00e9quipe ambassadrice sera par ailleurs d\u00e9sign\u00e9e pour porter les couleurs et diffuser les messages de Surfrider Foundation Maroc sur les diff\u00e9rentes \u00e9tapes de la randonn\u00e9e nomade.<\/p>\n<\/div>\r\n\r\n[vc_empty_space height=\u00a0\u00bb50px\u00a0\u00bb][\/vc_column][vc_column width=\u00a0\u00bb1\/6&Prime;][vc_single_image image=\u00a0\u00bb14537&Prime; img_size=\u00a0\u00bb130&#215;100&Prime;][\/vc_column][\/vc_row][vc_row full_width=\u00a0\u00bbstretch_row_content_no_spaces\u00a0\u00bb el_class=\u00a0\u00bbbg-right-bottom\u00a0\u00bb][vc_column]<div class=\"split-box\" id=\"argenta-custom-69f129fba98a1\" \r\n\t\t\t\t>\r\n\t\t<div class=\"vc_col-md-6 split-box-wrap\">\r\n\t\t<div class=\"parallax-bg\"><\/div>\r\n\t\t<div class=\"content\">\r\n\t\t\t<div  class=\"heading-wrapper text-left\"  >\r\n\t\t\t<p class=\"subtitle\">#Comportement \u00e9co-citoyen<\/p>\r\n\t\r\n\t<h3 class=\"second-title text-left\">Agir pour l\u2019environnement<\/h3>\r\n\r\n\t\r\n\t\t<div class=\"divider-solid\"><div class=\"divider-line\"><\/div><\/div>\t\r\n\t<\/div>\t\r\n\r\n[vc_empty_space height=\u00a0\u00bb20px\u00a0\u00bb]<div id=\"argenta-custom-69f129fbaa16a\"  >\r\n\t<p style=\"text-align: justify;\">Pour soutenir les Roses Trekkeuses dans ce comportement \u00e9co-citoyen, l\u2019organisation du trek s\u2019engage de son c\u00f4t\u00e9 \u00e0 <strong>fournir aux \u00e9quipes des sacs plastiques recyclables<\/strong> sur le bivouac pour la gestion de leurs d\u00e9chets.<\/p>\n<p style=\"text-align: justify;\">Concernant <a href=\"https:\/\/www.trekrosetrip.com\/maroc\/wp-content\/uploads\/sites\/2\/2020\/03\/Le-cycle-de-vie-dune-bouteille-deau.jpg\" target=\"_blank\" rel=\"noopener noreferrer\"><strong>les bouteilles en plastique<\/strong><\/a> consomm\u00e9es durant la course, dont le nombre est estim\u00e9 \u00e0 <strong>12 000<\/strong>, l\u2019organisation a pr\u00e9vu la\u00a0<b>ma\u00eetrise de toutes les \u00e9tapes<\/b> de leur gestion\u00a0:<\/p>\n<ul>\n<li style=\"text-align: justify;\"><strong>au stade de la consommation<\/strong>, les trekkeuses passent par des <strong>points de ravitaillement<\/strong> o\u00f9 elles <strong>remplissent leurs propres contenants<\/strong> (gourdes, sac \u00e0 eau etc). Ainsi vid\u00e9es, les <strong>bouteilles en plastique sont conserv\u00e9es<\/strong> afin de <strong>supprimer tout risque de pollution<\/strong> du milieu naturel,<\/li>\n<li style=\"text-align: justify;\"><strong>la phase de compression et d\u2019acheminement<\/strong> est assur\u00e9e en association avec les participantes, l\u2019organisation et un centre local de compactage qui collectera au sein d\u2019un camion les bouteilles jusqu\u2019au dernier jour du trek avant leur acheminement,<\/li>\n<li style=\"text-align: justify;\">enfin <strong>le recyclage et la transformation<\/strong> des plastiques ainsi collect\u00e9s s\u2019effectuent en partenariat avec un <strong>organisme de tri local<\/strong> pour la <strong>gestion cibl\u00e9e<\/strong> des bouteilles d\u2019une part compact\u00e9es en granul\u00e9s puis retransform\u00e9es en bouteilles, et des bouchons d\u2019autre parts r\u00e9utilis\u00e9s pour la production de biens de consommation (sac \u00e0 main, tabouret \u2026).<\/li>\n<\/ul>\n<\/div>\r\n\r\n\t\t<\/div>\r\n\t<\/div>\t<div class=\"vc_col-md-6 split-box-wrap\">\r\n\t\t<div class=\"parallax-bg\"><\/div>\r\n\t\t<div class=\"content\">\r\n\t\t\t\t\t<\/div>\r\n\t<\/div>\t\r\n<\/div>\r\n\r\n[\/vc_column][\/vc_row][vc_row][vc_column width=\u00a0\u00bb1\/6&Prime;][\/vc_column][vc_column width=\u00a0\u00bb2\/3&Prime;][vc_empty_space height=\u00a0\u00bb50px\u00a0\u00bb]<div id=\"argenta-custom-69f129fbaa2a7\"  >\r\n\t<p style=\"text-align: justify;\">De mani\u00e8re g\u00e9n\u00e9rale, tout est fait durant le <strong>Rose Trip Maroc<\/strong> pour la <strong>mise en avant et le respect strict de gestes simples<\/strong> qui, <strong>reproduits dans la sph\u00e8re familiale<\/strong> et quotidienne, sont un bel exemple de <strong>prise de conscience<\/strong> et un d\u00e9but de <strong>prise en main et de ma\u00eetrise de l\u2019impact environnemental qui rel\u00e8ve de chaque individu<\/strong>.<\/p>\n<\/div>\r\n\r\n[vc_empty_space height=\u00a0\u00bb90px\u00a0\u00bb][\/vc_column][vc_column width=\u00a0\u00bb1\/6&Prime;][\/vc_column][\/vc_row]\n","protected":false},"excerpt":{"rendered":"<p>[vc_row][vc_column width=\u00a0\u00bb1\/6&Prime;][\/vc_column][vc_column width=\u00a0\u00bb2\/3&Prime;][vc_empty_space height=\u00a0\u00bb60px\u00a0\u00bb][vc_empty_space height=\u00a0\u00bb20px\u00a0\u00bb][vc_row_inner content_placement=\u00a0\u00bbmiddle\u00a0\u00bb][vc_column_inner width=\u00a0\u00bb1\/6&Prime;][vc_single_image image=\u00a0\u00bb92&Prime; img_size=\u00a0\u00bbfull\u00a0\u00bb alignment=\u00a0\u00bbcenter\u00a0\u00bb][\/vc_column_inner][vc_column_inner width=\u00a0\u00bb5\/6&Prime;][\/vc_column_inner][\/vc_row_inner][vc_empty_space height=\u00a0\u00bb60px\u00a0\u00bb][\/vc_column][vc_column width=\u00a0\u00bb1\/6&Prime;][\/vc_column][\/vc_row][vc_row full_width=\u00a0\u00bbstretch_row_content_no_spaces\u00a0\u00bb el_class=\u00a0\u00bbbg-right-bottom\u00a0\u00bb][vc_column][\/vc_column][\/vc_row][vc_row][vc_column][vc_empty_space height=\u00a0\u00bb50px\u00a0\u00bb][vc_empty_space height=\u00a0\u00bb50px\u00a0\u00bb][\/vc_column][\/vc_row][vc_row][vc_column width=\u00a0\u00bb5\/6&Prime;][vc_empty_space height=\u00a0\u00bb50px\u00a0\u00bb][\/vc_column][vc_column width=\u00a0\u00bb1\/6&Prime;][vc_single_image image=\u00a0\u00bb14537&Prime; img_size=\u00a0\u00bb130&#215;100&Prime;][\/vc_column][\/vc_row][vc_row full_width=\u00a0\u00bbstretch_row_content_no_spaces\u00a0\u00bb el_class=\u00a0\u00bbbg-right-bottom\u00a0\u00bb][vc_column][\/vc_column][\/vc_row][vc_row][vc_column width=\u00a0\u00bb1\/6&Prime;][\/vc_column][vc_column width=\u00a0\u00bb2\/3&Prime;][vc_empty_space height=\u00a0\u00bb50px\u00a0\u00bb][vc_empty_space height=\u00a0\u00bb90px\u00a0\u00bb][\/vc_column][vc_column width=\u00a0\u00bb1\/6&Prime;][\/vc_column][\/vc_row]<\/p>\n","protected":false},"author":1,"featured_media":0,"parent":46,"menu_order":0,"comment_status":"closed","ping_status":"closed","template":"page-templates\/page_without-sidebar.php","meta":{"_acf_changed":false,"footnotes":""},"class_list":["post-91","page","type-page","status-publish","hentry"],"acf":[],"yoast_head":"<!-- This site is optimized with the Yoast SEO Premium plugin v27.4 (Yoast SEO v27.4) - https:\/\/yoast.com\/product\/yoast-seo-premium-wordpress\/ -->\n<title>\u00c9cocitoyennet\u00e9 - Rose Trip Maroc<\/title>\n<meta name=\"description\" content=\"Poursuivant un objectif de moindre impact \u00e9cologique, l&#039;\u00e9quipe du trek met en place des actions pour la protection de l&#039;environnement pendant la course.\" \/>\n<meta name=\"robots\" content=\"index, follow, max-snippet:-1, max-image-preview:large, max-video-preview:-1\" \/>\n<link rel=\"canonical\" href=\"https:\/\/www.trekrosetrip.com\/maroc\/le-trek\/ecocitoyennete\/\" \/>\n<meta property=\"og:locale\" content=\"fr_FR\" \/>\n<meta property=\"og:type\" content=\"article\" \/>\n<meta property=\"og:title\" content=\"\u00c9cocitoyennet\u00e9\" \/>\n<meta property=\"og:description\" content=\"Poursuivant un objectif de moindre impact \u00e9cologique, l&#039;\u00e9quipe du trek met en place des actions pour la protection de l&#039;environnement pendant la course.\" \/>\n<meta property=\"og:url\" content=\"https:\/\/www.trekrosetrip.com\/maroc\/le-trek\/ecocitoyennete\/\" \/>\n<meta property=\"og:site_name\" content=\"Rose Trip Maroc\" \/>\n<meta property=\"article:modified_time\" content=\"2025-06-25T13:18:51+00:00\" \/>\n<meta property=\"og:image\" content=\"https:\/\/www.trekrosetrip.com\/maroc\/wp-content\/uploads\/sites\/2\/2020\/03\/ecoresponsabilite.jpg\" \/>\n\t<meta property=\"og:image:width\" content=\"1500\" \/>\n\t<meta property=\"og:image:height\" content=\"609\" \/>\n\t<meta property=\"og:image:type\" content=\"image\/jpeg\" \/>\n<meta name=\"twitter:card\" content=\"summary_large_image\" \/>\n<meta name=\"twitter:description\" content=\"Poursuivant un objectif de moindre impact \u00e9cologique, l&#039;\u00e9quipe du trek met en place des actions pour la protection de l&#039;environnement pendant la course.\" \/>\n<meta name=\"twitter:label1\" content=\"Dur\u00e9e de lecture estim\u00e9e\" \/>\n\t<meta name=\"twitter:data1\" content=\"4 minutes\" \/>\n<script type=\"application\/ld+json\" class=\"yoast-schema-graph\">{\"@context\":\"https:\\\/\\\/schema.org\",\"@graph\":[{\"@type\":\"WebPage\",\"@id\":\"https:\\\/\\\/www.trekrosetrip.com\\\/maroc\\\/le-trek\\\/ecocitoyennete\\\/\",\"url\":\"https:\\\/\\\/www.trekrosetrip.com\\\/maroc\\\/le-trek\\\/ecocitoyennete\\\/\",\"name\":\"\u00c9cocitoyennet\u00e9 - Rose Trip Maroc\",\"isPartOf\":{\"@id\":\"https:\\\/\\\/www.trekrosetrip.com\\\/maroc\\\/#website\"},\"datePublished\":\"2020-03-24T15:01:38+00:00\",\"dateModified\":\"2025-06-25T13:18:51+00:00\",\"description\":\"Poursuivant un objectif de moindre impact \u00e9cologique, l'\u00e9quipe du trek met en place des actions pour la protection de l'environnement pendant la course.\",\"breadcrumb\":{\"@id\":\"https:\\\/\\\/www.trekrosetrip.com\\\/maroc\\\/le-trek\\\/ecocitoyennete\\\/#breadcrumb\"},\"inLanguage\":\"fr-FR\",\"potentialAction\":[{\"@type\":\"ReadAction\",\"target\":[\"https:\\\/\\\/www.trekrosetrip.com\\\/maroc\\\/le-trek\\\/ecocitoyennete\\\/\"]}]},{\"@type\":\"BreadcrumbList\",\"@id\":\"https:\\\/\\\/www.trekrosetrip.com\\\/maroc\\\/le-trek\\\/ecocitoyennete\\\/#breadcrumb\",\"itemListElement\":[{\"@type\":\"ListItem\",\"position\":1,\"name\":\"Home\",\"item\":\"https:\\\/\\\/www.trekrosetrip.com\\\/maroc\\\/\"},{\"@type\":\"ListItem\",\"position\":2,\"name\":\"Rose Trip Maroc, le trek aventure 100% f\u00e9minin\",\"item\":\"https:\\\/\\\/www.trekrosetrip.com\\\/maroc\\\/le-trek\\\/\"},{\"@type\":\"ListItem\",\"position\":3,\"name\":\"\u00c9cocitoyennet\u00e9\"}]},{\"@type\":\"WebSite\",\"@id\":\"https:\\\/\\\/www.trekrosetrip.com\\\/maroc\\\/#website\",\"url\":\"https:\\\/\\\/www.trekrosetrip.com\\\/maroc\\\/\",\"name\":\"Rose Trip Maroc\",\"description\":\"Trek d&#039;orientation f\u00e9minin et solidaire dans le d\u00e9sert du Maroc\",\"potentialAction\":[{\"@type\":\"SearchAction\",\"target\":{\"@type\":\"EntryPoint\",\"urlTemplate\":\"https:\\\/\\\/www.trekrosetrip.com\\\/maroc\\\/?s={search_term_string}\"},\"query-input\":{\"@type\":\"PropertyValueSpecification\",\"valueRequired\":true,\"valueName\":\"search_term_string\"}}],\"inLanguage\":\"fr-FR\"}]}<\/script>\n<!-- \/ Yoast SEO Premium plugin. -->","yoast_head_json":{"title":"\u00c9cocitoyennet\u00e9 - Rose Trip Maroc","description":"Poursuivant un objectif de moindre impact \u00e9cologique, l'\u00e9quipe du trek met en place des actions pour la protection de l'environnement pendant la course.","robots":{"index":"index","follow":"follow","max-snippet":"max-snippet:-1","max-image-preview":"max-image-preview:large","max-video-preview":"max-video-preview:-1"},"canonical":"https:\/\/www.trekrosetrip.com\/maroc\/le-trek\/ecocitoyennete\/","og_locale":"fr_FR","og_type":"article","og_title":"\u00c9cocitoyennet\u00e9","og_description":"Poursuivant un objectif de moindre impact \u00e9cologique, l'\u00e9quipe du trek met en place des actions pour la protection de l'environnement pendant la course.","og_url":"https:\/\/www.trekrosetrip.com\/maroc\/le-trek\/ecocitoyennete\/","og_site_name":"Rose Trip Maroc","article_modified_time":"2025-06-25T13:18:51+00:00","og_image":[{"width":1500,"height":609,"url":"https:\/\/www.trekrosetrip.com\/maroc\/wp-content\/uploads\/sites\/2\/2020\/03\/ecoresponsabilite.jpg","type":"image\/jpeg"}],"twitter_card":"summary_large_image","twitter_description":"Poursuivant un objectif de moindre impact \u00e9cologique, l'\u00e9quipe du trek met en place des actions pour la protection de l'environnement pendant la course.","twitter_misc":{"Dur\u00e9e de lecture estim\u00e9e":"4 minutes"},"schema":{"@context":"https:\/\/schema.org","@graph":[{"@type":"WebPage","@id":"https:\/\/www.trekrosetrip.com\/maroc\/le-trek\/ecocitoyennete\/","url":"https:\/\/www.trekrosetrip.com\/maroc\/le-trek\/ecocitoyennete\/","name":"\u00c9cocitoyennet\u00e9 - Rose Trip Maroc","isPartOf":{"@id":"https:\/\/www.trekrosetrip.com\/maroc\/#website"},"datePublished":"2020-03-24T15:01:38+00:00","dateModified":"2025-06-25T13:18:51+00:00","description":"Poursuivant un objectif de moindre impact \u00e9cologique, l'\u00e9quipe du trek met en place des actions pour la protection de l'environnement pendant la course.","breadcrumb":{"@id":"https:\/\/www.trekrosetrip.com\/maroc\/le-trek\/ecocitoyennete\/#breadcrumb"},"inLanguage":"fr-FR","potentialAction":[{"@type":"ReadAction","target":["https:\/\/www.trekrosetrip.com\/maroc\/le-trek\/ecocitoyennete\/"]}]},{"@type":"BreadcrumbList","@id":"https:\/\/www.trekrosetrip.com\/maroc\/le-trek\/ecocitoyennete\/#breadcrumb","itemListElement":[{"@type":"ListItem","position":1,"name":"Home","item":"https:\/\/www.trekrosetrip.com\/maroc\/"},{"@type":"ListItem","position":2,"name":"Rose Trip Maroc, le trek aventure 100% f\u00e9minin","item":"https:\/\/www.trekrosetrip.com\/maroc\/le-trek\/"},{"@type":"ListItem","position":3,"name":"\u00c9cocitoyennet\u00e9"}]},{"@type":"WebSite","@id":"https:\/\/www.trekrosetrip.com\/maroc\/#website","url":"https:\/\/www.trekrosetrip.com\/maroc\/","name":"Rose Trip Maroc","description":"Trek d&#039;orientation f\u00e9minin et solidaire dans le d\u00e9sert du Maroc","potentialAction":[{"@type":"SearchAction","target":{"@type":"EntryPoint","urlTemplate":"https:\/\/www.trekrosetrip.com\/maroc\/?s={search_term_string}"},"query-input":{"@type":"PropertyValueSpecification","valueRequired":true,"valueName":"search_term_string"}}],"inLanguage":"fr-FR"}]}},"_links":{"self":[{"href":"https:\/\/www.trekrosetrip.com\/maroc\/wp-json\/wp\/v2\/pages\/91","targetHints":{"allow":["GET"]}}],"collection":[{"href":"https:\/\/www.trekrosetrip.com\/maroc\/wp-json\/wp\/v2\/pages"}],"about":[{"href":"https:\/\/www.trekrosetrip.com\/maroc\/wp-json\/wp\/v2\/types\/page"}],"author":[{"embeddable":true,"href":"https:\/\/www.trekrosetrip.com\/maroc\/wp-json\/wp\/v2\/users\/1"}],"replies":[{"embeddable":true,"href":"https:\/\/www.trekrosetrip.com\/maroc\/wp-json\/wp\/v2\/comments?post=91"}],"version-history":[{"count":0,"href":"https:\/\/www.trekrosetrip.com\/maroc\/wp-json\/wp\/v2\/pages\/91\/revisions"}],"up":[{"embeddable":true,"href":"https:\/\/www.trekrosetrip.com\/maroc\/wp-json\/wp\/v2\/pages\/46"}],"wp:attachment":[{"href":"https:\/\/www.trekrosetrip.com\/maroc\/wp-json\/wp\/v2\/media?parent=91"}],"curies":[{"name":"wp","href":"https:\/\/api.w.org\/{rel}","templated":true}]}}