{"id":196,"date":"2020-03-25T15:20:12","date_gmt":"2020-03-25T14:20:12","guid":{"rendered":"http:\/\/www.trekrosetrip.com\/maroc\/?page_id=196"},"modified":"2025-10-08T09:30:13","modified_gmt":"2025-10-08T07:30:13","slug":"club-entreprises","status":"publish","type":"page","link":"https:\/\/www.trekrosetrip.com\/maroc\/club-entreprises\/","title":{"rendered":"Le Club Entreprises"},"content":{"rendered":"[vc_row][vc_column width=\u00a0\u00bb1\/6&Prime;][\/vc_column][vc_column width=\u00a0\u00bb2\/3&Prime;][vc_empty_space height=\u00a0\u00bb90px\u00a0\u00bb]<div  class=\"heading-wrapper text-center text-titre\"  >\r\n\t\t\t<p class=\"subtitle\">#Club Entreprises<\/p>\r\n\t\r\n\t<h2 class=\"second-title text-center\">Engager son entreprise dans le Rose Trip Maroc<\/h2>\r\n\r\n\t\r\n\t\t<div class=\"divider-solid\"><div class=\"divider-line\"><\/div><\/div>\t\r\n\t<\/div>\t\r\n\r\n[vc_empty_space height=\u00a0\u00bb20px\u00a0\u00bb]<div id=\"argenta-custom-69f1299f3a127\"  >\r\n\t<p style=\"text-align: justify;\">Vous \u00eates une soci\u00e9t\u00e9 et vous souhaitez prendre part au <strong>trek Rose Trip Maroc<\/strong> ? L\u2019id\u00e9e d\u2019une <strong>randonn\u00e9e nomade<\/strong> en plein c\u0153ur du d\u00e9sert marocain motive certaines de vos salari\u00e9es ? Cap sur l\u2019aventure, r\u00e9v\u00e9lez les exploratrices qui sommeillent au sein de votre entreprise, engagez-vous dans le Club Entreprises !<\/p>\n<\/div>\r\n\r\n[vc_empty_space height=\u00a0\u00bb90px\u00a0\u00bb][\/vc_column][vc_column width=\u00a0\u00bb1\/6&Prime;][\/vc_column][\/vc_row][vc_row full_width=\u00a0\u00bbstretch_row_content_no_spaces\u00a0\u00bb css=\u00a0\u00bb.vc_custom_1510506891648{background-color: #f8f8f8 !important;}\u00a0\u00bb][vc_column]<div class=\"split-box\" id=\"argenta-custom-69f1299f3a1e1\" \r\n\t\t\t\t>\r\n\t\t<div class=\"vc_col-md-6 split-box-wrap\">\r\n\t\t<div class=\"parallax-bg\"><\/div>\r\n\t\t<div class=\"content\">\r\n\t\t\t<div  class=\"heading-wrapper text-center text-titre\"  >\r\n\t\t\t<p class=\"subtitle\">#Principe<\/p>\r\n\t\r\n\t<h2 class=\"second-title text-center\">Qu'est-ce que le Club Entreprises ?<\/h2>\r\n\r\n\t\r\n\t\t<div class=\"divider-solid\"><div class=\"divider-line\"><\/div><\/div>\t\r\n\t<\/div>\t\r\n\r\n[vc_empty_space height=\u00a0\u00bb20&Prime;]<div id=\"argenta-custom-69f1299f3a495\"  >\r\n\t<p style=\"text-align: justify;\">Le <strong>Club Entreprises<\/strong> r\u00e9unit les \u00e9quipes de femmes engag\u00e9es sous la banni\u00e8re d\u2019une entreprise qui les finance<strong> \u00e0 100%<\/strong>. Une entreprise peut \u00e9videmment engager plusieurs \u00e9quipes dans l\u2019aventure \u00e0 la condition de les soutenir financi\u00e8rement.<\/p>\n<\/div>\r\n\r\n\t\t<\/div>\r\n\t<\/div>\t<div class=\"vc_col-md-6 split-box-wrap\">\r\n\t\t<div class=\"parallax-bg\"><\/div>\r\n\t\t<div class=\"content\">\r\n\t\t\t<div  class=\"heading-wrapper text-center text-titre\"  >\r\n\t\t\t<p class=\"subtitle\">#Cibles<\/p>\r\n\t\r\n\t<h2 class=\"second-title text-center\">\u00c0 qui s'adresse le Club Entreprises ?<\/h2>\r\n\r\n\t\r\n\t\t<div class=\"divider-solid\"><div class=\"divider-line\"><\/div><\/div>\t\r\n\t<\/div>\t\r\n\r\n[vc_empty_space height=\u00a0\u00bb20&Prime;]<div id=\"argenta-custom-69f1299f3a66e\"  >\r\n\t<p style=\"text-align: justify;\">Le Club Entreprises s\u2019adresse \u00e0 toutes les structures entrepreneuriales, quel que soit le nombre de salari\u00e9s. Il s\u2019adresse \u00e9galement aux associations sportives au sein des entreprises et aux associations interprofessionnelles f\u00e9minines.<\/p>\n<\/div>\r\n\r\n\t\t<\/div>\r\n\t<\/div>\t\r\n<\/div>\r\n\r\n<div class=\"split-box\" id=\"argenta-custom-69f1299f3a710\" \r\n\t\t\t\t>\r\n\t\t<div class=\"vc_col-md-6 split-box-wrap\">\r\n\t\t<div class=\"parallax-bg\"><\/div>\r\n\t\t<div class=\"content\">\r\n\t\t\t\t\t<\/div>\r\n\t<\/div>\t<div class=\"vc_col-md-6 split-box-wrap\">\r\n\t\t<div class=\"parallax-bg\"><\/div>\r\n\t\t<div class=\"content\">\r\n\t\t\t<div  class=\"heading-wrapper text-left text-titre\"  >\r\n\t\t\t<p class=\"subtitle\">#Conditions<\/p>\r\n\t\r\n\t<h2 class=\"second-title text-left\">Quelles sont les conditions d'engagement ?<\/h2>\r\n\r\n\t\r\n\t\t<div class=\"divider-solid\"><div class=\"divider-line\"><\/div><\/div>\t\r\n\t<\/div>\t\r\n\r\n[vc_empty_space height=\u00a0\u00bb20px\u00a0\u00bb]<div id=\"argenta-custom-69f1299f3b08f\"  >\r\n\t<p style=\"text-align: justify;\">Une \u00e9quipe peut adh\u00e9rer au Club Entreprises si :<\/p>\n<ul>\n<li style=\"text-align: justify;\">Elle r\u00e9pond aux conditions d\u2019engagement g\u00e9n\u00e9rales du trek Rose Trip<\/li>\n<li style=\"text-align: justify;\">Elle est compos\u00e9e de deux ou trois salari\u00e9es d\u2019une m\u00eame entreprise,<\/li>\n<li style=\"text-align: justify;\">Elle est sponsoris\u00e9e \u00e0 100% par son entreprise.<\/li>\n<\/ul>\n<p>Pour prendre part \u00e0 l\u2019aventure, <a href=\"https:\/\/www.trekrosetrip.com\/maroc\/club-entreprises\/inscrire-son-entreprise\/\">d\u00e9couvrez le processus d\u2019inscription<\/a>.<\/p>\n<\/div>\r\n\r\n[vc_empty_space height=\u00a0\u00bb15px\u00a0\u00bb]<div class=\"button_wrapper\"  >\r\n\t\r\n\t<a href=\"http:\/\/www.trekrosetrip.com\/maroc\/club-entreprises\/inscrire-son-entreprise\/\" class=\"btn btn-rounded text-center\" id=\"argenta-custom-69f1299f3b156\">\r\n\t\t\t\t<span class=\"text\">Inscrire son entreprise<\/span>\r\n\t\t\t<\/a>\r\n\t\r\n<\/div>\r\n\r\n\t\t<\/div>\r\n\t<\/div>\t\r\n<\/div>\r\n\r\n[\/vc_column][\/vc_row][vc_row full_width=\u00a0\u00bbstretch_row\u00a0\u00bb css=\u00a0\u00bb.vc_custom_1510672076696{background-color: #ffffff !important;}\u00a0\u00bb][vc_column][vc_row_inner][vc_column_inner][vc_empty_space height=\u00a0\u00bb20px\u00a0\u00bb]<div  class=\"heading-wrapper text-center text-titre\"  >\r\n\t\t\t<p class=\"subtitle\">#Avantages<\/p>\r\n\t\r\n\t<h2 class=\"second-title text-center\">Quels sont les avantages pour une entreprise ?<\/h2>\r\n\r\n\t\r\n\t\t<div class=\"divider-solid\"><div class=\"divider-line\"><\/div><\/div>\t\r\n\t<\/div>\t\r\n\r\n[vc_empty_space height=\u00a0\u00bb20px\u00a0\u00bb]<div id=\"argenta-custom-69f1299f3b2f6\"  >\r\n\t<p style=\"text-align: justify;\">S\u2019engager au sein du <strong>Club Entreprises <\/strong>offre de nombreux avantages pour votre entreprise. La mise \u00e0 disposition d\u2019un <strong>pack d\u2019engagement all inclusive trek<\/strong> (hors a\u00e9rien) vous permet d\u2019inscrire votre \u00e9quipe sans vous soucier de l\u2019organisation logistique. L\u2019\u00e9quipe du trek Rose Trip Maroc organise tout pour vos collaboratrices.<\/p>\n<p>&nbsp;<\/p>\n<p style=\"text-align: center;\"><strong>&#8211; CE PACK COMPREND &#8211;<\/strong><\/p>\n<\/div>\r\n\r\n[vc_empty_space height=\u00a0\u00bb20px\u00a0\u00bb][\/vc_column_inner][\/vc_row_inner][vc_row_inner][vc_column_inner width=\u00a0\u00bb1\/4&Prime;]<div class=\"icon-box\"  >\r\n\r\n\t<div class=\"icon-box-image brand-color brand-border-color\">\r\n\t\t\t\t<img decoding=\"async\" src=\"https:\/\/www.trekrosetrip.com\/maroc\/wp-content\/uploads\/sites\/2\/2020\/03\/club-entreprises-engagement.png\" alt=\"L&#039;engagement\">\r\n\t\t\t<\/div>\r\n\r\n\t<div class=\"icon-box-wrap-content\">\r\n\t\t<h3 class=\"title icon-box-title\">L'engagement<\/h3>\r\n\t\t\r\n\t\t\t\t\r\n\t\t\t\t\t<p class=\"icon-box-description\">L\u2019engagement (avec tout ce qu'il inclut) et l'assistance rapatriement pour les deux ou trois collaboratrices.<\/p>\r\n\r\n\t\t\t\t\t<\/div>\r\n\t\t\r\n<\/div>\r\n\r\n[\/vc_column_inner][vc_column_inner width=\u00a0\u00bb1\/4&Prime;]<div class=\"icon-box\"  >\r\n\r\n\t<div class=\"icon-box-image brand-color brand-border-color\">\r\n\t\t\t\t<img decoding=\"async\" src=\"https:\/\/www.trekrosetrip.com\/maroc\/wp-content\/uploads\/sites\/2\/2020\/03\/camera-club-entreprises.png\" alt=\"La visibilit\u00e9\">\r\n\t\t\t<\/div>\r\n\r\n\t<div class=\"icon-box-wrap-content\">\r\n\t\t<h3 class=\"title icon-box-title\">La visibilit\u00e9<\/h3>\r\n\t\t\r\n\t\t\t\t\r\n\t\t\t\t\t<p class=\"icon-box-description\">Dossard personnalis\u00e9 bleus, logo sur le site web Rose Trip dans la rubrique Club Entreprises, troph\u00e9e Club Entreprises.<\/p>\r\n\r\n\t\t\t\t\t<\/div>\r\n\t\t\r\n<\/div>\r\n\r\n[\/vc_column_inner][vc_column_inner width=\u00a0\u00bb1\/4&Prime;]<div class=\"icon-box\"  >\r\n\r\n\t<div class=\"icon-box-image brand-color brand-border-color\">\r\n\t\t\t\t<img decoding=\"async\" src=\"https:\/\/www.trekrosetrip.com\/maroc\/wp-content\/uploads\/sites\/2\/2020\/03\/club-entreprises-transferts.png\" alt=\"Les transferts\">\r\n\t\t\t<\/div>\r\n\r\n\t<div class=\"icon-box-wrap-content\">\r\n\t\t<h3 class=\"title icon-box-title\">Les transferts<\/h3>\r\n\t\t\r\n\t\t\t\t\r\n\t\t\t\t\t<p class=\"icon-box-description\">Les transferts au Maroc sont pris en charge \u00e0 partir du lieu de rendez-vous indiqu\u00e9 par l'organisation, Errachidia.<\/p>\r\n\r\n\t\t\t\t\t<\/div>\r\n\t\t\r\n<\/div>\r\n\r\n[\/vc_column_inner][vc_column_inner width=\u00a0\u00bb1\/4&Prime;]<div class=\"icon-box\"  >\r\n\r\n\t<div class=\"icon-box-image brand-color brand-border-color\">\r\n\t\t\t\t<img decoding=\"async\" src=\"https:\/\/www.trekrosetrip.com\/maroc\/wp-content\/uploads\/sites\/2\/2020\/03\/tripy-club-entreprises.png\" alt=\"Le pack s\u00e9curit\u00e9\">\r\n\t\t\t<\/div>\r\n\r\n\t<div class=\"icon-box-wrap-content\">\r\n\t\t<h3 class=\"title icon-box-title\">Le pack s\u00e9curit\u00e9<\/h3>\r\n\t\t\r\n\t\t\t\t\r\n\t\t\t\t\t<p class=\"icon-box-description\">Location du boitier de g\u00e9olocalisation et location du compteur de distance GPS (1 par \u00e9quipe).<\/p>\r\n\r\n\t\t\t\t\t<\/div>\r\n\t\t\r\n<\/div>\r\n\r\n[\/vc_column_inner][\/vc_row_inner][vc_empty_space height=\u00a0\u00bb60px\u00a0\u00bb][vc_row_inner][vc_column_inner width=\u00a0\u00bb1\/6&Prime;][\/vc_column_inner][vc_column_inner el_class=\u00a0\u00bbtext-center\u00a0\u00bb width=\u00a0\u00bb2\/3&Prime;]<div id=\"argenta-custom-69f1299f3ce5a\"  >\r\n\t<p style=\"text-align: justify;\">Votre entreprise peut \u00e9galement <strong>b\u00e9n\u00e9ficier d\u2019une remise<\/strong> en inscrivant plusieurs \u00e9quipes dans l\u2019aventure. Les tarifs d\u2019inscription sont d\u00e9gressifs et vos chances de remporter le Troph\u00e9e, augment\u00e9es.<\/p>\n<p style=\"text-align: justify;\">Le Rose Trip met \u00e0 l\u2019honneur un <strong>Troph\u00e9e Club Entreprises<\/strong>. Vos collaboratrices pourront concourir dans les cat\u00e9gories D\u00e9couverte, OPEN ou OPEN + et tenteront de d\u00e9fendre vos couleurs en d\u00e9crochant le s\u00e9same.<\/p>\n<p style=\"text-align: justify;\">Un classement d\u00e9di\u00e9 sera attribu\u00e9 aux entreprises en lice et vous pourrez suivre en direct les performances de vos salari\u00e9es. <a href=\"https:\/\/www.trekrosetrip.com\/maroc\/club-entreprises\/pourquoi-sengager\/#Classementdedie\">En savoir plus sur le classement d\u00e9di\u00e9<\/a>.<\/p>\n<\/div>\r\n\r\n[vc_empty_space height=\u00a0\u00bb30px\u00a0\u00bb]<div class=\"button_wrapper\"  >\r\n\t\r\n\t<a href=\"http:\/\/www.trekrosetrip.com\/maroc\/club-entreprises\/pourquoi-sengager\/\" class=\"btn btn-rounded btn-large text-center\" id=\"argenta-custom-69f1299f3cf21\">\r\n\t\t\t\t<span class=\"text\">En savoir plus sur les avantages Club Entreprises<\/span>\r\n\t\t\t<\/a>\r\n\t\r\n<\/div>\r\n\r\n[vc_empty_space height=\u00a0\u00bb30px\u00a0\u00bb][\/vc_column_inner][vc_column_inner width=\u00a0\u00bb1\/6&Prime;][\/vc_column_inner][\/vc_row_inner][vc_empty_space height=\u00a0\u00bb50px\u00a0\u00bb][\/vc_column][\/vc_row][vc_row full_width=\u00a0\u00bbstretch_row_content_no_spaces\u00a0\u00bb css=\u00a0\u00bb.vc_custom_1604587464192{background-color: #d7006d !important;}\u00a0\u00bb][vc_column css=\u00a0\u00bb.vc_custom_1509923406622{padding-top: 0px !important;}\u00a0\u00bb el_class=\u00a0\u00bbtext-center\u00a0\u00bb][vc_empty_space height=\u00a0\u00bb50px\u00a0\u00bb el_class=\u00a0\u00bbarg-spacer\u00a0\u00bb]<div id=\"argenta-custom-69f1299f3cff2\"  class=\"heading-wrapper text-center text-blanc text-titre\"  >\r\n\t\t\t<p class=\"subtitle\">Besoins de plus d'informations ?<\/p>\r\n\t\r\n\t<h2 class=\"second-title text-center\">Contacter l'\u00e9quipe Rose Trip Maroc<\/h2>\r\n\r\n\t\r\n\t\t<div class=\"divider-solid\"><div class=\"divider-line\"><\/div><\/div>\t\r\n\t<\/div>\t\r\n\r\n[vc_empty_space height=\u00a0\u00bb20px\u00a0\u00bb el_class=\u00a0\u00bbarg-spacer\u00a0\u00bb]<div class=\"button_wrapper\"  >\r\n\t\r\n\t<a href=\"http:\/\/www.trekrosetrip.com\/maroc\/club-entreprises\/inscrire-son-entreprise\/#inscription\" class=\"btn btn-rounded btn-large\" id=\"argenta-custom-69f1299f3d0cb\">\r\n\t\t\t\t<span class=\"text\">Contactez-nous<\/span>\r\n\t\t\t<\/a>\r\n\t\r\n<\/div>\r\n\r\n[vc_empty_space height=\u00a0\u00bb50px\u00a0\u00bb el_class=\u00a0\u00bbarg-spacer\u00a0\u00bb][\/vc_column][\/vc_row]\n","protected":false},"excerpt":{"rendered":"<p>[vc_row][vc_column width=\u00a0\u00bb1\/6&Prime;][\/vc_column][vc_column width=\u00a0\u00bb2\/3&Prime;][vc_empty_space height=\u00a0\u00bb90px\u00a0\u00bb][vc_empty_space height=\u00a0\u00bb20px\u00a0\u00bb][vc_empty_space height=\u00a0\u00bb90px\u00a0\u00bb][\/vc_column][vc_column width=\u00a0\u00bb1\/6&Prime;][\/vc_column][\/vc_row][vc_row full_width=\u00a0\u00bbstretch_row_content_no_spaces\u00a0\u00bb css=\u00a0\u00bb.vc_custom_1510506891648{background-color: #f8f8f8 !important;}\u00a0\u00bb][vc_column][\/vc_column][\/vc_row][vc_row full_width=\u00a0\u00bbstretch_row\u00a0\u00bb css=\u00a0\u00bb.vc_custom_1510672076696{background-color: #ffffff !important;}\u00a0\u00bb][vc_column][vc_row_inner][vc_column_inner][vc_empty_space height=\u00a0\u00bb20px\u00a0\u00bb][vc_empty_space height=\u00a0\u00bb20px\u00a0\u00bb][vc_empty_space height=\u00a0\u00bb20px\u00a0\u00bb][\/vc_column_inner][\/vc_row_inner][vc_row_inner][vc_column_inner width=\u00a0\u00bb1\/4&Prime;][\/vc_column_inner][vc_column_inner width=\u00a0\u00bb1\/4&Prime;][\/vc_column_inner][vc_column_inner width=\u00a0\u00bb1\/4&Prime;][\/vc_column_inner][vc_column_inner width=\u00a0\u00bb1\/4&Prime;][\/vc_column_inner][\/vc_row_inner][vc_empty_space height=\u00a0\u00bb60px\u00a0\u00bb][vc_row_inner][vc_column_inner width=\u00a0\u00bb1\/6&Prime;][\/vc_column_inner][vc_column_inner el_class=\u00a0\u00bbtext-center\u00a0\u00bb width=\u00a0\u00bb2\/3&Prime;][vc_empty_space height=\u00a0\u00bb30px\u00a0\u00bb][vc_empty_space height=\u00a0\u00bb30px\u00a0\u00bb][\/vc_column_inner][vc_column_inner width=\u00a0\u00bb1\/6&Prime;][\/vc_column_inner][\/vc_row_inner][vc_empty_space height=\u00a0\u00bb50px\u00a0\u00bb][\/vc_column][\/vc_row][vc_row full_width=\u00a0\u00bbstretch_row_content_no_spaces\u00a0\u00bb css=\u00a0\u00bb.vc_custom_1604587464192{background-color: #d7006d !important;}\u00a0\u00bb][vc_column css=\u00a0\u00bb.vc_custom_1509923406622{padding-top: 0px !important;}\u00a0\u00bb el_class=\u00a0\u00bbtext-center\u00a0\u00bb][vc_empty_space height=\u00a0\u00bb50px\u00a0\u00bb el_class=\u00a0\u00bbarg-spacer\u00a0\u00bb][vc_empty_space height=\u00a0\u00bb20px\u00a0\u00bb el_class=\u00a0\u00bbarg-spacer\u00a0\u00bb][vc_empty_space height=\u00a0\u00bb50px\u00a0\u00bb el_class=\u00a0\u00bbarg-spacer\u00a0\u00bb][\/vc_column][\/vc_row]<\/p>\n","protected":false},"author":1,"featured_media":0,"parent":0,"menu_order":0,"comment_status":"closed","ping_status":"closed","template":"page-templates\/page_without-sidebar.php","meta":{"_acf_changed":false,"footnotes":""},"class_list":["post-196","page","type-page","status-publish","hentry"],"acf":[],"yoast_head":"<!-- This site is optimized with the Yoast SEO Premium plugin v27.4 (Yoast SEO v27.4) - https:\/\/yoast.com\/product\/yoast-seo-premium-wordpress\/ -->\n<title>Le Club Entreprises - Rose Trip Maroc<\/title>\n<meta name=\"description\" content=\"Vous \u00eates une soci\u00e9t\u00e9 et souhaitez prendre part au Rose Trip Maroc ? S&#039;engager sur un trek motive certaines de vos salari\u00e9es ? D\u00e9couvrez le Club Entreprises !\" \/>\n<meta name=\"robots\" content=\"index, follow, max-snippet:-1, max-image-preview:large, max-video-preview:-1\" \/>\n<link rel=\"canonical\" href=\"https:\/\/www.trekrosetrip.com\/maroc\/club-entreprises\/\" \/>\n<meta property=\"og:locale\" content=\"fr_FR\" \/>\n<meta property=\"og:type\" content=\"article\" \/>\n<meta property=\"og:title\" content=\"Le Club Entreprises\" \/>\n<meta property=\"og:description\" content=\"Vous \u00eates une soci\u00e9t\u00e9 et souhaitez prendre part au Rose Trip Maroc ? S&#039;engager sur un trek motive certaines de vos salari\u00e9es ? D\u00e9couvrez le Club Entreprises !\" \/>\n<meta property=\"og:url\" content=\"https:\/\/www.trekrosetrip.com\/maroc\/club-entreprises\/\" \/>\n<meta property=\"og:site_name\" content=\"Rose Trip Maroc\" \/>\n<meta property=\"article:modified_time\" content=\"2025-10-08T07:30:13+00:00\" \/>\n<meta property=\"og:image\" content=\"https:\/\/www.trekrosetrip.com\/maroc\/wp-content\/uploads\/sites\/2\/2020\/03\/le-concept-club-entreprises.jpg\" \/>\n\t<meta property=\"og:image:width\" content=\"1500\" \/>\n\t<meta property=\"og:image:height\" content=\"609\" \/>\n\t<meta property=\"og:image:type\" content=\"image\/jpeg\" \/>\n<meta name=\"twitter:card\" content=\"summary_large_image\" \/>\n<meta name=\"twitter:description\" content=\"Vous \u00eates une soci\u00e9t\u00e9 et souhaitez prendre part au Rose Trip Maroc ? S&#039;engager sur un trek motive certaines de vos salari\u00e9es ? D\u00e9couvrez le Club Entreprises !\" \/>\n<meta name=\"twitter:label1\" content=\"Dur\u00e9e de lecture estim\u00e9e\" \/>\n\t<meta name=\"twitter:data1\" content=\"3 minutes\" \/>\n<script type=\"application\/ld+json\" class=\"yoast-schema-graph\">{\"@context\":\"https:\\\/\\\/schema.org\",\"@graph\":[{\"@type\":\"WebPage\",\"@id\":\"https:\\\/\\\/www.trekrosetrip.com\\\/maroc\\\/club-entreprises\\\/\",\"url\":\"https:\\\/\\\/www.trekrosetrip.com\\\/maroc\\\/club-entreprises\\\/\",\"name\":\"Le Club Entreprises - Rose Trip Maroc\",\"isPartOf\":{\"@id\":\"https:\\\/\\\/www.trekrosetrip.com\\\/maroc\\\/#website\"},\"datePublished\":\"2020-03-25T14:20:12+00:00\",\"dateModified\":\"2025-10-08T07:30:13+00:00\",\"description\":\"Vous \u00eates une soci\u00e9t\u00e9 et souhaitez prendre part au Rose Trip Maroc ? S'engager sur un trek motive certaines de vos salari\u00e9es ? D\u00e9couvrez le Club Entreprises !\",\"breadcrumb\":{\"@id\":\"https:\\\/\\\/www.trekrosetrip.com\\\/maroc\\\/club-entreprises\\\/#breadcrumb\"},\"inLanguage\":\"fr-FR\",\"potentialAction\":[{\"@type\":\"ReadAction\",\"target\":[\"https:\\\/\\\/www.trekrosetrip.com\\\/maroc\\\/club-entreprises\\\/\"]}]},{\"@type\":\"BreadcrumbList\",\"@id\":\"https:\\\/\\\/www.trekrosetrip.com\\\/maroc\\\/club-entreprises\\\/#breadcrumb\",\"itemListElement\":[{\"@type\":\"ListItem\",\"position\":1,\"name\":\"Home\",\"item\":\"https:\\\/\\\/www.trekrosetrip.com\\\/maroc\\\/\"},{\"@type\":\"ListItem\",\"position\":2,\"name\":\"Le Club Entreprises\"}]},{\"@type\":\"WebSite\",\"@id\":\"https:\\\/\\\/www.trekrosetrip.com\\\/maroc\\\/#website\",\"url\":\"https:\\\/\\\/www.trekrosetrip.com\\\/maroc\\\/\",\"name\":\"Rose Trip Maroc\",\"description\":\"Trek d&#039;orientation f\u00e9minin et solidaire dans le d\u00e9sert du Maroc\",\"potentialAction\":[{\"@type\":\"SearchAction\",\"target\":{\"@type\":\"EntryPoint\",\"urlTemplate\":\"https:\\\/\\\/www.trekrosetrip.com\\\/maroc\\\/?s={search_term_string}\"},\"query-input\":{\"@type\":\"PropertyValueSpecification\",\"valueRequired\":true,\"valueName\":\"search_term_string\"}}],\"inLanguage\":\"fr-FR\"}]}<\/script>\n<!-- \/ Yoast SEO Premium plugin. -->","yoast_head_json":{"title":"Le Club Entreprises - Rose Trip Maroc","description":"Vous \u00eates une soci\u00e9t\u00e9 et souhaitez prendre part au Rose Trip Maroc ? S'engager sur un trek motive certaines de vos salari\u00e9es ? D\u00e9couvrez le Club Entreprises !","robots":{"index":"index","follow":"follow","max-snippet":"max-snippet:-1","max-image-preview":"max-image-preview:large","max-video-preview":"max-video-preview:-1"},"canonical":"https:\/\/www.trekrosetrip.com\/maroc\/club-entreprises\/","og_locale":"fr_FR","og_type":"article","og_title":"Le Club Entreprises","og_description":"Vous \u00eates une soci\u00e9t\u00e9 et souhaitez prendre part au Rose Trip Maroc ? S'engager sur un trek motive certaines de vos salari\u00e9es ? D\u00e9couvrez le Club Entreprises !","og_url":"https:\/\/www.trekrosetrip.com\/maroc\/club-entreprises\/","og_site_name":"Rose Trip Maroc","article_modified_time":"2025-10-08T07:30:13+00:00","og_image":[{"width":1500,"height":609,"url":"https:\/\/www.trekrosetrip.com\/maroc\/wp-content\/uploads\/sites\/2\/2020\/03\/le-concept-club-entreprises.jpg","type":"image\/jpeg"}],"twitter_card":"summary_large_image","twitter_description":"Vous \u00eates une soci\u00e9t\u00e9 et souhaitez prendre part au Rose Trip Maroc ? S'engager sur un trek motive certaines de vos salari\u00e9es ? D\u00e9couvrez le Club Entreprises !","twitter_misc":{"Dur\u00e9e de lecture estim\u00e9e":"3 minutes"},"schema":{"@context":"https:\/\/schema.org","@graph":[{"@type":"WebPage","@id":"https:\/\/www.trekrosetrip.com\/maroc\/club-entreprises\/","url":"https:\/\/www.trekrosetrip.com\/maroc\/club-entreprises\/","name":"Le Club Entreprises - Rose Trip Maroc","isPartOf":{"@id":"https:\/\/www.trekrosetrip.com\/maroc\/#website"},"datePublished":"2020-03-25T14:20:12+00:00","dateModified":"2025-10-08T07:30:13+00:00","description":"Vous \u00eates une soci\u00e9t\u00e9 et souhaitez prendre part au Rose Trip Maroc ? S'engager sur un trek motive certaines de vos salari\u00e9es ? D\u00e9couvrez le Club Entreprises !","breadcrumb":{"@id":"https:\/\/www.trekrosetrip.com\/maroc\/club-entreprises\/#breadcrumb"},"inLanguage":"fr-FR","potentialAction":[{"@type":"ReadAction","target":["https:\/\/www.trekrosetrip.com\/maroc\/club-entreprises\/"]}]},{"@type":"BreadcrumbList","@id":"https:\/\/www.trekrosetrip.com\/maroc\/club-entreprises\/#breadcrumb","itemListElement":[{"@type":"ListItem","position":1,"name":"Home","item":"https:\/\/www.trekrosetrip.com\/maroc\/"},{"@type":"ListItem","position":2,"name":"Le Club Entreprises"}]},{"@type":"WebSite","@id":"https:\/\/www.trekrosetrip.com\/maroc\/#website","url":"https:\/\/www.trekrosetrip.com\/maroc\/","name":"Rose Trip Maroc","description":"Trek d&#039;orientation f\u00e9minin et solidaire dans le d\u00e9sert du Maroc","potentialAction":[{"@type":"SearchAction","target":{"@type":"EntryPoint","urlTemplate":"https:\/\/www.trekrosetrip.com\/maroc\/?s={search_term_string}"},"query-input":{"@type":"PropertyValueSpecification","valueRequired":true,"valueName":"search_term_string"}}],"inLanguage":"fr-FR"}]}},"_links":{"self":[{"href":"https:\/\/www.trekrosetrip.com\/maroc\/wp-json\/wp\/v2\/pages\/196","targetHints":{"allow":["GET"]}}],"collection":[{"href":"https:\/\/www.trekrosetrip.com\/maroc\/wp-json\/wp\/v2\/pages"}],"about":[{"href":"https:\/\/www.trekrosetrip.com\/maroc\/wp-json\/wp\/v2\/types\/page"}],"author":[{"embeddable":true,"href":"https:\/\/www.trekrosetrip.com\/maroc\/wp-json\/wp\/v2\/users\/1"}],"replies":[{"embeddable":true,"href":"https:\/\/www.trekrosetrip.com\/maroc\/wp-json\/wp\/v2\/comments?post=196"}],"version-history":[{"count":2,"href":"https:\/\/www.trekrosetrip.com\/maroc\/wp-json\/wp\/v2\/pages\/196\/revisions"}],"predecessor-version":[{"id":22015,"href":"https:\/\/www.trekrosetrip.com\/maroc\/wp-json\/wp\/v2\/pages\/196\/revisions\/22015"}],"wp:attachment":[{"href":"https:\/\/www.trekrosetrip.com\/maroc\/wp-json\/wp\/v2\/media?parent=196"}],"curies":[{"name":"wp","href":"https:\/\/api.w.org\/{rel}","templated":true}]}}