{"id":18361,"date":"2023-09-11T12:15:53","date_gmt":"2023-09-11T10:15:53","guid":{"rendered":"https:\/\/www.trekrosetrip.com\/maroc\/?page_id=18361"},"modified":"2025-06-23T17:24:08","modified_gmt":"2025-06-23T15:24:08","slug":"categorie-decouverte","status":"publish","type":"page","link":"https:\/\/www.trekrosetrip.com\/maroc\/trek-en-direct\/categorie-decouverte\/","title":{"rendered":"Cat\u00e9gorie D\u00e9couverte"},"content":{"rendered":"[vc_row][vc_column width=\u00a0\u00bb1\/4&Prime;][\/vc_column][vc_column width=\u00a0\u00bb1\/2&Prime;][vc_empty_space height=\u00a0\u00bb50px\u00a0\u00bb]<div  class=\"heading-wrapper text-center\"  >\r\n\t\t\t<p class=\"subtitle\">#DECOUVERTE<\/p>\r\n\t\r\n\t<h1 class=\"second-title text-center\">La cat\u00e9gorie D\u00c9COUVERTE<\/h1>\r\n\r\n\t\r\n\t\t<div class=\"divider-solid\"><div class=\"divider-line\"><\/div><\/div>\t\r\n\t<\/div>\t\r\n\r\n[vc_empty_space height=\u00a0\u00bb20px\u00a0\u00bb]<div id=\"argenta-custom-69e4fd7ba621d\"  >\r\n\t<p style=\"text-align: justify;\">La <strong>cat\u00e9gorie D\u00e9couverte<\/strong> (11 \u00e0 15 km) propose un trac\u00e9 accessible avec kilom\u00e9trage adapt\u00e9. Elle s\u2019ouvre ainsi \u00e0 des n\u00e9ophytes ne pratiquant pas n\u00e9cessairement la randonn\u00e9e de mani\u00e8re r\u00e9guli\u00e8re (mais avec une pr\u00e9paration adapt\u00e9e) souhaitant se lancer dans un d\u00e9fi d\u2019orientation.<\/p>\n<\/div>\r\n\r\n[vc_empty_space height=\u00a0\u00bb50px\u00a0\u00bb][\/vc_column][vc_column width=\u00a0\u00bb1\/4&Prime;][\/vc_column][\/vc_row]\n","protected":false},"excerpt":{"rendered":"<p>[vc_row][vc_column width=\u00a0\u00bb1\/4&Prime;][\/vc_column][vc_column width=\u00a0\u00bb1\/2&Prime;][vc_empty_space height=\u00a0\u00bb50px\u00a0\u00bb][vc_empty_space height=\u00a0\u00bb20px\u00a0\u00bb][vc_empty_space height=\u00a0\u00bb50px\u00a0\u00bb][\/vc_column][vc_column width=\u00a0\u00bb1\/4&Prime;][\/vc_column][\/vc_row]<\/p>\n","protected":false},"author":1,"featured_media":0,"parent":12889,"menu_order":0,"comment_status":"closed","ping_status":"closed","template":"teams-page.php","meta":{"_acf_changed":false,"footnotes":""},"class_list":["post-18361","page","type-page","status-publish","hentry"],"acf":[],"yoast_head":"<!-- This site is optimized with the Yoast SEO Premium plugin v27.4 (Yoast SEO v27.4) - https:\/\/yoast.com\/product\/yoast-seo-premium-wordpress\/ -->\n<title>Cat\u00e9gorie D\u00e9couverte | Rose Trip Maroc<\/title>\n<meta name=\"description\" content=\"La cat\u00e9gorie D\u00e9couverte propose un trac\u00e9 accessible avec kilom\u00e9trage adapt\u00e9. Pour des n\u00e9ophytes de la randonn\u00e9e avec une pr\u00e9paration adapt\u00e9e.\" \/>\n<meta name=\"robots\" content=\"index, follow, max-snippet:-1, max-image-preview:large, max-video-preview:-1\" \/>\n<link rel=\"canonical\" href=\"https:\/\/www.trekrosetrip.com\/maroc\/trek-en-direct\/categorie-decouverte\/\" \/>\n<meta property=\"og:locale\" content=\"fr_FR\" \/>\n<meta property=\"og:type\" content=\"article\" \/>\n<meta property=\"og:title\" content=\"Cat\u00e9gorie D\u00e9couverte | Rose Trip Maroc\" \/>\n<meta property=\"og:description\" content=\"La cat\u00e9gorie D\u00e9couverte propose un trac\u00e9 accessible avec kilom\u00e9trage adapt\u00e9. Pour des n\u00e9ophytes de la randonn\u00e9e avec une pr\u00e9paration adapt\u00e9e.\" \/>\n<meta property=\"og:url\" content=\"https:\/\/www.trekrosetrip.com\/maroc\/trek-en-direct\/categorie-decouverte\/\" \/>\n<meta property=\"og:site_name\" content=\"Rose Trip Maroc\" \/>\n<meta property=\"article:modified_time\" content=\"2025-06-23T15:24:08+00:00\" \/>\n<meta property=\"og:image\" content=\"https:\/\/www.trekrosetrip.com\/maroc\/wp-content\/uploads\/sites\/2\/2024\/10\/categorie-decouverte.jpg\" \/>\n\t<meta property=\"og:image:width\" content=\"2000\" \/>\n\t<meta property=\"og:image:height\" content=\"812\" \/>\n\t<meta property=\"og:image:type\" content=\"image\/jpeg\" \/>\n<meta name=\"twitter:card\" content=\"summary_large_image\" \/>\n<meta name=\"twitter:title\" content=\"Cat\u00e9gorie D\u00e9couverte | Rose Trip Maroc\" \/>\n<meta name=\"twitter:label1\" content=\"Dur\u00e9e de lecture estim\u00e9e\" \/>\n\t<meta name=\"twitter:data1\" content=\"1 minute\" \/>\n<script type=\"application\/ld+json\" class=\"yoast-schema-graph\">{\"@context\":\"https:\\\/\\\/schema.org\",\"@graph\":[{\"@type\":\"WebPage\",\"@id\":\"https:\\\/\\\/www.trekrosetrip.com\\\/maroc\\\/trek-en-direct\\\/categorie-decouverte\\\/\",\"url\":\"https:\\\/\\\/www.trekrosetrip.com\\\/maroc\\\/trek-en-direct\\\/categorie-decouverte\\\/\",\"name\":\"Cat\u00e9gorie D\u00e9couverte | Rose Trip Maroc\",\"isPartOf\":{\"@id\":\"https:\\\/\\\/www.trekrosetrip.com\\\/maroc\\\/#website\"},\"datePublished\":\"2023-09-11T10:15:53+00:00\",\"dateModified\":\"2025-06-23T15:24:08+00:00\",\"description\":\"La cat\u00e9gorie D\u00e9couverte propose un trac\u00e9 accessible avec kilom\u00e9trage adapt\u00e9. Pour des n\u00e9ophytes de la randonn\u00e9e avec une pr\u00e9paration adapt\u00e9e.\",\"breadcrumb\":{\"@id\":\"https:\\\/\\\/www.trekrosetrip.com\\\/maroc\\\/trek-en-direct\\\/categorie-decouverte\\\/#breadcrumb\"},\"inLanguage\":\"fr-FR\",\"potentialAction\":[{\"@type\":\"ReadAction\",\"target\":[\"https:\\\/\\\/www.trekrosetrip.com\\\/maroc\\\/trek-en-direct\\\/categorie-decouverte\\\/\"]}]},{\"@type\":\"BreadcrumbList\",\"@id\":\"https:\\\/\\\/www.trekrosetrip.com\\\/maroc\\\/trek-en-direct\\\/categorie-decouverte\\\/#breadcrumb\",\"itemListElement\":[{\"@type\":\"ListItem\",\"position\":1,\"name\":\"Home\",\"item\":\"https:\\\/\\\/www.trekrosetrip.com\\\/maroc\\\/\"},{\"@type\":\"ListItem\",\"position\":2,\"name\":\"Trek en Direct\",\"item\":\"https:\\\/\\\/www.trekrosetrip.com\\\/maroc\\\/\"},{\"@type\":\"ListItem\",\"position\":3,\"name\":\"Cat\u00e9gorie D\u00e9couverte\"}]},{\"@type\":\"WebSite\",\"@id\":\"https:\\\/\\\/www.trekrosetrip.com\\\/maroc\\\/#website\",\"url\":\"https:\\\/\\\/www.trekrosetrip.com\\\/maroc\\\/\",\"name\":\"Rose Trip Maroc\",\"description\":\"Trek d&#039;orientation f\u00e9minin et solidaire dans le d\u00e9sert du Maroc\",\"potentialAction\":[{\"@type\":\"SearchAction\",\"target\":{\"@type\":\"EntryPoint\",\"urlTemplate\":\"https:\\\/\\\/www.trekrosetrip.com\\\/maroc\\\/?s={search_term_string}\"},\"query-input\":{\"@type\":\"PropertyValueSpecification\",\"valueRequired\":true,\"valueName\":\"search_term_string\"}}],\"inLanguage\":\"fr-FR\"}]}<\/script>\n<!-- \/ Yoast SEO Premium plugin. -->","yoast_head_json":{"title":"Cat\u00e9gorie D\u00e9couverte | Rose Trip Maroc","description":"La cat\u00e9gorie D\u00e9couverte propose un trac\u00e9 accessible avec kilom\u00e9trage adapt\u00e9. Pour des n\u00e9ophytes de la randonn\u00e9e avec une pr\u00e9paration adapt\u00e9e.","robots":{"index":"index","follow":"follow","max-snippet":"max-snippet:-1","max-image-preview":"max-image-preview:large","max-video-preview":"max-video-preview:-1"},"canonical":"https:\/\/www.trekrosetrip.com\/maroc\/trek-en-direct\/categorie-decouverte\/","og_locale":"fr_FR","og_type":"article","og_title":"Cat\u00e9gorie D\u00e9couverte | Rose Trip Maroc","og_description":"La cat\u00e9gorie D\u00e9couverte propose un trac\u00e9 accessible avec kilom\u00e9trage adapt\u00e9. Pour des n\u00e9ophytes de la randonn\u00e9e avec une pr\u00e9paration adapt\u00e9e.","og_url":"https:\/\/www.trekrosetrip.com\/maroc\/trek-en-direct\/categorie-decouverte\/","og_site_name":"Rose Trip Maroc","article_modified_time":"2025-06-23T15:24:08+00:00","og_image":[{"width":2000,"height":812,"url":"https:\/\/www.trekrosetrip.com\/maroc\/wp-content\/uploads\/sites\/2\/2024\/10\/categorie-decouverte.jpg","type":"image\/jpeg"}],"twitter_card":"summary_large_image","twitter_title":"Cat\u00e9gorie D\u00e9couverte | Rose Trip Maroc","twitter_misc":{"Dur\u00e9e de lecture estim\u00e9e":"1 minute"},"schema":{"@context":"https:\/\/schema.org","@graph":[{"@type":"WebPage","@id":"https:\/\/www.trekrosetrip.com\/maroc\/trek-en-direct\/categorie-decouverte\/","url":"https:\/\/www.trekrosetrip.com\/maroc\/trek-en-direct\/categorie-decouverte\/","name":"Cat\u00e9gorie D\u00e9couverte | Rose Trip Maroc","isPartOf":{"@id":"https:\/\/www.trekrosetrip.com\/maroc\/#website"},"datePublished":"2023-09-11T10:15:53+00:00","dateModified":"2025-06-23T15:24:08+00:00","description":"La cat\u00e9gorie D\u00e9couverte propose un trac\u00e9 accessible avec kilom\u00e9trage adapt\u00e9. Pour des n\u00e9ophytes de la randonn\u00e9e avec une pr\u00e9paration adapt\u00e9e.","breadcrumb":{"@id":"https:\/\/www.trekrosetrip.com\/maroc\/trek-en-direct\/categorie-decouverte\/#breadcrumb"},"inLanguage":"fr-FR","potentialAction":[{"@type":"ReadAction","target":["https:\/\/www.trekrosetrip.com\/maroc\/trek-en-direct\/categorie-decouverte\/"]}]},{"@type":"BreadcrumbList","@id":"https:\/\/www.trekrosetrip.com\/maroc\/trek-en-direct\/categorie-decouverte\/#breadcrumb","itemListElement":[{"@type":"ListItem","position":1,"name":"Home","item":"https:\/\/www.trekrosetrip.com\/maroc\/"},{"@type":"ListItem","position":2,"name":"Trek en Direct","item":"https:\/\/www.trekrosetrip.com\/maroc\/"},{"@type":"ListItem","position":3,"name":"Cat\u00e9gorie D\u00e9couverte"}]},{"@type":"WebSite","@id":"https:\/\/www.trekrosetrip.com\/maroc\/#website","url":"https:\/\/www.trekrosetrip.com\/maroc\/","name":"Rose Trip Maroc","description":"Trek d&#039;orientation f\u00e9minin et solidaire dans le d\u00e9sert du Maroc","potentialAction":[{"@type":"SearchAction","target":{"@type":"EntryPoint","urlTemplate":"https:\/\/www.trekrosetrip.com\/maroc\/?s={search_term_string}"},"query-input":{"@type":"PropertyValueSpecification","valueRequired":true,"valueName":"search_term_string"}}],"inLanguage":"fr-FR"}]}},"_links":{"self":[{"href":"https:\/\/www.trekrosetrip.com\/maroc\/wp-json\/wp\/v2\/pages\/18361","targetHints":{"allow":["GET"]}}],"collection":[{"href":"https:\/\/www.trekrosetrip.com\/maroc\/wp-json\/wp\/v2\/pages"}],"about":[{"href":"https:\/\/www.trekrosetrip.com\/maroc\/wp-json\/wp\/v2\/types\/page"}],"author":[{"embeddable":true,"href":"https:\/\/www.trekrosetrip.com\/maroc\/wp-json\/wp\/v2\/users\/1"}],"replies":[{"embeddable":true,"href":"https:\/\/www.trekrosetrip.com\/maroc\/wp-json\/wp\/v2\/comments?post=18361"}],"version-history":[{"count":0,"href":"https:\/\/www.trekrosetrip.com\/maroc\/wp-json\/wp\/v2\/pages\/18361\/revisions"}],"up":[{"embeddable":true,"href":"https:\/\/www.trekrosetrip.com\/maroc\/wp-json\/wp\/v2\/pages\/12889"}],"wp:attachment":[{"href":"https:\/\/www.trekrosetrip.com\/maroc\/wp-json\/wp\/v2\/media?parent=18361"}],"curies":[{"name":"wp","href":"https:\/\/api.w.org\/{rel}","templated":true}]}}