{"id":14106,"date":"2020-03-31T15:06:33","date_gmt":"2020-03-31T13:06:33","guid":{"rendered":"http:\/\/www.trekrosetrip.com\/maroc\/?page_id=14106"},"modified":"2025-10-22T15:02:59","modified_gmt":"2025-10-22T13:02:59","slug":"ecocitoyennete","status":"publish","type":"page","link":"https:\/\/www.trekrosetrip.com\/maroc\/trek-en-direct\/ecocitoyennete\/","title":{"rendered":"Ecocitoyennet\u00e9"},"content":{"rendered":"[vc_row][vc_column width=\u00a0\u00bb1\/6&Prime;][\/vc_column][vc_column width=\u00a0\u00bb2\/3&Prime;][vc_empty_space height=\u00a0\u00bb60px\u00a0\u00bb]<div  class=\"heading-wrapper text-center\"  >\r\n\t\t\t<p class=\"subtitle\">#Trek \u00e9cocitoyen<\/p>\r\n\t\r\n\t<h1 class=\"second-title text-center\">L'\u00e9cocitoyennet\u00e9<\/h1>\r\n\r\n\t\r\n\t\t<div class=\"divider-solid\"><div class=\"divider-line\"><\/div><\/div>\t\r\n\t<\/div>\t\r\n\r\n[vc_empty_space height=\u00a0\u00bb20px\u00a0\u00bb]<div id=\"argenta-custom-69e4fd3c742ab\"  >\r\n\t<p><img loading=\"lazy\" decoding=\"async\" class=\"size-full wp-image-92 alignleft\" src=\"https:\/\/www.trekrosetrip.com\/maroc\/wp-content\/uploads\/sites\/2\/2020\/03\/tampon-ecoresponsable.png\" alt=\"Un trek \u00e9co-responsable\" width=\"130\" height=\"100\" \/><\/p>\n<p style=\"text-align: justify;\">Poursuivant un <strong>objectif de moindre impact<\/strong>, l\u2019\u00e9quipe d\u2019organisation du trek Rose Trip Maroc a mis en place des actions visant \u00e0 la fois \u00e0 <strong>responsabiliser<\/strong> et <strong>sensibiliser les trekkeuses<\/strong>, <strong>en \u0153uvrant avec elles pour la protection de l\u2019environnement<\/strong> durant la course. <a href=\"https:\/\/www.youtube.com\/watch?v=aU6I2lNWTgo&amp;t=16s\" target=\"_bank\" rel=\"noopener\">D\u00e9couvrez en vid\u00e9o<\/a> les actions de la Rose Trekkeuse.<\/p>\n<\/div>\r\n\r\n[vc_empty_space height=\u00a0\u00bb60px\u00a0\u00bb][\/vc_column][vc_column width=\u00a0\u00bb1\/6&Prime;][\/vc_column][\/vc_row][vc_row full_width=\u00a0\u00bbstretch_row_content_no_spaces\u00a0\u00bb el_class=\u00a0\u00bbbg-right-bottom\u00a0\u00bb][vc_column]<div class=\"split-box\" id=\"argenta-custom-69e4fd3c7433b\" \r\n\t\t\t\t>\r\n\t\t<div class=\"vc_col-md-6 split-box-wrap\">\r\n\t\t<div class=\"parallax-bg\"><\/div>\r\n\t\t<div class=\"content\">\r\n\t\t\t[vc_single_image image=\u00a0\u00bb14138&Prime; img_size=\u00a0\u00bbfull\u00a0\u00bb]\t\t<\/div>\r\n\t<\/div>\t<div class=\"vc_col-md-6 split-box-wrap\">\r\n\t\t<div class=\"parallax-bg\"><\/div>\r\n\t\t<div class=\"content\">\r\n\t\t\t<div  class=\"heading-wrapper text-left\"  >\r\n\t\t\t<p class=\"subtitle\">#Charte des gestes responsables<\/p>\r\n\t\r\n\t<h3 class=\"second-title text-left\">Responsabiliser<\/h3>\r\n\r\n\t\r\n\t\t<div class=\"divider-solid\"><div class=\"divider-line\"><\/div><\/div>\t\r\n\t<\/div>\t\r\n\r\n[vc_empty_space height=\u00a0\u00bb20px\u00a0\u00bb]<div id=\"argenta-custom-69e4fd3c74671\"  >\r\n\t<p style=\"text-align: justify;\">Dans cet esprit, l\u2019espace du trek est consid\u00e9r\u00e9 comme un <strong>p\u00e9rim\u00e8tre \u00e0 pr\u00e9server au quotidien<\/strong>, \u00e0 travers des <strong>gestes simples<\/strong> qui rel\u00e8vent du bon sens.<\/p>\n<p style=\"text-align: justify;\">\u00c9num\u00e9r\u00e9s dans la <strong>Charte des gestes responsables<\/strong> transmise \u00e0 l\u2019ensemble des participantes, ces r\u00e9flexes simples seront rappel\u00e9s sur les bivouacs.<\/p>\n<p style=\"text-align: justify;\"><strong>Ainsi, les Roses Trekkeuses s\u2019engagent \u00e0<\/strong> :<\/p>\n<ol>\n<li style=\"text-align: justify;\"><strong>ne laisser aucune trace de leur passage dans le d\u00e9sert<\/strong>.<\/li>\n<li style=\"text-align: justify;\"><strong>ramasser tout d\u00e9chet abandonn\u00e9<\/strong> qu\u2019elles seraient amen\u00e9es \u00e0 trouver sur leur passage. Cela peut relever de l\u2019\u00e9vidence mais en r\u00e9alit\u00e9, qui collecte des d\u00e9chets jet\u00e9s par une tierce personne n\u00e9gligente dans la vie courante ? A m\u00e9diter avant, pendant, mais aussi apr\u00e8s le trek, quand chacune se trouvera en position d\u2019agir dans un contexte plus routinier.<\/li>\n<li style=\"text-align: justify;\"><strong>se munir de contenants<\/strong> de type gourdes ou autres (poches ou sacs \u00e0 eau) pour \u00eatre ravitaill\u00e9es en eau car <strong>aucune bouteille en plastique<\/strong> ne pourra circuler durant l\u2019\u00e9v\u00e9nement. L\u2019organisation contr\u00f4lera cela en marquant les bouteilles et certains emballages. Cette action invite les Roses Trekkeuses \u00e0 r\u00e9fl\u00e9chir sur <strong>la limitation progressive de l\u2019utilisation du plastique<\/strong> dans leur vie quotidienne.<\/li>\n<li style=\"text-align: justify;\"><strong>ramasser leur papier toilette<\/strong> utilis\u00e9 sur la piste : durant les longues heures de marche, et au regard des litres d\u2019eau n\u00e9cessairement consomm\u00e9s dans le d\u00e9sert, les participantes n\u2019auront pas d\u2019autre choix que de faire des pauses\u2026 qui se termineront par un petit feu de joie ! La consigne est aussi simple que stricte : on r\u00e9cup\u00e8re le papier dans son sac poubelle, que l\u2019on remet le soir sur le bivouac ou alors on le br\u00fble sur place.<\/li>\n<\/ol>\n<\/div>\r\n\r\n\t\t<\/div>\r\n\t<\/div>\t\r\n<\/div>\r\n\r\n[\/vc_column][\/vc_row][vc_row full_width=\u00a0\u00bbstretch_row_content_no_spaces\u00a0\u00bb el_class=\u00a0\u00bbbg-right-bottom\u00a0\u00bb][vc_column]<div class=\"split-box\" id=\"argenta-custom-69e4fd3c7473b\" \r\n\t\t\t\t>\r\n\t\t<div class=\"vc_col-md-6 split-box-wrap\">\r\n\t\t<div class=\"parallax-bg\"><\/div>\r\n\t\t<div class=\"content\">\r\n\t\t\t<div  class=\"heading-wrapper text-left\"  >\r\n\t\t\t<p class=\"subtitle\">#SURFRIDER FOUNDATION MAROC<\/p>\r\n\t\r\n\t<h3 class=\"second-title text-left\">Sensibiliser<\/h3>\r\n\r\n\t\r\n\t\t<div class=\"divider-solid\"><div class=\"divider-line\"><\/div><\/div>\t\r\n\t<\/div>\t\r\n\r\n[vc_empty_space height=\u00a0\u00bb20px\u00a0\u00bb]<div id=\"argenta-custom-69e4fd3c7bdb1\"  >\r\n\t<p align=\"justify\">Avec le soutien de <strong>Surfrider Foundation Maroc<\/strong>, une <strong>\u00e9quipe d\u2019ambassadrices<\/strong>, participant au trek, portera les valeurs de cette association qui \u0153uvre pour la <strong>protection des littoraux et des oc\u00e9ans<\/strong> \u00e0 l\u2019\u00e9chelle mondiale. Des repr\u00e9sentants de l\u2019antenne locale de l\u2019ONG seront pr\u00e9sents, notamment lors d\u2019une <strong>soir\u00e9e de sensibilisation<\/strong> sur le bivouac, qui pr\u00e9sentera les actions men\u00e9es sur le territoire marocain.<\/p>\n<h4 style=\"font-size: 21px;\">La collecte des d\u00e9chets<\/h4>\n<p align=\"justify\">Le challenge de collecte des d\u00e9chets, organis\u00e9 en partenariat avec Surfrider Foundation Maroc, prend place chaque ann\u00e9e durant toute l\u2019aventure. En voici les diff\u00e9rentes \u00e9tapes :<\/p>\n<p align=\"justify\"><strong>1 \u2013 Le ramassage<\/strong><br \/>\nLes participantes ramassent les d\u00e9chets qu\u2019elles trouveront dans le d\u00e9sert au fil des trac\u00e9s de leur aventure.<\/p>\n<p align=\"justify\"><strong>2 \u2013 La pes\u00e9e<\/strong><br \/>\nAux CP, les trekkeuses d\u00e9posent les d\u00e9chets et p\u00e8sent leurs sacs avant de les collecter.<\/p>\n<p align=\"justify\"><strong>3 \u2013 La comptabilisation<\/strong><br \/>\nLes d\u00e9chets collect\u00e9s sont quantifi\u00e9s et comptabilis\u00e9s par l\u2019association Surfrider Foundation Maroc<\/p>\n<\/div>\r\n\r\n\t\t<\/div>\r\n\t<\/div>\t<div class=\"vc_col-md-6 split-box-wrap\">\r\n\t\t<div class=\"parallax-bg\"><\/div>\r\n\t\t<div class=\"content\">\r\n\t\t\t\t\t<\/div>\r\n\t<\/div>\t\r\n<\/div>\r\n\r\n[\/vc_column][\/vc_row][vc_row full_width=\u00a0\u00bbstretch_row_content_no_spaces\u00a0\u00bb el_class=\u00a0\u00bbbg-right-bottom\u00a0\u00bb][vc_column]<div class=\"split-box\" id=\"argenta-custom-69e4fd3c7beb2\" \r\n\t\t\t\t>\r\n\t\t<div class=\"vc_col-md-6 split-box-wrap\">\r\n\t\t<div class=\"parallax-bg\"><\/div>\r\n\t\t<div class=\"content\">\r\n\t\t\t[vc_single_image image=\u00a0\u00bb14140&Prime; img_size=\u00a0\u00bbfull\u00a0\u00bb]\t\t<\/div>\r\n\t<\/div>\t<div class=\"vc_col-md-6 split-box-wrap\">\r\n\t\t<div class=\"parallax-bg\"><\/div>\r\n\t\t<div class=\"content\">\r\n\t\t\t<div  class=\"heading-wrapper text-left\"  >\r\n\t\t\t<p class=\"subtitle\">#Comportement \u00e9co-citoyen<\/p>\r\n\t\r\n\t<h3 class=\"second-title text-left\">Agir pour l\u2019environnement<\/h3>\r\n\r\n\t\r\n\t\t<div class=\"divider-solid\"><div class=\"divider-line\"><\/div><\/div>\t\r\n\t<\/div>\t\r\n\r\n[vc_empty_space height=\u00a0\u00bb20px\u00a0\u00bb]<div id=\"argenta-custom-69e4fd3c7c15c\"  >\r\n\t<p style=\"text-align: justify;\">Pour soutenir les Roses Trekkeuses dans ce comportement \u00e9co-citoyen, l\u2019organisation du trek s\u2019engage de son c\u00f4t\u00e9 \u00e0 <strong>fournir aux \u00e9quipes des sacs plastiques recyclables<\/strong> sur le bivouac pour la gestion de leurs d\u00e9chets.<\/p>\n<p style=\"text-align: justify;\">Concernant les <strong>bouteilles en plastique<\/strong> consomm\u00e9es durant la course, l\u2019organisation a pr\u00e9vu la <b>ma\u00eetrise de toutes les \u00e9tapes<\/b> de leur gestion :<\/p>\n<ul>\n<li style=\"text-align: justify;\"><strong>Au stade de la consommation<\/strong>, les trekkeuses passent par des <strong>points de ravitaillement<\/strong> o\u00f9 elles <strong>remplissent leurs propres contenants<\/strong> (gourdes, sac \u00e0 eau etc). Ainsi vid\u00e9es, les <strong>bouteilles en plastique sont conserv\u00e9es<\/strong> afin de <strong>supprimer tout risque de pollution<\/strong> du milieu naturel,<\/li>\n<li style=\"text-align: justify;\"><strong>La phase de compression et d\u2019acheminement<\/strong> est chronologiquement assur\u00e9e entre les participantes, l\u2019organisation et un centre local de compactage qui collecte les bouteilles jusqu\u2019au dernier jour du trek avant leur acheminement,<\/li>\n<li style=\"text-align: justify;\">Enfin <strong>le recyclage et la transformation<\/strong> des plastiques ainsi collect\u00e9s s\u2019effectuent en partenariat avec un <strong>organisme de tri local<\/strong> pour la <strong>gestion cibl\u00e9e<\/strong> des bouteilles, d\u2019une part (compact\u00e9es en granul\u00e9s puis retransform\u00e9es en bouteilles) et des bouchons, d\u2019autre parts (r\u00e9utilis\u00e9s pour la production de biens de consommation tels que sac \u00e0 main, tabouret, etc).<\/li>\n<\/ul>\n<\/div>\r\n\r\n\t\t<\/div>\r\n\t<\/div>\t\r\n<\/div>\r\n\r\n[\/vc_column][\/vc_row][vc_row][vc_column width=\u00a0\u00bb1\/6&Prime;][\/vc_column][vc_column width=\u00a0\u00bb2\/3&Prime;][vc_empty_space height=\u00a0\u00bb50px\u00a0\u00bb]<div id=\"argenta-custom-69e4fd3c7c210\"  >\r\n\t<p style=\"text-align: justify;\">De mani\u00e8re g\u00e9n\u00e9rale, tout est fait durant le <strong>Rose Trip Maroc<\/strong> pour la <strong>mise en avant et le respect strict de gestes simples<\/strong> qui, <strong>reproduits dans la sph\u00e8re familiale<\/strong> et quotidienne, sont un bel exemple de <strong>prise de conscience<\/strong> et un d\u00e9but de <strong>prise en main et de ma\u00eetrise de l\u2019impact environnemental qui rel\u00e8ve de chaque individu<\/strong>.<\/p>\n<\/div>\r\n\r\n[vc_empty_space height=\u00a0\u00bb90px\u00a0\u00bb][\/vc_column][vc_column width=\u00a0\u00bb1\/6&Prime;][\/vc_column][\/vc_row]\n","protected":false},"excerpt":{"rendered":"<p>[vc_row][vc_column width=\u00a0\u00bb1\/6&Prime;][\/vc_column][vc_column width=\u00a0\u00bb2\/3&Prime;][vc_empty_space height=\u00a0\u00bb60px\u00a0\u00bb][vc_empty_space height=\u00a0\u00bb20px\u00a0\u00bb][vc_empty_space height=\u00a0\u00bb60px\u00a0\u00bb][\/vc_column][vc_column width=\u00a0\u00bb1\/6&Prime;][\/vc_column][\/vc_row][vc_row full_width=\u00a0\u00bbstretch_row_content_no_spaces\u00a0\u00bb el_class=\u00a0\u00bbbg-right-bottom\u00a0\u00bb][vc_column][\/vc_column][\/vc_row][vc_row full_width=\u00a0\u00bbstretch_row_content_no_spaces\u00a0\u00bb el_class=\u00a0\u00bbbg-right-bottom\u00a0\u00bb][vc_column][\/vc_column][\/vc_row][vc_row full_width=\u00a0\u00bbstretch_row_content_no_spaces\u00a0\u00bb el_class=\u00a0\u00bbbg-right-bottom\u00a0\u00bb][vc_column][\/vc_column][\/vc_row][vc_row][vc_column width=\u00a0\u00bb1\/6&Prime;][\/vc_column][vc_column width=\u00a0\u00bb2\/3&Prime;][vc_empty_space height=\u00a0\u00bb50px\u00a0\u00bb][vc_empty_space height=\u00a0\u00bb90px\u00a0\u00bb][\/vc_column][vc_column width=\u00a0\u00bb1\/6&Prime;][\/vc_column][\/vc_row]<\/p>\n","protected":false},"author":1,"featured_media":0,"parent":12889,"menu_order":0,"comment_status":"closed","ping_status":"closed","template":"page-templates\/page_without-sidebar.php","meta":{"_acf_changed":false,"footnotes":""},"class_list":["post-14106","page","type-page","status-publish","hentry"],"acf":[],"yoast_head":"<!-- This site is optimized with the Yoast SEO Premium plugin v27.4 (Yoast SEO v27.4) - https:\/\/yoast.com\/product\/yoast-seo-premium-wordpress\/ -->\n<title>Ecocitoyennet\u00e9 | Rose Trip Maroc<\/title>\n<meta name=\"description\" content=\"Le Rose Trip Maroc met en place des actions visant \u00e0 responsabiliser et sensibiliser les trekkeuses sur la protection de l\u2019environnement\" \/>\n<meta name=\"robots\" content=\"index, follow, max-snippet:-1, max-image-preview:large, max-video-preview:-1\" \/>\n<link rel=\"canonical\" href=\"https:\/\/www.trekrosetrip.com\/maroc\/trek-en-direct\/ecocitoyennete\/\" \/>\n<meta property=\"og:locale\" content=\"fr_FR\" \/>\n<meta property=\"og:type\" content=\"article\" \/>\n<meta property=\"og:title\" content=\"Ecocitoyennet\u00e9\" \/>\n<meta property=\"og:description\" content=\"Le Rose Trip Maroc met en place des actions visant \u00e0 responsabiliser et sensibiliser les trekkeuses sur la protection de l\u2019environnement\" \/>\n<meta property=\"og:url\" content=\"https:\/\/www.trekrosetrip.com\/maroc\/trek-en-direct\/ecocitoyennete\/\" \/>\n<meta property=\"og:site_name\" content=\"Rose Trip Maroc\" \/>\n<meta property=\"article:modified_time\" content=\"2025-10-22T13:02:59+00:00\" \/>\n<meta property=\"og:image\" content=\"https:\/\/www.trekrosetrip.com\/maroc\/wp-content\/uploads\/sites\/2\/2020\/03\/ecoresponsabilite.jpg\" \/>\n\t<meta property=\"og:image:width\" content=\"1500\" \/>\n\t<meta property=\"og:image:height\" content=\"609\" \/>\n\t<meta property=\"og:image:type\" content=\"image\/jpeg\" \/>\n<meta name=\"twitter:card\" content=\"summary_large_image\" \/>\n<meta name=\"twitter:label1\" content=\"Dur\u00e9e de lecture estim\u00e9e\" \/>\n\t<meta name=\"twitter:data1\" content=\"5 minutes\" \/>\n<script type=\"application\/ld+json\" class=\"yoast-schema-graph\">{\"@context\":\"https:\\\/\\\/schema.org\",\"@graph\":[{\"@type\":\"WebPage\",\"@id\":\"https:\\\/\\\/www.trekrosetrip.com\\\/maroc\\\/trek-en-direct\\\/ecocitoyennete\\\/\",\"url\":\"https:\\\/\\\/www.trekrosetrip.com\\\/maroc\\\/trek-en-direct\\\/ecocitoyennete\\\/\",\"name\":\"Ecocitoyennet\u00e9 | Rose Trip Maroc\",\"isPartOf\":{\"@id\":\"https:\\\/\\\/www.trekrosetrip.com\\\/maroc\\\/#website\"},\"primaryImageOfPage\":{\"@id\":\"https:\\\/\\\/www.trekrosetrip.com\\\/maroc\\\/trek-en-direct\\\/ecocitoyennete\\\/#primaryimage\"},\"image\":{\"@id\":\"https:\\\/\\\/www.trekrosetrip.com\\\/maroc\\\/trek-en-direct\\\/ecocitoyennete\\\/#primaryimage\"},\"thumbnailUrl\":\"http:\\\/\\\/www.trekrosetrip.com\\\/maroc\\\/wp-content\\\/uploads\\\/sites\\\/2\\\/2020\\\/03\\\/tampon-ecoresponsable.png\",\"datePublished\":\"2020-03-31T13:06:33+00:00\",\"dateModified\":\"2025-10-22T13:02:59+00:00\",\"description\":\"Le Rose Trip Maroc met en place des actions visant \u00e0 responsabiliser et sensibiliser les trekkeuses sur la protection de l\u2019environnement\",\"breadcrumb\":{\"@id\":\"https:\\\/\\\/www.trekrosetrip.com\\\/maroc\\\/trek-en-direct\\\/ecocitoyennete\\\/#breadcrumb\"},\"inLanguage\":\"fr-FR\",\"potentialAction\":[{\"@type\":\"ReadAction\",\"target\":[\"https:\\\/\\\/www.trekrosetrip.com\\\/maroc\\\/trek-en-direct\\\/ecocitoyennete\\\/\"]}]},{\"@type\":\"ImageObject\",\"inLanguage\":\"fr-FR\",\"@id\":\"https:\\\/\\\/www.trekrosetrip.com\\\/maroc\\\/trek-en-direct\\\/ecocitoyennete\\\/#primaryimage\",\"url\":\"http:\\\/\\\/www.trekrosetrip.com\\\/maroc\\\/wp-content\\\/uploads\\\/sites\\\/2\\\/2020\\\/03\\\/tampon-ecoresponsable.png\",\"contentUrl\":\"http:\\\/\\\/www.trekrosetrip.com\\\/maroc\\\/wp-content\\\/uploads\\\/sites\\\/2\\\/2020\\\/03\\\/tampon-ecoresponsable.png\"},{\"@type\":\"BreadcrumbList\",\"@id\":\"https:\\\/\\\/www.trekrosetrip.com\\\/maroc\\\/trek-en-direct\\\/ecocitoyennete\\\/#breadcrumb\",\"itemListElement\":[{\"@type\":\"ListItem\",\"position\":1,\"name\":\"Home\",\"item\":\"https:\\\/\\\/www.trekrosetrip.com\\\/maroc\\\/\"},{\"@type\":\"ListItem\",\"position\":2,\"name\":\"Trek en Direct\",\"item\":\"https:\\\/\\\/www.trekrosetrip.com\\\/maroc\\\/\"},{\"@type\":\"ListItem\",\"position\":3,\"name\":\"Ecocitoyennet\u00e9\"}]},{\"@type\":\"WebSite\",\"@id\":\"https:\\\/\\\/www.trekrosetrip.com\\\/maroc\\\/#website\",\"url\":\"https:\\\/\\\/www.trekrosetrip.com\\\/maroc\\\/\",\"name\":\"Rose Trip Maroc\",\"description\":\"Trek d&#039;orientation f\u00e9minin et solidaire dans le d\u00e9sert du Maroc\",\"potentialAction\":[{\"@type\":\"SearchAction\",\"target\":{\"@type\":\"EntryPoint\",\"urlTemplate\":\"https:\\\/\\\/www.trekrosetrip.com\\\/maroc\\\/?s={search_term_string}\"},\"query-input\":{\"@type\":\"PropertyValueSpecification\",\"valueRequired\":true,\"valueName\":\"search_term_string\"}}],\"inLanguage\":\"fr-FR\"}]}<\/script>\n<!-- \/ Yoast SEO Premium plugin. -->","yoast_head_json":{"title":"Ecocitoyennet\u00e9 | Rose Trip Maroc","description":"Le Rose Trip Maroc met en place des actions visant \u00e0 responsabiliser et sensibiliser les trekkeuses sur la protection de l\u2019environnement","robots":{"index":"index","follow":"follow","max-snippet":"max-snippet:-1","max-image-preview":"max-image-preview:large","max-video-preview":"max-video-preview:-1"},"canonical":"https:\/\/www.trekrosetrip.com\/maroc\/trek-en-direct\/ecocitoyennete\/","og_locale":"fr_FR","og_type":"article","og_title":"Ecocitoyennet\u00e9","og_description":"Le Rose Trip Maroc met en place des actions visant \u00e0 responsabiliser et sensibiliser les trekkeuses sur la protection de l\u2019environnement","og_url":"https:\/\/www.trekrosetrip.com\/maroc\/trek-en-direct\/ecocitoyennete\/","og_site_name":"Rose Trip Maroc","article_modified_time":"2025-10-22T13:02:59+00:00","og_image":[{"width":1500,"height":609,"url":"https:\/\/www.trekrosetrip.com\/maroc\/wp-content\/uploads\/sites\/2\/2020\/03\/ecoresponsabilite.jpg","type":"image\/jpeg"}],"twitter_card":"summary_large_image","twitter_misc":{"Dur\u00e9e de lecture estim\u00e9e":"5 minutes"},"schema":{"@context":"https:\/\/schema.org","@graph":[{"@type":"WebPage","@id":"https:\/\/www.trekrosetrip.com\/maroc\/trek-en-direct\/ecocitoyennete\/","url":"https:\/\/www.trekrosetrip.com\/maroc\/trek-en-direct\/ecocitoyennete\/","name":"Ecocitoyennet\u00e9 | Rose Trip Maroc","isPartOf":{"@id":"https:\/\/www.trekrosetrip.com\/maroc\/#website"},"primaryImageOfPage":{"@id":"https:\/\/www.trekrosetrip.com\/maroc\/trek-en-direct\/ecocitoyennete\/#primaryimage"},"image":{"@id":"https:\/\/www.trekrosetrip.com\/maroc\/trek-en-direct\/ecocitoyennete\/#primaryimage"},"thumbnailUrl":"http:\/\/www.trekrosetrip.com\/maroc\/wp-content\/uploads\/sites\/2\/2020\/03\/tampon-ecoresponsable.png","datePublished":"2020-03-31T13:06:33+00:00","dateModified":"2025-10-22T13:02:59+00:00","description":"Le Rose Trip Maroc met en place des actions visant \u00e0 responsabiliser et sensibiliser les trekkeuses sur la protection de l\u2019environnement","breadcrumb":{"@id":"https:\/\/www.trekrosetrip.com\/maroc\/trek-en-direct\/ecocitoyennete\/#breadcrumb"},"inLanguage":"fr-FR","potentialAction":[{"@type":"ReadAction","target":["https:\/\/www.trekrosetrip.com\/maroc\/trek-en-direct\/ecocitoyennete\/"]}]},{"@type":"ImageObject","inLanguage":"fr-FR","@id":"https:\/\/www.trekrosetrip.com\/maroc\/trek-en-direct\/ecocitoyennete\/#primaryimage","url":"http:\/\/www.trekrosetrip.com\/maroc\/wp-content\/uploads\/sites\/2\/2020\/03\/tampon-ecoresponsable.png","contentUrl":"http:\/\/www.trekrosetrip.com\/maroc\/wp-content\/uploads\/sites\/2\/2020\/03\/tampon-ecoresponsable.png"},{"@type":"BreadcrumbList","@id":"https:\/\/www.trekrosetrip.com\/maroc\/trek-en-direct\/ecocitoyennete\/#breadcrumb","itemListElement":[{"@type":"ListItem","position":1,"name":"Home","item":"https:\/\/www.trekrosetrip.com\/maroc\/"},{"@type":"ListItem","position":2,"name":"Trek en Direct","item":"https:\/\/www.trekrosetrip.com\/maroc\/"},{"@type":"ListItem","position":3,"name":"Ecocitoyennet\u00e9"}]},{"@type":"WebSite","@id":"https:\/\/www.trekrosetrip.com\/maroc\/#website","url":"https:\/\/www.trekrosetrip.com\/maroc\/","name":"Rose Trip Maroc","description":"Trek d&#039;orientation f\u00e9minin et solidaire dans le d\u00e9sert du Maroc","potentialAction":[{"@type":"SearchAction","target":{"@type":"EntryPoint","urlTemplate":"https:\/\/www.trekrosetrip.com\/maroc\/?s={search_term_string}"},"query-input":{"@type":"PropertyValueSpecification","valueRequired":true,"valueName":"search_term_string"}}],"inLanguage":"fr-FR"}]}},"_links":{"self":[{"href":"https:\/\/www.trekrosetrip.com\/maroc\/wp-json\/wp\/v2\/pages\/14106","targetHints":{"allow":["GET"]}}],"collection":[{"href":"https:\/\/www.trekrosetrip.com\/maroc\/wp-json\/wp\/v2\/pages"}],"about":[{"href":"https:\/\/www.trekrosetrip.com\/maroc\/wp-json\/wp\/v2\/types\/page"}],"author":[{"embeddable":true,"href":"https:\/\/www.trekrosetrip.com\/maroc\/wp-json\/wp\/v2\/users\/1"}],"replies":[{"embeddable":true,"href":"https:\/\/www.trekrosetrip.com\/maroc\/wp-json\/wp\/v2\/comments?post=14106"}],"version-history":[{"count":5,"href":"https:\/\/www.trekrosetrip.com\/maroc\/wp-json\/wp\/v2\/pages\/14106\/revisions"}],"predecessor-version":[{"id":22250,"href":"https:\/\/www.trekrosetrip.com\/maroc\/wp-json\/wp\/v2\/pages\/14106\/revisions\/22250"}],"up":[{"embeddable":true,"href":"https:\/\/www.trekrosetrip.com\/maroc\/wp-json\/wp\/v2\/pages\/12889"}],"wp:attachment":[{"href":"https:\/\/www.trekrosetrip.com\/maroc\/wp-json\/wp\/v2\/media?parent=14106"}],"curies":[{"name":"wp","href":"https:\/\/api.w.org\/{rel}","templated":true}]}}