{"id":14085,"date":"2020-03-31T14:58:09","date_gmt":"2020-03-31T12:58:09","guid":{"rendered":"http:\/\/www.trekrosetrip.com\/maroc\/?page_id=14085"},"modified":"2025-06-23T17:24:29","modified_gmt":"2025-06-23T15:24:29","slug":"categorie-open-plus","status":"publish","type":"page","link":"https:\/\/www.trekrosetrip.com\/maroc\/trek-en-direct\/categorie-open-plus\/","title":{"rendered":"Cat\u00e9gorie Open +"},"content":{"rendered":"[vc_row][vc_column width=\u00a0\u00bb1\/4&Prime;][\/vc_column][vc_column width=\u00a0\u00bb1\/2&Prime;][vc_empty_space height=\u00a0\u00bb50px\u00a0\u00bb]<div  class=\"heading-wrapper text-center\"  >\r\n\t\t\t<p class=\"subtitle\">#OPEN+<\/p>\r\n\t\r\n\t<h1 class=\"second-title text-center\">La cat\u00e9gorie OPEN +<\/h1>\r\n\r\n\t\r\n\t\t<div class=\"divider-solid\"><div class=\"divider-line\"><\/div><\/div>\t\r\n\t<\/div>\t\r\n\r\n[vc_empty_space height=\u00a0\u00bb20px\u00a0\u00bb]<div id=\"argenta-custom-69e88ca13ac89\"  >\r\n\t<p style=\"text-align: justify;\">La <strong>cat\u00e9gorie OPEN +<\/strong> (18 \u00e0 22 km) est ouverte aux femmes pratiquant une discipline sportive relativement fr\u00e9quente et r\u00e9alisant de temps \u00e0 autre des balades de sant\u00e9. Avec cette cat\u00e9gorie, vous faites le choix de repousser vos limites et de sortir de votre zone de confort en vous plongeant au c\u0153ur d\u2019une comp\u00e9tition sportive. Les \u00e9tapes se disputeront sur <strong>des trac\u00e9s plus longs<\/strong> que ceux de la cat\u00e9gorie OPEN avec <strong>un terrain plus \u00e9volutif dans la difficult\u00e9<\/strong>.<\/p>\n<\/div>\r\n\r\n[vc_empty_space height=\u00a0\u00bb50px\u00a0\u00bb][\/vc_column][vc_column width=\u00a0\u00bb1\/4&Prime;][\/vc_column][\/vc_row]\n","protected":false},"excerpt":{"rendered":"<p>[vc_row][vc_column width=\u00a0\u00bb1\/4&Prime;][\/vc_column][vc_column width=\u00a0\u00bb1\/2&Prime;][vc_empty_space height=\u00a0\u00bb50px\u00a0\u00bb][vc_empty_space height=\u00a0\u00bb20px\u00a0\u00bb][vc_empty_space height=\u00a0\u00bb50px\u00a0\u00bb][\/vc_column][vc_column width=\u00a0\u00bb1\/4&Prime;][\/vc_column][\/vc_row]<\/p>\n","protected":false},"author":1,"featured_media":0,"parent":12889,"menu_order":0,"comment_status":"closed","ping_status":"closed","template":"teams-page.php","meta":{"_acf_changed":false,"footnotes":""},"class_list":["post-14085","page","type-page","status-publish","hentry"],"acf":[],"yoast_head":"<!-- This site is optimized with the Yoast SEO Premium plugin v27.4 (Yoast SEO v27.4) - https:\/\/yoast.com\/product\/yoast-seo-premium-wordpress\/ -->\n<title>Cat\u00e9gorie Open + | Rose Trip Maroc<\/title>\n<meta name=\"description\" content=\"La cat\u00e9gorie OPEN + est ouverte aux femmes pratiquant une discipline sportive et r\u00e9alisant de temps \u00e0 autre des balades de sant\u00e9.\" \/>\n<meta name=\"robots\" content=\"index, follow, max-snippet:-1, max-image-preview:large, max-video-preview:-1\" \/>\n<link rel=\"canonical\" href=\"https:\/\/www.trekrosetrip.com\/maroc\/trek-en-direct\/categorie-open-plus\/\" \/>\n<meta property=\"og:locale\" content=\"fr_FR\" \/>\n<meta property=\"og:type\" content=\"article\" \/>\n<meta property=\"og:title\" content=\"Cat\u00e9gorie Open + | Rose Trip Maroc\" \/>\n<meta property=\"og:description\" content=\"La cat\u00e9gorie OPEN + est ouverte aux femmes pratiquant une discipline sportive et r\u00e9alisant de temps \u00e0 autre des balades de sant\u00e9.\" \/>\n<meta property=\"og:url\" content=\"https:\/\/www.trekrosetrip.com\/maroc\/trek-en-direct\/categorie-open-plus\/\" \/>\n<meta property=\"og:site_name\" content=\"Rose Trip Maroc\" \/>\n<meta property=\"article:modified_time\" content=\"2025-06-23T15:24:29+00:00\" \/>\n<meta property=\"og:image\" content=\"https:\/\/www.trekrosetrip.com\/maroc\/wp-content\/uploads\/sites\/2\/2024\/10\/categorie-open-plus.jpg\" \/>\n\t<meta property=\"og:image:width\" content=\"2000\" \/>\n\t<meta property=\"og:image:height\" content=\"812\" \/>\n\t<meta property=\"og:image:type\" content=\"image\/jpeg\" \/>\n<meta name=\"twitter:card\" content=\"summary_large_image\" \/>\n<meta name=\"twitter:title\" content=\"Cat\u00e9gorie Open + | Rose Trip Maroc\" \/>\n<meta name=\"twitter:label1\" content=\"Dur\u00e9e de lecture estim\u00e9e\" \/>\n\t<meta name=\"twitter:data1\" content=\"1 minute\" \/>\n<script type=\"application\/ld+json\" class=\"yoast-schema-graph\">{\"@context\":\"https:\\\/\\\/schema.org\",\"@graph\":[{\"@type\":\"WebPage\",\"@id\":\"https:\\\/\\\/www.trekrosetrip.com\\\/maroc\\\/trek-en-direct\\\/categorie-open-plus\\\/\",\"url\":\"https:\\\/\\\/www.trekrosetrip.com\\\/maroc\\\/trek-en-direct\\\/categorie-open-plus\\\/\",\"name\":\"Cat\u00e9gorie Open + | Rose Trip Maroc\",\"isPartOf\":{\"@id\":\"https:\\\/\\\/www.trekrosetrip.com\\\/maroc\\\/#website\"},\"datePublished\":\"2020-03-31T12:58:09+00:00\",\"dateModified\":\"2025-06-23T15:24:29+00:00\",\"description\":\"La cat\u00e9gorie OPEN + est ouverte aux femmes pratiquant une discipline sportive et r\u00e9alisant de temps \u00e0 autre des balades de sant\u00e9.\",\"breadcrumb\":{\"@id\":\"https:\\\/\\\/www.trekrosetrip.com\\\/maroc\\\/trek-en-direct\\\/categorie-open-plus\\\/#breadcrumb\"},\"inLanguage\":\"fr-FR\",\"potentialAction\":[{\"@type\":\"ReadAction\",\"target\":[\"https:\\\/\\\/www.trekrosetrip.com\\\/maroc\\\/trek-en-direct\\\/categorie-open-plus\\\/\"]}]},{\"@type\":\"BreadcrumbList\",\"@id\":\"https:\\\/\\\/www.trekrosetrip.com\\\/maroc\\\/trek-en-direct\\\/categorie-open-plus\\\/#breadcrumb\",\"itemListElement\":[{\"@type\":\"ListItem\",\"position\":1,\"name\":\"Home\",\"item\":\"https:\\\/\\\/www.trekrosetrip.com\\\/maroc\\\/\"},{\"@type\":\"ListItem\",\"position\":2,\"name\":\"Trek en Direct\",\"item\":\"https:\\\/\\\/www.trekrosetrip.com\\\/maroc\\\/\"},{\"@type\":\"ListItem\",\"position\":3,\"name\":\"Cat\u00e9gorie Open +\"}]},{\"@type\":\"WebSite\",\"@id\":\"https:\\\/\\\/www.trekrosetrip.com\\\/maroc\\\/#website\",\"url\":\"https:\\\/\\\/www.trekrosetrip.com\\\/maroc\\\/\",\"name\":\"Rose Trip Maroc\",\"description\":\"Trek d&#039;orientation f\u00e9minin et solidaire dans le d\u00e9sert du Maroc\",\"potentialAction\":[{\"@type\":\"SearchAction\",\"target\":{\"@type\":\"EntryPoint\",\"urlTemplate\":\"https:\\\/\\\/www.trekrosetrip.com\\\/maroc\\\/?s={search_term_string}\"},\"query-input\":{\"@type\":\"PropertyValueSpecification\",\"valueRequired\":true,\"valueName\":\"search_term_string\"}}],\"inLanguage\":\"fr-FR\"}]}<\/script>\n<!-- \/ Yoast SEO Premium plugin. -->","yoast_head_json":{"title":"Cat\u00e9gorie Open + | Rose Trip Maroc","description":"La cat\u00e9gorie OPEN + est ouverte aux femmes pratiquant une discipline sportive et r\u00e9alisant de temps \u00e0 autre des balades de sant\u00e9.","robots":{"index":"index","follow":"follow","max-snippet":"max-snippet:-1","max-image-preview":"max-image-preview:large","max-video-preview":"max-video-preview:-1"},"canonical":"https:\/\/www.trekrosetrip.com\/maroc\/trek-en-direct\/categorie-open-plus\/","og_locale":"fr_FR","og_type":"article","og_title":"Cat\u00e9gorie Open + | Rose Trip Maroc","og_description":"La cat\u00e9gorie OPEN + est ouverte aux femmes pratiquant une discipline sportive et r\u00e9alisant de temps \u00e0 autre des balades de sant\u00e9.","og_url":"https:\/\/www.trekrosetrip.com\/maroc\/trek-en-direct\/categorie-open-plus\/","og_site_name":"Rose Trip Maroc","article_modified_time":"2025-06-23T15:24:29+00:00","og_image":[{"width":2000,"height":812,"url":"https:\/\/www.trekrosetrip.com\/maroc\/wp-content\/uploads\/sites\/2\/2024\/10\/categorie-open-plus.jpg","type":"image\/jpeg"}],"twitter_card":"summary_large_image","twitter_title":"Cat\u00e9gorie Open + | Rose Trip Maroc","twitter_misc":{"Dur\u00e9e de lecture estim\u00e9e":"1 minute"},"schema":{"@context":"https:\/\/schema.org","@graph":[{"@type":"WebPage","@id":"https:\/\/www.trekrosetrip.com\/maroc\/trek-en-direct\/categorie-open-plus\/","url":"https:\/\/www.trekrosetrip.com\/maroc\/trek-en-direct\/categorie-open-plus\/","name":"Cat\u00e9gorie Open + | Rose Trip Maroc","isPartOf":{"@id":"https:\/\/www.trekrosetrip.com\/maroc\/#website"},"datePublished":"2020-03-31T12:58:09+00:00","dateModified":"2025-06-23T15:24:29+00:00","description":"La cat\u00e9gorie OPEN + est ouverte aux femmes pratiquant une discipline sportive et r\u00e9alisant de temps \u00e0 autre des balades de sant\u00e9.","breadcrumb":{"@id":"https:\/\/www.trekrosetrip.com\/maroc\/trek-en-direct\/categorie-open-plus\/#breadcrumb"},"inLanguage":"fr-FR","potentialAction":[{"@type":"ReadAction","target":["https:\/\/www.trekrosetrip.com\/maroc\/trek-en-direct\/categorie-open-plus\/"]}]},{"@type":"BreadcrumbList","@id":"https:\/\/www.trekrosetrip.com\/maroc\/trek-en-direct\/categorie-open-plus\/#breadcrumb","itemListElement":[{"@type":"ListItem","position":1,"name":"Home","item":"https:\/\/www.trekrosetrip.com\/maroc\/"},{"@type":"ListItem","position":2,"name":"Trek en Direct","item":"https:\/\/www.trekrosetrip.com\/maroc\/"},{"@type":"ListItem","position":3,"name":"Cat\u00e9gorie Open +"}]},{"@type":"WebSite","@id":"https:\/\/www.trekrosetrip.com\/maroc\/#website","url":"https:\/\/www.trekrosetrip.com\/maroc\/","name":"Rose Trip Maroc","description":"Trek d&#039;orientation f\u00e9minin et solidaire dans le d\u00e9sert du Maroc","potentialAction":[{"@type":"SearchAction","target":{"@type":"EntryPoint","urlTemplate":"https:\/\/www.trekrosetrip.com\/maroc\/?s={search_term_string}"},"query-input":{"@type":"PropertyValueSpecification","valueRequired":true,"valueName":"search_term_string"}}],"inLanguage":"fr-FR"}]}},"_links":{"self":[{"href":"https:\/\/www.trekrosetrip.com\/maroc\/wp-json\/wp\/v2\/pages\/14085","targetHints":{"allow":["GET"]}}],"collection":[{"href":"https:\/\/www.trekrosetrip.com\/maroc\/wp-json\/wp\/v2\/pages"}],"about":[{"href":"https:\/\/www.trekrosetrip.com\/maroc\/wp-json\/wp\/v2\/types\/page"}],"author":[{"embeddable":true,"href":"https:\/\/www.trekrosetrip.com\/maroc\/wp-json\/wp\/v2\/users\/1"}],"replies":[{"embeddable":true,"href":"https:\/\/www.trekrosetrip.com\/maroc\/wp-json\/wp\/v2\/comments?post=14085"}],"version-history":[{"count":0,"href":"https:\/\/www.trekrosetrip.com\/maroc\/wp-json\/wp\/v2\/pages\/14085\/revisions"}],"up":[{"embeddable":true,"href":"https:\/\/www.trekrosetrip.com\/maroc\/wp-json\/wp\/v2\/pages\/12889"}],"wp:attachment":[{"href":"https:\/\/www.trekrosetrip.com\/maroc\/wp-json\/wp\/v2\/media?parent=14085"}],"curies":[{"name":"wp","href":"https:\/\/api.w.org\/{rel}","templated":true}]}}