{"id":12889,"date":"2020-03-27T15:04:09","date_gmt":"2020-03-27T14:04:09","guid":{"rendered":"http:\/\/www.trekrosetrip.com\/maroc\/?page_id=12889"},"modified":"2025-10-27T10:05:16","modified_gmt":"2025-10-27T09:05:16","slug":"trek-en-direct","status":"publish","type":"page","link":"https:\/\/www.trekrosetrip.com\/maroc\/trek-en-direct\/","title":{"rendered":"Trek en Direct"},"content":{"rendered":"[vc_row full_width=\u00a0\u00bbstretch_row_content\u00a0\u00bb css=\u00a0\u00bb.vc_custom_1727093874807{margin-top: 0px !important;margin-right: -15px !important;margin-bottom: 0px !important;margin-left: -15px !important;padding-top: 0px !important;padding-right: 0px !important;padding-bottom: 0px !important;padding-left: 0px !important;}\u00a0\u00bb][vc_column css=\u00a0\u00bb.vc_custom_1760694811821{margin-top: 0px !important;margin-right: 0px !important;margin-bottom: 0px !important;margin-left: 0px !important;padding-top: 0px !important;padding-right: 0px !important;padding-bottom: 0px !important;padding-left: 0px !important;}\u00a0\u00bb el_class=\u00a0\u00bbno-margin\u00a0\u00bb]<link href=\"https:\/\/fonts.googleapis.com\/css?family=Lato:900%2C400%7CNothing+You+Could+Do:400%7CRoboto:500\" rel=\"stylesheet\" property=\"stylesheet\" type=\"text\/css\" media=\"all\">\n<div id=\"rev_slider_4_1_wrapper\" class=\"rev_slider_wrapper fullwidthbanner-container\" data-source=\"gallery\" style=\"margin:0px auto;background:transparent;padding:0px;margin-top:0px;margin-bottom:0px;\">\n<!-- START REVOLUTION SLIDER 5.4.5.1 fullwidth mode -->\n\t<div id=\"rev_slider_4_1\" class=\"rev_slider fullwidthabanner\" style=\"display:none;\" data-version=\"5.4.5.1\">\n<ul>\t<!-- SLIDE  -->\n\t<li data-index=\"rs-6\" data-transition=\"fade,fadefromright\" data-slotamount=\"default,default\" data-hideafterloop=\"0\" data-hideslideonmobile=\"off\"  data-easein=\"default,default\" data-easeout=\"default,default\" data-masterspeed=\"300,default\"  data-delay=\"8000\"  data-rotate=\"0,0\"  data-saveperformance=\"off\"  data-title=\"Trek en direct\" data-param1=\"\" data-param2=\"\" data-param3=\"\" data-param4=\"\" data-param5=\"\" data-param6=\"\" data-param7=\"\" data-param8=\"\" data-param9=\"\" data-param10=\"\" data-description=\"\">\n\t\t<!-- MAIN IMAGE -->\n\t\t<img loading=\"lazy\" decoding=\"async\" src=\"https:\/\/www.trekrosetrip.com\/maroc\/wp-content\/uploads\/sites\/2\/2025\/10\/Trek-en-Direct-Rose-Trip-Maroc-2025.jpg\"  alt=\"Rose Trip Maroc 2025 - Trek en Direct\" title=\"Rose Trip Maroc 2025 &#8211; Trek en Direct\"  width=\"1500\" height=\"1078\" data-bgposition=\"center center\" data-bgfit=\"cover\" data-bgrepeat=\"no-repeat\" class=\"rev-slidebg\" data-no-retina>\n\t\t<!-- LAYERS -->\n\n\t\t<!-- LAYER NR. 1 -->\n\t\t<div class=\"tp-caption   tp-resizeme\" \n\t\t\t id=\"slide-6-layer-1\" \n\t\t\t data-x=\"['left','center','center','center']\" data-hoffset=\"['10','0','0','0']\" \n\t\t\t data-y=\"['top','top','top','top']\" data-voffset=\"['416','299','492','160']\" \n\t\t\t\t\t\tdata-fontsize=\"['75','75','75','55']\"\n\t\t\tdata-width=\"['482','482','482','356']\"\n\t\t\tdata-height=\"58\"\n\t\t\tdata-whitespace=\"nowrap\"\n \n\t\t\tdata-type=\"text\" \n\t\t\tdata-responsive_offset=\"on\" \n\n\t\t\tdata-frames='[{\"delay\":799.99969482421875,\"speed\":900,\"frame\":\"0\",\"from\":\"y:-50px;opacity:0;\",\"to\":\"o:1;\",\"ease\":\"Power3.easeInOut\"},{\"delay\":\"wait\",\"speed\":300,\"frame\":\"999\",\"to\":\"opacity:0;\",\"ease\":\"Power3.easeInOut\"}]'\n\t\t\tdata-textAlign=\"['inherit','inherit','inherit','inherit']\"\n\t\t\tdata-paddingtop=\"[0,0,0,0]\"\n\t\t\tdata-paddingright=\"[0,0,0,0]\"\n\t\t\tdata-paddingbottom=\"[0,0,0,0]\"\n\t\t\tdata-paddingleft=\"[0,0,0,0]\"\n\n\t\t\tstyle=\"z-index: 5; min-width: 482px; max-width: 482px; max-width: 58px; max-width: 58px; white-space: nowrap; font-size: 75px; line-height: 22px; font-weight: 900; color: #ffffff; letter-spacing: 0px;font-family:Lato;text-shadow:2px 2px 5px #55382c;\">Trek en Direct <\/div>\n\n\t\t<!-- LAYER NR. 2 -->\n\t\t<div class=\"tp-caption   tp-resizeme\" \n\t\t\t id=\"slide-6-layer-2\" \n\t\t\t data-x=\"['left','center','center','center']\" data-hoffset=\"['10','0','0','0']\" \n\t\t\t data-y=\"['top','top','top','top']\" data-voffset=\"['483','366','567','206']\" \n\t\t\t\t\t\tdata-fontsize=\"['60','60','60','40']\"\n\t\t\tdata-width=\"none\"\n\t\t\tdata-height=\"none\"\n\t\t\tdata-whitespace=\"nowrap\"\n \n\t\t\tdata-type=\"text\" \n\t\t\tdata-responsive_offset=\"on\" \n\n\t\t\tdata-frames='[{\"delay\":1549.99969482421875,\"speed\":600,\"frame\":\"0\",\"from\":\"y:-50px;opacity:0;\",\"to\":\"o:1;\",\"ease\":\"Power3.easeInOut\"},{\"delay\":\"wait\",\"speed\":300,\"frame\":\"999\",\"to\":\"opacity:0;\",\"ease\":\"Power3.easeInOut\"}]'\n\t\t\tdata-textAlign=\"['inherit','inherit','inherit','inherit']\"\n\t\t\tdata-paddingtop=\"[0,0,0,0]\"\n\t\t\tdata-paddingright=\"[0,0,0,0]\"\n\t\t\tdata-paddingbottom=\"[0,0,0,0]\"\n\t\t\tdata-paddingleft=\"[0,0,0,0]\"\n\n\t\t\tstyle=\"z-index: 6; white-space: nowrap; font-size: 60px; line-height: 22px; font-weight: 400; color: #ffffff; letter-spacing: 0px;font-family:Lato;text-shadow:2px 2px 5px #55382c;\">Trek d'orientation <\/div>\n\n\t\t<!-- LAYER NR. 3 -->\n\t\t<div class=\"tp-caption   tp-resizeme\" \n\t\t\t id=\"slide-6-layer-3\" \n\t\t\t data-x=\"['left','center','center','center']\" data-hoffset=\"['11','0','0','0']\" \n\t\t\t data-y=\"['top','top','top','top']\" data-voffset=\"['556','481','677','252']\" \n\t\t\t\t\t\tdata-fontsize=\"['55','55','55','30']\"\n\t\t\tdata-width=\"none\"\n\t\t\tdata-height=\"none\"\n\t\t\tdata-whitespace=\"nowrap\"\n \n\t\t\tdata-type=\"text\" \n\t\t\tdata-responsive_offset=\"on\" \n\n\t\t\tdata-frames='[{\"delay\":1729.99969482421875,\"speed\":600,\"frame\":\"0\",\"from\":\"y:50px;opacity:0;\",\"to\":\"o:1;\",\"ease\":\"Power3.easeInOut\"},{\"delay\":\"wait\",\"speed\":300,\"frame\":\"999\",\"to\":\"opacity:0;\",\"ease\":\"Power3.easeInOut\"}]'\n\t\t\tdata-textAlign=\"['inherit','inherit','inherit','inherit']\"\n\t\t\tdata-paddingtop=\"[0,0,0,0]\"\n\t\t\tdata-paddingright=\"[0,0,0,0]\"\n\t\t\tdata-paddingbottom=\"[0,0,0,0]\"\n\t\t\tdata-paddingleft=\"[0,0,0,0]\"\n\n\t\t\tstyle=\"z-index: 7; white-space: nowrap; font-size: 55px; line-height: 22px; font-weight: 400; color: #ffffff; letter-spacing: 0px;font-family:Lato;text-shadow:2px 2px 5px #55382c;\">100% f\u00e9minin et solidaire <\/div>\n\n\t\t<!-- LAYER NR. 4 -->\n\t\t<div class=\"tp-caption   tp-resizeme\" \n\t\t\t id=\"slide-6-layer-4\" \n\t\t\t data-x=\"['left','center','center','center']\" data-hoffset=\"['10','0','0','0']\" \n\t\t\t data-y=\"['top','top','top','top']\" data-voffset=\"['599','527','725','404']\" \n\t\t\t\t\t\tdata-fontsize=\"['28','28','28','21']\"\n\t\t\tdata-width=\"none\"\n\t\t\tdata-height=\"none\"\n\t\t\tdata-whitespace=\"nowrap\"\n \n\t\t\tdata-type=\"text\" \n\t\t\tdata-responsive_offset=\"on\" \n\n\t\t\tdata-frames='[{\"delay\":2779.99969482421875,\"speed\":600,\"frame\":\"0\",\"from\":\"y:50px;opacity:0;\",\"to\":\"o:1;\",\"ease\":\"Power3.easeInOut\"},{\"delay\":\"wait\",\"speed\":300,\"frame\":\"999\",\"to\":\"opacity:0;\",\"ease\":\"Power3.easeInOut\"}]'\n\t\t\tdata-textAlign=\"['inherit','inherit','inherit','inherit']\"\n\t\t\tdata-paddingtop=\"[0,0,0,0]\"\n\t\t\tdata-paddingright=\"[0,0,0,0]\"\n\t\t\tdata-paddingbottom=\"[0,0,0,0]\"\n\t\t\tdata-paddingleft=\"[0,0,0,0]\"\n\n\t\t\tstyle=\"z-index: 8; white-space: nowrap; font-size: 28px; line-height: 22px; font-weight: 400; color: #ffffff; letter-spacing: 0px;font-family:Nothing You Could Do;text-shadow:2px 2px 5px #55382c;\">D\u00e9couvrez ici toutes les derni\u00e8res actualit\u00e9s <\/div>\n\n\t\t<!-- LAYER NR. 5 -->\n\t\t<div class=\"tp-caption rev-btn rev-withicon   track_AddToWishlist track_AddToWishlist-Maroc\" \n\t\t\t id=\"slide-6-layer-6\" \n\t\t\t data-x=\"['left','center','center','center']\" data-hoffset=\"['8','0','0','0']\" \n\t\t\t data-y=\"['top','top','top','middle']\" data-voffset=\"['649','591','766','174']\" \n\t\t\t\t\t\tdata-width=\"none\"\n\t\t\tdata-height=\"none\"\n\t\t\tdata-whitespace=\"nowrap\"\n \n\t\t\tdata-type=\"button\" \n\t\t\tdata-actions='[{\"event\":\"click\",\"action\":\"simplelink\",\"target\":\"_self\",\"url\":\"https:\\\/\\\/www.trekrosetrip.com\\\/maroc\\\/inscription-au-trek\\\/\",\"delay\":\"\"}]'\n\t\t\tdata-responsive_offset=\"on\" \n\t\t\tdata-responsive=\"off\"\n\t\t\tdata-frames='[{\"delay\":2119.99969482421875,\"speed\":1050,\"frame\":\"0\",\"from\":\"opacity:0;\",\"to\":\"o:1;\",\"ease\":\"Power3.easeInOut\"},{\"delay\":\"wait\",\"speed\":300,\"frame\":\"999\",\"to\":\"opacity:0;\",\"ease\":\"Power3.easeInOut\"},{\"frame\":\"hover\",\"speed\":\"0\",\"ease\":\"Linear.easeNone\",\"to\":\"o:1;rX:0;rY:0;rZ:0;z:0;\",\"style\":\"c:rgb(215,0,109);bg:rgba(255,255,255,1);\"}]'\n\t\t\tdata-textAlign=\"['inherit','inherit','inherit','inherit']\"\n\t\t\tdata-paddingtop=\"[12,12,12,12]\"\n\t\t\tdata-paddingright=\"[35,35,35,35]\"\n\t\t\tdata-paddingbottom=\"[12,12,12,12]\"\n\t\t\tdata-paddingleft=\"[35,35,35,35]\"\n\n\t\t\tstyle=\"z-index: 9; white-space: nowrap; font-size: 17px; line-height: 17px; font-weight: 500; color: rgba(255,255,255,1); letter-spacing: px;font-family:Roboto;background-color:rgba(215,0,109,0.75);border-radius:30px 30px 30px 30px;outline:none;box-shadow:none;box-sizing:border-box;-moz-box-sizing:border-box;-webkit-box-sizing:border-box;\">R\u00e9server sa place pour 2026 <i class=\"fa-icon-chevron-right\"><\/i> <\/div>\n\t<\/li>\n<\/ul>\n<div class=\"tp-bannertimer tp-bottom\" style=\"visibility: hidden !important;\"><\/div>\t<\/div>\n<script>var htmlDiv = document.getElementById(\"rs-plugin-settings-inline-css\"); var htmlDivCss=\"\";\r\n\t\t\t\tif(htmlDiv) {\r\n\t\t\t\t\thtmlDiv.innerHTML = htmlDiv.innerHTML + htmlDivCss;\r\n\t\t\t\t}else{\r\n\t\t\t\t\tvar htmlDiv = document.createElement(\"div\");\r\n\t\t\t\t\thtmlDiv.innerHTML = \"<style>\" + htmlDivCss + \"<\/style>\";\r\n\t\t\t\t\tdocument.getElementsByTagName(\"head\")[0].appendChild(htmlDiv.childNodes[0]);\r\n\t\t\t\t}\r\n\t\t\t<\/script>\n\t\t<script type=\"text\/javascript\">\r\nsetREVStartSize({c: jQuery('#rev_slider_4_1'), responsiveLevels: [1240,1024,778,480], gridwidth: [1280,1024,778,480], gridheight: [780,730,960,600], sliderLayout: 'auto'});\r\n\t\t\t\r\nvar revapi4,\r\n\ttpj=jQuery;\r\n\t\t\t\r\ntpj(document).ready(function() {\n\tif(tpj(\"#rev_slider_4_1\").revolution == undefined){\n\t\trevslider_showDoubleJqueryError(\"#rev_slider_4_1\");\n\t}else{\n\t\trevapi4 = tpj(\"#rev_slider_4_1\").show().revolution({\n\t\t\tsliderType:\"standard\",\n\t\t\tjsFileLocation:\"\/\/www.trekrosetrip.com\/maroc\/wp-content\/plugins\/revslider\/public\/assets\/js\/\",\n\t\t\tsliderLayout:\"auto\",\n\t\t\tdottedOverlay:\"none\",\n\t\t\tdelay:9000,\n\t\t\tnavigation: {\n\t\t\t\tonHoverStop:\"off\",\n\t\t\t},\n\t\t\tresponsiveLevels:[1240,1024,778,480],\n\t\t\tvisibilityLevels:[1240,1024,778,480],\n\t\t\tgridwidth:[1280,1024,778,480],\n\t\t\tgridheight:[780,730,960,600],\n\t\t\tlazyType:\"none\",\n\t\t\tshadow:0,\n\t\t\tspinner:\"spinner0\",\n\t\t\tstopLoop:\"off\",\n\t\t\tstopAfterLoops:-1,\n\t\t\tstopAtSlide:-1,\n\t\t\tshuffle:\"off\",\n\t\t\tautoHeight:\"off\",\n\t\t\tdisableProgressBar:\"on\",\n\t\t\thideThumbsOnMobile:\"off\",\n\t\t\thideSliderAtLimit:0,\n\t\t\thideCaptionAtLimit:0,\n\t\t\thideAllCaptionAtLilmit:0,\n\t\t\tdebugMode:false,\n\t\t\tfallbacks: {\n\t\t\t\tsimplifyAll:\"off\",\n\t\t\t\tnextSlideOnWindowFocus:\"off\",\n\t\t\t\tdisableFocusListener:false,\n\t\t\t}\n\t\t});\n\t}\n\t\n});\t\/*ready*\/\n<\/script>\r\n\t\t<\/div><!-- END REVOLUTION SLIDER -->[\/vc_column][\/vc_row][vc_row el_id=\u00a0\u00bbicon-racc\u00a0\u00bb][vc_column]<div id=\"argenta-custom-69e370dab7771\"  >\r\n\t<p>[ced_medias_menu]<\/p>\n<\/div>\r\n\r\n[\/vc_column][\/vc_row][vc_row][vc_column][vc_empty_space height=\u00a0\u00bb60px\u00a0\u00bb el_class=\u00a0\u00bbarg-spacer\u00a0\u00bb]<div  class=\"heading-wrapper text-center text-titre\"  >\r\n\t\t\t<p class=\"subtitle\">Toutes les derni\u00e8res actualit\u00e9s du trek<\/p>\r\n\t\r\n\t<h1 class=\"second-title text-center\">A la Une<\/h1>\r\n\r\n\t\r\n\t\t<div class=\"divider-solid\"><div class=\"divider-line\"><\/div><\/div>\t\r\n\t<\/div>\t\r\n\r\n[vc_empty_space height=\u00a0\u00bb20px\u00a0\u00bb el_class=\u00a0\u00bbarg-spacer\u00a0\u00bb][\/vc_column][\/vc_row][vc_row][vc_column width=\u00a0\u00bb1\/6&Prime;][\/vc_column][vc_column width=\u00a0\u00bb2\/3&Prime;]<div id=\"argenta-custom-69e370dab78fd\"  >\r\n\t<p style=\"text-align: justify;\">Vivre au rythme du <strong>Rose Trip<\/strong>, une <strong>randonn\u00e9e nomade aux portes du Sahara<\/strong>, au jour le jour et au plus pr\u00e8s des participantes pendant quatre jours. C\u2019est <strong>l\u2019univers de ces trekkeuses aventuri\u00e8res<\/strong> que nous vous proposons de vivre ici&#8230;<\/p>\n<\/div>\r\n\r\n[vc_empty_space height=\u00a0\u00bb20px\u00a0\u00bb el_class=\u00a0\u00bbarg-spacer\u00a0\u00bb][\/vc_column][vc_column width=\u00a0\u00bb1\/6&Prime;][\/vc_column][\/vc_row]\n","protected":false},"excerpt":{"rendered":"<p>[vc_row full_width=\u00a0\u00bbstretch_row_content\u00a0\u00bb css=\u00a0\u00bb.vc_custom_1727093874807{margin-top: 0px !important;margin-right: -15px !important;margin-bottom: 0px !important;margin-left: -15px !important;padding-top: 0px !important;padding-right: 0px !important;padding-bottom: 0px !important;padding-left: 0px !important;}\u00a0\u00bb][vc_column css=\u00a0\u00bb.vc_custom_1760694811821{margin-top: 0px !important;margin-right: 0px !important;margin-bottom: 0px !important;margin-left: 0px !important;padding-top: 0px !important;padding-right: 0px !important;padding-bottom: 0px !important;padding-left: 0px !important;}\u00a0\u00bb el_class=\u00a0\u00bbno-margin\u00a0\u00bb][\/vc_column][\/vc_row][vc_row el_id=\u00a0\u00bbicon-racc\u00a0\u00bb][vc_column][\/vc_column][\/vc_row][vc_row][vc_column][vc_empty_space height=\u00a0\u00bb60px\u00a0\u00bb el_class=\u00a0\u00bbarg-spacer\u00a0\u00bb][vc_empty_space height=\u00a0\u00bb20px\u00a0\u00bb el_class=\u00a0\u00bbarg-spacer\u00a0\u00bb][\/vc_column][\/vc_row][vc_row][vc_column width=\u00a0\u00bb1\/6&Prime;][\/vc_column][vc_column width=\u00a0\u00bb2\/3&Prime;][vc_empty_space height=\u00a0\u00bb20px\u00a0\u00bb el_class=\u00a0\u00bbarg-spacer\u00a0\u00bb][\/vc_column][vc_column width=\u00a0\u00bb1\/6&Prime;][\/vc_column][\/vc_row]<\/p>\n","protected":false},"author":1,"featured_media":0,"parent":0,"menu_order":0,"comment_status":"closed","ping_status":"closed","template":"page-templates\/page_for-ced.php","meta":{"_acf_changed":false,"footnotes":""},"class_list":["post-12889","page","type-page","status-publish","hentry"],"acf":[],"yoast_head":"<!-- This site is optimized with the Yoast SEO Premium plugin v27.4 (Yoast SEO v27.4) - https:\/\/yoast.com\/product\/yoast-seo-premium-wordpress\/ -->\n<title>Rose Trip Maroc 2025 | Trek en Direct<\/title>\n<meta name=\"description\" content=\"Suivez la 7e \u00e9dition du Rose Trip Maroc qui met le cap sur le Sud-Est marocain pour un trek de 4 jours, que vous pourrez suivre ici.\" \/>\n<meta name=\"robots\" content=\"index, follow, max-snippet:-1, max-image-preview:large, max-video-preview:-1\" \/>\n<link rel=\"canonical\" href=\"https:\/\/www.trekrosetrip.com\/maroc\/\" \/>\n<meta property=\"og:locale\" content=\"fr_FR\" \/>\n<meta property=\"og:type\" content=\"article\" \/>\n<meta property=\"og:title\" content=\"Trek en Direct | Rose Trip Maroc Trek en Direct | Rose Trip Maroc 2025\" \/>\n<meta property=\"og:description\" content=\"Suivez la 7e \u00e9dition du Rose Trip Maroc qui met le cap sur le Sud-Est marocain pour un trek de 4 jours, que vous pourrez suivre ici.\" \/>\n<meta property=\"og:url\" content=\"https:\/\/www.trekrosetrip.com\/maroc\/\" \/>\n<meta property=\"og:site_name\" content=\"Rose Trip Maroc\" \/>\n<meta property=\"article:modified_time\" content=\"2025-10-27T09:05:16+00:00\" \/>\n<meta property=\"og:image\" content=\"https:\/\/www.trekrosetrip.com\/maroc\/wp-content\/uploads\/sites\/2\/2025\/10\/Trek-en-Direct-Rose-Trip-Maroc-2025.jpg\" \/>\n\t<meta property=\"og:image:width\" content=\"1500\" \/>\n\t<meta property=\"og:image:height\" content=\"1078\" \/>\n\t<meta property=\"og:image:type\" content=\"image\/jpeg\" \/>\n<meta name=\"twitter:card\" content=\"summary_large_image\" \/>\n<meta name=\"twitter:title\" content=\"Trek en Direct | Rose Trip Maroc 2025\" \/>\n<meta name=\"twitter:image\" content=\"https:\/\/www.trekrosetrip.com\/maroc\/wp-content\/uploads\/sites\/2\/2025\/10\/Trek-en-Direct-Rose-Trip-Maroc-2025.jpg\" \/>\n<meta name=\"twitter:label1\" content=\"Dur\u00e9e de lecture estim\u00e9e\" \/>\n\t<meta name=\"twitter:data1\" content=\"1 minute\" \/>\n<script type=\"application\/ld+json\" class=\"yoast-schema-graph\">{\"@context\":\"https:\\\/\\\/schema.org\",\"@graph\":[{\"@type\":\"WebPage\",\"@id\":\"https:\\\/\\\/www.trekrosetrip.com\\\/maroc\\\/\",\"url\":\"https:\\\/\\\/www.trekrosetrip.com\\\/maroc\\\/\",\"name\":\"Rose Trip Maroc 2025 | Trek en Direct\",\"isPartOf\":{\"@id\":\"https:\\\/\\\/www.trekrosetrip.com\\\/maroc\\\/#website\"},\"datePublished\":\"2020-03-27T14:04:09+00:00\",\"dateModified\":\"2025-10-27T09:05:16+00:00\",\"description\":\"Suivez la 7e \u00e9dition du Rose Trip Maroc qui met le cap sur le Sud-Est marocain pour un trek de 4 jours, que vous pourrez suivre ici.\",\"breadcrumb\":{\"@id\":\"https:\\\/\\\/www.trekrosetrip.com\\\/maroc\\\/#breadcrumb\"},\"inLanguage\":\"fr-FR\",\"potentialAction\":[{\"@type\":\"ReadAction\",\"target\":[\"https:\\\/\\\/www.trekrosetrip.com\\\/maroc\\\/\"]}]},{\"@type\":\"BreadcrumbList\",\"@id\":\"https:\\\/\\\/www.trekrosetrip.com\\\/maroc\\\/#breadcrumb\",\"itemListElement\":[{\"@type\":\"ListItem\",\"position\":1,\"name\":\"Home\",\"item\":\"https:\\\/\\\/www.trekrosetrip.com\\\/maroc\\\/\"},{\"@type\":\"ListItem\",\"position\":2,\"name\":\"Trek en Direct\"}]},{\"@type\":\"WebSite\",\"@id\":\"https:\\\/\\\/www.trekrosetrip.com\\\/maroc\\\/#website\",\"url\":\"https:\\\/\\\/www.trekrosetrip.com\\\/maroc\\\/\",\"name\":\"Rose Trip Maroc\",\"description\":\"Trek d&#039;orientation f\u00e9minin et solidaire dans le d\u00e9sert du Maroc\",\"potentialAction\":[{\"@type\":\"SearchAction\",\"target\":{\"@type\":\"EntryPoint\",\"urlTemplate\":\"https:\\\/\\\/www.trekrosetrip.com\\\/maroc\\\/?s={search_term_string}\"},\"query-input\":{\"@type\":\"PropertyValueSpecification\",\"valueRequired\":true,\"valueName\":\"search_term_string\"}}],\"inLanguage\":\"fr-FR\"}]}<\/script>\n<!-- \/ Yoast SEO Premium plugin. -->","yoast_head_json":{"title":"Rose Trip Maroc 2025 | Trek en Direct","description":"Suivez la 7e \u00e9dition du Rose Trip Maroc qui met le cap sur le Sud-Est marocain pour un trek de 4 jours, que vous pourrez suivre ici.","robots":{"index":"index","follow":"follow","max-snippet":"max-snippet:-1","max-image-preview":"max-image-preview:large","max-video-preview":"max-video-preview:-1"},"canonical":"https:\/\/www.trekrosetrip.com\/maroc\/","og_locale":"fr_FR","og_type":"article","og_title":"Trek en Direct | Rose Trip Maroc Trek en Direct | Rose Trip Maroc 2025","og_description":"Suivez la 7e \u00e9dition du Rose Trip Maroc qui met le cap sur le Sud-Est marocain pour un trek de 4 jours, que vous pourrez suivre ici.","og_url":"https:\/\/www.trekrosetrip.com\/maroc\/","og_site_name":"Rose Trip Maroc","article_modified_time":"2025-10-27T09:05:16+00:00","og_image":[{"width":1500,"height":1078,"url":"https:\/\/www.trekrosetrip.com\/maroc\/wp-content\/uploads\/sites\/2\/2025\/10\/Trek-en-Direct-Rose-Trip-Maroc-2025.jpg","type":"image\/jpeg"}],"twitter_card":"summary_large_image","twitter_title":"Trek en Direct | Rose Trip Maroc 2025","twitter_image":"https:\/\/www.trekrosetrip.com\/maroc\/wp-content\/uploads\/sites\/2\/2025\/10\/Trek-en-Direct-Rose-Trip-Maroc-2025.jpg","twitter_misc":{"Dur\u00e9e de lecture estim\u00e9e":"1 minute"},"schema":{"@context":"https:\/\/schema.org","@graph":[{"@type":"WebPage","@id":"https:\/\/www.trekrosetrip.com\/maroc\/","url":"https:\/\/www.trekrosetrip.com\/maroc\/","name":"Rose Trip Maroc 2025 | Trek en Direct","isPartOf":{"@id":"https:\/\/www.trekrosetrip.com\/maroc\/#website"},"datePublished":"2020-03-27T14:04:09+00:00","dateModified":"2025-10-27T09:05:16+00:00","description":"Suivez la 7e \u00e9dition du Rose Trip Maroc qui met le cap sur le Sud-Est marocain pour un trek de 4 jours, que vous pourrez suivre ici.","breadcrumb":{"@id":"https:\/\/www.trekrosetrip.com\/maroc\/#breadcrumb"},"inLanguage":"fr-FR","potentialAction":[{"@type":"ReadAction","target":["https:\/\/www.trekrosetrip.com\/maroc\/"]}]},{"@type":"BreadcrumbList","@id":"https:\/\/www.trekrosetrip.com\/maroc\/#breadcrumb","itemListElement":[{"@type":"ListItem","position":1,"name":"Home","item":"https:\/\/www.trekrosetrip.com\/maroc\/"},{"@type":"ListItem","position":2,"name":"Trek en Direct"}]},{"@type":"WebSite","@id":"https:\/\/www.trekrosetrip.com\/maroc\/#website","url":"https:\/\/www.trekrosetrip.com\/maroc\/","name":"Rose Trip Maroc","description":"Trek d&#039;orientation f\u00e9minin et solidaire dans le d\u00e9sert du Maroc","potentialAction":[{"@type":"SearchAction","target":{"@type":"EntryPoint","urlTemplate":"https:\/\/www.trekrosetrip.com\/maroc\/?s={search_term_string}"},"query-input":{"@type":"PropertyValueSpecification","valueRequired":true,"valueName":"search_term_string"}}],"inLanguage":"fr-FR"}]}},"_links":{"self":[{"href":"https:\/\/www.trekrosetrip.com\/maroc\/wp-json\/wp\/v2\/pages\/12889","targetHints":{"allow":["GET"]}}],"collection":[{"href":"https:\/\/www.trekrosetrip.com\/maroc\/wp-json\/wp\/v2\/pages"}],"about":[{"href":"https:\/\/www.trekrosetrip.com\/maroc\/wp-json\/wp\/v2\/types\/page"}],"author":[{"embeddable":true,"href":"https:\/\/www.trekrosetrip.com\/maroc\/wp-json\/wp\/v2\/users\/1"}],"replies":[{"embeddable":true,"href":"https:\/\/www.trekrosetrip.com\/maroc\/wp-json\/wp\/v2\/comments?post=12889"}],"version-history":[{"count":10,"href":"https:\/\/www.trekrosetrip.com\/maroc\/wp-json\/wp\/v2\/pages\/12889\/revisions"}],"predecessor-version":[{"id":22377,"href":"https:\/\/www.trekrosetrip.com\/maroc\/wp-json\/wp\/v2\/pages\/12889\/revisions\/22377"}],"wp:attachment":[{"href":"https:\/\/www.trekrosetrip.com\/maroc\/wp-json\/wp\/v2\/media?parent=12889"}],"curies":[{"name":"wp","href":"https:\/\/api.w.org\/{rel}","templated":true}]}}