{"id":111,"date":"2020-03-24T16:20:37","date_gmt":"2020-03-24T15:20:37","guid":{"rendered":"http:\/\/www.trekrosetrip.com\/maroc\/?page_id=111"},"modified":"2026-03-25T11:47:36","modified_gmt":"2026-03-25T10:47:36","slug":"partenaires-rose-trip-maroc","status":"publish","type":"page","link":"https:\/\/www.trekrosetrip.com\/maroc\/le-trek\/partenaires-rose-trip-maroc\/","title":{"rendered":"Partenaires"},"content":{"rendered":"[vc_row full_width=\u00a0\u00bbstretch_row\u00a0\u00bb][vc_column][vc_empty_space height=\u00a0\u00bb50px\u00a0\u00bb]<div  class=\"heading-wrapper text-center\"  >\r\n\t\t\t<p class=\"subtitle\">Ils marchent aux c\u00f4t\u00e9s des Roses trekkeuses<\/p>\r\n\t\r\n\t<h2 class=\"second-title text-center\">D\u00e9couvrez les partenaires du trek<\/h2>\r\n\r\n\t\r\n\t\t<div class=\"divider-solid\"><div class=\"divider-line\"><\/div><\/div>\t\r\n\t<\/div>\t\r\n\r\n<div class=\"recent_projects_wrapper\" id=\"argenta-custom-69f1265d7274c\">\r\n\r\n\t\t\t\t\t<div class=\"portfolio-sorting\" data-filter=\"portfolio\">\r\n\t\t\t<!--<div class=\"title brand-color\">Filter by:<\/div>-->\r\n\t\t\t<ul class=\"unstyled\">\r\n\t\t\t\t<li><a class=\"active\" href=\"#all\" data-isotope-filter=\"*\">Tous les partenaires<\/a><\/li>\r\n\t\t\t\t<li><a href=\"#1ecfbd604f77081a15c8c4c2553244aa\" data-isotope-filter=\".argenta-filter-project-1ecfbd604f77081a15c8c4c2553244aa\">#\u00e9cocitoyennet\u00e9<\/a><\/li><li><a href=\"#f7680cf9e7c7cb7db55ff1f47b5d3720\" data-isotope-filter=\".argenta-filter-project-f7680cf9e7c7cb7db55ff1f47b5d3720\">#fournisseurs<\/a><\/li><li><a href=\"#8a5391ecb0232c4001a28f5df705e1ae\" data-isotope-filter=\".argenta-filter-project-8a5391ecb0232c4001a28f5df705e1ae\">#m\u00e9dias<\/a><\/li><li><a href=\"#5c37e250633d215bdf9447f49c8dadbd\" data-isotope-filter=\".argenta-filter-project-5c37e250633d215bdf9447f49c8dadbd\">#m\u00e9dical<\/a><\/li><li><a href=\"#13d8d7f7765c98d8213e37d0fdaf0df7\" data-isotope-filter=\".argenta-filter-project-13d8d7f7765c98d8213e37d0fdaf0df7\">#solidarit\u00e9<\/a><\/li><li><a href=\"#4432c22d006e768e6c09cb0f2aab0a3b\" data-isotope-filter=\".argenta-filter-project-4432c22d006e768e6c09cb0f2aab0a3b\">#technique<\/a><\/li>\t\t\t<\/ul>\r\n\t\t<\/div>\r\n\t\t\t\t\r\n\t<div class=\"vc_row blog-posts-masonry with-sorting\" data-isotope-grid=\"true\">\r\n\t\t\t\t<div class=\" vc_col-lg-5th vc_col-md-3 vc_col-sm-6 vc_col-xs-12 grid-item blog-post-masonry illustration argenta-project-item argenta-filter-project-13d8d7f7765c98d8213e37d0fdaf0df7\"><div class=\"portfolio-item-2 portfolio-item-hover-2\"\r\n\t\t data-portfolio-popup=\"argenta-popup-69f1265d9f37b\"\t>\r\n\t\r\n\t<div class=\"portfolio-item-image\">\r\n\t\t\t\t<div class=\"portfolio-item-image-wrap\">\r\n\t\t\t<a href=\"https:\/\/www.trekrosetrip.com\/maroc\/project\/enfants-du-desert\/\">\r\n\t\t\t\t<img decoding=\"async\" src=\"https:\/\/www.trekrosetrip.com\/maroc\/wp-content\/uploads\/sites\/2\/2020\/03\/rose_trip_partenaire_enfants_du_desert.jpg\" alt=\"Enfants du D\u00e9sert\">\r\n\t\t\t<\/a>\r\n\t\t<\/div>\r\n\t\t\t\t<div class=\"portfolio-item-image-overlay\"><\/div>\r\n\t<\/div>\r\n\t\r\n\t<div class=\"portfolio-item-description\">\r\n\t\t<h4 class=\"title\"><a href=\"https:\/\/www.trekrosetrip.com\/maroc\/project\/enfants-du-desert\/\">Enfants du D\u00e9sert<\/a><\/h4>\r\n\t\t\t\t<div class=\"category subtitle-font\">#solidarit\u00e9<\/div>\r\n\t\t\t<\/div>\r\n\r\n<\/div>\r\n\r\n\t\t\t<div class=\"clear\"><\/div>\r\n\t\t<\/div>\r\n\t\t\t<div class=\" vc_col-lg-5th vc_col-md-3 vc_col-sm-6 vc_col-xs-12 grid-item blog-post-masonry illustration argenta-project-item argenta-filter-project-13d8d7f7765c98d8213e37d0fdaf0df7\"><div class=\"portfolio-item-2 portfolio-item-hover-2\"\r\n\t\t data-portfolio-popup=\"argenta-popup-69f1265daf519\"\t>\r\n\t\r\n\t<div class=\"portfolio-item-image\">\r\n\t\t\t\t<div class=\"portfolio-item-image-wrap\">\r\n\t\t\t<a href=\"https:\/\/www.trekrosetrip.com\/maroc\/project\/ruban-rose\/\">\r\n\t\t\t\t<img decoding=\"async\" src=\"https:\/\/www.trekrosetrip.com\/maroc\/wp-content\/uploads\/sites\/2\/2020\/03\/ruban-rose.jpg\" alt=\"Ruban Rose\">\r\n\t\t\t<\/a>\r\n\t\t<\/div>\r\n\t\t\t\t<div class=\"portfolio-item-image-overlay\"><\/div>\r\n\t<\/div>\r\n\t\r\n\t<div class=\"portfolio-item-description\">\r\n\t\t<h4 class=\"title\"><a href=\"https:\/\/www.trekrosetrip.com\/maroc\/project\/ruban-rose\/\">Ruban Rose<\/a><\/h4>\r\n\t\t\t\t<div class=\"category subtitle-font\">#solidarit\u00e9<\/div>\r\n\t\t\t<\/div>\r\n\r\n<\/div>\r\n\r\n\t\t\t<div class=\"clear\"><\/div>\r\n\t\t<\/div>\r\n\t\t\t<div class=\" vc_col-lg-5th vc_col-md-3 vc_col-sm-6 vc_col-xs-12 grid-item blog-post-masonry illustration argenta-project-item argenta-filter-project-13d8d7f7765c98d8213e37d0fdaf0df7\"><div class=\"portfolio-item-2 portfolio-item-hover-2\"\r\n\t\t data-portfolio-popup=\"argenta-popup-69f1265dbc6a0\"\t>\r\n\t\r\n\t<div class=\"portfolio-item-image\">\r\n\t\t\t\t<div class=\"portfolio-item-image-wrap\">\r\n\t\t\t<a href=\"https:\/\/www.trekrosetrip.com\/maroc\/project\/fondation-cancer-du-sein-quebec\/\">\r\n\t\t\t\t<img decoding=\"async\" src=\"https:\/\/www.trekrosetrip.com\/maroc\/wp-content\/uploads\/sites\/2\/2026\/03\/fondation-cancer-du-sein-quebec.jpg\" alt=\"Fondation cancer du sein Qu\u00e9bec\">\r\n\t\t\t<\/a>\r\n\t\t<\/div>\r\n\t\t\t\t<div class=\"portfolio-item-image-overlay\"><\/div>\r\n\t<\/div>\r\n\t\r\n\t<div class=\"portfolio-item-description\">\r\n\t\t<h4 class=\"title\"><a href=\"https:\/\/www.trekrosetrip.com\/maroc\/project\/fondation-cancer-du-sein-quebec\/\">Fondation cancer du sein Qu\u00e9bec<\/a><\/h4>\r\n\t\t\t\t<div class=\"category subtitle-font\">#solidarit\u00e9<\/div>\r\n\t\t\t<\/div>\r\n\r\n<\/div>\r\n\r\n\t\t\t<div class=\"clear\"><\/div>\r\n\t\t<\/div>\r\n\t\t\t<div class=\" vc_col-lg-5th vc_col-md-3 vc_col-sm-6 vc_col-xs-12 grid-item blog-post-masonry illustration argenta-project-item argenta-filter-project-13d8d7f7765c98d8213e37d0fdaf0df7\"><div class=\"portfolio-item-2 portfolio-item-hover-2\"\r\n\t\t data-portfolio-popup=\"argenta-popup-69f1265dc2f93\"\t>\r\n\t\r\n\t<div class=\"portfolio-item-image\">\r\n\t\t\t\t<div class=\"portfolio-item-image-wrap\">\r\n\t\t\t<a href=\"https:\/\/www.trekrosetrip.com\/maroc\/project\/jeune-et-rose\/\">\r\n\t\t\t\t<img decoding=\"async\" src=\"https:\/\/www.trekrosetrip.com\/maroc\/wp-content\/uploads\/sites\/2\/2021\/12\/jeune-et-rose-2.png\" alt=\"Jeune et Rose\">\r\n\t\t\t<\/a>\r\n\t\t<\/div>\r\n\t\t\t\t<div class=\"portfolio-item-image-overlay\"><\/div>\r\n\t<\/div>\r\n\t\r\n\t<div class=\"portfolio-item-description\">\r\n\t\t<h4 class=\"title\"><a href=\"https:\/\/www.trekrosetrip.com\/maroc\/project\/jeune-et-rose\/\">Jeune et Rose<\/a><\/h4>\r\n\t\t\t\t<div class=\"category subtitle-font\">#solidarit\u00e9<\/div>\r\n\t\t\t<\/div>\r\n\r\n<\/div>\r\n\r\n\t\t\t<div class=\"clear\"><\/div>\r\n\t\t<\/div>\r\n\t\t\t<div class=\" vc_col-lg-5th vc_col-md-3 vc_col-sm-6 vc_col-xs-12 grid-item blog-post-masonry illustration argenta-project-item argenta-filter-project-1ecfbd604f77081a15c8c4c2553244aa\"><div class=\"portfolio-item-2 portfolio-item-hover-2\"\r\n\t\t data-portfolio-popup=\"argenta-popup-69f1265dcb202\"\t>\r\n\t\r\n\t<div class=\"portfolio-item-image\">\r\n\t\t\t\t<div class=\"portfolio-item-image-wrap\">\r\n\t\t\t<a href=\"https:\/\/www.trekrosetrip.com\/maroc\/project\/surfrider-foundation\/\">\r\n\t\t\t\t<img decoding=\"async\" src=\"https:\/\/www.trekrosetrip.com\/maroc\/wp-content\/uploads\/sites\/2\/2020\/03\/surf-rider-foundation-maroc.jpg\" alt=\"Surfrider Foundation Maroc\">\r\n\t\t\t<\/a>\r\n\t\t<\/div>\r\n\t\t\t\t<div class=\"portfolio-item-image-overlay\"><\/div>\r\n\t<\/div>\r\n\t\r\n\t<div class=\"portfolio-item-description\">\r\n\t\t<h4 class=\"title\"><a href=\"https:\/\/www.trekrosetrip.com\/maroc\/project\/surfrider-foundation\/\">Surfrider Foundation Maroc<\/a><\/h4>\r\n\t\t\t\t<div class=\"category subtitle-font\">#\u00e9cocitoyennet\u00e9<\/div>\r\n\t\t\t<\/div>\r\n\r\n<\/div>\r\n\r\n\t\t\t<div class=\"clear\"><\/div>\r\n\t\t<\/div>\r\n\t\t\t<div class=\" vc_col-lg-5th vc_col-md-3 vc_col-sm-6 vc_col-xs-12 grid-item blog-post-masonry illustration argenta-project-item argenta-filter-project-8a5391ecb0232c4001a28f5df705e1ae\"><div class=\"portfolio-item-2 portfolio-item-hover-2\"\r\n\t\t data-portfolio-popup=\"argenta-popup-69f1265dd1380\"\t>\r\n\t\r\n\t<div class=\"portfolio-item-image\">\r\n\t\t\t\t<div class=\"portfolio-item-image-wrap\">\r\n\t\t\t<a href=\"https:\/\/www.trekrosetrip.com\/maroc\/project\/rmc-story\/\">\r\n\t\t\t\t<img decoding=\"async\" src=\"https:\/\/www.trekrosetrip.com\/maroc\/wp-content\/uploads\/sites\/2\/2020\/03\/rmc-life-trek.png\" alt=\"RMC Life\">\r\n\t\t\t<\/a>\r\n\t\t<\/div>\r\n\t\t\t\t<div class=\"portfolio-item-image-overlay\"><\/div>\r\n\t<\/div>\r\n\t\r\n\t<div class=\"portfolio-item-description\">\r\n\t\t<h4 class=\"title\"><a href=\"https:\/\/www.trekrosetrip.com\/maroc\/project\/rmc-story\/\">RMC Life<\/a><\/h4>\r\n\t\t\t\t<div class=\"category subtitle-font\">#m\u00e9dias<\/div>\r\n\t\t\t<\/div>\r\n\r\n<\/div>\r\n\r\n\t\t\t<div class=\"clear\"><\/div>\r\n\t\t<\/div>\r\n\t\t\t<div class=\" vc_col-lg-5th vc_col-md-3 vc_col-sm-6 vc_col-xs-12 grid-item blog-post-masonry illustration argenta-project-item argenta-filter-project-4432c22d006e768e6c09cb0f2aab0a3b\"><div class=\"portfolio-item-2 portfolio-item-hover-2\"\r\n\t\t data-portfolio-popup=\"argenta-popup-69f1265dd72a6\"\t>\r\n\t\r\n\t<div class=\"portfolio-item-image\">\r\n\t\t\t\t<div class=\"portfolio-item-image-wrap\">\r\n\t\t\t<a href=\"https:\/\/www.trekrosetrip.com\/maroc\/project\/elc\/\">\r\n\t\t\t\t<img decoding=\"async\" src=\"https:\/\/www.trekrosetrip.com\/maroc\/wp-content\/uploads\/sites\/2\/2024\/09\/elc.jpg\" alt=\"ELC\">\r\n\t\t\t<\/a>\r\n\t\t<\/div>\r\n\t\t\t\t<div class=\"portfolio-item-image-overlay\"><\/div>\r\n\t<\/div>\r\n\t\r\n\t<div class=\"portfolio-item-description\">\r\n\t\t<h4 class=\"title\"><a href=\"https:\/\/www.trekrosetrip.com\/maroc\/project\/elc\/\">ELC<\/a><\/h4>\r\n\t\t\t\t<div class=\"category subtitle-font\">#technique<\/div>\r\n\t\t\t<\/div>\r\n\r\n<\/div>\r\n\r\n\t\t\t<div class=\"clear\"><\/div>\r\n\t\t<\/div>\r\n\t\t\t<div class=\" vc_col-lg-5th vc_col-md-3 vc_col-sm-6 vc_col-xs-12 grid-item blog-post-masonry illustration argenta-project-item argenta-filter-project-5c37e250633d215bdf9447f49c8dadbd\"><div class=\"portfolio-item-2 portfolio-item-hover-2\"\r\n\t\t data-portfolio-popup=\"argenta-popup-69f1265de0eb1\"\t>\r\n\t\r\n\t<div class=\"portfolio-item-image\">\r\n\t\t\t\t<div class=\"portfolio-item-image-wrap\">\r\n\t\t\t<a href=\"https:\/\/www.trekrosetrip.com\/maroc\/project\/institut-francais-dethiopathie\/\">\r\n\t\t\t\t<img decoding=\"async\" src=\"https:\/\/www.trekrosetrip.com\/maroc\/wp-content\/uploads\/sites\/2\/2018\/08\/institut-francais-etiopathie.jpg\" alt=\"Institut Fran\u00e7ais d\u2019Ethiopathie\">\r\n\t\t\t<\/a>\r\n\t\t<\/div>\r\n\t\t\t\t<div class=\"portfolio-item-image-overlay\"><\/div>\r\n\t<\/div>\r\n\t\r\n\t<div class=\"portfolio-item-description\">\r\n\t\t<h4 class=\"title\"><a href=\"https:\/\/www.trekrosetrip.com\/maroc\/project\/institut-francais-dethiopathie\/\">Institut Fran\u00e7ais d\u2019Ethiopathie<\/a><\/h4>\r\n\t\t\t\t<div class=\"category subtitle-font\">#m\u00e9dical<\/div>\r\n\t\t\t<\/div>\r\n\r\n<\/div>\r\n\r\n\t\t\t<div class=\"clear\"><\/div>\r\n\t\t<\/div>\r\n\t\t\t<div class=\" vc_col-lg-5th vc_col-md-3 vc_col-sm-6 vc_col-xs-12 grid-item blog-post-masonry illustration argenta-project-item argenta-filter-project-5c37e250633d215bdf9447f49c8dadbd\"><div class=\"portfolio-item-2 portfolio-item-hover-2\"\r\n\t\t data-portfolio-popup=\"argenta-popup-69f1265de3541\"\t>\r\n\t\r\n\t<div class=\"portfolio-item-image\">\r\n\t\t\t\t<div class=\"portfolio-item-image-wrap\">\r\n\t\t\t<a href=\"https:\/\/www.trekrosetrip.com\/maroc\/project\/pole-podologie-mathieu-chappaz\/\">\r\n\t\t\t\t<img decoding=\"async\" src=\"https:\/\/www.trekrosetrip.com\/maroc\/wp-content\/uploads\/sites\/2\/2022\/09\/pole-podologie.jpg\" alt=\"P\u00f4le Podologie &#8211; Mathieu CHAPPAZ\">\r\n\t\t\t<\/a>\r\n\t\t<\/div>\r\n\t\t\t\t<div class=\"portfolio-item-image-overlay\"><\/div>\r\n\t<\/div>\r\n\t\r\n\t<div class=\"portfolio-item-description\">\r\n\t\t<h4 class=\"title\"><a href=\"https:\/\/www.trekrosetrip.com\/maroc\/project\/pole-podologie-mathieu-chappaz\/\">P\u00f4le Podologie &#8211; Mathieu CHAPPAZ<\/a><\/h4>\r\n\t\t\t\t<div class=\"category subtitle-font\">#m\u00e9dical<\/div>\r\n\t\t\t<\/div>\r\n\r\n<\/div>\r\n\r\n\t\t\t<div class=\"clear\"><\/div>\r\n\t\t<\/div>\r\n\t\t\t<div class=\" vc_col-lg-5th vc_col-md-3 vc_col-sm-6 vc_col-xs-12 grid-item blog-post-masonry illustration argenta-project-item argenta-filter-project-5c37e250633d215bdf9447f49c8dadbd\"><div class=\"portfolio-item-2 portfolio-item-hover-2\"\r\n\t\t data-portfolio-popup=\"argenta-popup-69f1265decaa6\"\t>\r\n\t\r\n\t<div class=\"portfolio-item-image\">\r\n\t\t\t\t<div class=\"portfolio-item-image-wrap\">\r\n\t\t\t<a href=\"https:\/\/www.trekrosetrip.com\/maroc\/project\/croix-rouge-francaise\/\">\r\n\t\t\t\t<img decoding=\"async\" src=\"https:\/\/www.trekrosetrip.com\/maroc\/wp-content\/uploads\/sites\/2\/2024\/09\/croix-rouge-francaise.png\" alt=\"Croix- Rouge fran\u00e7aise\">\r\n\t\t\t<\/a>\r\n\t\t<\/div>\r\n\t\t\t\t<div class=\"portfolio-item-image-overlay\"><\/div>\r\n\t<\/div>\r\n\t\r\n\t<div class=\"portfolio-item-description\">\r\n\t\t<h4 class=\"title\"><a href=\"https:\/\/www.trekrosetrip.com\/maroc\/project\/croix-rouge-francaise\/\">Croix- Rouge fran\u00e7aise<\/a><\/h4>\r\n\t\t\t\t<div class=\"category subtitle-font\">#m\u00e9dical<\/div>\r\n\t\t\t<\/div>\r\n\r\n<\/div>\r\n\r\n\t\t\t<div class=\"clear\"><\/div>\r\n\t\t<\/div>\r\n\t\t<\/div>\r\n\r\n\r\n<\/div>\r\n\r\n[vc_empty_space height=\u00a0\u00bb50px\u00a0\u00bb][\/vc_column][\/vc_row][vc_row full_width=\u00a0\u00bbstretch_row_content_no_spaces\u00a0\u00bb content_placement=\u00a0\u00bbmiddle\u00a0\u00bb css=\u00a0\u00bb.vc_custom_1538492480962{background-color: #d7006d !important;}\u00a0\u00bb][vc_column el_class=\u00a0\u00bbtext-center\u00a0\u00bb][vc_empty_space height=\u00a0\u00bb50px\u00a0\u00bb]<div id=\"argenta-custom-69f1265decdcc\"  class=\"heading-wrapper text-center\"  >\r\n\t\t\t<p class=\"subtitle\">#DevenirPartenaire<\/p>\r\n\t\r\n\t<h3 class=\"second-title text-center\">Vous souhaitez devenir partenaire du Rose Trip ?<\/h3>\r\n\r\n\t\r\n\t\t<div class=\"divider-solid\"><div class=\"divider-line\"><\/div><\/div>\t\r\n\t<\/div>\t\r\n\r\n[vc_empty_space height=\u00a0\u00bb20px\u00a0\u00bb]<div class=\"button_wrapper\"  >\r\n\t\r\n\t<a href=\"https:\/\/www.trekrosetrip.com\/maroc\/contact\/contact-partenaires\/\" class=\"btn btn-rounded btn-large\" id=\"argenta-custom-69f1265decec9\">\r\n\t\t\t\t<span class=\"text\">Nous contacter<\/span>\r\n\t\t\t<\/a>\r\n\t\r\n<\/div>\r\n\r\n[vc_empty_space height=\u00a0\u00bb50px\u00a0\u00bb][\/vc_column][\/vc_row]\n","protected":false},"excerpt":{"rendered":"<p>[vc_row full_width=\u00a0\u00bbstretch_row\u00a0\u00bb][vc_column][vc_empty_space height=\u00a0\u00bb50px\u00a0\u00bb][vc_empty_space height=\u00a0\u00bb50px\u00a0\u00bb][\/vc_column][\/vc_row][vc_row full_width=\u00a0\u00bbstretch_row_content_no_spaces\u00a0\u00bb content_placement=\u00a0\u00bbmiddle\u00a0\u00bb css=\u00a0\u00bb.vc_custom_1538492480962{background-color: #d7006d !important;}\u00a0\u00bb][vc_column el_class=\u00a0\u00bbtext-center\u00a0\u00bb][vc_empty_space height=\u00a0\u00bb50px\u00a0\u00bb][vc_empty_space height=\u00a0\u00bb20px\u00a0\u00bb][vc_empty_space height=\u00a0\u00bb50px\u00a0\u00bb][\/vc_column][\/vc_row]<\/p>\n","protected":false},"author":1,"featured_media":0,"parent":46,"menu_order":0,"comment_status":"closed","ping_status":"closed","template":"page-templates\/page_without-sidebar.php","meta":{"_acf_changed":false,"footnotes":""},"class_list":["post-111","page","type-page","status-publish","hentry"],"acf":[],"yoast_head":"<!-- This site is optimized with the Yoast SEO Premium plugin v27.4 (Yoast SEO v27.4) - https:\/\/yoast.com\/product\/yoast-seo-premium-wordpress\/ -->\n<title>Partenaires - Rose Trip Maroc<\/title>\n<meta name=\"description\" content=\"D\u00e9couvrez les partenaires pr\u00e9sents tout au long de l&#039;\u00e9v\u00e9nement du trek Rose Trip Maroc afin de soutenir les participantes.\" \/>\n<meta name=\"robots\" content=\"index, follow, max-snippet:-1, max-image-preview:large, max-video-preview:-1\" \/>\n<link rel=\"canonical\" href=\"https:\/\/www.trekrosetrip.com\/maroc\/le-trek\/partenaires-rose-trip-maroc\/\" \/>\n<meta property=\"og:locale\" content=\"fr_FR\" \/>\n<meta property=\"og:type\" content=\"article\" \/>\n<meta property=\"og:title\" content=\"Partenaires\" \/>\n<meta property=\"og:description\" content=\"D\u00e9couvrez les partenaires pr\u00e9sents tout au long de l&#039;\u00e9v\u00e9nement du trek Rose Trip Maroc afin de soutenir les participantes.\" \/>\n<meta property=\"og:url\" content=\"https:\/\/www.trekrosetrip.com\/maroc\/le-trek\/partenaires-rose-trip-maroc\/\" \/>\n<meta property=\"og:site_name\" content=\"Rose Trip Maroc\" \/>\n<meta property=\"article:modified_time\" content=\"2026-03-25T10:47:36+00:00\" \/>\n<meta property=\"og:image\" content=\"https:\/\/www.trekrosetrip.com\/maroc\/wp-content\/uploads\/sites\/2\/2020\/03\/LE-TREK_LES-PARTENAIRES.jpg\" \/>\n\t<meta property=\"og:image:width\" content=\"1500\" \/>\n\t<meta property=\"og:image:height\" content=\"609\" \/>\n\t<meta property=\"og:image:type\" content=\"image\/jpeg\" \/>\n<meta name=\"twitter:card\" content=\"summary_large_image\" \/>\n<meta name=\"twitter:label1\" content=\"Dur\u00e9e de lecture estim\u00e9e\" \/>\n\t<meta name=\"twitter:data1\" content=\"1 minute\" \/>\n<script type=\"application\/ld+json\" class=\"yoast-schema-graph\">{\"@context\":\"https:\\\/\\\/schema.org\",\"@graph\":[{\"@type\":\"WebPage\",\"@id\":\"https:\\\/\\\/www.trekrosetrip.com\\\/maroc\\\/le-trek\\\/partenaires-rose-trip-maroc\\\/\",\"url\":\"https:\\\/\\\/www.trekrosetrip.com\\\/maroc\\\/le-trek\\\/partenaires-rose-trip-maroc\\\/\",\"name\":\"Partenaires - Rose Trip Maroc\",\"isPartOf\":{\"@id\":\"https:\\\/\\\/www.trekrosetrip.com\\\/maroc\\\/#website\"},\"datePublished\":\"2020-03-24T15:20:37+00:00\",\"dateModified\":\"2026-03-25T10:47:36+00:00\",\"description\":\"D\u00e9couvrez les partenaires pr\u00e9sents tout au long de l'\u00e9v\u00e9nement du trek Rose Trip Maroc afin de soutenir les participantes.\",\"breadcrumb\":{\"@id\":\"https:\\\/\\\/www.trekrosetrip.com\\\/maroc\\\/le-trek\\\/partenaires-rose-trip-maroc\\\/#breadcrumb\"},\"inLanguage\":\"fr-FR\",\"potentialAction\":[{\"@type\":\"ReadAction\",\"target\":[\"https:\\\/\\\/www.trekrosetrip.com\\\/maroc\\\/le-trek\\\/partenaires-rose-trip-maroc\\\/\"]}]},{\"@type\":\"BreadcrumbList\",\"@id\":\"https:\\\/\\\/www.trekrosetrip.com\\\/maroc\\\/le-trek\\\/partenaires-rose-trip-maroc\\\/#breadcrumb\",\"itemListElement\":[{\"@type\":\"ListItem\",\"position\":1,\"name\":\"Home\",\"item\":\"https:\\\/\\\/www.trekrosetrip.com\\\/maroc\\\/\"},{\"@type\":\"ListItem\",\"position\":2,\"name\":\"Rose Trip Maroc, le trek aventure 100% f\u00e9minin\",\"item\":\"https:\\\/\\\/www.trekrosetrip.com\\\/maroc\\\/le-trek\\\/\"},{\"@type\":\"ListItem\",\"position\":3,\"name\":\"Partenaires\"}]},{\"@type\":\"WebSite\",\"@id\":\"https:\\\/\\\/www.trekrosetrip.com\\\/maroc\\\/#website\",\"url\":\"https:\\\/\\\/www.trekrosetrip.com\\\/maroc\\\/\",\"name\":\"Rose Trip Maroc\",\"description\":\"Trek d&#039;orientation f\u00e9minin et solidaire dans le d\u00e9sert du Maroc\",\"potentialAction\":[{\"@type\":\"SearchAction\",\"target\":{\"@type\":\"EntryPoint\",\"urlTemplate\":\"https:\\\/\\\/www.trekrosetrip.com\\\/maroc\\\/?s={search_term_string}\"},\"query-input\":{\"@type\":\"PropertyValueSpecification\",\"valueRequired\":true,\"valueName\":\"search_term_string\"}}],\"inLanguage\":\"fr-FR\"}]}<\/script>\n<!-- \/ Yoast SEO Premium plugin. -->","yoast_head_json":{"title":"Partenaires - Rose Trip Maroc","description":"D\u00e9couvrez les partenaires pr\u00e9sents tout au long de l'\u00e9v\u00e9nement du trek Rose Trip Maroc afin de soutenir les participantes.","robots":{"index":"index","follow":"follow","max-snippet":"max-snippet:-1","max-image-preview":"max-image-preview:large","max-video-preview":"max-video-preview:-1"},"canonical":"https:\/\/www.trekrosetrip.com\/maroc\/le-trek\/partenaires-rose-trip-maroc\/","og_locale":"fr_FR","og_type":"article","og_title":"Partenaires","og_description":"D\u00e9couvrez les partenaires pr\u00e9sents tout au long de l'\u00e9v\u00e9nement du trek Rose Trip Maroc afin de soutenir les participantes.","og_url":"https:\/\/www.trekrosetrip.com\/maroc\/le-trek\/partenaires-rose-trip-maroc\/","og_site_name":"Rose Trip Maroc","article_modified_time":"2026-03-25T10:47:36+00:00","og_image":[{"width":1500,"height":609,"url":"https:\/\/www.trekrosetrip.com\/maroc\/wp-content\/uploads\/sites\/2\/2020\/03\/LE-TREK_LES-PARTENAIRES.jpg","type":"image\/jpeg"}],"twitter_card":"summary_large_image","twitter_misc":{"Dur\u00e9e de lecture estim\u00e9e":"1 minute"},"schema":{"@context":"https:\/\/schema.org","@graph":[{"@type":"WebPage","@id":"https:\/\/www.trekrosetrip.com\/maroc\/le-trek\/partenaires-rose-trip-maroc\/","url":"https:\/\/www.trekrosetrip.com\/maroc\/le-trek\/partenaires-rose-trip-maroc\/","name":"Partenaires - Rose Trip Maroc","isPartOf":{"@id":"https:\/\/www.trekrosetrip.com\/maroc\/#website"},"datePublished":"2020-03-24T15:20:37+00:00","dateModified":"2026-03-25T10:47:36+00:00","description":"D\u00e9couvrez les partenaires pr\u00e9sents tout au long de l'\u00e9v\u00e9nement du trek Rose Trip Maroc afin de soutenir les participantes.","breadcrumb":{"@id":"https:\/\/www.trekrosetrip.com\/maroc\/le-trek\/partenaires-rose-trip-maroc\/#breadcrumb"},"inLanguage":"fr-FR","potentialAction":[{"@type":"ReadAction","target":["https:\/\/www.trekrosetrip.com\/maroc\/le-trek\/partenaires-rose-trip-maroc\/"]}]},{"@type":"BreadcrumbList","@id":"https:\/\/www.trekrosetrip.com\/maroc\/le-trek\/partenaires-rose-trip-maroc\/#breadcrumb","itemListElement":[{"@type":"ListItem","position":1,"name":"Home","item":"https:\/\/www.trekrosetrip.com\/maroc\/"},{"@type":"ListItem","position":2,"name":"Rose Trip Maroc, le trek aventure 100% f\u00e9minin","item":"https:\/\/www.trekrosetrip.com\/maroc\/le-trek\/"},{"@type":"ListItem","position":3,"name":"Partenaires"}]},{"@type":"WebSite","@id":"https:\/\/www.trekrosetrip.com\/maroc\/#website","url":"https:\/\/www.trekrosetrip.com\/maroc\/","name":"Rose Trip Maroc","description":"Trek d&#039;orientation f\u00e9minin et solidaire dans le d\u00e9sert du Maroc","potentialAction":[{"@type":"SearchAction","target":{"@type":"EntryPoint","urlTemplate":"https:\/\/www.trekrosetrip.com\/maroc\/?s={search_term_string}"},"query-input":{"@type":"PropertyValueSpecification","valueRequired":true,"valueName":"search_term_string"}}],"inLanguage":"fr-FR"}]}},"_links":{"self":[{"href":"https:\/\/www.trekrosetrip.com\/maroc\/wp-json\/wp\/v2\/pages\/111","targetHints":{"allow":["GET"]}}],"collection":[{"href":"https:\/\/www.trekrosetrip.com\/maroc\/wp-json\/wp\/v2\/pages"}],"about":[{"href":"https:\/\/www.trekrosetrip.com\/maroc\/wp-json\/wp\/v2\/types\/page"}],"author":[{"embeddable":true,"href":"https:\/\/www.trekrosetrip.com\/maroc\/wp-json\/wp\/v2\/users\/1"}],"replies":[{"embeddable":true,"href":"https:\/\/www.trekrosetrip.com\/maroc\/wp-json\/wp\/v2\/comments?post=111"}],"version-history":[{"count":3,"href":"https:\/\/www.trekrosetrip.com\/maroc\/wp-json\/wp\/v2\/pages\/111\/revisions"}],"predecessor-version":[{"id":22012,"href":"https:\/\/www.trekrosetrip.com\/maroc\/wp-json\/wp\/v2\/pages\/111\/revisions\/22012"}],"up":[{"embeddable":true,"href":"https:\/\/www.trekrosetrip.com\/maroc\/wp-json\/wp\/v2\/pages\/46"}],"wp:attachment":[{"href":"https:\/\/www.trekrosetrip.com\/maroc\/wp-json\/wp\/v2\/media?parent=111"}],"curies":[{"name":"wp","href":"https:\/\/api.w.org\/{rel}","templated":true}]}}