{"id":95,"date":"2024-04-22T16:16:45","date_gmt":"2024-04-22T14:16:45","guid":{"rendered":"https:\/\/www.trekrosetrip.com\/cap-vert\/?page_id=95"},"modified":"2026-01-19T14:55:25","modified_gmt":"2026-01-19T13:55:25","slug":"partenaires","status":"publish","type":"page","link":"https:\/\/www.trekrosetrip.com\/cap-vert\/partenaires\/","title":{"rendered":"Partenaires"},"content":{"rendered":"[vc_row full_width=\u00a0\u00bbstretch_row\u00a0\u00bb][vc_column][vc_empty_space height=\u00a0\u00bb50px\u00a0\u00bb]<div id=\"argenta-custom-69ecf5730475d\"  class=\"heading-wrapper text-center\"  >\r\n\t\t\t<p class=\"subtitle\">Ils marchent aux c\u00f4t\u00e9s des Roses trekkeuses<\/p>\r\n\t\r\n\t<h2 class=\"second-title text-center\">D\u00e9couvrez les partenaires du trek<\/h2>\r\n\r\n\t\r\n\t\t<div class=\"divider-solid\"><div class=\"divider-line\"><\/div><\/div>\t\r\n\t<\/div>\t\r\n\r\n<div class=\"recent_projects_wrapper\" id=\"argenta-custom-69ecf57358a13\">\r\n\r\n\t\t\r\n\t<div class=\"vc_row blog-posts-masonry\" data-isotope-grid=\"true\">\r\n\t\t\t\t<div class=\" vc_col-lg-5th vc_col-md-4 vc_col-sm-6 vc_col-xs-12 grid-item blog-post-masonry illustration argenta-project-item argenta-filter-project-13d8d7f7765c98d8213e37d0fdaf0df7\"><div class=\"portfolio-item-2 portfolio-item-hover-2\"\r\n\t\t data-portfolio-popup=\"argenta-popup-69ecf573aebc7\"\t>\r\n\t\r\n\t<div class=\"portfolio-item-image\">\r\n\t\t\t\t<div class=\"portfolio-item-image-wrap\">\r\n\t\t\t<a href=\"https:\/\/www.trekrosetrip.com\/cap-vert\/project\/ruban-rose\/\">\r\n\t\t\t\t<img decoding=\"async\" src=\"https:\/\/www.trekrosetrip.com\/cap-vert\/wp-content\/uploads\/sites\/5\/2024\/04\/ruban-rose.jpg\" alt=\"Ruban Rose\">\r\n\t\t\t<\/a>\r\n\t\t<\/div>\r\n\t\t\t\t<div class=\"portfolio-item-image-overlay\"><\/div>\r\n\t<\/div>\r\n\t\r\n\t<div class=\"portfolio-item-description\">\r\n\t\t<h4 class=\"title\"><a href=\"https:\/\/www.trekrosetrip.com\/cap-vert\/project\/ruban-rose\/\">Ruban Rose<\/a><\/h4>\r\n\t\t\t\t<div class=\"category subtitle-font\">#solidarit\u00e9<\/div>\r\n\t\t\t<\/div>\r\n\r\n<\/div>\r\n\r\n\t\t\t<div class=\"clear\"><\/div>\r\n\t\t<\/div>\r\n\t\t\t<div class=\" vc_col-lg-5th vc_col-md-4 vc_col-sm-6 vc_col-xs-12 grid-item blog-post-masonry illustration argenta-project-item argenta-filter-project-13d8d7f7765c98d8213e37d0fdaf0df7\"><div class=\"portfolio-item-2 portfolio-item-hover-2\"\r\n\t\t data-portfolio-popup=\"argenta-popup-69ecf573d8e1f\"\t>\r\n\t\r\n\t<div class=\"portfolio-item-image\">\r\n\t\t\t\t<div class=\"portfolio-item-image-wrap\">\r\n\t\t\t<a href=\"https:\/\/www.trekrosetrip.com\/cap-vert\/project\/cap-eco-solidaire\/\">\r\n\t\t\t\t<img decoding=\"async\" src=\"https:\/\/www.trekrosetrip.com\/cap-vert\/wp-content\/uploads\/sites\/5\/2024\/04\/cap-eco-solidaire.jpg\" alt=\"Cap Eco Solidaire\">\r\n\t\t\t<\/a>\r\n\t\t<\/div>\r\n\t\t\t\t<div class=\"portfolio-item-image-overlay\"><\/div>\r\n\t<\/div>\r\n\t\r\n\t<div class=\"portfolio-item-description\">\r\n\t\t<h4 class=\"title\"><a href=\"https:\/\/www.trekrosetrip.com\/cap-vert\/project\/cap-eco-solidaire\/\">Cap Eco Solidaire<\/a><\/h4>\r\n\t\t\t\t<div class=\"category subtitle-font\">#solidarit\u00e9<\/div>\r\n\t\t\t<\/div>\r\n\r\n<\/div>\r\n\r\n\t\t\t<div class=\"clear\"><\/div>\r\n\t\t<\/div>\r\n\t\t\t<div class=\" vc_col-lg-5th vc_col-md-4 vc_col-sm-6 vc_col-xs-12 grid-item blog-post-masonry illustration argenta-project-item argenta-filter-project-13d8d7f7765c98d8213e37d0fdaf0df7\"><div class=\"portfolio-item-2 portfolio-item-hover-2\"\r\n\t\t data-portfolio-popup=\"argenta-popup-69ecf573f2fce\"\t>\r\n\t\r\n\t<div class=\"portfolio-item-image\">\r\n\t\t\t\t<div class=\"portfolio-item-image-wrap\">\r\n\t\t\t<a href=\"https:\/\/www.trekrosetrip.com\/cap-vert\/project\/jeune-et-rose\/\">\r\n\t\t\t\t<img decoding=\"async\" src=\"https:\/\/www.trekrosetrip.com\/cap-vert\/wp-content\/uploads\/sites\/5\/2024\/05\/jeune-et-rose.png\" alt=\"Jeune et Rose\">\r\n\t\t\t<\/a>\r\n\t\t<\/div>\r\n\t\t\t\t<div class=\"portfolio-item-image-overlay\"><\/div>\r\n\t<\/div>\r\n\t\r\n\t<div class=\"portfolio-item-description\">\r\n\t\t<h4 class=\"title\"><a href=\"https:\/\/www.trekrosetrip.com\/cap-vert\/project\/jeune-et-rose\/\">Jeune et Rose<\/a><\/h4>\r\n\t\t\t\t<div class=\"category subtitle-font\">#solidarit\u00e9<\/div>\r\n\t\t\t<\/div>\r\n\r\n<\/div>\r\n\r\n\t\t\t<div class=\"clear\"><\/div>\r\n\t\t<\/div>\r\n\t\t\t<div class=\" vc_col-lg-5th vc_col-md-4 vc_col-sm-6 vc_col-xs-12 grid-item blog-post-masonry illustration argenta-project-item argenta-filter-project-8a5391ecb0232c4001a28f5df705e1ae\"><div class=\"portfolio-item-2 portfolio-item-hover-2\"\r\n\t\t data-portfolio-popup=\"argenta-popup-69ecf57416740\"\t>\r\n\t\r\n\t<div class=\"portfolio-item-image\">\r\n\t\t\t\t<div class=\"portfolio-item-image-wrap\">\r\n\t\t\t<a href=\"https:\/\/www.trekrosetrip.com\/cap-vert\/project\/rmc-story\/\">\r\n\t\t\t\t<img decoding=\"async\" src=\"https:\/\/www.trekrosetrip.com\/cap-vert\/wp-content\/uploads\/sites\/5\/2023\/04\/rmc-life-trek.png\" alt=\"RMC Life\">\r\n\t\t\t<\/a>\r\n\t\t<\/div>\r\n\t\t\t\t<div class=\"portfolio-item-image-overlay\"><\/div>\r\n\t<\/div>\r\n\t\r\n\t<div class=\"portfolio-item-description\">\r\n\t\t<h4 class=\"title\"><a href=\"https:\/\/www.trekrosetrip.com\/cap-vert\/project\/rmc-story\/\">RMC Life<\/a><\/h4>\r\n\t\t\t\t<div class=\"category subtitle-font\">#m\u00e9dias<\/div>\r\n\t\t\t<\/div>\r\n\r\n<\/div>\r\n\r\n\t\t\t<div class=\"clear\"><\/div>\r\n\t\t<\/div>\r\n\t\t\t<div class=\" vc_col-lg-5th vc_col-md-4 vc_col-sm-6 vc_col-xs-12 grid-item blog-post-masonry illustration argenta-project-item argenta-filter-project-9069a727c80951f5d014709c9e229930\"><div class=\"portfolio-item-2 portfolio-item-hover-2\"\r\n\t\t data-portfolio-popup=\"argenta-popup-69ecf57429fc5\"\t>\r\n\t\r\n\t<div class=\"portfolio-item-image\">\r\n\t\t\t\t<div class=\"portfolio-item-image-wrap\">\r\n\t\t\t<a href=\"https:\/\/www.trekrosetrip.com\/cap-vert\/project\/tecnicil-industria\/\">\r\n\t\t\t\t<img decoding=\"async\" src=\"https:\/\/www.trekrosetrip.com\/cap-vert\/wp-content\/uploads\/sites\/5\/2025\/04\/trindade-partenaire-du-rose-trip.jpg\" alt=\"Trindade, une marque Tecnicil Industria\">\r\n\t\t\t<\/a>\r\n\t\t<\/div>\r\n\t\t\t\t<div class=\"portfolio-item-image-overlay\"><\/div>\r\n\t<\/div>\r\n\t\r\n\t<div class=\"portfolio-item-description\">\r\n\t\t<h4 class=\"title\"><a href=\"https:\/\/www.trekrosetrip.com\/cap-vert\/project\/tecnicil-industria\/\">Trindade, une marque Tecnicil Industria<\/a><\/h4>\r\n\t\t\t\t<div class=\"category subtitle-font\">fournisseur<\/div>\r\n\t\t\t<\/div>\r\n\r\n<\/div>\r\n\r\n\t\t\t<div class=\"clear\"><\/div>\r\n\t\t<\/div>\r\n\t\t\t<div class=\" vc_col-lg-5th vc_col-md-4 vc_col-sm-6 vc_col-xs-12 grid-item blog-post-masonry illustration argenta-project-item argenta-filter-project-5c37e250633d215bdf9447f49c8dadbd\"><div class=\"portfolio-item-2 portfolio-item-hover-2\"\r\n\t\t data-portfolio-popup=\"argenta-popup-69ecf57444934\"\t>\r\n\t\r\n\t<div class=\"portfolio-item-image\">\r\n\t\t\t\t<div class=\"portfolio-item-image-wrap\">\r\n\t\t\t<a href=\"https:\/\/www.trekrosetrip.com\/cap-vert\/project\/institut-francais-dethiopathie\/\">\r\n\t\t\t\t<img decoding=\"async\" src=\"https:\/\/www.trekrosetrip.com\/cap-vert\/wp-content\/uploads\/sites\/5\/2022\/05\/institut-francais-etiopathie.jpg\" alt=\"Institut Fran\u00e7ais d\u2019Ethiopathie\">\r\n\t\t\t<\/a>\r\n\t\t<\/div>\r\n\t\t\t\t<div class=\"portfolio-item-image-overlay\"><\/div>\r\n\t<\/div>\r\n\t\r\n\t<div class=\"portfolio-item-description\">\r\n\t\t<h4 class=\"title\"><a href=\"https:\/\/www.trekrosetrip.com\/cap-vert\/project\/institut-francais-dethiopathie\/\">Institut Fran\u00e7ais d\u2019Ethiopathie<\/a><\/h4>\r\n\t\t\t\t<div class=\"category subtitle-font\">#m\u00e9dical<\/div>\r\n\t\t\t<\/div>\r\n\r\n<\/div>\r\n\r\n\t\t\t<div class=\"clear\"><\/div>\r\n\t\t<\/div>\r\n\t\t\t<div class=\" vc_col-lg-5th vc_col-md-4 vc_col-sm-6 vc_col-xs-12 grid-item blog-post-masonry illustration argenta-project-item argenta-filter-project-5c37e250633d215bdf9447f49c8dadbd\"><div class=\"portfolio-item-2 portfolio-item-hover-2\"\r\n\t\t data-portfolio-popup=\"argenta-popup-69ecf574582d3\"\t>\r\n\t\r\n\t<div class=\"portfolio-item-image\">\r\n\t\t\t\t<div class=\"portfolio-item-image-wrap\">\r\n\t\t\t<a href=\"https:\/\/www.trekrosetrip.com\/cap-vert\/project\/pole-podologie-mathieu-chappaz\/\">\r\n\t\t\t\t<img decoding=\"async\" src=\"https:\/\/www.trekrosetrip.com\/cap-vert\/wp-content\/uploads\/sites\/5\/2024\/05\/pole-podologie.jpg\" alt=\"P\u00f4le Podologie &#8211; Mathieu CHAPPAZ\">\r\n\t\t\t<\/a>\r\n\t\t<\/div>\r\n\t\t\t\t<div class=\"portfolio-item-image-overlay\"><\/div>\r\n\t<\/div>\r\n\t\r\n\t<div class=\"portfolio-item-description\">\r\n\t\t<h4 class=\"title\"><a href=\"https:\/\/www.trekrosetrip.com\/cap-vert\/project\/pole-podologie-mathieu-chappaz\/\">P\u00f4le Podologie &#8211; Mathieu CHAPPAZ<\/a><\/h4>\r\n\t\t\t\t<div class=\"category subtitle-font\">#m\u00e9dical<\/div>\r\n\t\t\t<\/div>\r\n\r\n<\/div>\r\n\r\n\t\t\t<div class=\"clear\"><\/div>\r\n\t\t<\/div>\r\n\t\t<\/div>\r\n\r\n\r\n<\/div>\r\n\r\n[vc_empty_space height=\u00a0\u00bb50px\u00a0\u00bb][\/vc_column][\/vc_row][vc_row full_width=\u00a0\u00bbstretch_row_content_no_spaces\u00a0\u00bb content_placement=\u00a0\u00bbmiddle\u00a0\u00bb css=\u00a0\u00bb.vc_custom_1646135527161{background-color: #d7006d !important;}\u00a0\u00bb][vc_column el_class=\u00a0\u00bbtext-center\u00a0\u00bb][vc_empty_space height=\u00a0\u00bb50px\u00a0\u00bb]<div id=\"argenta-custom-69ecf57458617\"  class=\"heading-wrapper text-center\"  >\r\n\t\t\t<p class=\"subtitle\">#Devenir Partenaire<\/p>\r\n\t\r\n\t<h3 class=\"second-title text-center\">Vous souhaitez devenir partenaire du Rose Trip Cap-Vert ?<\/h3>\r\n\r\n\t\r\n\t\t<div class=\"divider-solid\"><div class=\"divider-line\"><\/div><\/div>\t\r\n\t<\/div>\t\r\n\r\n[vc_empty_space height=\u00a0\u00bb20px\u00a0\u00bb]<div class=\"button_wrapper\"  >\r\n\t\r\n\t<a href=\"http:\/\/www.trekrosetrip.com\/cap-vert\/contact-partenaires\/\" class=\"btn btn-rounded btn-large\" id=\"argenta-custom-69ecf57458705\">\r\n\t\t\t\t<span class=\"text\">Nous contacter<\/span>\r\n\t\t\t<\/a>\r\n\t\r\n<\/div>\r\n\r\n[vc_empty_space height=\u00a0\u00bb50px\u00a0\u00bb][\/vc_column][\/vc_row]\n","protected":false},"excerpt":{"rendered":"<p>[vc_row full_width=\u00a0\u00bbstretch_row\u00a0\u00bb][vc_column][vc_empty_space height=\u00a0\u00bb50px\u00a0\u00bb][vc_empty_space height=\u00a0\u00bb50px\u00a0\u00bb][\/vc_column][\/vc_row][vc_row full_width=\u00a0\u00bbstretch_row_content_no_spaces\u00a0\u00bb content_placement=\u00a0\u00bbmiddle\u00a0\u00bb css=\u00a0\u00bb.vc_custom_1646135527161{background-color: #d7006d !important;}\u00a0\u00bb][vc_column el_class=\u00a0\u00bbtext-center\u00a0\u00bb][vc_empty_space height=\u00a0\u00bb50px\u00a0\u00bb][vc_empty_space height=\u00a0\u00bb20px\u00a0\u00bb][vc_empty_space height=\u00a0\u00bb50px\u00a0\u00bb][\/vc_column][\/vc_row]<\/p>\n","protected":false},"author":1,"featured_media":0,"parent":0,"menu_order":0,"comment_status":"closed","ping_status":"closed","template":"page-templates\/page_without-sidebar.php","meta":{"_acf_changed":false,"footnotes":""},"class_list":["post-95","page","type-page","status-publish","hentry"],"acf":[],"yoast_head":"<!-- This site is optimized with the Yoast SEO Premium plugin v27.4 (Yoast SEO v27.4) - https:\/\/yoast.com\/product\/yoast-seo-premium-wordpress\/ -->\n<title>Partenaires | Rose Trip Cap-Vert<\/title>\n<meta name=\"description\" content=\"D\u00e9couvrez les partenaires du Rose Trip Cap-Vert qui contribuent au bon d\u00e9roulement du trek. Ils marchent aux c\u00f4t\u00e9s des Roses trekkeuses.\" \/>\n<meta name=\"robots\" content=\"index, follow, max-snippet:-1, max-image-preview:large, max-video-preview:-1\" \/>\n<link rel=\"canonical\" href=\"https:\/\/www.trekrosetrip.com\/cap-vert\/partenaires\/\" \/>\n<meta property=\"og:locale\" content=\"fr_FR\" \/>\n<meta property=\"og:type\" content=\"article\" \/>\n<meta property=\"og:title\" content=\"Partenaires\" \/>\n<meta property=\"og:description\" content=\"D\u00e9couvrez les partenaires du Rose Trip Cap-Vert qui contribuent au bon d\u00e9roulement du trek. Ils marchent aux c\u00f4t\u00e9s des Roses trekkeuses.\" \/>\n<meta property=\"og:url\" content=\"https:\/\/www.trekrosetrip.com\/cap-vert\/partenaires\/\" \/>\n<meta property=\"og:site_name\" content=\"Rose Trip Cap-Vert Boa Vista\" \/>\n<meta property=\"article:modified_time\" content=\"2026-01-19T13:55:25+00:00\" \/>\n<meta property=\"og:image\" content=\"https:\/\/www.trekrosetrip.com\/cap-vert\/wp-content\/uploads\/sites\/5\/2025\/06\/partenaires-du-rose-trip-cap-vert.jpg\" \/>\n\t<meta property=\"og:image:width\" content=\"1500\" \/>\n\t<meta property=\"og:image:height\" content=\"609\" \/>\n\t<meta property=\"og:image:type\" content=\"image\/jpeg\" \/>\n<meta name=\"twitter:card\" content=\"summary_large_image\" \/>\n<meta name=\"twitter:label1\" content=\"Dur\u00e9e de lecture estim\u00e9e\" \/>\n\t<meta name=\"twitter:data1\" content=\"1 minute\" \/>\n<script type=\"application\/ld+json\" class=\"yoast-schema-graph\">{\"@context\":\"https:\\\/\\\/schema.org\",\"@graph\":[{\"@type\":\"WebPage\",\"@id\":\"https:\\\/\\\/www.trekrosetrip.com\\\/cap-vert\\\/partenaires\\\/\",\"url\":\"https:\\\/\\\/www.trekrosetrip.com\\\/cap-vert\\\/partenaires\\\/\",\"name\":\"Partenaires | Rose Trip Cap-Vert\",\"isPartOf\":{\"@id\":\"https:\\\/\\\/www.trekrosetrip.com\\\/cap-vert\\\/#website\"},\"datePublished\":\"2024-04-22T14:16:45+00:00\",\"dateModified\":\"2026-01-19T13:55:25+00:00\",\"description\":\"D\u00e9couvrez les partenaires du Rose Trip Cap-Vert qui contribuent au bon d\u00e9roulement du trek. Ils marchent aux c\u00f4t\u00e9s des Roses trekkeuses.\",\"breadcrumb\":{\"@id\":\"https:\\\/\\\/www.trekrosetrip.com\\\/cap-vert\\\/partenaires\\\/#breadcrumb\"},\"inLanguage\":\"fr-FR\",\"potentialAction\":[{\"@type\":\"ReadAction\",\"target\":[\"https:\\\/\\\/www.trekrosetrip.com\\\/cap-vert\\\/partenaires\\\/\"]}]},{\"@type\":\"BreadcrumbList\",\"@id\":\"https:\\\/\\\/www.trekrosetrip.com\\\/cap-vert\\\/partenaires\\\/#breadcrumb\",\"itemListElement\":[{\"@type\":\"ListItem\",\"position\":1,\"name\":\"Accueil\",\"item\":\"https:\\\/\\\/www.trekrosetrip.com\\\/cap-vert\\\/\"},{\"@type\":\"ListItem\",\"position\":2,\"name\":\"Partenaires\"}]},{\"@type\":\"WebSite\",\"@id\":\"https:\\\/\\\/www.trekrosetrip.com\\\/cap-vert\\\/#website\",\"url\":\"https:\\\/\\\/www.trekrosetrip.com\\\/cap-vert\\\/\",\"name\":\"Rose Trip Cap-Vert Boa Vista\",\"description\":\"\",\"potentialAction\":[{\"@type\":\"SearchAction\",\"target\":{\"@type\":\"EntryPoint\",\"urlTemplate\":\"https:\\\/\\\/www.trekrosetrip.com\\\/cap-vert\\\/?s={search_term_string}\"},\"query-input\":{\"@type\":\"PropertyValueSpecification\",\"valueRequired\":true,\"valueName\":\"search_term_string\"}}],\"inLanguage\":\"fr-FR\"}]}<\/script>\n<!-- \/ Yoast SEO Premium plugin. -->","yoast_head_json":{"title":"Partenaires | Rose Trip Cap-Vert","description":"D\u00e9couvrez les partenaires du Rose Trip Cap-Vert qui contribuent au bon d\u00e9roulement du trek. Ils marchent aux c\u00f4t\u00e9s des Roses trekkeuses.","robots":{"index":"index","follow":"follow","max-snippet":"max-snippet:-1","max-image-preview":"max-image-preview:large","max-video-preview":"max-video-preview:-1"},"canonical":"https:\/\/www.trekrosetrip.com\/cap-vert\/partenaires\/","og_locale":"fr_FR","og_type":"article","og_title":"Partenaires","og_description":"D\u00e9couvrez les partenaires du Rose Trip Cap-Vert qui contribuent au bon d\u00e9roulement du trek. Ils marchent aux c\u00f4t\u00e9s des Roses trekkeuses.","og_url":"https:\/\/www.trekrosetrip.com\/cap-vert\/partenaires\/","og_site_name":"Rose Trip Cap-Vert Boa Vista","article_modified_time":"2026-01-19T13:55:25+00:00","og_image":[{"width":1500,"height":609,"url":"https:\/\/www.trekrosetrip.com\/cap-vert\/wp-content\/uploads\/sites\/5\/2025\/06\/partenaires-du-rose-trip-cap-vert.jpg","type":"image\/jpeg"}],"twitter_card":"summary_large_image","twitter_misc":{"Dur\u00e9e de lecture estim\u00e9e":"1 minute"},"schema":{"@context":"https:\/\/schema.org","@graph":[{"@type":"WebPage","@id":"https:\/\/www.trekrosetrip.com\/cap-vert\/partenaires\/","url":"https:\/\/www.trekrosetrip.com\/cap-vert\/partenaires\/","name":"Partenaires | Rose Trip Cap-Vert","isPartOf":{"@id":"https:\/\/www.trekrosetrip.com\/cap-vert\/#website"},"datePublished":"2024-04-22T14:16:45+00:00","dateModified":"2026-01-19T13:55:25+00:00","description":"D\u00e9couvrez les partenaires du Rose Trip Cap-Vert qui contribuent au bon d\u00e9roulement du trek. Ils marchent aux c\u00f4t\u00e9s des Roses trekkeuses.","breadcrumb":{"@id":"https:\/\/www.trekrosetrip.com\/cap-vert\/partenaires\/#breadcrumb"},"inLanguage":"fr-FR","potentialAction":[{"@type":"ReadAction","target":["https:\/\/www.trekrosetrip.com\/cap-vert\/partenaires\/"]}]},{"@type":"BreadcrumbList","@id":"https:\/\/www.trekrosetrip.com\/cap-vert\/partenaires\/#breadcrumb","itemListElement":[{"@type":"ListItem","position":1,"name":"Accueil","item":"https:\/\/www.trekrosetrip.com\/cap-vert\/"},{"@type":"ListItem","position":2,"name":"Partenaires"}]},{"@type":"WebSite","@id":"https:\/\/www.trekrosetrip.com\/cap-vert\/#website","url":"https:\/\/www.trekrosetrip.com\/cap-vert\/","name":"Rose Trip Cap-Vert Boa Vista","description":"","potentialAction":[{"@type":"SearchAction","target":{"@type":"EntryPoint","urlTemplate":"https:\/\/www.trekrosetrip.com\/cap-vert\/?s={search_term_string}"},"query-input":{"@type":"PropertyValueSpecification","valueRequired":true,"valueName":"search_term_string"}}],"inLanguage":"fr-FR"}]}},"_links":{"self":[{"href":"https:\/\/www.trekrosetrip.com\/cap-vert\/wp-json\/wp\/v2\/pages\/95","targetHints":{"allow":["GET"]}}],"collection":[{"href":"https:\/\/www.trekrosetrip.com\/cap-vert\/wp-json\/wp\/v2\/pages"}],"about":[{"href":"https:\/\/www.trekrosetrip.com\/cap-vert\/wp-json\/wp\/v2\/types\/page"}],"author":[{"embeddable":true,"href":"https:\/\/www.trekrosetrip.com\/cap-vert\/wp-json\/wp\/v2\/users\/1"}],"replies":[{"embeddable":true,"href":"https:\/\/www.trekrosetrip.com\/cap-vert\/wp-json\/wp\/v2\/comments?post=95"}],"version-history":[{"count":3,"href":"https:\/\/www.trekrosetrip.com\/cap-vert\/wp-json\/wp\/v2\/pages\/95\/revisions"}],"predecessor-version":[{"id":2686,"href":"https:\/\/www.trekrosetrip.com\/cap-vert\/wp-json\/wp\/v2\/pages\/95\/revisions\/2686"}],"wp:attachment":[{"href":"https:\/\/www.trekrosetrip.com\/cap-vert\/wp-json\/wp\/v2\/media?parent=95"}],"curies":[{"name":"wp","href":"https:\/\/api.w.org\/{rel}","templated":true}]}}