{"id":622,"date":"2025-04-24T14:30:49","date_gmt":"2025-04-24T12:30:49","guid":{"rendered":"https:\/\/www.trekrosetrip.com\/cap-vert\/?page_id=622"},"modified":"2026-04-15T14:44:33","modified_gmt":"2026-04-15T12:44:33","slug":"les-club-entreprises-engages","status":"publish","type":"page","link":"https:\/\/www.trekrosetrip.com\/cap-vert\/club-entreprises\/les-club-entreprises-engages\/","title":{"rendered":"Les Club Entreprises engag\u00e9s en 2026"},"content":{"rendered":"[vc_row full_width=\u00a0\u00bbstretch_row_content_no_spaces\u00a0\u00bb][vc_column][vc_row_inner content_placement=\u00a0\u00bbmiddle\u00a0\u00bb css=\u00a0\u00bb.vc_custom_1539010112340{background-color: #f8f8f8 !important;}\u00a0\u00bb][vc_column_inner width=\u00a0\u00bb1\/6&Prime;][\/vc_column_inner][vc_column_inner el_class=\u00a0\u00bbtext-center\u00a0\u00bb width=\u00a0\u00bb2\/3&Prime;][vc_empty_space height=\u00a0\u00bb90px\u00a0\u00bb]<div  class=\"heading-wrapper text-center text-titre\"  >\r\n\t\t\t<p class=\"subtitle\">#ClubEntreprises2026<\/p>\r\n\t\r\n\t<h2 class=\"second-title text-center\">Elle nous fait confiance en 2026<\/h2>\r\n\r\n\t\r\n\t\t<div class=\"divider-solid\"><div class=\"divider-line\"><\/div><\/div>\t\r\n\t<\/div>\t\r\n\r\n[vc_empty_space height=\u00a0\u00bb20px\u00a0\u00bb]<div id=\"argenta-custom-69ecf731d3f48\"  >\r\n\t<p style=\"text-align: justify;\">D\u00e9couvrez l&rsquo;entreprise du Troph\u00e9e \u00ab\u00a0<a href=\"https:\/\/www.trekrosetrip.com\/cap-vert\/club-entreprises\/#Trophee-Club-Entreprises\">Club Entreprises<\/a>\u00a0\u00bb qui nous fait confiance en 2026 pour cette deuxi\u00e8me \u00e9dition avec deux \u00e9quipes engag\u00e9es.<\/p>\n<\/div>\r\n\r\n[vc_empty_space height=\u00a0\u00bb30px\u00a0\u00bb]<div class=\"button_wrapper\"  >\r\n\t\r\n\t<a href=\"#equipes-club-entreprises\" class=\"btn btn-rounded text-center display-none\" id=\"argenta-custom-69ecf731d4070\">\r\n\t\t\t\t<span class=\"text\">D\u00e9couvrir les \u00e9quipes 2026<\/span>\r\n\t\t\t<\/a>\r\n\t\r\n<\/div>\r\n\r\n[vc_empty_space height=\u00a0\u00bb90px\u00a0\u00bb][\/vc_column_inner][vc_column_inner width=\u00a0\u00bb1\/6&Prime;][\/vc_column_inner][\/vc_row_inner][vc_empty_space height=\u00a0\u00bb0px\u00a0\u00bb el_id=\u00a0\u00bbSavencia\u00a0\u00bb]<div class=\"split-box\" id=\"argenta-custom-69ecf731d4139\" \r\n\t\t\t\t>\r\n\t\t<div class=\"vc_col-md-6 split-box-wrap\">\r\n\t\t<div class=\"parallax-bg\"><\/div>\r\n\t\t<div class=\"content\">\r\n\t\t\t[vc_single_image image=\u00a0\u00bb2726&Prime; img_size=\u00a0\u00bbmedium\u00a0\u00bb][vc_empty_space height=\u00a0\u00bb20px\u00a0\u00bb]<div  class=\"heading-wrapper text-left text-titre\"  >\r\n\t\r\n\t<h2 class=\"second-title text-left\">UTPF<\/h2>\r\n\r\n\t\t\t<p class=\"subtitle\">Union des transports publics et ferroviaires<\/p>\r\n\t\r\n\t\t<div class=\"divider-solid\"><div class=\"divider-line\"><\/div><\/div>\t\r\n\t<\/div>\t\r\n\r\n[vc_empty_space height=\u00a0\u00bb20px\u00a0\u00bb]<div id=\"argenta-custom-69ecf731d46c5\"  >\r\n\t<p align=\"justify\">L&rsquo;<a href=\"https:\/\/www.utpf-mobilites.fr\/\" target=\"_blank\" rel=\"noopener\">UTPF<\/a> est l\u2019<strong>organisation professionnelle regroupant les entreprises de transport public et les entreprises de la branche ferroviaire<\/strong> : transport de fret et\/ou de voyageurs, gestionnaires d\u2019infrastructures et d\u2019installations de service, en France.<\/p>\n<p align=\"justify\">UTPF repr\u00e9sente la profession aupr\u00e8s des institutions fran\u00e7aises et europ\u00e9ennes. Ses principales missions sont :<\/p>\n<ul>\n<li>la d\u00e9fense des int\u00e9r\u00eats collectifs des entreprises adh\u00e9rentes,<\/li>\n<li>la n\u00e9gociation des conventions collectives dont elle a la responsabilit\u00e9 (transports urbains de voyageurs) et la construction de la convention collective de la branche ferroviaire,<\/li>\n<li>la promotion du transport public de voyageurs et du transport ferroviaire et de ses m\u00e9tiers<\/li>\n<li>cr\u00e9er un environnement favorable au d\u00e9veloppement de la mobilit\u00e9 durable (transports de voyageurs et de<br \/>\nmarchandises)<\/li>\n<\/ul>\n<\/div>\r\n\r\n[vc_empty_space height=\u00a0\u00bb15px\u00a0\u00bb][vc_row_inner][vc_column_inner width=\u00a0\u00bb1\/6&Prime; css=\u00a0\u00bb.vc_custom_1665053560044{padding-top: 5px !important;padding-right: 5px !important;padding-bottom: 5px !important;padding-left: 5px !important;}\u00a0\u00bb][vc_btn title=\u00a0\u00bbSite WEB\u00a0\u00bb style=\u00a0\u00bbcustom\u00a0\u00bb custom_background=\u00a0\u00bb#d7006d\u00a0\u00bb custom_text=\u00a0\u00bb#ffffff\u00a0\u00bb shape=\u00a0\u00bbsquare\u00a0\u00bb align=\u00a0\u00bbcenter\u00a0\u00bb link=\u00a0\u00bburl:https%3A%2F%2Fwww.utpf-mobilites.fr%2F||target:%20_blank|\u00a0\u00bb][\/vc_column_inner][vc_column_inner width=\u00a0\u00bb1\/6&Prime; css=\u00a0\u00bb.vc_custom_1665053583583{padding-top: 5px !important;padding-right: 5px !important;padding-bottom: 5px !important;padding-left: 5px !important;}\u00a0\u00bb][vc_btn title=\u00a0\u00bb\u00a0\u00bb style=\u00a0\u00bbcustom\u00a0\u00bb custom_background=\u00a0\u00bb#d7006d\u00a0\u00bb custom_text=\u00a0\u00bb#ffffff\u00a0\u00bb shape=\u00a0\u00bbsquare\u00a0\u00bb align=\u00a0\u00bbcenter\u00a0\u00bb i_icon_fontawesome=\u00a0\u00bbfa fa-linkedin\u00a0\u00bb add_icon=\u00a0\u00bbtrue\u00a0\u00bb link=\u00a0\u00bburl:https%3A%2F%2Ffr.linkedin.com%2Fcompany%2Futp-uniondestransportspublicsetferroviaires||target:%20_blank|\u00a0\u00bb][\/vc_column_inner][\/vc_row_inner][vc_empty_space height=\u00a0\u00bb15px\u00a0\u00bb]\t\t<\/div>\r\n\t<\/div>\t<div class=\"vc_col-md-6 split-box-wrap\">\r\n\t\t<div class=\"parallax-bg\"><\/div>\r\n\t\t<div class=\"content\">\r\n\t\t\t[vc_single_image image=\u00a0\u00bb2731&Prime; img_size=\u00a0\u00bbfull\u00a0\u00bb alignment=\u00a0\u00bbcenter\u00a0\u00bb]\t\t<\/div>\r\n\t<\/div>\t\r\n<\/div>\r\n\r\n[\/vc_column][vc_column el_class=\u00a0\u00bbdisplay-none\u00a0\u00bb][vc_empty_space height=\u00a0\u00bb15px\u00a0\u00bb][\/vc_column][\/vc_row][vc_row full_width=\u00a0\u00bbstretch_row\u00a0\u00bb css=\u00a0\u00bb.vc_custom_1776255945192{background-color: #ffffff !important;}\u00a0\u00bb el_id=\u00a0\u00bbequipes-club-entreprises\u00a0\u00bb el_class=\u00a0\u00bbdisplay-none\u00a0\u00bb][vc_column][vc_row_inner][vc_column_inner width=\u00a0\u00bb1\/4&Prime;][\/vc_column_inner][vc_column_inner width=\u00a0\u00bb1\/2&Prime;][vc_empty_space height=\u00a0\u00bb20px\u00a0\u00bb]<div  class=\"heading-wrapper text-center text-titre\"  >\r\n\t\t\t<p class=\"subtitle\">Les \u00e9quipes 2026<\/p>\r\n\t\r\n\t<h2 class=\"second-title text-center\">D\u00e9couvrir les \u00e9quipes 2026<\/h2>\r\n\r\n\t\r\n\t\t<div class=\"divider-solid\"><div class=\"divider-line\"><\/div><\/div>\t\r\n\t<\/div>\t\r\n\r\n[vc_empty_space height=\u00a0\u00bb20px\u00a0\u00bb]<div class=\"gallery-wrap\" id=\"argenta-custom-69ecf731e015a\" data-gallery=\"argenta-custom-69ecf731e0159\">\r\n\r\n\t\t\t<div class=\"vc_col-md-6 gallery-image\" data-gallery-item=\"0\">\r\n\t\t<div class=\"wrap\">\r\n\t\t\t<img decoding=\"async\" class=\"gimg\" src=\"https:\/\/www.trekrosetrip.com\/cap-vert\/wp-content\/uploads\/sites\/5\/2025\/05\/Rose-Trip-Cap-Vert-Boa-Vista-2025-93.png\" alt=\"\">\r\n\t\t\t<div class=\"overlay\">\r\n\t\t\t\t<div class=\"icon-shape\">\r\n\t\t\t\t\t<img decoding=\"async\" src=\"https:\/\/www.trekrosetrip.com\/cap-vert\/wp-content\/themes\/argenta\/images\/arr-out.svg\" alt=\"\">\r\n\t\t\t\t<\/div>\r\n\t\t\t<\/div>\r\n\t\t\t<div class=\"gallery-description\">\r\n\t\t\t\t<p class=\"subtitle small\">\r\n\t\t\t\t\t\t\t\t\t<\/p>\r\n\t\t\t\t<h3 class=\"title\">Equipe 93 - Les Bulles Roses 42 - La Charpini\u00e8re | Rose Trip Cap-Vert Boa Vista 2025<\/h3>\r\n\t\t\t<\/div>\r\n\t\t<\/div>\r\n\t<\/div>\r\n\t\t\t<div class=\"vc_col-md-6 gallery-image\" data-gallery-item=\"1\">\r\n\t\t<div class=\"wrap\">\r\n\t\t\t<img decoding=\"async\" class=\"gimg\" src=\"https:\/\/www.trekrosetrip.com\/cap-vert\/wp-content\/uploads\/sites\/5\/2025\/05\/Rose-Trip-Cap-Vert-Boa-Vista-2025-94.png\" alt=\"\">\r\n\t\t\t<div class=\"overlay\">\r\n\t\t\t\t<div class=\"icon-shape\">\r\n\t\t\t\t\t<img decoding=\"async\" src=\"https:\/\/www.trekrosetrip.com\/cap-vert\/wp-content\/themes\/argenta\/images\/arr-out.svg\" alt=\"\">\r\n\t\t\t\t<\/div>\r\n\t\t\t<\/div>\r\n\t\t\t<div class=\"gallery-description\">\r\n\t\t\t\t<p class=\"subtitle small\">\r\n\t\t\t\t\t\t\t\t\t<\/p>\r\n\t\t\t\t<h3 class=\"title\">Equipe 94 - Les Truck' Euses - Groupe Marty | Rose Trip Cap-Vert Boa Vista 2025<\/h3>\r\n\t\t\t<\/div>\r\n\t\t<\/div>\r\n\t<\/div>\r\n\t\t\t<div class=\"clear\"><\/div>\r\n\r\n<\/div>\r\n\r\n<div class=\"gallery gallery-light\" id=\"argenta-custom-69ecf731e0159\">\r\n\t<div class=\"close\">\r\n\t\t<span class=\"ion-ios-close-empty-x\">X<\/span>\r\n\t<\/div>\r\n<\/div>\r\n\r\n[vc_empty_space height=\u00a0\u00bb90px\u00a0\u00bb][\/vc_column_inner][vc_column_inner width=\u00a0\u00bb1\/4&Prime;][\/vc_column_inner][\/vc_row_inner][\/vc_column][\/vc_row]\n","protected":false},"excerpt":{"rendered":"<p>[vc_row full_width=\u00a0\u00bbstretch_row_content_no_spaces\u00a0\u00bb][vc_column][vc_row_inner content_placement=\u00a0\u00bbmiddle\u00a0\u00bb css=\u00a0\u00bb.vc_custom_1539010112340{background-color: #f8f8f8 !important;}\u00a0\u00bb][vc_column_inner width=\u00a0\u00bb1\/6&Prime;][\/vc_column_inner][vc_column_inner el_class=\u00a0\u00bbtext-center\u00a0\u00bb width=\u00a0\u00bb2\/3&Prime;][vc_empty_space height=\u00a0\u00bb90px\u00a0\u00bb][vc_empty_space height=\u00a0\u00bb20px\u00a0\u00bb][vc_empty_space height=\u00a0\u00bb30px\u00a0\u00bb][vc_empty_space height=\u00a0\u00bb90px\u00a0\u00bb][\/vc_column_inner][vc_column_inner width=\u00a0\u00bb1\/6&Prime;][\/vc_column_inner][\/vc_row_inner][vc_empty_space height=\u00a0\u00bb0px\u00a0\u00bb el_id=\u00a0\u00bbSavencia\u00a0\u00bb][\/vc_column][vc_column el_class=\u00a0\u00bbdisplay-none\u00a0\u00bb][vc_empty_space height=\u00a0\u00bb15px\u00a0\u00bb][\/vc_column][\/vc_row][vc_row full_width=\u00a0\u00bbstretch_row\u00a0\u00bb css=\u00a0\u00bb.vc_custom_1776255945192{background-color: #ffffff !important;}\u00a0\u00bb el_id=\u00a0\u00bbequipes-club-entreprises\u00a0\u00bb el_class=\u00a0\u00bbdisplay-none\u00a0\u00bb][vc_column][vc_row_inner][vc_column_inner width=\u00a0\u00bb1\/4&Prime;][\/vc_column_inner][vc_column_inner width=\u00a0\u00bb1\/2&Prime;][vc_empty_space height=\u00a0\u00bb20px\u00a0\u00bb][vc_empty_space height=\u00a0\u00bb20px\u00a0\u00bb][vc_empty_space height=\u00a0\u00bb90px\u00a0\u00bb][\/vc_column_inner][vc_column_inner width=\u00a0\u00bb1\/4&Prime;][\/vc_column_inner][\/vc_row_inner][\/vc_column][\/vc_row]<\/p>\n","protected":false},"author":1,"featured_media":0,"parent":128,"menu_order":0,"comment_status":"closed","ping_status":"closed","template":"page-templates\/page_without-sidebar.php","meta":{"_acf_changed":false,"footnotes":""},"class_list":["post-622","page","type-page","status-publish","hentry"],"acf":[],"yoast_head":"<!-- This site is optimized with the Yoast SEO Premium plugin v27.4 (Yoast SEO v27.4) - https:\/\/yoast.com\/product\/yoast-seo-premium-wordpress\/ -->\n<title>Les Club Entreprises engag\u00e9s en 2026 | Rose Trip Cap-Vert Boa Vista<\/title>\n<meta name=\"description\" content=\"D\u00e9couvrez les entreprises de la cat\u00e9gorie \u00ab Club Entreprises \u00bb qui nous font confiance dans l&#039;aventure Rose Trip Cap-Vert Boa Vista.\" \/>\n<meta name=\"robots\" content=\"index, follow, max-snippet:-1, max-image-preview:large, max-video-preview:-1\" \/>\n<link rel=\"canonical\" href=\"https:\/\/www.trekrosetrip.com\/cap-vert\/club-entreprises\/les-club-entreprises-engages\/\" \/>\n<meta property=\"og:locale\" content=\"fr_FR\" \/>\n<meta property=\"og:type\" content=\"article\" \/>\n<meta property=\"og:title\" content=\"Les Club Entreprises engag\u00e9s en 2026 | Rose Trip Cap-Vert Boa Vista\" \/>\n<meta property=\"og:description\" content=\"D\u00e9couvrez les entreprises de la cat\u00e9gorie \u00ab Club Entreprises \u00bb qui nous font confiance dans l&#039;aventure Rose Trip Cap-Vert Boa Vista.\" \/>\n<meta property=\"og:url\" content=\"https:\/\/www.trekrosetrip.com\/cap-vert\/club-entreprises\/les-club-entreprises-engages\/\" \/>\n<meta property=\"og:site_name\" content=\"Rose Trip Cap-Vert Boa Vista\" \/>\n<meta property=\"article:modified_time\" content=\"2026-04-15T12:44:33+00:00\" \/>\n<meta property=\"og:image\" content=\"https:\/\/www.trekrosetrip.com\/cap-vert\/wp-content\/uploads\/sites\/5\/2025\/06\/engager-une-equipe-club-entreprise-rose-trip-cap-vert-1.jpg\" \/>\n\t<meta property=\"og:image:width\" content=\"1500\" \/>\n\t<meta property=\"og:image:height\" content=\"609\" \/>\n\t<meta property=\"og:image:type\" content=\"image\/jpeg\" \/>\n<meta name=\"twitter:card\" content=\"summary_large_image\" \/>\n<meta name=\"twitter:title\" content=\"Les Club Entreprises engag\u00e9s en 2026\" \/>\n<meta name=\"twitter:label1\" content=\"Dur\u00e9e de lecture estim\u00e9e\" \/>\n\t<meta name=\"twitter:data1\" content=\"2 minutes\" \/>\n<script type=\"application\/ld+json\" class=\"yoast-schema-graph\">{\"@context\":\"https:\\\/\\\/schema.org\",\"@graph\":[{\"@type\":\"WebPage\",\"@id\":\"https:\\\/\\\/www.trekrosetrip.com\\\/cap-vert\\\/club-entreprises\\\/les-club-entreprises-engages\\\/\",\"url\":\"https:\\\/\\\/www.trekrosetrip.com\\\/cap-vert\\\/club-entreprises\\\/les-club-entreprises-engages\\\/\",\"name\":\"Les Club Entreprises engag\u00e9s en 2026 | Rose Trip Cap-Vert Boa Vista\",\"isPartOf\":{\"@id\":\"https:\\\/\\\/www.trekrosetrip.com\\\/cap-vert\\\/#website\"},\"datePublished\":\"2025-04-24T12:30:49+00:00\",\"dateModified\":\"2026-04-15T12:44:33+00:00\",\"description\":\"D\u00e9couvrez les entreprises de la cat\u00e9gorie \u00ab Club Entreprises \u00bb qui nous font confiance dans l'aventure Rose Trip Cap-Vert Boa Vista.\",\"breadcrumb\":{\"@id\":\"https:\\\/\\\/www.trekrosetrip.com\\\/cap-vert\\\/club-entreprises\\\/les-club-entreprises-engages\\\/#breadcrumb\"},\"inLanguage\":\"fr-FR\",\"potentialAction\":[{\"@type\":\"ReadAction\",\"target\":[\"https:\\\/\\\/www.trekrosetrip.com\\\/cap-vert\\\/club-entreprises\\\/les-club-entreprises-engages\\\/\"]}]},{\"@type\":\"BreadcrumbList\",\"@id\":\"https:\\\/\\\/www.trekrosetrip.com\\\/cap-vert\\\/club-entreprises\\\/les-club-entreprises-engages\\\/#breadcrumb\",\"itemListElement\":[{\"@type\":\"ListItem\",\"position\":1,\"name\":\"Accueil\",\"item\":\"https:\\\/\\\/www.trekrosetrip.com\\\/cap-vert\\\/\"},{\"@type\":\"ListItem\",\"position\":2,\"name\":\"Le Club Entreprises\",\"item\":\"https:\\\/\\\/www.trekrosetrip.com\\\/cap-vert\\\/club-entreprises\\\/\"},{\"@type\":\"ListItem\",\"position\":3,\"name\":\"Les Club Entreprises engag\u00e9s en 2026\"}]},{\"@type\":\"WebSite\",\"@id\":\"https:\\\/\\\/www.trekrosetrip.com\\\/cap-vert\\\/#website\",\"url\":\"https:\\\/\\\/www.trekrosetrip.com\\\/cap-vert\\\/\",\"name\":\"Rose Trip Cap-Vert Boa Vista\",\"description\":\"\",\"potentialAction\":[{\"@type\":\"SearchAction\",\"target\":{\"@type\":\"EntryPoint\",\"urlTemplate\":\"https:\\\/\\\/www.trekrosetrip.com\\\/cap-vert\\\/?s={search_term_string}\"},\"query-input\":{\"@type\":\"PropertyValueSpecification\",\"valueRequired\":true,\"valueName\":\"search_term_string\"}}],\"inLanguage\":\"fr-FR\"}]}<\/script>\n<!-- \/ Yoast SEO Premium plugin. -->","yoast_head_json":{"title":"Les Club Entreprises engag\u00e9s en 2026 | Rose Trip Cap-Vert Boa Vista","description":"D\u00e9couvrez les entreprises de la cat\u00e9gorie \u00ab Club Entreprises \u00bb qui nous font confiance dans l'aventure Rose Trip Cap-Vert Boa Vista.","robots":{"index":"index","follow":"follow","max-snippet":"max-snippet:-1","max-image-preview":"max-image-preview:large","max-video-preview":"max-video-preview:-1"},"canonical":"https:\/\/www.trekrosetrip.com\/cap-vert\/club-entreprises\/les-club-entreprises-engages\/","og_locale":"fr_FR","og_type":"article","og_title":"Les Club Entreprises engag\u00e9s en 2026 | Rose Trip Cap-Vert Boa Vista","og_description":"D\u00e9couvrez les entreprises de la cat\u00e9gorie \u00ab Club Entreprises \u00bb qui nous font confiance dans l'aventure Rose Trip Cap-Vert Boa Vista.","og_url":"https:\/\/www.trekrosetrip.com\/cap-vert\/club-entreprises\/les-club-entreprises-engages\/","og_site_name":"Rose Trip Cap-Vert Boa Vista","article_modified_time":"2026-04-15T12:44:33+00:00","og_image":[{"width":1500,"height":609,"url":"https:\/\/www.trekrosetrip.com\/cap-vert\/wp-content\/uploads\/sites\/5\/2025\/06\/engager-une-equipe-club-entreprise-rose-trip-cap-vert-1.jpg","type":"image\/jpeg"}],"twitter_card":"summary_large_image","twitter_title":"Les Club Entreprises engag\u00e9s en 2026","twitter_misc":{"Dur\u00e9e de lecture estim\u00e9e":"2 minutes"},"schema":{"@context":"https:\/\/schema.org","@graph":[{"@type":"WebPage","@id":"https:\/\/www.trekrosetrip.com\/cap-vert\/club-entreprises\/les-club-entreprises-engages\/","url":"https:\/\/www.trekrosetrip.com\/cap-vert\/club-entreprises\/les-club-entreprises-engages\/","name":"Les Club Entreprises engag\u00e9s en 2026 | Rose Trip Cap-Vert Boa Vista","isPartOf":{"@id":"https:\/\/www.trekrosetrip.com\/cap-vert\/#website"},"datePublished":"2025-04-24T12:30:49+00:00","dateModified":"2026-04-15T12:44:33+00:00","description":"D\u00e9couvrez les entreprises de la cat\u00e9gorie \u00ab Club Entreprises \u00bb qui nous font confiance dans l'aventure Rose Trip Cap-Vert Boa Vista.","breadcrumb":{"@id":"https:\/\/www.trekrosetrip.com\/cap-vert\/club-entreprises\/les-club-entreprises-engages\/#breadcrumb"},"inLanguage":"fr-FR","potentialAction":[{"@type":"ReadAction","target":["https:\/\/www.trekrosetrip.com\/cap-vert\/club-entreprises\/les-club-entreprises-engages\/"]}]},{"@type":"BreadcrumbList","@id":"https:\/\/www.trekrosetrip.com\/cap-vert\/club-entreprises\/les-club-entreprises-engages\/#breadcrumb","itemListElement":[{"@type":"ListItem","position":1,"name":"Accueil","item":"https:\/\/www.trekrosetrip.com\/cap-vert\/"},{"@type":"ListItem","position":2,"name":"Le Club Entreprises","item":"https:\/\/www.trekrosetrip.com\/cap-vert\/club-entreprises\/"},{"@type":"ListItem","position":3,"name":"Les Club Entreprises engag\u00e9s en 2026"}]},{"@type":"WebSite","@id":"https:\/\/www.trekrosetrip.com\/cap-vert\/#website","url":"https:\/\/www.trekrosetrip.com\/cap-vert\/","name":"Rose Trip Cap-Vert Boa Vista","description":"","potentialAction":[{"@type":"SearchAction","target":{"@type":"EntryPoint","urlTemplate":"https:\/\/www.trekrosetrip.com\/cap-vert\/?s={search_term_string}"},"query-input":{"@type":"PropertyValueSpecification","valueRequired":true,"valueName":"search_term_string"}}],"inLanguage":"fr-FR"}]}},"_links":{"self":[{"href":"https:\/\/www.trekrosetrip.com\/cap-vert\/wp-json\/wp\/v2\/pages\/622","targetHints":{"allow":["GET"]}}],"collection":[{"href":"https:\/\/www.trekrosetrip.com\/cap-vert\/wp-json\/wp\/v2\/pages"}],"about":[{"href":"https:\/\/www.trekrosetrip.com\/cap-vert\/wp-json\/wp\/v2\/types\/page"}],"author":[{"embeddable":true,"href":"https:\/\/www.trekrosetrip.com\/cap-vert\/wp-json\/wp\/v2\/users\/1"}],"replies":[{"embeddable":true,"href":"https:\/\/www.trekrosetrip.com\/cap-vert\/wp-json\/wp\/v2\/comments?post=622"}],"version-history":[{"count":3,"href":"https:\/\/www.trekrosetrip.com\/cap-vert\/wp-json\/wp\/v2\/pages\/622\/revisions"}],"predecessor-version":[{"id":2734,"href":"https:\/\/www.trekrosetrip.com\/cap-vert\/wp-json\/wp\/v2\/pages\/622\/revisions\/2734"}],"up":[{"embeddable":true,"href":"https:\/\/www.trekrosetrip.com\/cap-vert\/wp-json\/wp\/v2\/pages\/128"}],"wp:attachment":[{"href":"https:\/\/www.trekrosetrip.com\/cap-vert\/wp-json\/wp\/v2\/media?parent=622"}],"curies":[{"name":"wp","href":"https:\/\/api.w.org\/{rel}","templated":true}]}}