{"id":371,"date":"2024-04-23T15:23:51","date_gmt":"2024-04-23T13:23:51","guid":{"rendered":"https:\/\/www.trekrosetrip.com\/cap-vert\/?page_id=371"},"modified":"2025-06-25T15:01:40","modified_gmt":"2025-06-25T13:01:40","slug":"videos","status":"publish","type":"page","link":"https:\/\/www.trekrosetrip.com\/cap-vert\/videos\/","title":{"rendered":"Vid\u00e9os"},"content":{"rendered":"[vc_row][vc_column width=\u00a0\u00bb1\/2&Prime;][vc_empty_space height=\u00a0\u00bb50px\u00a0\u00bb]<div id=\"argenta-custom-69ecf5c27223e\"  class=\"heading-wrapper text-left\"  >\r\n\t\t\t<p class=\"subtitle\">#2\u00e8me \u00e9dition<\/p>\r\n\t\r\n\t<h3 class=\"second-title text-left\">Teaser 2026<\/h3>\r\n\r\n\t\r\n\t\t<div class=\"divider-solid\"><div class=\"divider-line\"><\/div><\/div>\t\r\n\t<\/div>\t\r\n\r\n[vc_empty_space height=\u00a0\u00bb20px\u00a0\u00bb][vc_raw_html]JTNDaWZyYW1lJTIwd2lkdGglM0QlMjI1NjAlMjIlMjBoZWlnaHQlM0QlMjIzMTUlMjIlMjBzcmMlM0QlMjJodHRwcyUzQSUyRiUyRnd3dy55b3V0dWJlLmNvbSUyRmVtYmVkJTJGU0toYnFVU0tjRWMlM0ZzaSUzRGhOSDdvSGdvcGQ4Q0RwS2MlMjIlMjB0aXRsZSUzRCUyMllvdVR1YmUlMjB2aWRlbyUyMHBsYXllciUyMiUyMGZyYW1lYm9yZGVyJTNEJTIyMCUyMiUyMGFsbG93JTNEJTIyYWNjZWxlcm9tZXRlciUzQiUyMGF1dG9wbGF5JTNCJTIwY2xpcGJvYXJkLXdyaXRlJTNCJTIwZW5jcnlwdGVkLW1lZGlhJTNCJTIwZ3lyb3Njb3BlJTNCJTIwcGljdHVyZS1pbi1waWN0dXJlJTNCJTIwd2ViLXNoYXJlJTIyJTIwcmVmZXJyZXJwb2xpY3klM0QlMjJzdHJpY3Qtb3JpZ2luLXdoZW4tY3Jvc3Mtb3JpZ2luJTIyJTIwYWxsb3dmdWxsc2NyZWVuJTNFJTNDJTJGaWZyYW1lJTNFJTBBJTBBJTNDYnIlM0UlM0NkaXYlMjBjbGFzcyUzRCUyMmcteXRzdWJzY3JpYmUlMjIlMjBkYXRhLWNoYW5uZWxpZCUzRCUyMlVDVGctSVRTWXZWeG5KMjFqS1llS0VpQSUyMiUyMGRhdGEtbGF5b3V0JTNEJTIyZnVsbCUyMiUyMGRhdGEtY291bnQlM0QlMjJoaWRkZW4lMjIlM0UlM0MlMkZkaXYlM0U=[\/vc_raw_html][\/vc_column][vc_column width=\u00a0\u00bb1\/2&Prime;][vc_empty_space height=\u00a0\u00bb50px\u00a0\u00bb]<div id=\"argenta-custom-69ecf5c27231f\"  class=\"heading-wrapper text-left\"  >\r\n\t\t\t<p class=\"subtitle\">#1\u00e8re \u00e9dition<\/p>\r\n\t\r\n\t<h3 class=\"second-title text-left\">Film souvenir 2025<\/h3>\r\n\r\n\t\r\n\t\t<div class=\"divider-solid\"><div class=\"divider-line\"><\/div><\/div>\t\r\n\t<\/div>\t\r\n\r\n[vc_empty_space height=\u00a0\u00bb20px\u00a0\u00bb][vc_raw_html]JTNDaWZyYW1lJTIwd2lkdGglM0QlMjI1NjAlMjIlMjBoZWlnaHQlM0QlMjIzMTUlMjIlMjBzcmMlM0QlMjJodHRwcyUzQSUyRiUyRnd3dy55b3V0dWJlLmNvbSUyRmVtYmVkJTJGdmlkZW9zZXJpZXMlM0ZzaSUzRG5maS1menI3RkdtSWJYYUQlMjZhbXAlM0JsaXN0JTNEUExRekMwOFRLUkc4X3JNS2ZCMUNWbzlUTVVHZEhjbXhXSSUyMiUyMHRpdGxlJTNEJTIyWW91VHViZSUyMHZpZGVvJTIwcGxheWVyJTIyJTIwZnJhbWVib3JkZXIlM0QlMjIwJTIyJTIwYWxsb3clM0QlMjJhY2NlbGVyb21ldGVyJTNCJTIwYXV0b3BsYXklM0IlMjBjbGlwYm9hcmQtd3JpdGUlM0IlMjBlbmNyeXB0ZWQtbWVkaWElM0IlMjBneXJvc2NvcGUlM0IlMjBwaWN0dXJlLWluLXBpY3R1cmUlM0IlMjB3ZWItc2hhcmUlMjIlMjByZWZlcnJlcnBvbGljeSUzRCUyMnN0cmljdC1vcmlnaW4td2hlbi1jcm9zcy1vcmlnaW4lMjIlMjBhbGxvd2Z1bGxzY3JlZW4lM0UlM0MlMkZpZnJhbWUlM0UlMEElMEElM0NiciUzRSUzQ2RpdiUyMGNsYXNzJTNEJTIyZy15dHN1YnNjcmliZSUyMiUyMGRhdGEtY2hhbm5lbGlkJTNEJTIyVUNUZy1JVFNZdlZ4bkoyMWpLWWVLRWlBJTIyJTIwZGF0YS1sYXlvdXQlM0QlMjJmdWxsJTIyJTIwZGF0YS1jb3VudCUzRCUyMmhpZGRlbiUyMiUzRSUzQyUyRmRpdiUzRQ==[\/vc_raw_html][\/vc_column][\/vc_row][vc_row][vc_column width=\u00a0\u00bb1\/2&Prime;][vc_empty_space height=\u00a0\u00bb50px\u00a0\u00bb]<div id=\"argenta-custom-69ecf5c2723ce\"  class=\"heading-wrapper text-left\"  >\r\n\t\t\t<p class=\"subtitle\">#Teaser 2025<\/p>\r\n\t\r\n\t<h3 class=\"second-title text-left\">Lancement | Rose Trip Cap-Vert<\/h3>\r\n\r\n\t\r\n\t\t<div class=\"divider-solid\"><div class=\"divider-line\"><\/div><\/div>\t\r\n\t<\/div>\t\r\n\r\n[vc_empty_space height=\u00a0\u00bb20px\u00a0\u00bb][vc_raw_html]JTNDaWZyYW1lJTIwd2lkdGglM0QlMjI1NjAlMjIlMjBoZWlnaHQlM0QlMjIzMTUlMjIlMjBzcmMlM0QlMjJodHRwcyUzQSUyRiUyRnd3dy55b3V0dWJlLmNvbSUyRmVtYmVkJTJGbnBWUGVMa0VXaGMlMjIlMjBmcmFtZWJvcmRlciUzRCUyMjAlMjIlMjBhbGxvdyUzRCUyMmFjY2VsZXJvbWV0ZXIlM0IlMjBhdXRvcGxheSUzQiUyMGVuY3J5cHRlZC1tZWRpYSUzQiUyMGd5cm9zY29wZSUzQiUyMHBpY3R1cmUtaW4tcGljdHVyZSUyMiUyMGFsbG93ZnVsbHNjcmVlbiUzRSUzQyUyRmlmcmFtZSUzRSUwQSUzQ3NjcmlwdCUyMHNyYyUzRCUyMmh0dHBzJTNBJTJGJTJGYXBpcy5nb29nbGUuY29tJTJGanMlMkZwbGF0Zm9ybS5qcyUyMiUzRSUzQyUyRnNjcmlwdCUzRSUwQSUwQSUzQ2JyJTNFJTNDZGl2JTIwY2xhc3MlM0QlMjJnLXl0c3Vic2NyaWJlJTIyJTIwZGF0YS1jaGFubmVsaWQlM0QlMjJVQ1RnLUlUU1l2VnhuSjIxaktZZUtFaUElMjIlMjBkYXRhLWxheW91dCUzRCUyMmZ1bGwlMjIlMjBkYXRhLWNvdW50JTNEJTIyaGlkZGVuJTIyJTNFJTNDJTJGZGl2JTNF[\/vc_raw_html][\/vc_column][vc_column width=\u00a0\u00bb1\/2&Prime;][vc_empty_space height=\u00a0\u00bb20px\u00a0\u00bb][\/vc_column][\/vc_row]\n","protected":false},"excerpt":{"rendered":"<p>[vc_row][vc_column width=\u00a0\u00bb1\/2&Prime;][vc_empty_space height=\u00a0\u00bb50px\u00a0\u00bb][vc_empty_space height=\u00a0\u00bb20px\u00a0\u00bb][vc_raw_html]JTNDaWZyYW1lJTIwd2lkdGglM0QlMjI1NjAlMjIlMjBoZWlnaHQlM0QlMjIzMTUlMjIlMjBzcmMlM0QlMjJodHRwcyUzQSUyRiUyRnd3dy55b3V0dWJlLmNvbSUyRmVtYmVkJTJGU0toYnFVU0tjRWMlM0ZzaSUzRGhOSDdvSGdvcGQ4Q0RwS2MlMjIlMjB0aXRsZSUzRCUyMllvdVR1YmUlMjB2aWRlbyUyMHBsYXllciUyMiUyMGZyYW1lYm9yZGVyJTNEJTIyMCUyMiUyMGFsbG93JTNEJTIyYWNjZWxlcm9tZXRlciUzQiUyMGF1dG9wbGF5JTNCJTIwY2xpcGJvYXJkLXdyaXRlJTNCJTIwZW5jcnlwdGVkLW1lZGlhJTNCJTIwZ3lyb3Njb3BlJTNCJTIwcGljdHVyZS1pbi1waWN0dXJlJTNCJTIwd2ViLXNoYXJlJTIyJTIwcmVmZXJyZXJwb2xpY3klM0QlMjJzdHJpY3Qtb3JpZ2luLXdoZW4tY3Jvc3Mtb3JpZ2luJTIyJTIwYWxsb3dmdWxsc2NyZWVuJTNFJTNDJTJGaWZyYW1lJTNFJTBBJTBBJTNDYnIlM0UlM0NkaXYlMjBjbGFzcyUzRCUyMmcteXRzdWJzY3JpYmUlMjIlMjBkYXRhLWNoYW5uZWxpZCUzRCUyMlVDVGctSVRTWXZWeG5KMjFqS1llS0VpQSUyMiUyMGRhdGEtbGF5b3V0JTNEJTIyZnVsbCUyMiUyMGRhdGEtY291bnQlM0QlMjJoaWRkZW4lMjIlM0UlM0MlMkZkaXYlM0U=[\/vc_raw_html][\/vc_column][vc_column width=\u00a0\u00bb1\/2&Prime;][vc_empty_space height=\u00a0\u00bb50px\u00a0\u00bb][vc_empty_space height=\u00a0\u00bb20px\u00a0\u00bb][vc_raw_html]JTNDaWZyYW1lJTIwd2lkdGglM0QlMjI1NjAlMjIlMjBoZWlnaHQlM0QlMjIzMTUlMjIlMjBzcmMlM0QlMjJodHRwcyUzQSUyRiUyRnd3dy55b3V0dWJlLmNvbSUyRmVtYmVkJTJGdmlkZW9zZXJpZXMlM0ZzaSUzRG5maS1menI3RkdtSWJYYUQlMjZhbXAlM0JsaXN0JTNEUExRekMwOFRLUkc4X3JNS2ZCMUNWbzlUTVVHZEhjbXhXSSUyMiUyMHRpdGxlJTNEJTIyWW91VHViZSUyMHZpZGVvJTIwcGxheWVyJTIyJTIwZnJhbWVib3JkZXIlM0QlMjIwJTIyJTIwYWxsb3clM0QlMjJhY2NlbGVyb21ldGVyJTNCJTIwYXV0b3BsYXklM0IlMjBjbGlwYm9hcmQtd3JpdGUlM0IlMjBlbmNyeXB0ZWQtbWVkaWElM0IlMjBneXJvc2NvcGUlM0IlMjBwaWN0dXJlLWluLXBpY3R1cmUlM0IlMjB3ZWItc2hhcmUlMjIlMjByZWZlcnJlcnBvbGljeSUzRCUyMnN0cmljdC1vcmlnaW4td2hlbi1jcm9zcy1vcmlnaW4lMjIlMjBhbGxvd2Z1bGxzY3JlZW4lM0UlM0MlMkZpZnJhbWUlM0UlMEElMEElM0NiciUzRSUzQ2RpdiUyMGNsYXNzJTNEJTIyZy15dHN1YnNjcmliZSUyMiUyMGRhdGEtY2hhbm5lbGlkJTNEJTIyVUNUZy1JVFNZdlZ4bkoyMWpLWWVLRWlBJTIyJTIwZGF0YS1sYXlvdXQlM0QlMjJmdWxsJTIyJTIwZGF0YS1jb3VudCUzRCUyMmhpZGRlbiUyMiUzRSUzQyUyRmRpdiUzRQ==[\/vc_raw_html][\/vc_column][\/vc_row][vc_row][vc_column width=\u00a0\u00bb1\/2&Prime;][vc_empty_space height=\u00a0\u00bb50px\u00a0\u00bb][vc_empty_space height=\u00a0\u00bb20px\u00a0\u00bb][vc_raw_html]JTNDaWZyYW1lJTIwd2lkdGglM0QlMjI1NjAlMjIlMjBoZWlnaHQlM0QlMjIzMTUlMjIlMjBzcmMlM0QlMjJodHRwcyUzQSUyRiUyRnd3dy55b3V0dWJlLmNvbSUyRmVtYmVkJTJGbnBWUGVMa0VXaGMlMjIlMjBmcmFtZWJvcmRlciUzRCUyMjAlMjIlMjBhbGxvdyUzRCUyMmFjY2VsZXJvbWV0ZXIlM0IlMjBhdXRvcGxheSUzQiUyMGVuY3J5cHRlZC1tZWRpYSUzQiUyMGd5cm9zY29wZSUzQiUyMHBpY3R1cmUtaW4tcGljdHVyZSUyMiUyMGFsbG93ZnVsbHNjcmVlbiUzRSUzQyUyRmlmcmFtZSUzRSUwQSUzQ3NjcmlwdCUyMHNyYyUzRCUyMmh0dHBzJTNBJTJGJTJGYXBpcy5nb29nbGUuY29tJTJGanMlMkZwbGF0Zm9ybS5qcyUyMiUzRSUzQyUyRnNjcmlwdCUzRSUwQSUwQSUzQ2JyJTNFJTNDZGl2JTIwY2xhc3MlM0QlMjJnLXl0c3Vic2NyaWJlJTIyJTIwZGF0YS1jaGFubmVsaWQlM0QlMjJVQ1RnLUlUU1l2VnhuSjIxaktZZUtFaUElMjIlMjBkYXRhLWxheW91dCUzRCUyMmZ1bGwlMjIlMjBkYXRhLWNvdW50JTNEJTIyaGlkZGVuJTIyJTNFJTNDJTJGZGl2JTNF[\/vc_raw_html][\/vc_column][vc_column width=\u00a0\u00bb1\/2&Prime;][vc_empty_space height=\u00a0\u00bb20px\u00a0\u00bb][\/vc_column][\/vc_row]<\/p>\n","protected":false},"author":1,"featured_media":0,"parent":0,"menu_order":0,"comment_status":"closed","ping_status":"closed","template":"page-templates\/page_without-sidebar.php","meta":{"_acf_changed":false,"footnotes":""},"class_list":["post-371","page","type-page","status-publish","hentry"],"acf":[],"yoast_head":"<!-- This site is optimized with the Yoast SEO Premium plugin v27.4 (Yoast SEO v27.4) - https:\/\/yoast.com\/product\/yoast-seo-premium-wordpress\/ -->\n<title>Vid\u00e9os | Rose Trip Cap-Vert Boa Vista<\/title>\n<meta name=\"description\" content=\"Quoi de plus parlant que des vid\u00e9os pour vous plonger dans ce trek Cap-Vert Boa Vista ? Des paysages \u00e0 couper le souffle, des interviews, ...\" \/>\n<meta name=\"robots\" content=\"index, follow, max-snippet:-1, max-image-preview:large, max-video-preview:-1\" \/>\n<link rel=\"canonical\" href=\"https:\/\/www.trekrosetrip.com\/cap-vert\/videos\/\" \/>\n<meta property=\"og:locale\" content=\"fr_FR\" \/>\n<meta property=\"og:type\" content=\"article\" \/>\n<meta property=\"og:title\" content=\"Vid\u00e9os | Rose Trip Cap-Vert Boa Vista\" \/>\n<meta property=\"og:description\" content=\"Quoi de plus parlant que des vid\u00e9os pour vous plonger dans ce trek Cap-Vert Boa Vista ? Des paysages \u00e0 couper le souffle, des interviews, ...\" \/>\n<meta property=\"og:url\" content=\"https:\/\/www.trekrosetrip.com\/cap-vert\/videos\/\" \/>\n<meta property=\"og:site_name\" content=\"Rose Trip Cap-Vert Boa Vista\" \/>\n<meta property=\"article:modified_time\" content=\"2025-06-25T13:01:40+00:00\" \/>\n<meta property=\"og:image\" content=\"https:\/\/www.trekrosetrip.com\/cap-vert\/wp-content\/uploads\/sites\/5\/2024\/04\/club-entreprise-rose-trip-cap-vert.jpg\" \/>\n\t<meta property=\"og:image:width\" content=\"2000\" \/>\n\t<meta property=\"og:image:height\" content=\"812\" \/>\n\t<meta property=\"og:image:type\" content=\"image\/jpeg\" \/>\n<meta name=\"twitter:card\" content=\"summary_large_image\" \/>\n<meta name=\"twitter:title\" content=\"Vid\u00e9os\" \/>\n<meta name=\"twitter:label1\" content=\"Dur\u00e9e de lecture estim\u00e9e\" \/>\n\t<meta name=\"twitter:data1\" content=\"1 minute\" \/>\n<script type=\"application\/ld+json\" class=\"yoast-schema-graph\">{\"@context\":\"https:\\\/\\\/schema.org\",\"@graph\":[{\"@type\":\"WebPage\",\"@id\":\"https:\\\/\\\/www.trekrosetrip.com\\\/cap-vert\\\/videos\\\/\",\"url\":\"https:\\\/\\\/www.trekrosetrip.com\\\/cap-vert\\\/videos\\\/\",\"name\":\"Vid\u00e9os | Rose Trip Cap-Vert Boa Vista\",\"isPartOf\":{\"@id\":\"https:\\\/\\\/www.trekrosetrip.com\\\/cap-vert\\\/#website\"},\"datePublished\":\"2024-04-23T13:23:51+00:00\",\"dateModified\":\"2025-06-25T13:01:40+00:00\",\"description\":\"Quoi de plus parlant que des vid\u00e9os pour vous plonger dans ce trek Cap-Vert Boa Vista ? Des paysages \u00e0 couper le souffle, des interviews, ...\",\"breadcrumb\":{\"@id\":\"https:\\\/\\\/www.trekrosetrip.com\\\/cap-vert\\\/videos\\\/#breadcrumb\"},\"inLanguage\":\"fr-FR\",\"potentialAction\":[{\"@type\":\"ReadAction\",\"target\":[\"https:\\\/\\\/www.trekrosetrip.com\\\/cap-vert\\\/videos\\\/\"]}]},{\"@type\":\"BreadcrumbList\",\"@id\":\"https:\\\/\\\/www.trekrosetrip.com\\\/cap-vert\\\/videos\\\/#breadcrumb\",\"itemListElement\":[{\"@type\":\"ListItem\",\"position\":1,\"name\":\"Accueil\",\"item\":\"https:\\\/\\\/www.trekrosetrip.com\\\/cap-vert\\\/\"},{\"@type\":\"ListItem\",\"position\":2,\"name\":\"Vid\u00e9os\"}]},{\"@type\":\"WebSite\",\"@id\":\"https:\\\/\\\/www.trekrosetrip.com\\\/cap-vert\\\/#website\",\"url\":\"https:\\\/\\\/www.trekrosetrip.com\\\/cap-vert\\\/\",\"name\":\"Rose Trip Cap-Vert Boa Vista\",\"description\":\"\",\"potentialAction\":[{\"@type\":\"SearchAction\",\"target\":{\"@type\":\"EntryPoint\",\"urlTemplate\":\"https:\\\/\\\/www.trekrosetrip.com\\\/cap-vert\\\/?s={search_term_string}\"},\"query-input\":{\"@type\":\"PropertyValueSpecification\",\"valueRequired\":true,\"valueName\":\"search_term_string\"}}],\"inLanguage\":\"fr-FR\"}]}<\/script>\n<!-- \/ Yoast SEO Premium plugin. -->","yoast_head_json":{"title":"Vid\u00e9os | Rose Trip Cap-Vert Boa Vista","description":"Quoi de plus parlant que des vid\u00e9os pour vous plonger dans ce trek Cap-Vert Boa Vista ? Des paysages \u00e0 couper le souffle, des interviews, ...","robots":{"index":"index","follow":"follow","max-snippet":"max-snippet:-1","max-image-preview":"max-image-preview:large","max-video-preview":"max-video-preview:-1"},"canonical":"https:\/\/www.trekrosetrip.com\/cap-vert\/videos\/","og_locale":"fr_FR","og_type":"article","og_title":"Vid\u00e9os | Rose Trip Cap-Vert Boa Vista","og_description":"Quoi de plus parlant que des vid\u00e9os pour vous plonger dans ce trek Cap-Vert Boa Vista ? Des paysages \u00e0 couper le souffle, des interviews, ...","og_url":"https:\/\/www.trekrosetrip.com\/cap-vert\/videos\/","og_site_name":"Rose Trip Cap-Vert Boa Vista","article_modified_time":"2025-06-25T13:01:40+00:00","og_image":[{"width":2000,"height":812,"url":"https:\/\/www.trekrosetrip.com\/cap-vert\/wp-content\/uploads\/sites\/5\/2024\/04\/club-entreprise-rose-trip-cap-vert.jpg","type":"image\/jpeg"}],"twitter_card":"summary_large_image","twitter_title":"Vid\u00e9os","twitter_misc":{"Dur\u00e9e de lecture estim\u00e9e":"1 minute"},"schema":{"@context":"https:\/\/schema.org","@graph":[{"@type":"WebPage","@id":"https:\/\/www.trekrosetrip.com\/cap-vert\/videos\/","url":"https:\/\/www.trekrosetrip.com\/cap-vert\/videos\/","name":"Vid\u00e9os | Rose Trip Cap-Vert Boa Vista","isPartOf":{"@id":"https:\/\/www.trekrosetrip.com\/cap-vert\/#website"},"datePublished":"2024-04-23T13:23:51+00:00","dateModified":"2025-06-25T13:01:40+00:00","description":"Quoi de plus parlant que des vid\u00e9os pour vous plonger dans ce trek Cap-Vert Boa Vista ? Des paysages \u00e0 couper le souffle, des interviews, ...","breadcrumb":{"@id":"https:\/\/www.trekrosetrip.com\/cap-vert\/videos\/#breadcrumb"},"inLanguage":"fr-FR","potentialAction":[{"@type":"ReadAction","target":["https:\/\/www.trekrosetrip.com\/cap-vert\/videos\/"]}]},{"@type":"BreadcrumbList","@id":"https:\/\/www.trekrosetrip.com\/cap-vert\/videos\/#breadcrumb","itemListElement":[{"@type":"ListItem","position":1,"name":"Accueil","item":"https:\/\/www.trekrosetrip.com\/cap-vert\/"},{"@type":"ListItem","position":2,"name":"Vid\u00e9os"}]},{"@type":"WebSite","@id":"https:\/\/www.trekrosetrip.com\/cap-vert\/#website","url":"https:\/\/www.trekrosetrip.com\/cap-vert\/","name":"Rose Trip Cap-Vert Boa Vista","description":"","potentialAction":[{"@type":"SearchAction","target":{"@type":"EntryPoint","urlTemplate":"https:\/\/www.trekrosetrip.com\/cap-vert\/?s={search_term_string}"},"query-input":{"@type":"PropertyValueSpecification","valueRequired":true,"valueName":"search_term_string"}}],"inLanguage":"fr-FR"}]}},"_links":{"self":[{"href":"https:\/\/www.trekrosetrip.com\/cap-vert\/wp-json\/wp\/v2\/pages\/371","targetHints":{"allow":["GET"]}}],"collection":[{"href":"https:\/\/www.trekrosetrip.com\/cap-vert\/wp-json\/wp\/v2\/pages"}],"about":[{"href":"https:\/\/www.trekrosetrip.com\/cap-vert\/wp-json\/wp\/v2\/types\/page"}],"author":[{"embeddable":true,"href":"https:\/\/www.trekrosetrip.com\/cap-vert\/wp-json\/wp\/v2\/users\/1"}],"replies":[{"embeddable":true,"href":"https:\/\/www.trekrosetrip.com\/cap-vert\/wp-json\/wp\/v2\/comments?post=371"}],"version-history":[{"count":0,"href":"https:\/\/www.trekrosetrip.com\/cap-vert\/wp-json\/wp\/v2\/pages\/371\/revisions"}],"wp:attachment":[{"href":"https:\/\/www.trekrosetrip.com\/cap-vert\/wp-json\/wp\/v2\/media?parent=371"}],"curies":[{"name":"wp","href":"https:\/\/api.w.org\/{rel}","templated":true}]}}