{"id":232,"date":"2024-04-23T14:29:20","date_gmt":"2024-04-23T12:29:20","guid":{"rendered":"https:\/\/www.trekrosetrip.com\/cap-vert\/?page_id=232"},"modified":"2026-01-12T18:38:49","modified_gmt":"2026-01-12T17:38:49","slug":"faq","status":"publish","type":"page","link":"https:\/\/www.trekrosetrip.com\/cap-vert\/faq\/","title":{"rendered":"Foire aux questions"},"content":{"rendered":"[vc_row full_width=\u00a0\u00bbstretch_row\u00a0\u00bb][vc_column css=\u00a0\u00bb.vc_custom_1485168358638{padding-top: 0px !important;}\u00a0\u00bb][vc_empty_space height=\u00a0\u00bb70px\u00a0\u00bb el_class=\u00a0\u00bbarg-spacer\u00a0\u00bb][vc_column_text]        <div class=\"faq-rt-container\" data-site=\"cap-vert\" style=\"--faq-primary-color: #d7006d\">\n            \n                            <h2 class=\"faq-rt-title\">Vous avez des questions ?<\/h2>\n                        \n                            <p class=\"faq-rt-subtitle\">Trouvez vos r\u00e9ponses<\/p>\n            \n                            <div class=\"faq-rt-search-wrapper\">\n                    <div class=\"faq-rt-search-box\">\n                        <input type=\"text\" \n                               class=\"faq-rt-search-input\" \n                               placeholder=\"Rechercher dans la FAQ...\" \n                               aria-label=\"Rechercher dans la FAQ\">\n                        <button type=\"button\" class=\"faq-rt-search-btn\" aria-label=\"Rechercher\">\n                            &#128269;\n                        <\/button>\n                        <button type=\"button\" class=\"faq-rt-search-clear\" aria-label=\"Effacer la recherche\" style=\"display: none;\">\n                            &#10005;\n                        <\/button>\n                    <\/div>\n                <\/div>\n            \n            <div class=\"faq-rt-categories-wrapper\">\n                <p class=\"faq-rt-categories-label\">Votre question concerne...<\/p>\n                <div class=\"faq-rt-categories\">\n                                            <button type=\"button\" \n                                class=\"faq-rt-category-btn questions-generales\" \n                                data-category-id=\"43\"\n                                data-category-slug=\"questions-generales\">\n                            Questions g\u00e9n\u00e9rales                        <\/button>\n                                            <button type=\"button\" \n                                class=\"faq-rt-category-btn inscriptions-paiements\" \n                                data-category-id=\"44\"\n                                data-category-slug=\"inscriptions-paiements\">\n                            Inscriptions et paiements                        <\/button>\n                                            <button type=\"button\" \n                                class=\"faq-rt-category-btn trek-maroc\" \n                                data-category-id=\"46\"\n                                data-category-slug=\"trek-maroc\">\n                            Trek Rose Trip Maroc                        <\/button>\n                                            <button type=\"button\" \n                                class=\"faq-rt-category-btn trek-senegal\" \n                                data-category-id=\"47\"\n                                data-category-slug=\"trek-senegal\">\n                            Trek Rose Trip S\u00e9n\u00e9gal                        <\/button>\n                                            <button type=\"button\" \n                                class=\"faq-rt-category-btn trek-cap-vert\" \n                                data-category-id=\"48\"\n                                data-category-slug=\"trek-cap-vert\">\n                            Trek Rose Trip Cap-Vert                        <\/button>\n                                    <\/div>\n            <\/div>\n\n            <div class=\"faq-rt-content\">\n                <div class=\"faq-rt-questions-wrapper\" style=\"display: none;\">\n                    <div class=\"faq-rt-questions-list\"><\/div>\n                <\/div>\n                <div class=\"faq-rt-search-results\" style=\"display: none;\"><\/div>\n                <div class=\"faq-rt-loading\" style=\"display: none;\">\n                    <div class=\"faq-rt-spinner\"><\/div>\n                    <span>Chargement...<\/span>\n                <\/div>\n                <div class=\"faq-rt-no-results\" style=\"display: none;\">\n                    <p>Aucun r\u00e9sultat trouv\u00e9 pour votre recherche.<\/p>\n                <\/div>\n            <\/div>\n        <\/div>\n         [\/vc_column_text][vc_empty_space height=\u00a0\u00bb15px\u00a0\u00bb el_class=\u00a0\u00bbarg-spacer\u00a0\u00bb][\/vc_column][\/vc_row]\n","protected":false},"excerpt":{"rendered":"<p>[vc_row full_width=\u00a0\u00bbstretch_row\u00a0\u00bb][vc_column css=\u00a0\u00bb.vc_custom_1485168358638{padding-top: 0px !important;}\u00a0\u00bb][vc_empty_space height=\u00a0\u00bb70px\u00a0\u00bb el_class=\u00a0\u00bbarg-spacer\u00a0\u00bb][vc_column_text] [\/vc_column_text][vc_empty_space height=\u00a0\u00bb15px\u00a0\u00bb el_class=\u00a0\u00bbarg-spacer\u00a0\u00bb][\/vc_column][\/vc_row]<\/p>\n","protected":false},"author":1,"featured_media":0,"parent":0,"menu_order":0,"comment_status":"closed","ping_status":"closed","template":"page-templates\/page_without-sidebar.php","meta":{"_acf_changed":false,"footnotes":""},"class_list":["post-232","page","type-page","status-publish","hentry"],"acf":[],"yoast_head":"<!-- This site is optimized with the Yoast SEO Premium plugin v27.4 (Yoast SEO v27.4) - https:\/\/yoast.com\/product\/yoast-seo-premium-wordpress\/ -->\n<title>Foire aux questions | Rose Trip Cap-Vert<\/title>\n<meta name=\"description\" content=\"Vous avez des questions sur le trek d&#039;orientation 100% f\u00e9minin Rose Trip Cap-Vert ? D\u00e9couvrez nos r\u00e9ponses dans cette foire aux questions !\" \/>\n<meta name=\"robots\" content=\"index, follow, max-snippet:-1, max-image-preview:large, max-video-preview:-1\" \/>\n<link rel=\"canonical\" href=\"https:\/\/www.trekrosetrip.com\/cap-vert\/faq\/\" \/>\n<meta property=\"og:locale\" content=\"fr_FR\" \/>\n<meta property=\"og:type\" content=\"article\" \/>\n<meta property=\"og:title\" content=\"Foire aux questions\" \/>\n<meta property=\"og:description\" content=\"Vous avez des questions sur le trek d&#039;orientation 100% f\u00e9minin Rose Trip Cap-Vert ? D\u00e9couvrez nos r\u00e9ponses dans cette foire aux questions !\" \/>\n<meta property=\"og:url\" content=\"https:\/\/www.trekrosetrip.com\/cap-vert\/faq\/\" \/>\n<meta property=\"og:site_name\" content=\"Rose Trip Cap-Vert Boa Vista\" \/>\n<meta property=\"article:modified_time\" content=\"2026-01-12T17:38:49+00:00\" \/>\n<meta property=\"og:image\" content=\"https:\/\/www.trekrosetrip.com\/cap-vert\/wp-content\/uploads\/sites\/5\/2024\/04\/organisation-sur-le-terrain-rose-trip-cap-vert.jpg\" \/>\n\t<meta property=\"og:image:width\" content=\"1400\" \/>\n\t<meta property=\"og:image:height\" content=\"879\" \/>\n\t<meta property=\"og:image:type\" content=\"image\/jpeg\" \/>\n<meta name=\"twitter:card\" content=\"summary_large_image\" \/>\n<meta name=\"twitter:label1\" content=\"Dur\u00e9e de lecture estim\u00e9e\" \/>\n\t<meta name=\"twitter:data1\" content=\"10 minutes\" \/>\n<script type=\"application\/ld+json\" class=\"yoast-schema-graph\">{\"@context\":\"https:\\\/\\\/schema.org\",\"@graph\":[{\"@type\":\"WebPage\",\"@id\":\"https:\\\/\\\/www.trekrosetrip.com\\\/cap-vert\\\/faq\\\/\",\"url\":\"https:\\\/\\\/www.trekrosetrip.com\\\/cap-vert\\\/faq\\\/\",\"name\":\"Foire aux questions | Rose Trip Cap-Vert\",\"isPartOf\":{\"@id\":\"https:\\\/\\\/www.trekrosetrip.com\\\/cap-vert\\\/#website\"},\"datePublished\":\"2024-04-23T12:29:20+00:00\",\"dateModified\":\"2026-01-12T17:38:49+00:00\",\"description\":\"Vous avez des questions sur le trek d'orientation 100% f\u00e9minin Rose Trip Cap-Vert ? D\u00e9couvrez nos r\u00e9ponses dans cette foire aux questions !\",\"breadcrumb\":{\"@id\":\"https:\\\/\\\/www.trekrosetrip.com\\\/cap-vert\\\/faq\\\/#breadcrumb\"},\"inLanguage\":\"fr-FR\",\"potentialAction\":[{\"@type\":\"ReadAction\",\"target\":[\"https:\\\/\\\/www.trekrosetrip.com\\\/cap-vert\\\/faq\\\/\"]}]},{\"@type\":\"BreadcrumbList\",\"@id\":\"https:\\\/\\\/www.trekrosetrip.com\\\/cap-vert\\\/faq\\\/#breadcrumb\",\"itemListElement\":[{\"@type\":\"ListItem\",\"position\":1,\"name\":\"Accueil\",\"item\":\"https:\\\/\\\/www.trekrosetrip.com\\\/cap-vert\\\/\"},{\"@type\":\"ListItem\",\"position\":2,\"name\":\"Foire aux questions\"}]},{\"@type\":\"WebSite\",\"@id\":\"https:\\\/\\\/www.trekrosetrip.com\\\/cap-vert\\\/#website\",\"url\":\"https:\\\/\\\/www.trekrosetrip.com\\\/cap-vert\\\/\",\"name\":\"Rose Trip Cap-Vert Boa Vista\",\"description\":\"\",\"potentialAction\":[{\"@type\":\"SearchAction\",\"target\":{\"@type\":\"EntryPoint\",\"urlTemplate\":\"https:\\\/\\\/www.trekrosetrip.com\\\/cap-vert\\\/?s={search_term_string}\"},\"query-input\":{\"@type\":\"PropertyValueSpecification\",\"valueRequired\":true,\"valueName\":\"search_term_string\"}}],\"inLanguage\":\"fr-FR\"}]}<\/script>\n<!-- \/ Yoast SEO Premium plugin. -->","yoast_head_json":{"title":"Foire aux questions | Rose Trip Cap-Vert","description":"Vous avez des questions sur le trek d'orientation 100% f\u00e9minin Rose Trip Cap-Vert ? D\u00e9couvrez nos r\u00e9ponses dans cette foire aux questions !","robots":{"index":"index","follow":"follow","max-snippet":"max-snippet:-1","max-image-preview":"max-image-preview:large","max-video-preview":"max-video-preview:-1"},"canonical":"https:\/\/www.trekrosetrip.com\/cap-vert\/faq\/","og_locale":"fr_FR","og_type":"article","og_title":"Foire aux questions","og_description":"Vous avez des questions sur le trek d'orientation 100% f\u00e9minin Rose Trip Cap-Vert ? D\u00e9couvrez nos r\u00e9ponses dans cette foire aux questions !","og_url":"https:\/\/www.trekrosetrip.com\/cap-vert\/faq\/","og_site_name":"Rose Trip Cap-Vert Boa Vista","article_modified_time":"2026-01-12T17:38:49+00:00","og_image":[{"width":1400,"height":879,"url":"https:\/\/www.trekrosetrip.com\/cap-vert\/wp-content\/uploads\/sites\/5\/2024\/04\/organisation-sur-le-terrain-rose-trip-cap-vert.jpg","type":"image\/jpeg"}],"twitter_card":"summary_large_image","twitter_misc":{"Dur\u00e9e de lecture estim\u00e9e":"10 minutes"},"schema":{"@context":"https:\/\/schema.org","@graph":[{"@type":"WebPage","@id":"https:\/\/www.trekrosetrip.com\/cap-vert\/faq\/","url":"https:\/\/www.trekrosetrip.com\/cap-vert\/faq\/","name":"Foire aux questions | Rose Trip Cap-Vert","isPartOf":{"@id":"https:\/\/www.trekrosetrip.com\/cap-vert\/#website"},"datePublished":"2024-04-23T12:29:20+00:00","dateModified":"2026-01-12T17:38:49+00:00","description":"Vous avez des questions sur le trek d'orientation 100% f\u00e9minin Rose Trip Cap-Vert ? D\u00e9couvrez nos r\u00e9ponses dans cette foire aux questions !","breadcrumb":{"@id":"https:\/\/www.trekrosetrip.com\/cap-vert\/faq\/#breadcrumb"},"inLanguage":"fr-FR","potentialAction":[{"@type":"ReadAction","target":["https:\/\/www.trekrosetrip.com\/cap-vert\/faq\/"]}]},{"@type":"BreadcrumbList","@id":"https:\/\/www.trekrosetrip.com\/cap-vert\/faq\/#breadcrumb","itemListElement":[{"@type":"ListItem","position":1,"name":"Accueil","item":"https:\/\/www.trekrosetrip.com\/cap-vert\/"},{"@type":"ListItem","position":2,"name":"Foire aux questions"}]},{"@type":"WebSite","@id":"https:\/\/www.trekrosetrip.com\/cap-vert\/#website","url":"https:\/\/www.trekrosetrip.com\/cap-vert\/","name":"Rose Trip Cap-Vert Boa Vista","description":"","potentialAction":[{"@type":"SearchAction","target":{"@type":"EntryPoint","urlTemplate":"https:\/\/www.trekrosetrip.com\/cap-vert\/?s={search_term_string}"},"query-input":{"@type":"PropertyValueSpecification","valueRequired":true,"valueName":"search_term_string"}}],"inLanguage":"fr-FR"}]}},"_links":{"self":[{"href":"https:\/\/www.trekrosetrip.com\/cap-vert\/wp-json\/wp\/v2\/pages\/232","targetHints":{"allow":["GET"]}}],"collection":[{"href":"https:\/\/www.trekrosetrip.com\/cap-vert\/wp-json\/wp\/v2\/pages"}],"about":[{"href":"https:\/\/www.trekrosetrip.com\/cap-vert\/wp-json\/wp\/v2\/types\/page"}],"author":[{"embeddable":true,"href":"https:\/\/www.trekrosetrip.com\/cap-vert\/wp-json\/wp\/v2\/users\/1"}],"replies":[{"embeddable":true,"href":"https:\/\/www.trekrosetrip.com\/cap-vert\/wp-json\/wp\/v2\/comments?post=232"}],"version-history":[{"count":2,"href":"https:\/\/www.trekrosetrip.com\/cap-vert\/wp-json\/wp\/v2\/pages\/232\/revisions"}],"predecessor-version":[{"id":2713,"href":"https:\/\/www.trekrosetrip.com\/cap-vert\/wp-json\/wp\/v2\/pages\/232\/revisions\/2713"}],"wp:attachment":[{"href":"https:\/\/www.trekrosetrip.com\/cap-vert\/wp-json\/wp\/v2\/media?parent=232"}],"curies":[{"name":"wp","href":"https:\/\/api.w.org\/{rel}","templated":true}]}}