{"id":188,"date":"2024-04-23T11:40:03","date_gmt":"2024-04-23T09:40:03","guid":{"rendered":"https:\/\/www.trekrosetrip.com\/cap-vert\/?page_id=188"},"modified":"2025-12-10T14:33:04","modified_gmt":"2025-12-10T13:33:04","slug":"frais-engagement","status":"publish","type":"page","link":"https:\/\/www.trekrosetrip.com\/cap-vert\/frais-engagement\/","title":{"rendered":"Frais d\u2019engagement"},"content":{"rendered":"[vc_row][vc_column][vc_column_text]\n[\/vc_column_text][\/vc_column][\/vc_row][vc_row][vc_column width=\u00a0\u00bb1\/6&Prime;][\/vc_column][vc_column width=\u00a0\u00bb2\/3&Prime;][vc_empty_space height=\u00a0\u00bb90px\u00a0\u00bb]<div  class=\"heading-wrapper text-center text-titre\"  >\r\n\t\t\t<p class=\"subtitle\">#Tarif 2026<\/p>\r\n\t\r\n\t<h2 class=\"second-title text-center\">Quel est le tarif pour l'inscription d'une \u00e9quipe ?<\/h2>\r\n\r\n\t\r\n\t\t<div class=\"divider-solid\"><div class=\"divider-line\"><\/div><\/div>\t\r\n\t<\/div>\t\r\n\r\n[vc_empty_space height=\u00a0\u00bb20px\u00a0\u00bb][vc_column_text css=\u00a0\u00bb.vc_custom_1765367461570{margin-top: 10px !important;margin-bottom: 0px !important;}\u00a0\u00bb]\n<p style=\"text-align: center;\"><strong>EUROPE<\/strong><\/p>\n[\/vc_column_text][vc_row_inner css=\u00a0\u00bb.vc_custom_1749546108146{margin-top: 0px !important;padding-top: 0px !important;}\u00a0\u00bb][vc_column_inner width=\u00a0\u00bb1\/2&Prime;][vc_column_text css=\u00a0\u00bb.vc_custom_1765367738932{margin-top: 10px !important;margin-right: 10px !important;margin-bottom: 10px !important;margin-left: 10px !important;border-top-width: 2px !important;border-right-width: 2px !important;border-bottom-width: 2px !important;border-left-width: 2px !important;padding-top: 25px !important;padding-right: 25px !important;padding-bottom: 25px !important;padding-left: 25px !important;background-color: #ffffff !important;border-left-color: #d7006d !important;border-left-style: solid !important;border-right-color: #d7006d !important;border-right-style: solid !important;border-top-color: #d7006d !important;border-top-style: solid !important;border-bottom-color: #d7006d !important;border-bottom-style: solid !important;}\u00a0\u00bb]\n<p style=\"text-align: center; font-size: 18px;\"><strong>Formule <span style=\"color: #d7006d;\">DUO<\/span><\/strong><\/p>\n<p style=\"text-align: center;\"><strong><span style=\"font-size: 16px;\">5 700 \u20ac \/ \u00e9quipe<\/span><\/strong><\/p>\n[\/vc_column_text][\/vc_column_inner][vc_column_inner width=\u00a0\u00bb1\/2&Prime;][vc_column_text css=\u00a0\u00bb.vc_custom_1765367748996{margin-top: 10px !important;margin-right: 10px !important;margin-bottom: 10px !important;margin-left: 10px !important;border-top-width: 2px !important;border-right-width: 2px !important;border-bottom-width: 2px !important;border-left-width: 2px !important;padding-top: 25px !important;padding-right: 25px !important;padding-bottom: 25px !important;padding-left: 25px !important;background-color: #ffffff !important;border-left-color: #d7006d !important;border-left-style: solid !important;border-right-color: #d7006d !important;border-right-style: solid !important;border-top-color: #d7006d !important;border-top-style: solid !important;border-bottom-color: #d7006d !important;border-bottom-style: solid !important;}\u00a0\u00bb]\n<p style=\"text-align: center; font-size: 18px;\"><strong>Formule <span style=\"color: #d7006d;\">TRIO<\/span><\/strong><\/p>\n<p style=\"text-align: center;\"><strong><span style=\"font-size: 16px;\">7 920 \u20ac \/ \u00e9quipe<\/span><\/strong><\/p>\n[\/vc_column_text][\/vc_column_inner][\/vc_row_inner][vc_column_text css=\u00a0\u00bb.vc_custom_1765367448004{margin-top: 10px !important;margin-bottom: 0px !important;}\u00a0\u00bb]\n<p style=\"text-align: center;\"><strong>CANADA<\/strong><\/p>\n[\/vc_column_text][vc_row_inner css=\u00a0\u00bb.vc_custom_1749546108146{margin-top: 0px !important;padding-top: 0px !important;}\u00a0\u00bb][vc_column_inner width=\u00a0\u00bb1\/2&Prime;][vc_column_text css=\u00a0\u00bb.vc_custom_1765367760372{margin-top: 10px !important;margin-right: 10px !important;margin-bottom: 10px !important;margin-left: 10px !important;border-top-width: 2px !important;border-right-width: 2px !important;border-bottom-width: 2px !important;border-left-width: 2px !important;padding-top: 25px !important;padding-right: 25px !important;padding-bottom: 25px !important;padding-left: 25px !important;background-color: #ffffff !important;border-left-color: #d7006d !important;border-left-style: solid !important;border-right-color: #d7006d !important;border-right-style: solid !important;border-top-color: #d7006d !important;border-top-style: solid !important;border-bottom-color: #d7006d !important;border-bottom-style: solid !important;}\u00a0\u00bb]\n<p style=\"text-align: center; font-size: 18px; margin-top: 20px;\"><strong>Formule <span style=\"color: #d7006d;\">DUO<\/span><\/strong><\/p>\n<p style=\"text-align: center; font-size: 16px;\">Tarif r\u00e9gulier <strong>9 195 $CAD \/ \u00e9quipe<\/strong><\/p>\n<p style=\"text-align: center; font-size: 16px;\">Rabais pay\u00e9 comptant <strong>275 $CAD<\/strong><\/p>\n[\/vc_column_text][\/vc_column_inner][vc_column_inner width=\u00a0\u00bb1\/2&Prime;][vc_column_text css=\u00a0\u00bb.vc_custom_1765367773122{margin-top: 10px !important;margin-right: 10px !important;margin-bottom: 10px !important;margin-left: 10px !important;border-top-width: 2px !important;border-right-width: 2px !important;border-bottom-width: 2px !important;border-left-width: 2px !important;padding-top: 25px !important;padding-right: 25px !important;padding-bottom: 25px !important;padding-left: 25px !important;background-color: #ffffff !important;border-left-color: #d7006d !important;border-left-style: solid !important;border-right-color: #d7006d !important;border-right-style: solid !important;border-top-color: #d7006d !important;border-top-style: solid !important;border-bottom-color: #d7006d !important;border-bottom-style: solid !important;}\u00a0\u00bb]\n<p style=\"text-align: center; font-size: 18px; margin-top: 20px;\"><strong>Formule <span style=\"color: #d7006d;\">TRIO<\/span><\/strong><\/p>\n<p style=\"text-align: center; font-size: 16px;\">Tari r\u00e9gulier <strong>12 770 $CAD \/ \u00e9quipe<\/strong><\/p>\n<p style=\"text-align: center; font-size: 16px;\">Rabais pay\u00e9 comptant <strong>380 $CAD<\/strong><\/p>\n[\/vc_column_text][\/vc_column_inner][\/vc_row_inner][vc_empty_space height=\u00a0\u00bb50px\u00a0\u00bb][\/vc_column][vc_column width=\u00a0\u00bb1\/6&Prime;][\/vc_column][\/vc_row][vc_row][vc_column width=\u00a0\u00bb1\/6&Prime;][\/vc_column][vc_column width=\u00a0\u00bb2\/3&Prime;]<div  class=\"heading-wrapper text-left text-titre\"  >\r\n\t\t\t<p class=\"subtitle\">#Le Pack<\/p>\r\n\t\r\n\t<h2 class=\"second-title text-left\">Le prix de l'engagement comprend<\/h2>\r\n\r\n\t\r\n\t\t<div class=\"divider-solid\"><div class=\"divider-line\"><\/div><\/div>\t\r\n\t<\/div>\t\r\n\r\n[vc_empty_space height=\u00a0\u00bb20px\u00a0\u00bb]<div id=\"argenta-custom-69ecf5db9f4bb\"  >\r\n\t<ul>\n<li>L\u2019inscription des trois participantes<\/li>\n<li>L\u2019h\u00e9bergement de 6 nuits en H\u00f4tel tout confort en chambre triple (pas de single)<\/li>\n<li>La pension en all inclusive<\/li>\n<li>Les transfert A\/R entre l&rsquo;h\u00f4tel et le lieu de l&rsquo;action solidaire<\/li>\n<li>Les transfert A\/R sur les \u00e9tapes d\u00e9port\u00e9es<\/li>\n<li>Le ravitaillement en eau (1,5 litres d\u2019eau par personne par CP) et en fruits sur les 4 \u00e9tapes du trek<\/li>\n<li>L\u2019assistance m\u00e9dicale<\/li>\n<li>La communication et la m\u00e9diatisation avant, pendant et apr\u00e8s le trek<\/li>\n<li>Les cartes et les briefings quotidiens<\/li>\n<li>La conception des parcours et des cartes ainsi que la mise en place des parcours<\/li>\n<li>L\u2019organisation sportive, l&rsquo;encadrement logistique, technique, et m\u00e9dical<\/li>\n<li>Le suivi de l\u2019\u00e9quipe par une conseill\u00e8re aventure<\/li>\n<li>La mise \u00e0 disposition gratuite d\u2019outils de pr\u00e9paration au projet : conseils vid\u00e9os, book sponsor, dossier d\u2019aide au financement, affiches et autres supports<\/li>\n<li>La diffusion de vid\u00e9os comptes rendus d\u2019\u00e9tapes, photos sur le site web<\/li>\n<li>L\u2019assurance responsabilit\u00e9 civile organisation<\/li>\n<li>Les \u00e9quipes d\u2019assistance terrestre sur les parcours<\/li>\n<li>La gestion logistique du trek<\/li>\n<li>La s\u00e9curit\u00e9 \u00ab tracking \u00bb via le PC course et les moyens radios<\/li>\n<li>La c\u00e9r\u00e9monie de cl\u00f4ture et de remise des prix<\/li>\n<\/ul>\n<\/div>\r\n\r\n[vc_empty_space height=\u00a0\u00bb70px\u00a0\u00bb][\/vc_column][vc_column width=\u00a0\u00bb1\/6&Prime;][\/vc_column][\/vc_row][vc_row full_width=\u00a0\u00bbstretch_row_content_no_spaces\u00a0\u00bb][vc_column]<div class=\"split-box\" id=\"argenta-custom-69ecf5db9f56a\" \r\n\t\t\t\t>\r\n\t\t<div class=\"vc_col-md-6 split-box-wrap\">\r\n\t\t<div class=\"parallax-bg\"><\/div>\r\n\t\t<div class=\"content\">\r\n\t\t\t\t\t<\/div>\r\n\t<\/div>\t<div class=\"vc_col-md-6 split-box-wrap\">\r\n\t\t<div class=\"parallax-bg\"><\/div>\r\n\t\t<div class=\"content\">\r\n\t\t\t<div  class=\"heading-wrapper text-left text-titre\"  >\r\n\t\t\t<p class=\"subtitle\">#Hors Pack<\/p>\r\n\t\r\n\t<h2 class=\"second-title text-left\">Le prix de l'engagement ne comprend pas<\/h2>\r\n\r\n\t\r\n\t\t<div class=\"divider-solid\"><div class=\"divider-line\"><\/div><\/div>\t\r\n\t<\/div>\t\r\n\r\n[vc_empty_space height=\u00a0\u00bb20px\u00a0\u00bb]<div id=\"argenta-custom-69ecf5dba9306\"  >\r\n\t<ul>\n<li><strong>OBLIGATOIRE<\/strong> : La location par \u00e9quipe du pack s\u00e9curit\u00e9 et navigation<\/li>\n<li><strong>OBLIGATOIRE<\/strong> : La souscription par personne au contrat d\u2019assistance rapatriement de la compagnie MUTUAIDE ASSISTANCE<\/li>\n<li><strong>Facultatif<\/strong> : Assurance annulation de la compagnie Mutuaide Assistance sur le montant de l\u2019engagement<\/li>\n<li>Les vols A\/R<\/li>\n<li>Les transfert entre l&rsquo;a\u00e9roport de Boa Vista et l&rsquo;h\u00f4tel \u00e0 l&rsquo;aller et au retour<\/li>\n<li>Le repas du midi sur les 4 jours d&rsquo;\u00e9tapes de marche<\/li>\n<li>Les boissons prises \u00e0 la carte du restaurant<\/li>\n<li>Les d\u00e9penses \u00e0 caract\u00e8re personnel<\/li>\n<li>\u00c9quipements de survie et de s\u00e9curit\u00e9<\/li>\n<li>La trousse m\u00e9dicale recommand\u00e9e<\/li>\n<\/ul>\n<\/div>\r\n\r\n\t\t<\/div>\r\n\t<\/div>\t\r\n<\/div>\r\n\r\n[\/vc_column][\/vc_row][vc_row css=\u00a0\u00bb.vc_custom_1759217829908{padding-top: 40px !important;padding-right: 20px !important;padding-bottom: 20px !important;padding-left: 20px !important;}\u00a0\u00bb][vc_column el_class=\u00a0\u00bbtext-center\u00a0\u00bb]<div class=\"button_wrapper\"  >\r\n\t\r\n\t<a href=\"http:\/\/www.trekrosetrip.com\/cap-vert\/inscription-au-trek\/\" class=\"btn btn-rounded btn-large btn-center\">\r\n\t\t\t\t<span class=\"text\">Se pr\u00e9-inscrire<\/span>\r\n\t\t\t<\/a>\r\n\t\r\n<\/div>\r\n\r\n[\/vc_column][\/vc_row][vc_row][vc_column][vc_column_text]\n[\/vc_column_text][\/vc_column][\/vc_row]\n","protected":false},"excerpt":{"rendered":"<p>[vc_row][vc_column][vc_column_text] [\/vc_column_text][\/vc_column][\/vc_row][vc_row][vc_column width=\u00a0\u00bb1\/6&Prime;][\/vc_column][vc_column width=\u00a0\u00bb2\/3&Prime;][vc_empty_space height=\u00a0\u00bb90px\u00a0\u00bb][vc_empty_space height=\u00a0\u00bb20px\u00a0\u00bb][vc_column_text css=\u00a0\u00bb.vc_custom_1765367461570{margin-top: 10px !important;margin-bottom: 0px !important;}\u00a0\u00bb] EUROPE [\/vc_column_text][vc_row_inner css=\u00a0\u00bb.vc_custom_1749546108146{margin-top: 0px !important;padding-top: 0px !important;}\u00a0\u00bb][vc_column_inner width=\u00a0\u00bb1\/2&Prime;][vc_column_text css=\u00a0\u00bb.vc_custom_1765367738932{margin-top: 10px !important;margin-right: 10px !important;margin-bottom: 10px !important;margin-left: 10px !important;border-top-width: 2px !important;border-right-width: 2px !important;border-bottom-width: 2px !important;border-left-width: 2px !important;padding-top: 25px !important;padding-right: 25px !important;padding-bottom: 25px !important;padding-left: 25px !important;background-color: #ffffff !important;border-left-color: #d7006d !important;border-left-style: solid !important;border-right-color: #d7006d !important;border-right-style: solid !important;border-top-color: #d7006d [&hellip;]<\/p>\n","protected":false},"author":1,"featured_media":0,"parent":0,"menu_order":0,"comment_status":"closed","ping_status":"closed","template":"page-templates\/page_without-sidebar.php","meta":{"_acf_changed":false,"footnotes":""},"class_list":["post-188","page","type-page","status-publish","hentry"],"acf":[],"yoast_head":"<!-- This site is optimized with the Yoast SEO Premium plugin v27.4 (Yoast SEO v27.4) - https:\/\/yoast.com\/product\/yoast-seo-premium-wordpress\/ -->\n<title>Frais d\u2019engagement | Rose Trip Cap-Vert<\/title>\n<meta name=\"description\" content=\"D\u00e9couvrez les tarifs du trek Rose Trip Cap-Vert et tout ce qu&#039;ils comprennent pour pouvoir prendre part \u00e0 cette aventure.\" \/>\n<meta name=\"robots\" content=\"index, follow, max-snippet:-1, max-image-preview:large, max-video-preview:-1\" \/>\n<link rel=\"canonical\" href=\"https:\/\/www.trekrosetrip.com\/cap-vert\/frais-engagement\/\" \/>\n<meta property=\"og:locale\" content=\"fr_FR\" \/>\n<meta property=\"og:type\" content=\"article\" \/>\n<meta property=\"og:title\" content=\"Frais d\u2019engagement\" \/>\n<meta property=\"og:description\" content=\"D\u00e9couvrez les tarifs du trek Rose Trip Cap-Vert et tout ce qu&#039;ils comprennent pour pouvoir prendre part \u00e0 cette aventure.\" \/>\n<meta property=\"og:url\" content=\"https:\/\/www.trekrosetrip.com\/cap-vert\/frais-engagement\/\" \/>\n<meta property=\"og:site_name\" content=\"Rose Trip Cap-Vert Boa Vista\" \/>\n<meta property=\"article:modified_time\" content=\"2025-12-10T13:33:04+00:00\" \/>\n<meta property=\"og:image\" content=\"https:\/\/www.trekrosetrip.com\/cap-vert\/wp-content\/uploads\/sites\/5\/2025\/06\/frais-dengagement.jpg\" \/>\n\t<meta property=\"og:image:width\" content=\"1500\" \/>\n\t<meta property=\"og:image:height\" content=\"609\" \/>\n\t<meta property=\"og:image:type\" content=\"image\/jpeg\" \/>\n<meta name=\"twitter:card\" content=\"summary_large_image\" \/>\n<meta name=\"twitter:label1\" content=\"Dur\u00e9e de lecture estim\u00e9e\" \/>\n\t<meta name=\"twitter:data1\" content=\"4 minutes\" \/>\n<script type=\"application\/ld+json\" class=\"yoast-schema-graph\">{\"@context\":\"https:\\\/\\\/schema.org\",\"@graph\":[{\"@type\":\"WebPage\",\"@id\":\"https:\\\/\\\/www.trekrosetrip.com\\\/cap-vert\\\/frais-engagement\\\/\",\"url\":\"https:\\\/\\\/www.trekrosetrip.com\\\/cap-vert\\\/frais-engagement\\\/\",\"name\":\"Frais d\u2019engagement | Rose Trip Cap-Vert\",\"isPartOf\":{\"@id\":\"https:\\\/\\\/www.trekrosetrip.com\\\/cap-vert\\\/#website\"},\"datePublished\":\"2024-04-23T09:40:03+00:00\",\"dateModified\":\"2025-12-10T13:33:04+00:00\",\"description\":\"D\u00e9couvrez les tarifs du trek Rose Trip Cap-Vert et tout ce qu'ils comprennent pour pouvoir prendre part \u00e0 cette aventure.\",\"breadcrumb\":{\"@id\":\"https:\\\/\\\/www.trekrosetrip.com\\\/cap-vert\\\/frais-engagement\\\/#breadcrumb\"},\"inLanguage\":\"fr-FR\",\"potentialAction\":[{\"@type\":\"ReadAction\",\"target\":[\"https:\\\/\\\/www.trekrosetrip.com\\\/cap-vert\\\/frais-engagement\\\/\"]}]},{\"@type\":\"BreadcrumbList\",\"@id\":\"https:\\\/\\\/www.trekrosetrip.com\\\/cap-vert\\\/frais-engagement\\\/#breadcrumb\",\"itemListElement\":[{\"@type\":\"ListItem\",\"position\":1,\"name\":\"Accueil\",\"item\":\"https:\\\/\\\/www.trekrosetrip.com\\\/cap-vert\\\/\"},{\"@type\":\"ListItem\",\"position\":2,\"name\":\"Frais d\u2019engagement\"}]},{\"@type\":\"WebSite\",\"@id\":\"https:\\\/\\\/www.trekrosetrip.com\\\/cap-vert\\\/#website\",\"url\":\"https:\\\/\\\/www.trekrosetrip.com\\\/cap-vert\\\/\",\"name\":\"Rose Trip Cap-Vert Boa Vista\",\"description\":\"\",\"potentialAction\":[{\"@type\":\"SearchAction\",\"target\":{\"@type\":\"EntryPoint\",\"urlTemplate\":\"https:\\\/\\\/www.trekrosetrip.com\\\/cap-vert\\\/?s={search_term_string}\"},\"query-input\":{\"@type\":\"PropertyValueSpecification\",\"valueRequired\":true,\"valueName\":\"search_term_string\"}}],\"inLanguage\":\"fr-FR\"}]}<\/script>\n<!-- \/ Yoast SEO Premium plugin. -->","yoast_head_json":{"title":"Frais d\u2019engagement | Rose Trip Cap-Vert","description":"D\u00e9couvrez les tarifs du trek Rose Trip Cap-Vert et tout ce qu'ils comprennent pour pouvoir prendre part \u00e0 cette aventure.","robots":{"index":"index","follow":"follow","max-snippet":"max-snippet:-1","max-image-preview":"max-image-preview:large","max-video-preview":"max-video-preview:-1"},"canonical":"https:\/\/www.trekrosetrip.com\/cap-vert\/frais-engagement\/","og_locale":"fr_FR","og_type":"article","og_title":"Frais d\u2019engagement","og_description":"D\u00e9couvrez les tarifs du trek Rose Trip Cap-Vert et tout ce qu'ils comprennent pour pouvoir prendre part \u00e0 cette aventure.","og_url":"https:\/\/www.trekrosetrip.com\/cap-vert\/frais-engagement\/","og_site_name":"Rose Trip Cap-Vert Boa Vista","article_modified_time":"2025-12-10T13:33:04+00:00","og_image":[{"width":1500,"height":609,"url":"https:\/\/www.trekrosetrip.com\/cap-vert\/wp-content\/uploads\/sites\/5\/2025\/06\/frais-dengagement.jpg","type":"image\/jpeg"}],"twitter_card":"summary_large_image","twitter_misc":{"Dur\u00e9e de lecture estim\u00e9e":"4 minutes"},"schema":{"@context":"https:\/\/schema.org","@graph":[{"@type":"WebPage","@id":"https:\/\/www.trekrosetrip.com\/cap-vert\/frais-engagement\/","url":"https:\/\/www.trekrosetrip.com\/cap-vert\/frais-engagement\/","name":"Frais d\u2019engagement | Rose Trip Cap-Vert","isPartOf":{"@id":"https:\/\/www.trekrosetrip.com\/cap-vert\/#website"},"datePublished":"2024-04-23T09:40:03+00:00","dateModified":"2025-12-10T13:33:04+00:00","description":"D\u00e9couvrez les tarifs du trek Rose Trip Cap-Vert et tout ce qu'ils comprennent pour pouvoir prendre part \u00e0 cette aventure.","breadcrumb":{"@id":"https:\/\/www.trekrosetrip.com\/cap-vert\/frais-engagement\/#breadcrumb"},"inLanguage":"fr-FR","potentialAction":[{"@type":"ReadAction","target":["https:\/\/www.trekrosetrip.com\/cap-vert\/frais-engagement\/"]}]},{"@type":"BreadcrumbList","@id":"https:\/\/www.trekrosetrip.com\/cap-vert\/frais-engagement\/#breadcrumb","itemListElement":[{"@type":"ListItem","position":1,"name":"Accueil","item":"https:\/\/www.trekrosetrip.com\/cap-vert\/"},{"@type":"ListItem","position":2,"name":"Frais d\u2019engagement"}]},{"@type":"WebSite","@id":"https:\/\/www.trekrosetrip.com\/cap-vert\/#website","url":"https:\/\/www.trekrosetrip.com\/cap-vert\/","name":"Rose Trip Cap-Vert Boa Vista","description":"","potentialAction":[{"@type":"SearchAction","target":{"@type":"EntryPoint","urlTemplate":"https:\/\/www.trekrosetrip.com\/cap-vert\/?s={search_term_string}"},"query-input":{"@type":"PropertyValueSpecification","valueRequired":true,"valueName":"search_term_string"}}],"inLanguage":"fr-FR"}]}},"_links":{"self":[{"href":"https:\/\/www.trekrosetrip.com\/cap-vert\/wp-json\/wp\/v2\/pages\/188","targetHints":{"allow":["GET"]}}],"collection":[{"href":"https:\/\/www.trekrosetrip.com\/cap-vert\/wp-json\/wp\/v2\/pages"}],"about":[{"href":"https:\/\/www.trekrosetrip.com\/cap-vert\/wp-json\/wp\/v2\/types\/page"}],"author":[{"embeddable":true,"href":"https:\/\/www.trekrosetrip.com\/cap-vert\/wp-json\/wp\/v2\/users\/1"}],"replies":[{"embeddable":true,"href":"https:\/\/www.trekrosetrip.com\/cap-vert\/wp-json\/wp\/v2\/comments?post=188"}],"version-history":[{"count":5,"href":"https:\/\/www.trekrosetrip.com\/cap-vert\/wp-json\/wp\/v2\/pages\/188\/revisions"}],"predecessor-version":[{"id":2706,"href":"https:\/\/www.trekrosetrip.com\/cap-vert\/wp-json\/wp\/v2\/pages\/188\/revisions\/2706"}],"wp:attachment":[{"href":"https:\/\/www.trekrosetrip.com\/cap-vert\/wp-json\/wp\/v2\/media?parent=188"}],"curies":[{"name":"wp","href":"https:\/\/api.w.org\/{rel}","templated":true}]}}