{"id":174,"date":"2024-04-23T11:02:30","date_gmt":"2024-04-23T09:02:30","guid":{"rendered":"https:\/\/www.trekrosetrip.com\/cap-vert\/?page_id=174"},"modified":"2025-12-03T11:47:35","modified_gmt":"2025-12-03T10:47:35","slug":"inscrire-son-entreprise","status":"publish","type":"page","link":"https:\/\/www.trekrosetrip.com\/cap-vert\/club-entreprises\/inscrire-son-entreprise\/","title":{"rendered":"Inscrire son entreprise"},"content":{"rendered":"[vc_row el_class=\u00a0\u00bbtrack_load_ContactEntreprise track_load_ContactEntreprise-Cap-Vert\u00a0\u00bb][vc_column width=\u00a0\u00bb1\/6&Prime;][\/vc_column][vc_column width=\u00a0\u00bb2\/3&Prime;][vc_empty_space height=\u00a0\u00bb90px\u00a0\u00bb]<div id=\"argenta-custom-69ecdfbb4b9ce\"  class=\"heading-wrapper text-center text-titre\"  >\r\n\t\t\t<p class=\"subtitle\">#Inscription<\/p>\r\n\t\r\n\t<h2 class=\"second-title text-center\">Comment inscrire son entreprise ?<\/h2>\r\n\r\n\t\r\n\t\t<div class=\"divider-solid\"><div class=\"divider-line\"><\/div><\/div>\t\r\n\t<\/div>\t\r\n\r\n[vc_empty_space height=\u00a0\u00bb20px\u00a0\u00bb]<div id=\"argenta-custom-69ecdfbb4baf0\"  >\r\n\t<p style=\"text-align: justify;\">C\u2019est tr\u00e8s simple ! Vous devez imp\u00e9rativement avoir s\u00e9lectionn\u00e9 une ou plusieurs \u00e9quipe(s) de trois participantes avant d\u2019enregistrer votre pr\u00e9-inscription. Vous pouvez \u00e9galement prendre contact avec l&rsquo;\u00e9quipe Rose Trip pour vous faire conseiller sur votre participation.<\/p>\n<\/div>\r\n\r\n[vc_empty_space height=\u00a0\u00bb50px\u00a0\u00bb el_id=\u00a0\u00bbinscription\u00a0\u00bb]<div  class=\"heading-wrapper text-center text-titre\"  >\r\n\t\r\n\t<h2 class=\"second-title text-center\">Contacter l'\u00e9quipe Rose Trip Cap-Vert<\/h2>\r\n\r\n\t\r\n\t\t<div class=\"divider-solid\"><div class=\"divider-line\"><\/div><\/div>\t\r\n\t<\/div>\t\r\n\r\n[vc_empty_space height=\u00a0\u00bb20px\u00a0\u00bb]<div id=\"argenta-custom-69ecdfbb4bc53\"  >\r\n\t<p style=\"text-align: justify;\">Pour vous pr\u00e9-inscrire, il vous suffit de prendre contact avec notre \u00e9quipe Rose Trip qui saura vous conseiller et vous donner tous les d\u00e9tails d\u2019une inscription au Club Entreprises.<\/p>\n<\/div>\r\n\r\n[vc_empty_space height=\u00a0\u00bb20px\u00a0\u00bb][vc_column_text el_class=\u00a0\u00bbtrack_ContactEntreprise track_ContactEntreprise-Cap-Vert\u00a0\u00bb]\n<form method=\"POST\" id=\"ceform\">\n<div class=\"input-group\">\n<p>\n            <label class=\"col-6\"><br \/>\n                <span class=\"wpcf7-form-control-wrap\"><br \/>\n                    <input size=\"40\" maxlength=\"80\" placeholder=\"Pr\u00e9nom *\" value=\"\" type=\"text\" name=\"ceform[firstname]\"><br \/>\n                <\/span><br \/>\n            <\/label>\n        <\/p>\n<\/p><\/div>\n<div class=\"input-group\">\n<p>\n            <label class=\"col-6\"><br \/>\n                <span class=\"wpcf7-form-control-wrap\"><br \/>\n                    <input size=\"40\" maxlength=\"80\" placeholder=\"Nom *\" value=\"\" type=\"text\" name=\"ceform[lastname]\"><br \/>\n                <\/span><br \/>\n            <\/label>\n        <\/p>\n<\/p><\/div>\n<div class=\"input-group\">\n<p>\n            <label class=\"col-6\"><br \/>\n                <span class=\"wpcf7-form-control-wrap\"><br \/>\n                    <input size=\"40\" maxlength=\"80\" placeholder=\"Entreprise *\" value=\"\" type=\"text\" name=\"ceform[enterprise]\"><br \/>\n                <\/span><br \/>\n            <\/label>\n        <\/p>\n<\/p><\/div>\n<div class=\"input-group\">\n<p>\n            <label class=\"col-6\"><br \/>\n                <span class=\"wpcf7-form-control-wrap\"><br \/>\n                    <input size=\"40\" maxlength=\"80\" placeholder=\"Fonction occup\u00e9e *\" value=\"\" type=\"text\" name=\"ceform[fonction]\"><br \/>\n                <\/span><br \/>\n            <\/label>\n        <\/p>\n<\/p><\/div>\n<div class=\"input-group\">\n<p>\n            <label class=\"col-6\"><br \/>\n                <span class=\"wpcf7-form-control-wrap\"><br \/>\n                    <input size=\"40\" maxlength=\"80\" placeholder=\"Email *\" value=\"\" type=\"text\" name=\"ceform[email]\"><br \/>\n                <\/span><br \/>\n            <\/label>\n        <\/p>\n<\/p><\/div>\n<div class=\"input-group\">\n<p>\n            <label class=\"col-6\"><br \/>\n                <span class=\"wpcf7-form-control-wrap\"><br \/>\n                    <input size=\"40\" maxlength=\"80\" placeholder=\"T\u00e9l. *\" value=\"\" type=\"text\" name=\"ceform[telephone]\"><br \/>\n                <\/span><br \/>\n            <\/label>\n        <\/p>\n<\/p><\/div>\n<div class=\"col-12\">\n<p>\n            <label><br \/>\n                <span><br \/>\n                    <select class=\"wpcf7-form-control wpcf7-select\" name=\"ceform[equipes]\"><option value=\"Combien d'\u00e9quipes de 3 personnes envisagez-vous d'engager ?\">Combien d&rsquo;\u00e9quipes de 3 personnes envisagez-vous d&rsquo;engager ?<\/option><option value=\"1\" >1<\/option><option value=\"2\" >2<\/option><option value=\"3\" >3<\/option><option value=\"4\" >4<\/option><option value=\"5\" >5<\/option><option value=\"6\" >6<\/option><option value=\"7\" >7<\/option><option value=\"8\" >8<\/option><option value=\"9\" >9<\/option><option value=\"10 et +\" >10 et +<\/option><option value=\"Je ne sais pas\" >Je ne sais pas<\/option><\/select><br \/>\n                <\/span><br \/>\n            <\/label>\n        <\/p>\n<\/p><\/div>\n<p>            <input type=\"hidden\" name=\"ceform[products][]\" value=\"Rose Trip S\u00e9n\u00e9gal\" \/><\/p>\n<p>    <input type=\"hidden\" name=\"ceform[winner]\" value=\"\" \/><select style=\"display:none;\" name=\"ceform[gain]\"><option value=\"500\">500<\/option><option value=\"1000\" selected=\"selected\">1000<\/option><option value=\"2000\">2000<\/option><option value=\"5000\">5000<\/option><\/select><\/p>\n<div class=\"col-12\">\n<p>\n            <label><br \/>\n                <span class=\"wpcf7-form-control-wrap\"><textarea cols=\"20\" rows=\"10\" maxlength=\"400\" class=\"wpcf7-form-control wpcf7-textarea\" placeholder=\"Votre message\" name=\"ceform[message]\"><\/textarea><\/span><\/p>\n<p>                <label data-dashlane-label=\"true\"><br \/>\n                    <span class=\"wpcf7-form-control-wrap\"><span class=\"wpcf7-form-control wpcf7-checkbox\"><span class=\"wpcf7-list-item first last\"><span class=\"wpcf7-list-item-label\">Je souhaite en savoir plus sur la journ\u00e9e incentive aventure<\/span><input type=\"checkbox\" name=\"ceform[journee-incentive]\" value=\"Je souhaite en savoir plus sur la journ\u00e9e incentive aventure\" ><\/span><\/span><\/span><br \/>\n                    <\/label><br \/>\n            <\/label>\n        <\/p>\n<\/p><\/div>\n<p><button class=\"btn btn-rounded\"><span class=\"btn-load\"><\/span>Envoyer<\/button><\/p>\n<\/form>\n<style>\ndiv.errors ul li{\n    color:#dd3333;\n}\n#ceform input[type=text], #ceform textarea, #ceform select{\n    background-color:#f8f8f8;\n}\n<\/style>\n[\/vc_column_text][vc_empty_space height=\u00a0\u00bb50px\u00a0\u00bb][\/vc_column][vc_column width=\u00a0\u00bb1\/6&Prime;][\/vc_column][\/vc_row]\n","protected":false},"excerpt":{"rendered":"<p>[vc_row el_class=\u00a0\u00bbtrack_load_ContactEntreprise track_load_ContactEntreprise-Cap-Vert\u00a0\u00bb][vc_column width=\u00a0\u00bb1\/6&Prime;][\/vc_column][vc_column width=\u00a0\u00bb2\/3&Prime;][vc_empty_space height=\u00a0\u00bb90px\u00a0\u00bb][vc_empty_space height=\u00a0\u00bb20px\u00a0\u00bb][vc_empty_space height=\u00a0\u00bb50px\u00a0\u00bb el_id=\u00a0\u00bbinscription\u00a0\u00bb][vc_empty_space height=\u00a0\u00bb20px\u00a0\u00bb][vc_empty_space height=\u00a0\u00bb20px\u00a0\u00bb][vc_column_text el_class=\u00a0\u00bbtrack_ContactEntreprise track_ContactEntreprise-Cap-Vert\u00a0\u00bb][\/vc_column_text][vc_empty_space height=\u00a0\u00bb50px\u00a0\u00bb][\/vc_column][vc_column width=\u00a0\u00bb1\/6&Prime;][\/vc_column][\/vc_row]<\/p>\n","protected":false},"author":1,"featured_media":0,"parent":128,"menu_order":0,"comment_status":"closed","ping_status":"closed","template":"page-templates\/page_without-sidebar.php","meta":{"_acf_changed":false,"footnotes":""},"class_list":["post-174","page","type-page","status-publish","hentry"],"acf":[],"yoast_head":"<!-- This site is optimized with the Yoast SEO Premium plugin v27.4 (Yoast SEO v27.4) - https:\/\/yoast.com\/product\/yoast-seo-premium-wordpress\/ -->\n<title>Inscrire son entreprise | Rose Trip Cap-Vert<\/title>\n<meta name=\"description\" content=\"La participation de votre entreprise \u00e0 un tel challenge est une v\u00e9ritable plus-value. Contactez-nous pour inscrire une ou plusieurs \u00e9quipes.\" \/>\n<meta name=\"robots\" content=\"index, follow, max-snippet:-1, max-image-preview:large, max-video-preview:-1\" \/>\n<link rel=\"canonical\" href=\"https:\/\/www.trekrosetrip.com\/cap-vert\/club-entreprises\/inscrire-son-entreprise\/\" \/>\n<meta property=\"og:locale\" content=\"fr_FR\" \/>\n<meta property=\"og:type\" content=\"article\" \/>\n<meta property=\"og:title\" content=\"Inscrire son entreprise\" \/>\n<meta property=\"og:description\" content=\"La participation de votre entreprise \u00e0 un tel challenge est une v\u00e9ritable plus-value. Contactez-nous pour inscrire une ou plusieurs \u00e9quipes.\" \/>\n<meta property=\"og:url\" content=\"https:\/\/www.trekrosetrip.com\/cap-vert\/club-entreprises\/inscrire-son-entreprise\/\" \/>\n<meta property=\"og:site_name\" content=\"Rose Trip Cap-Vert Boa Vista\" \/>\n<meta property=\"article:modified_time\" content=\"2025-12-03T10:47:35+00:00\" \/>\n<meta property=\"og:image\" content=\"https:\/\/www.trekrosetrip.com\/cap-vert\/wp-content\/uploads\/sites\/5\/2024\/04\/inscrire-son-entreprise-rose-trip-cap-vert-boa-vista.jpg\" \/>\n\t<meta property=\"og:image:width\" content=\"2000\" \/>\n\t<meta property=\"og:image:height\" content=\"812\" \/>\n\t<meta property=\"og:image:type\" content=\"image\/jpeg\" \/>\n<meta name=\"twitter:card\" content=\"summary_large_image\" \/>\n<meta name=\"twitter:label1\" content=\"Dur\u00e9e de lecture estim\u00e9e\" \/>\n\t<meta name=\"twitter:data1\" content=\"1 minute\" \/>\n<script type=\"application\/ld+json\" class=\"yoast-schema-graph\">{\"@context\":\"https:\\\/\\\/schema.org\",\"@graph\":[{\"@type\":\"WebPage\",\"@id\":\"https:\\\/\\\/www.trekrosetrip.com\\\/cap-vert\\\/club-entreprises\\\/inscrire-son-entreprise\\\/\",\"url\":\"https:\\\/\\\/www.trekrosetrip.com\\\/cap-vert\\\/club-entreprises\\\/inscrire-son-entreprise\\\/\",\"name\":\"Inscrire son entreprise | Rose Trip Cap-Vert\",\"isPartOf\":{\"@id\":\"https:\\\/\\\/www.trekrosetrip.com\\\/cap-vert\\\/#website\"},\"datePublished\":\"2024-04-23T09:02:30+00:00\",\"dateModified\":\"2025-12-03T10:47:35+00:00\",\"description\":\"La participation de votre entreprise \u00e0 un tel challenge est une v\u00e9ritable plus-value. Contactez-nous pour inscrire une ou plusieurs \u00e9quipes.\",\"breadcrumb\":{\"@id\":\"https:\\\/\\\/www.trekrosetrip.com\\\/cap-vert\\\/club-entreprises\\\/inscrire-son-entreprise\\\/#breadcrumb\"},\"inLanguage\":\"fr-FR\",\"potentialAction\":[{\"@type\":\"ReadAction\",\"target\":[\"https:\\\/\\\/www.trekrosetrip.com\\\/cap-vert\\\/club-entreprises\\\/inscrire-son-entreprise\\\/\"]}]},{\"@type\":\"BreadcrumbList\",\"@id\":\"https:\\\/\\\/www.trekrosetrip.com\\\/cap-vert\\\/club-entreprises\\\/inscrire-son-entreprise\\\/#breadcrumb\",\"itemListElement\":[{\"@type\":\"ListItem\",\"position\":1,\"name\":\"Accueil\",\"item\":\"https:\\\/\\\/www.trekrosetrip.com\\\/cap-vert\\\/\"},{\"@type\":\"ListItem\",\"position\":2,\"name\":\"Le Club Entreprises\",\"item\":\"https:\\\/\\\/www.trekrosetrip.com\\\/cap-vert\\\/club-entreprises\\\/\"},{\"@type\":\"ListItem\",\"position\":3,\"name\":\"Inscrire son entreprise\"}]},{\"@type\":\"WebSite\",\"@id\":\"https:\\\/\\\/www.trekrosetrip.com\\\/cap-vert\\\/#website\",\"url\":\"https:\\\/\\\/www.trekrosetrip.com\\\/cap-vert\\\/\",\"name\":\"Rose Trip Cap-Vert Boa Vista\",\"description\":\"\",\"potentialAction\":[{\"@type\":\"SearchAction\",\"target\":{\"@type\":\"EntryPoint\",\"urlTemplate\":\"https:\\\/\\\/www.trekrosetrip.com\\\/cap-vert\\\/?s={search_term_string}\"},\"query-input\":{\"@type\":\"PropertyValueSpecification\",\"valueRequired\":true,\"valueName\":\"search_term_string\"}}],\"inLanguage\":\"fr-FR\"}]}<\/script>\n<!-- \/ Yoast SEO Premium plugin. -->","yoast_head_json":{"title":"Inscrire son entreprise | Rose Trip Cap-Vert","description":"La participation de votre entreprise \u00e0 un tel challenge est une v\u00e9ritable plus-value. Contactez-nous pour inscrire une ou plusieurs \u00e9quipes.","robots":{"index":"index","follow":"follow","max-snippet":"max-snippet:-1","max-image-preview":"max-image-preview:large","max-video-preview":"max-video-preview:-1"},"canonical":"https:\/\/www.trekrosetrip.com\/cap-vert\/club-entreprises\/inscrire-son-entreprise\/","og_locale":"fr_FR","og_type":"article","og_title":"Inscrire son entreprise","og_description":"La participation de votre entreprise \u00e0 un tel challenge est une v\u00e9ritable plus-value. Contactez-nous pour inscrire une ou plusieurs \u00e9quipes.","og_url":"https:\/\/www.trekrosetrip.com\/cap-vert\/club-entreprises\/inscrire-son-entreprise\/","og_site_name":"Rose Trip Cap-Vert Boa Vista","article_modified_time":"2025-12-03T10:47:35+00:00","og_image":[{"width":2000,"height":812,"url":"https:\/\/www.trekrosetrip.com\/cap-vert\/wp-content\/uploads\/sites\/5\/2024\/04\/inscrire-son-entreprise-rose-trip-cap-vert-boa-vista.jpg","type":"image\/jpeg"}],"twitter_card":"summary_large_image","twitter_misc":{"Dur\u00e9e de lecture estim\u00e9e":"1 minute"},"schema":{"@context":"https:\/\/schema.org","@graph":[{"@type":"WebPage","@id":"https:\/\/www.trekrosetrip.com\/cap-vert\/club-entreprises\/inscrire-son-entreprise\/","url":"https:\/\/www.trekrosetrip.com\/cap-vert\/club-entreprises\/inscrire-son-entreprise\/","name":"Inscrire son entreprise | Rose Trip Cap-Vert","isPartOf":{"@id":"https:\/\/www.trekrosetrip.com\/cap-vert\/#website"},"datePublished":"2024-04-23T09:02:30+00:00","dateModified":"2025-12-03T10:47:35+00:00","description":"La participation de votre entreprise \u00e0 un tel challenge est une v\u00e9ritable plus-value. Contactez-nous pour inscrire une ou plusieurs \u00e9quipes.","breadcrumb":{"@id":"https:\/\/www.trekrosetrip.com\/cap-vert\/club-entreprises\/inscrire-son-entreprise\/#breadcrumb"},"inLanguage":"fr-FR","potentialAction":[{"@type":"ReadAction","target":["https:\/\/www.trekrosetrip.com\/cap-vert\/club-entreprises\/inscrire-son-entreprise\/"]}]},{"@type":"BreadcrumbList","@id":"https:\/\/www.trekrosetrip.com\/cap-vert\/club-entreprises\/inscrire-son-entreprise\/#breadcrumb","itemListElement":[{"@type":"ListItem","position":1,"name":"Accueil","item":"https:\/\/www.trekrosetrip.com\/cap-vert\/"},{"@type":"ListItem","position":2,"name":"Le Club Entreprises","item":"https:\/\/www.trekrosetrip.com\/cap-vert\/club-entreprises\/"},{"@type":"ListItem","position":3,"name":"Inscrire son entreprise"}]},{"@type":"WebSite","@id":"https:\/\/www.trekrosetrip.com\/cap-vert\/#website","url":"https:\/\/www.trekrosetrip.com\/cap-vert\/","name":"Rose Trip Cap-Vert Boa Vista","description":"","potentialAction":[{"@type":"SearchAction","target":{"@type":"EntryPoint","urlTemplate":"https:\/\/www.trekrosetrip.com\/cap-vert\/?s={search_term_string}"},"query-input":{"@type":"PropertyValueSpecification","valueRequired":true,"valueName":"search_term_string"}}],"inLanguage":"fr-FR"}]}},"_links":{"self":[{"href":"https:\/\/www.trekrosetrip.com\/cap-vert\/wp-json\/wp\/v2\/pages\/174","targetHints":{"allow":["GET"]}}],"collection":[{"href":"https:\/\/www.trekrosetrip.com\/cap-vert\/wp-json\/wp\/v2\/pages"}],"about":[{"href":"https:\/\/www.trekrosetrip.com\/cap-vert\/wp-json\/wp\/v2\/types\/page"}],"author":[{"embeddable":true,"href":"https:\/\/www.trekrosetrip.com\/cap-vert\/wp-json\/wp\/v2\/users\/1"}],"replies":[{"embeddable":true,"href":"https:\/\/www.trekrosetrip.com\/cap-vert\/wp-json\/wp\/v2\/comments?post=174"}],"version-history":[{"count":3,"href":"https:\/\/www.trekrosetrip.com\/cap-vert\/wp-json\/wp\/v2\/pages\/174\/revisions"}],"predecessor-version":[{"id":2691,"href":"https:\/\/www.trekrosetrip.com\/cap-vert\/wp-json\/wp\/v2\/pages\/174\/revisions\/2691"}],"up":[{"embeddable":true,"href":"https:\/\/www.trekrosetrip.com\/cap-vert\/wp-json\/wp\/v2\/pages\/128"}],"wp:attachment":[{"href":"https:\/\/www.trekrosetrip.com\/cap-vert\/wp-json\/wp\/v2\/media?parent=174"}],"curies":[{"name":"wp","href":"https:\/\/api.w.org\/{rel}","templated":true}]}}