{"id":153,"date":"2024-04-23T10:30:43","date_gmt":"2024-04-23T08:30:43","guid":{"rendered":"https:\/\/www.trekrosetrip.com\/cap-vert\/?page_id=153"},"modified":"2025-10-08T09:59:36","modified_gmt":"2025-10-08T07:59:36","slug":"pourquoi-sengager","status":"publish","type":"page","link":"https:\/\/www.trekrosetrip.com\/cap-vert\/club-entreprises\/pourquoi-sengager\/","title":{"rendered":"Pourquoi s\u2019engager dans le trek Rose Trip Cap-Vert"},"content":{"rendered":"[vc_row css=\u00a0\u00bb.vc_custom_1510623186519{background-position: center !important;background-repeat: no-repeat !important;background-size: cover !important;}\u00a0\u00bb][vc_column width=\u00a0\u00bb1\/6&Prime;][\/vc_column][vc_column width=\u00a0\u00bb2\/3&Prime;][vc_empty_space height=\u00a0\u00bb50px\u00a0\u00bb]<div  class=\"heading-wrapper text-center text-titre\"  >\r\n\t\t\t<p class=\"subtitle\">#Culture d'entreprise<\/p>\r\n\t\r\n\t<h2 class=\"second-title text-center\">Le trek Rose Trip Cap-Vert, un engagement entrepreneurial fort<\/h2>\r\n\r\n\t\r\n\t\t<div class=\"divider-solid\"><div class=\"divider-line\"><\/div><\/div>\t\r\n\t<\/div>\t\r\n\r\n[vc_empty_space height=\u00a0\u00bb20px\u00a0\u00bb]<div id=\"argenta-custom-69ecf88a9313b\"  >\r\n\t<p style=\"text-align: justify;\">La <strong>randonn\u00e9e nomade Rose Trip Cap-Vert<\/strong> est l\u2019opportunit\u00e9 d\u2019une exp\u00e9rience unique et hors du temps, \u00e0 la fois f\u00e9d\u00e9ratrice, puissant vecteur de coh\u00e9sion et de renforcement des liens, qui laissera des souvenirs et des traces ind\u00e9l\u00e9biles dans l\u2019esprit d\u2019\u00e9quipe et la culture de votre entreprise.<\/p>\n<\/div>\r\n\r\n[vc_empty_space height=\u00a0\u00bb50px\u00a0\u00bb][\/vc_column][vc_column width=\u00a0\u00bb1\/6&Prime;][\/vc_column][\/vc_row][vc_row full_width=\u00a0\u00bbstretch_row\u00a0\u00bb content_placement=\u00a0\u00bbmiddle\u00a0\u00bb css=\u00a0\u00bb.vc_custom_1510623777440{background-color: #f1f3f3 !important;background-position: center !important;background-repeat: no-repeat !important;background-size: cover !important;}\u00a0\u00bb][vc_column][vc_row_inner content_placement=\u00a0\u00bbmiddle\u00a0\u00bb el_class=\u00a0\u00bbtext-center\u00a0\u00bb css=\u00a0\u00bb.vc_custom_1510580620547{background-color: #f1f3f3 !important;}\u00a0\u00bb][vc_column_inner width=\u00a0\u00bb3\/4&Prime;][vc_empty_space height=\u00a0\u00bb30px\u00a0\u00bb]<div  class=\"heading-wrapper text-left text-titre\"  >\r\n\t\t\t<p class=\"subtitle\">#B\u00e9n\u00e9fices<\/p>\r\n\t\r\n\t<h2 class=\"second-title text-left\">Les b\u00e9n\u00e9fices du Club pour une entreprise<\/h2>\r\n\r\n\t\r\n\t\t<div class=\"divider-solid\"><div class=\"divider-line\"><\/div><\/div>\t\r\n\t<\/div>\t\r\n\r\n[vc_empty_space height=\u00a0\u00bb20px\u00a0\u00bb]<div id=\"argenta-custom-69ecf88a932ce\"  >\r\n\t<p style=\"text-align: justify;\">La participation de votre entreprise \u00e0 un tel challenge est une v\u00e9ritable plus-value, dont les principaux b\u00e9n\u00e9fices seront les suivants :<\/p>\n<\/div>\r\n\r\n[vc_empty_space height=\u00a0\u00bb20px\u00a0\u00bb]<div id=\"argenta-custom-69ecf88a93381\"  >\r\n\t<ul>\n<li style=\"text-align: justify;\"><span style=\"color: #d7006d;\"><strong>Renforcer l\u2019esprit d\u2019\u00e9quipe et cr\u00e9er une coh\u00e9sion d\u2019\u00e9quipe entre vos collaboratrices :<\/strong><\/span> au m\u00eame titre que le team building, le trek Rose Trip permet \u00e0 l\u2019\u00e9quipe compos\u00e9e pour l\u2019\u00e9v\u00e9nement d\u2019apprendre \u00e0 bien se conna\u00eetre afin d\u2019utiliser au mieux les forces en pr\u00e9sence. Ensemble, les participantes devront alternativement s\u2019\u00e9couter, s\u2019organiser, se soutenir, se d\u00e9passer, prendre des d\u00e9cisions concert\u00e9es pour \u00e9luder ensemble les probl\u00e9matiques rencontr\u00e9es, le tout en cohabitant et en affrontant les \u00e9preuves sportives loin de leur zone de confort.<\/li>\n<\/ul>\n<\/div>\r\n\r\n[vc_empty_space height=\u00a0\u00bb20px\u00a0\u00bb]<div id=\"argenta-custom-69ecf88a93431\"  >\r\n\t<ul style=\"text-align: justify;\">\n<li><span style=\"color: #d7006d;\"><strong>Associer l\u2019image de votre entreprise \u00e0 un \u00e9v\u00e9nement aux valeurs fortes :<\/strong><\/span> le trek Rose Trip est un \u00e9v\u00e9nement vert, solidaire et sportif. Vous \u0153uvrez pour le bien-\u00eatre de vos salari\u00e9s au quotidien ? Vous consid\u00e9rez que le sport renforce l\u2019esprit d\u2019\u00e9quipe et joue un r\u00f4le primordial dans le bien-\u00eatre de vos salari\u00e9s au travail ? Vous aimez challenger vos employ\u00e9s et leur proposer des d\u00e9fis ? Vous souhaitez contribuer au d\u00e9veloppement d\u2019actions solidaires et \u00e9cologiques fortes ? Ce trek rassemble tous ces crit\u00e8res et vous permet de vous engager aupr\u00e8s de vos collaboratrices en leur offrant la possibilit\u00e9 de prendre part \u00e0 un \u00e9v\u00e9nement marquant.<\/li>\n<\/ul>\n<\/div>\r\n\r\n[vc_empty_space height=\u00a0\u00bb20px\u00a0\u00bb]<div id=\"argenta-custom-69ecf88a934dc\"  >\r\n\t<ul>\n<li style=\"text-align: justify;\"><span style=\"color: #d7006d;\"><strong>Offrir de la visibilit\u00e9 \u00e0 votre entreprise : <\/strong><\/span>le trek Rose Trip est un \u00e9v\u00e9nement m\u00e9diatis\u00e9 au niveau national et international.<\/li>\n<\/ul>\n<\/div>\r\n\r\n[vc_empty_space height=\u00a0\u00bb50px\u00a0\u00bb][\/vc_column_inner][vc_column_inner width=\u00a0\u00bb1\/4&Prime;][vc_single_image image=\u00a0\u00bb154&Prime; img_size=\u00a0\u00bbfull\u00a0\u00bb alignment=\u00a0\u00bbcenter\u00a0\u00bb][\/vc_column_inner][\/vc_row_inner][\/vc_column][\/vc_row][vc_row full_width=\u00a0\u00bbstretch_row_content_no_spaces\u00a0\u00bb][vc_column css=\u00a0\u00bb.vc_custom_1510624369256{margin-top: -35px !important;}\u00a0\u00bb]<div class=\"split-box\" id=\"argenta-custom-69ecf88a9356c\" \r\n\t\t\t\t>\r\n\t\t<div class=\"vc_col-md-6 split-box-wrap\">\r\n\t\t<div class=\"parallax-bg\"><\/div>\r\n\t\t<div class=\"content\">\r\n\t\t\t\t\t<\/div>\r\n\t<\/div>\t<div class=\"vc_col-md-6 split-box-wrap\">\r\n\t\t<div class=\"parallax-bg\"><\/div>\r\n\t\t<div class=\"content\">\r\n\t\t\t<div  class=\"heading-wrapper text-left text-titre\"  >\r\n\t\t\t<p class=\"subtitle\">#Classement<\/p>\r\n\t\r\n\t<h2 class=\"second-title text-left\">Un classement d\u00e9di\u00e9 aux entreprises<\/h2>\r\n\r\n\t\r\n\t\t<div class=\"divider-solid\"><div class=\"divider-line\"><\/div><\/div>\t\r\n\t<\/div>\t\r\n\r\n[vc_empty_space height=\u00a0\u00bb20px\u00a0\u00bb]<div id=\"argenta-custom-69ecf88a9cf4b\"  >\r\n\t<p style=\"text-align: justify;\">En portant les couleurs de votre entreprise, vos collaboratrices concourrent pour le <a href=\"#Trophee-Club-Entreprises\"><strong>Troph\u00e9e Club Entreprises<\/strong><\/a> qui r\u00e9unit toutes les soci\u00e9t\u00e9s ayant engag\u00e9 des \u00e9quipes dans l\u2019aventure Rose Trip.<\/p>\n<p style=\"text-align: justify;\">Un <a href=\"#Trophee-Club-Entreprises\">classement d\u00e9di\u00e9<\/a> et actualis\u00e9 au jour le jour mettra en exergue la position de vos collaboratrices au classement g\u00e9n\u00e9ral Club Entreprises. Vous pourrez ainsi les suivre \u00e0 distance et voir leurs progr\u00e8s sur toute la dur\u00e9e de la randonn\u00e9e.<\/p>\n<p style=\"text-align: justify;\">\u00c0 l\u2019issue des trois jours de trek, un classement g\u00e9n\u00e9ral sera \u00e9tabli et la meilleure \u00e9quipe Club Entreprises se verra remettre le Troph\u00e9e lors de la soir\u00e9e de remise des prix. L\u2019entreprise gagnante pourra, bien \u00e9videmment, remettre son titre en jeu lors de l\u2019\u00e9dition suivante en engageant une ou plusieurs nouvelles \u00e9quipes dans l\u2019aventure.<\/p>\n<\/div>\r\n\r\n\t\t<\/div>\r\n\t<\/div>\t\r\n<\/div>\r\n\r\n[\/vc_column][\/vc_row][vc_row full_width=\u00a0\u00bbstretch_row_content_no_spaces\u00a0\u00bb content_placement=\u00a0\u00bbmiddle\u00a0\u00bb css=\u00a0\u00bb.vc_custom_1646136321787{background-color: #d7006d !important;}\u00a0\u00bb][vc_column el_class=\u00a0\u00bbtext-center\u00a0\u00bb][vc_empty_space height=\u00a0\u00bb50px\u00a0\u00bb]<div id=\"argenta-custom-69ecf88a9d004\"  class=\"heading-wrapper text-center text-blanc text-titre\"  >\r\n\t\t\t<p class=\"subtitle\">Vous souhaitez engager une ou plusieurs \u00e9quipe\u00b7s ?<\/p>\r\n\t\r\n\t<h2 class=\"second-title text-center\">Rejoignez le Club Entreprises !<\/h2>\r\n\r\n\t\r\n\t\t<div class=\"divider-solid\"><div class=\"divider-line\"><\/div><\/div>\t\r\n\t<\/div>\t\r\n\r\n[vc_empty_space height=\u00a0\u00bb15px\u00a0\u00bb]<div class=\"button_wrapper\"  >\r\n\t\r\n\t<a href=\"http:\/\/www.trekrosetrip.com\/cap-vert\/club-entreprises\/inscrire-son-entreprise\/\" class=\"btn btn-rounded btn-large\" id=\"argenta-custom-69ecf88a9d0e0\">\r\n\t\t\t\t<span class=\"text\">Inscrire son entreprise<\/span>\r\n\t\t\t<\/a>\r\n\t\r\n<\/div>\r\n\r\n[vc_empty_space height=\u00a0\u00bb60px\u00a0\u00bb][\/vc_column][\/vc_row]\n","protected":false},"excerpt":{"rendered":"<p>[vc_row css=\u00a0\u00bb.vc_custom_1510623186519{background-position: center !important;background-repeat: no-repeat !important;background-size: cover !important;}\u00a0\u00bb][vc_column width=\u00a0\u00bb1\/6&Prime;][\/vc_column][vc_column width=\u00a0\u00bb2\/3&Prime;][vc_empty_space height=\u00a0\u00bb50px\u00a0\u00bb][vc_empty_space height=\u00a0\u00bb20px\u00a0\u00bb][vc_empty_space height=\u00a0\u00bb50px\u00a0\u00bb][\/vc_column][vc_column width=\u00a0\u00bb1\/6&Prime;][\/vc_column][\/vc_row][vc_row full_width=\u00a0\u00bbstretch_row\u00a0\u00bb content_placement=\u00a0\u00bbmiddle\u00a0\u00bb css=\u00a0\u00bb.vc_custom_1510623777440{background-color: #f1f3f3 !important;background-position: center !important;background-repeat: no-repeat !important;background-size: cover !important;}\u00a0\u00bb][vc_column][vc_row_inner content_placement=\u00a0\u00bbmiddle\u00a0\u00bb el_class=\u00a0\u00bbtext-center\u00a0\u00bb css=\u00a0\u00bb.vc_custom_1510580620547{background-color: #f1f3f3 !important;}\u00a0\u00bb][vc_column_inner width=\u00a0\u00bb3\/4&Prime;][vc_empty_space height=\u00a0\u00bb30px\u00a0\u00bb][vc_empty_space height=\u00a0\u00bb20px\u00a0\u00bb][vc_empty_space height=\u00a0\u00bb20px\u00a0\u00bb][vc_empty_space height=\u00a0\u00bb20px\u00a0\u00bb][vc_empty_space height=\u00a0\u00bb20px\u00a0\u00bb][vc_empty_space height=\u00a0\u00bb50px\u00a0\u00bb][\/vc_column_inner][vc_column_inner width=\u00a0\u00bb1\/4&Prime;][vc_single_image image=\u00a0\u00bb154&Prime; img_size=\u00a0\u00bbfull\u00a0\u00bb alignment=\u00a0\u00bbcenter\u00a0\u00bb][\/vc_column_inner][\/vc_row_inner][\/vc_column][\/vc_row][vc_row full_width=\u00a0\u00bbstretch_row_content_no_spaces\u00a0\u00bb][vc_column css=\u00a0\u00bb.vc_custom_1510624369256{margin-top: -35px !important;}\u00a0\u00bb][\/vc_column][\/vc_row][vc_row full_width=\u00a0\u00bbstretch_row_content_no_spaces\u00a0\u00bb content_placement=\u00a0\u00bbmiddle\u00a0\u00bb css=\u00a0\u00bb.vc_custom_1646136321787{background-color: #d7006d !important;}\u00a0\u00bb][vc_column el_class=\u00a0\u00bbtext-center\u00a0\u00bb][vc_empty_space height=\u00a0\u00bb50px\u00a0\u00bb][vc_empty_space height=\u00a0\u00bb15px\u00a0\u00bb][vc_empty_space height=\u00a0\u00bb60px\u00a0\u00bb][\/vc_column][\/vc_row]<\/p>\n","protected":false},"author":1,"featured_media":0,"parent":128,"menu_order":0,"comment_status":"closed","ping_status":"closed","template":"page-templates\/page_without-sidebar.php","meta":{"_acf_changed":false,"footnotes":""},"class_list":["post-153","page","type-page","status-publish","hentry"],"acf":[],"yoast_head":"<!-- This site is optimized with the Yoast SEO Premium plugin v27.4 (Yoast SEO v27.4) - https:\/\/yoast.com\/product\/yoast-seo-premium-wordpress\/ -->\n<title>S&#039;engager dans le trek en tant qu&#039;entreprise | Rose Trip Cap-Vert<\/title>\n<meta name=\"description\" content=\"Le trek Rose Trip est l\u2019opportunit\u00e9 d\u2019une exp\u00e9rience unique et hors du temps qui renforcera l&#039;esprit d&#039;\u00e9quipe au sein de votre entreprise.\" \/>\n<meta name=\"robots\" content=\"index, follow, max-snippet:-1, max-image-preview:large, max-video-preview:-1\" \/>\n<link rel=\"canonical\" href=\"https:\/\/www.trekrosetrip.com\/cap-vert\/club-entreprises\/pourquoi-sengager\/\" \/>\n<meta property=\"og:locale\" content=\"fr_FR\" \/>\n<meta property=\"og:type\" content=\"article\" \/>\n<meta property=\"og:title\" content=\"Pourquoi s\u2019engager dans le trek Rose Trip Cap-Vert\" \/>\n<meta property=\"og:description\" content=\"Le trek Rose Trip est l\u2019opportunit\u00e9 d\u2019une exp\u00e9rience unique et hors du temps qui renforcera l&#039;esprit d&#039;\u00e9quipe au sein de votre entreprise.\" \/>\n<meta property=\"og:url\" content=\"https:\/\/www.trekrosetrip.com\/cap-vert\/club-entreprises\/pourquoi-sengager\/\" \/>\n<meta property=\"og:site_name\" content=\"Rose Trip Cap-Vert Boa Vista\" \/>\n<meta property=\"article:modified_time\" content=\"2025-10-08T07:59:36+00:00\" \/>\n<meta property=\"og:image\" content=\"https:\/\/www.trekrosetrip.com\/cap-vert\/wp-content\/uploads\/sites\/5\/2025\/06\/classement-club-entreprises-rose-trip-cap-vert-boa-vista.jpg\" \/>\n\t<meta property=\"og:image:width\" content=\"1200\" \/>\n\t<meta property=\"og:image:height\" content=\"753\" \/>\n\t<meta property=\"og:image:type\" content=\"image\/jpeg\" \/>\n<meta name=\"twitter:card\" content=\"summary_large_image\" \/>\n<meta name=\"twitter:label1\" content=\"Dur\u00e9e de lecture estim\u00e9e\" \/>\n\t<meta name=\"twitter:data1\" content=\"3 minutes\" \/>\n<script type=\"application\/ld+json\" class=\"yoast-schema-graph\">{\"@context\":\"https:\\\/\\\/schema.org\",\"@graph\":[{\"@type\":\"WebPage\",\"@id\":\"https:\\\/\\\/www.trekrosetrip.com\\\/cap-vert\\\/club-entreprises\\\/pourquoi-sengager\\\/\",\"url\":\"https:\\\/\\\/www.trekrosetrip.com\\\/cap-vert\\\/club-entreprises\\\/pourquoi-sengager\\\/\",\"name\":\"S'engager dans le trek en tant qu'entreprise | Rose Trip Cap-Vert\",\"isPartOf\":{\"@id\":\"https:\\\/\\\/www.trekrosetrip.com\\\/cap-vert\\\/#website\"},\"datePublished\":\"2024-04-23T08:30:43+00:00\",\"dateModified\":\"2025-10-08T07:59:36+00:00\",\"description\":\"Le trek Rose Trip est l\u2019opportunit\u00e9 d\u2019une exp\u00e9rience unique et hors du temps qui renforcera l'esprit d'\u00e9quipe au sein de votre entreprise.\",\"breadcrumb\":{\"@id\":\"https:\\\/\\\/www.trekrosetrip.com\\\/cap-vert\\\/club-entreprises\\\/pourquoi-sengager\\\/#breadcrumb\"},\"inLanguage\":\"fr-FR\",\"potentialAction\":[{\"@type\":\"ReadAction\",\"target\":[\"https:\\\/\\\/www.trekrosetrip.com\\\/cap-vert\\\/club-entreprises\\\/pourquoi-sengager\\\/\"]}]},{\"@type\":\"BreadcrumbList\",\"@id\":\"https:\\\/\\\/www.trekrosetrip.com\\\/cap-vert\\\/club-entreprises\\\/pourquoi-sengager\\\/#breadcrumb\",\"itemListElement\":[{\"@type\":\"ListItem\",\"position\":1,\"name\":\"Accueil\",\"item\":\"https:\\\/\\\/www.trekrosetrip.com\\\/cap-vert\\\/\"},{\"@type\":\"ListItem\",\"position\":2,\"name\":\"Le Club Entreprises\",\"item\":\"https:\\\/\\\/www.trekrosetrip.com\\\/cap-vert\\\/club-entreprises\\\/\"},{\"@type\":\"ListItem\",\"position\":3,\"name\":\"Pourquoi s\u2019engager dans le trek Rose Trip Cap-Vert\"}]},{\"@type\":\"WebSite\",\"@id\":\"https:\\\/\\\/www.trekrosetrip.com\\\/cap-vert\\\/#website\",\"url\":\"https:\\\/\\\/www.trekrosetrip.com\\\/cap-vert\\\/\",\"name\":\"Rose Trip Cap-Vert Boa Vista\",\"description\":\"\",\"potentialAction\":[{\"@type\":\"SearchAction\",\"target\":{\"@type\":\"EntryPoint\",\"urlTemplate\":\"https:\\\/\\\/www.trekrosetrip.com\\\/cap-vert\\\/?s={search_term_string}\"},\"query-input\":{\"@type\":\"PropertyValueSpecification\",\"valueRequired\":true,\"valueName\":\"search_term_string\"}}],\"inLanguage\":\"fr-FR\"}]}<\/script>\n<!-- \/ Yoast SEO Premium plugin. -->","yoast_head_json":{"title":"S'engager dans le trek en tant qu'entreprise | Rose Trip Cap-Vert","description":"Le trek Rose Trip est l\u2019opportunit\u00e9 d\u2019une exp\u00e9rience unique et hors du temps qui renforcera l'esprit d'\u00e9quipe au sein de votre entreprise.","robots":{"index":"index","follow":"follow","max-snippet":"max-snippet:-1","max-image-preview":"max-image-preview:large","max-video-preview":"max-video-preview:-1"},"canonical":"https:\/\/www.trekrosetrip.com\/cap-vert\/club-entreprises\/pourquoi-sengager\/","og_locale":"fr_FR","og_type":"article","og_title":"Pourquoi s\u2019engager dans le trek Rose Trip Cap-Vert","og_description":"Le trek Rose Trip est l\u2019opportunit\u00e9 d\u2019une exp\u00e9rience unique et hors du temps qui renforcera l'esprit d'\u00e9quipe au sein de votre entreprise.","og_url":"https:\/\/www.trekrosetrip.com\/cap-vert\/club-entreprises\/pourquoi-sengager\/","og_site_name":"Rose Trip Cap-Vert Boa Vista","article_modified_time":"2025-10-08T07:59:36+00:00","og_image":[{"width":1200,"height":753,"url":"https:\/\/www.trekrosetrip.com\/cap-vert\/wp-content\/uploads\/sites\/5\/2025\/06\/classement-club-entreprises-rose-trip-cap-vert-boa-vista.jpg","type":"image\/jpeg"}],"twitter_card":"summary_large_image","twitter_misc":{"Dur\u00e9e de lecture estim\u00e9e":"3 minutes"},"schema":{"@context":"https:\/\/schema.org","@graph":[{"@type":"WebPage","@id":"https:\/\/www.trekrosetrip.com\/cap-vert\/club-entreprises\/pourquoi-sengager\/","url":"https:\/\/www.trekrosetrip.com\/cap-vert\/club-entreprises\/pourquoi-sengager\/","name":"S'engager dans le trek en tant qu'entreprise | Rose Trip Cap-Vert","isPartOf":{"@id":"https:\/\/www.trekrosetrip.com\/cap-vert\/#website"},"datePublished":"2024-04-23T08:30:43+00:00","dateModified":"2025-10-08T07:59:36+00:00","description":"Le trek Rose Trip est l\u2019opportunit\u00e9 d\u2019une exp\u00e9rience unique et hors du temps qui renforcera l'esprit d'\u00e9quipe au sein de votre entreprise.","breadcrumb":{"@id":"https:\/\/www.trekrosetrip.com\/cap-vert\/club-entreprises\/pourquoi-sengager\/#breadcrumb"},"inLanguage":"fr-FR","potentialAction":[{"@type":"ReadAction","target":["https:\/\/www.trekrosetrip.com\/cap-vert\/club-entreprises\/pourquoi-sengager\/"]}]},{"@type":"BreadcrumbList","@id":"https:\/\/www.trekrosetrip.com\/cap-vert\/club-entreprises\/pourquoi-sengager\/#breadcrumb","itemListElement":[{"@type":"ListItem","position":1,"name":"Accueil","item":"https:\/\/www.trekrosetrip.com\/cap-vert\/"},{"@type":"ListItem","position":2,"name":"Le Club Entreprises","item":"https:\/\/www.trekrosetrip.com\/cap-vert\/club-entreprises\/"},{"@type":"ListItem","position":3,"name":"Pourquoi s\u2019engager dans le trek Rose Trip Cap-Vert"}]},{"@type":"WebSite","@id":"https:\/\/www.trekrosetrip.com\/cap-vert\/#website","url":"https:\/\/www.trekrosetrip.com\/cap-vert\/","name":"Rose Trip Cap-Vert Boa Vista","description":"","potentialAction":[{"@type":"SearchAction","target":{"@type":"EntryPoint","urlTemplate":"https:\/\/www.trekrosetrip.com\/cap-vert\/?s={search_term_string}"},"query-input":{"@type":"PropertyValueSpecification","valueRequired":true,"valueName":"search_term_string"}}],"inLanguage":"fr-FR"}]}},"_links":{"self":[{"href":"https:\/\/www.trekrosetrip.com\/cap-vert\/wp-json\/wp\/v2\/pages\/153","targetHints":{"allow":["GET"]}}],"collection":[{"href":"https:\/\/www.trekrosetrip.com\/cap-vert\/wp-json\/wp\/v2\/pages"}],"about":[{"href":"https:\/\/www.trekrosetrip.com\/cap-vert\/wp-json\/wp\/v2\/types\/page"}],"author":[{"embeddable":true,"href":"https:\/\/www.trekrosetrip.com\/cap-vert\/wp-json\/wp\/v2\/users\/1"}],"replies":[{"embeddable":true,"href":"https:\/\/www.trekrosetrip.com\/cap-vert\/wp-json\/wp\/v2\/comments?post=153"}],"version-history":[{"count":3,"href":"https:\/\/www.trekrosetrip.com\/cap-vert\/wp-json\/wp\/v2\/pages\/153\/revisions"}],"predecessor-version":[{"id":2677,"href":"https:\/\/www.trekrosetrip.com\/cap-vert\/wp-json\/wp\/v2\/pages\/153\/revisions\/2677"}],"up":[{"embeddable":true,"href":"https:\/\/www.trekrosetrip.com\/cap-vert\/wp-json\/wp\/v2\/pages\/128"}],"wp:attachment":[{"href":"https:\/\/www.trekrosetrip.com\/cap-vert\/wp-json\/wp\/v2\/media?parent=153"}],"curies":[{"name":"wp","href":"https:\/\/api.w.org\/{rel}","templated":true}]}}