{"id":108,"date":"2024-04-22T17:17:46","date_gmt":"2024-04-22T15:17:46","guid":{"rendered":"https:\/\/www.trekrosetrip.com\/cap-vert\/?page_id=108"},"modified":"2026-01-19T15:02:28","modified_gmt":"2026-01-19T14:02:28","slug":"trek-solidaire","status":"publish","type":"page","link":"https:\/\/www.trekrosetrip.com\/cap-vert\/trek-solidaire\/","title":{"rendered":"Rose Trip Cap-Vert, un trek solidaire"},"content":{"rendered":"[vc_row css=\u00a0\u00bb.vc_custom_1509985455989{padding-top: 50px !important;}\u00a0\u00bb][vc_column width=\u00a0\u00bb1\/6&Prime;][\/vc_column][vc_column width=\u00a0\u00bb2\/3&Prime;]<div id=\"argenta-custom-69ecf5b6288a7\"  class=\"heading-wrapper text-center text-titre\"  >\r\n\t\t\t<p class=\"subtitle\">#Trek solidaire<\/p>\r\n\t\r\n\t<h2 class=\"second-title text-center\">La solidarit\u00e9 au c\u0153ur du Rose Trip Cap-Vert<\/h2>\r\n\r\n\t\r\n\t\t<div class=\"divider-solid\"><div class=\"divider-line\"><\/div><\/div>\t\r\n\t<\/div>\t\r\n\r\n[vc_empty_space height=\u00a0\u00bb20px\u00a0\u00bb]<div id=\"argenta-custom-69ecf5b6289b7\"  >\r\n\t<p><strong>Le Rose Trip ne se limite pas \u00e0 une \u00e9preuve sportive<\/strong>. Comme tous les autres treks cr\u00e9\u00e9s par <a href=\"https:\/\/www.desertours.com\" target=\"_blank\" rel=\"noopener\">D\u00e9sertours<\/a>, le <strong>Rose Trip Cap-Vert s&rsquo;associe en effet \u00e0 des projets solidaires d&rsquo;envergures<\/strong>.<\/p>\n<p>Cet \u00e9v\u00e9nement marque ainsi l&rsquo;<strong>engagement des trekkeuses envers une ou plusieurs associations<\/strong>, principalement ax\u00e9es autour des femmes et des enfants en difficult\u00e9. Une \u00e9tape sp\u00e9cifique sera \u00e9galement d\u00e9di\u00e9e \u00e0 <a href=\"http:\/\/www.cancerdusein.org\/\" target=\"_blank\" rel=\"noopener noreferrer\">Ruban Rose<\/a> qui lutte contre le cancer du sein \u00e0 travers une sensibilisation au d\u00e9pistage.<\/p>\n<\/div>\r\n\r\n[vc_empty_space height=\u00a0\u00bb20px\u00a0\u00bb][vc_row_inner][vc_column_inner width=\u00a0\u00bb1\/3&Prime;][vc_single_image image=\u00a0\u00bb39&Prime; img_size=\u00a0\u00bbfull\u00a0\u00bb alignment=\u00a0\u00bbcenter\u00a0\u00bb onclick=\u00a0\u00bbcustom_link\u00a0\u00bb link=\u00a0\u00bb#ruban-rose\u00a0\u00bb][\/vc_column_inner][vc_column_inner width=\u00a0\u00bb1\/3&Prime;][vc_single_image image=\u00a0\u00bb474&Prime; img_size=\u00a0\u00bbfull\u00a0\u00bb alignment=\u00a0\u00bbcenter\u00a0\u00bb onclick=\u00a0\u00bbcustom_link\u00a0\u00bb link=\u00a0\u00bb#jeune-et-rose\u00a0\u00bb][\/vc_column_inner][vc_column_inner width=\u00a0\u00bb1\/3&Prime;][vc_single_image image=\u00a0\u00bb37&Prime; img_size=\u00a0\u00bbfull\u00a0\u00bb alignment=\u00a0\u00bbcenter\u00a0\u00bb onclick=\u00a0\u00bbcustom_link\u00a0\u00bb link=\u00a0\u00bb#cap-eco-solidaire\u00a0\u00bb][\/vc_column_inner][\/vc_row_inner][\/vc_column][vc_column width=\u00a0\u00bb1\/6&Prime;][\/vc_column][\/vc_row][vc_row full_width=\u00a0\u00bbstretch_row_content_no_spaces\u00a0\u00bb el_class=\u00a0\u00bbbg-right-bottom\u00a0\u00bb css=\u00a0\u00bb.vc_custom_1509986403293{padding-top: 50px !important;background-position: 0 0 !important;background-repeat: no-repeat !important;}\u00a0\u00bb][vc_column css=\u00a0\u00bb.vc_custom_1482499486696{padding-top: 0px !important;}\u00a0\u00bb][vc_empty_space height=\u00a0\u00bb0&Prime; el_id=\u00a0\u00bbruban-rose\u00a0\u00bb]<div class=\"split-box\" id=\"argenta-custom-69ecf5b628a56\" \r\n\t\t\t\t>\r\n\t\t<div class=\"vc_col-md-6 split-box-wrap\">\r\n\t\t<div class=\"parallax-bg\"><\/div>\r\n\t\t<div class=\"content\">\r\n\t\t\t\t\t<\/div>\r\n\t<\/div>\t<div class=\"vc_col-md-6 split-box-wrap\">\r\n\t\t<div class=\"parallax-bg\"><\/div>\r\n\t\t<div class=\"content\">\r\n\t\t\t[vc_single_image image=\u00a0\u00bb39&Prime; img_size=\u00a0\u00bbmedium\u00a0\u00bb onclick=\u00a0\u00bbcustom_link\u00a0\u00bb img_link_target=\u00a0\u00bb_blank\u00a0\u00bb link=\u00a0\u00bbhttps:\/\/cancerdusein.org\u00a0\u00bb]<div id=\"argenta-custom-69ecf5b62cf1d\"  class=\"heading-wrapper text-left text-titre\"  >\r\n\t\t\t<p class=\"subtitle\">#Ruban Rose<\/p>\r\n\t\r\n\t<h2 class=\"second-title text-left\">Une \u00e9tape aux couleurs de Ruban Rose<\/h2>\r\n\r\n\t\r\n\t\t<div class=\"divider-solid\"><div class=\"divider-line\"><\/div><\/div>\t\r\n\t<\/div>\t\r\n\r\n[vc_empty_space height=\u00a0\u00bb20px\u00a0\u00bb]<div id=\"argenta-custom-69ecf5b62d017\"  >\r\n\t<p align=\"justify\">L\u2019association \u00ab <a href=\"https:\/\/www.cancerdusein.org\/\" target=\"_blank\" rel=\"noopener\">Ruban Rose<\/a> \u00bb \u0153uvre sans rel\u00e2che en faveur de la pr\u00e9vention et de la sensibilisation pour limiter les m\u00e9faits du cancer du sein, <strong>une pathologie susceptible de toucher une femme sur huit en France<\/strong>\u2026 Une telle cause m\u00e9rite une visibilit\u00e9 de grande ampleur ! C\u2019est pourquoi depuis 2012, <a href=\"https:\/\/www.desertours.com\" target=\"_blank\" rel=\"noopener\">D\u00e9sertours<\/a> <strong>se mobilise \u00e0 travers tous ses treks 100% f\u00e9minins<\/strong>. L\u2019objectif : mettre en avant l&rsquo;association Ruban Rose via une communication originale et inviter les participantes \u00e0 faire des dons pour la recherche..<\/p>\n<p align=\"justify\"><strong>Sur le Rose Trip Cap-Vert, l&rsquo;action Ruban Rose sera de d\u00e9dier \u00e0 l\u2019association l&rsquo;une des quatre \u00e9tapes sportives comptant au classement<\/strong>. L&rsquo;\u00e9tape sera donc aux couleurs de Ruban Rose et des porte-paroles touch\u00e9es par la maladie interviendront en fin de journ\u00e9e. Un moment qui s\u2019annonce charg\u00e9 en \u00e9motions.<\/p>\n<\/div>\r\n\r\n[vc_empty_space height=\u00a0\u00bb30px\u00a0\u00bb]<div class=\"button_wrapper\"  >\r\n\t\r\n\t<a href=\"https:\/\/www.cancerdusein.org\/\" target=\"_blank\" class=\"btn btn-rounded btn-large\" id=\"argenta-custom-69ecf5b62d0e2\">\r\n\t\t\t\t<span class=\"text\">D\u00e9couvrir Ruban Rose<\/span>\r\n\t\t\t<\/a>\r\n\t\r\n<\/div>\r\n\r\n\t\t<\/div>\r\n\t<\/div>\t\r\n<\/div>\r\n\r\n[vc_empty_space height=\u00a0\u00bb0&Prime; el_id=\u00a0\u00bbjeune-et-rose\u00a0\u00bb]<div class=\"split-box\" id=\"argenta-custom-69ecf5b62d1b8\" \r\n\t\t\t\t>\r\n\t\t<div class=\"vc_col-md-6 split-box-wrap\">\r\n\t\t<div class=\"parallax-bg\"><\/div>\r\n\t\t<div class=\"content\">\r\n\t\t\t[vc_single_image image=\u00a0\u00bb474&Prime; img_size=\u00a0\u00bbmedium\u00a0\u00bb]<div id=\"argenta-custom-69ecf5b6329cf\"  class=\"heading-wrapper text-left text-titre\"  >\r\n\t\t\t<p class=\"subtitle\">#Jeune et Rose<\/p>\r\n\t\r\n\t<h2 class=\"second-title text-left\">Le Pink Power est en nous<\/h2>\r\n\r\n\t\r\n\t\t<div class=\"divider-solid\"><div class=\"divider-line\"><\/div><\/div>\t\r\n\t<\/div>\t\r\n\r\n[vc_empty_space height=\u00a0\u00bb20px\u00a0\u00bb]<div id=\"argenta-custom-69ecf5b632ad2\"  >\r\n\t<p align=\"justify\">Apr\u00e8s un passage tr\u00e8s remarqu\u00e9 lors de la 3\u00e8me \u00e9dition du <a href=\"https:\/\/www.trekrosetrip.com\/maroc\">Rose Trip Maroc<\/a> sur invitation de l\u2019<a href=\"#ruban-rose\">association Ruban Rose<\/a>, <strong>la pr\u00e9sence sur le terrain de l\u2019\u00e9quipe de <a href=\"https:\/\/www.jeuneetrose.fr\/\" target=\"_blank\" rel=\"noopener\">Jeune et Rose<\/a> sur l\u2019ensemble de nos treks est d\u00e9sormais une \u00e9vidence<\/strong>. \u201c<em><strong>Le Pink Power est en nous<\/strong><\/em>\u201d, voil\u00e0 un slogan qui devrait inspirer les trekkeuses ! C\u2019est celui de ce collectif aussi actif que cr\u00e9atif pour \u00e9pauler les jeunes femmes malades. Autoqualifi\u00e9es de \u201c<em>motitiv\u00e9es et d\u00e9termin\u00e9n\u00e9es<\/em>\u201d, <a href=\"https:\/\/www.jeuneetrose.fr\/\" target=\"_blank\" rel=\"noopener\">Jeune et Rose<\/a> propose des actions percutantes et une communication d\u00e9cal\u00e9e visant \u00e0 changer le regard sur la maladie.<\/p>\n<p align=\"justify\">L\u2019association Jeune et Rose sera pr\u00e9sente sur le terrain pour vous renseigner sur leurs actions et vous permettre de faire un don. Des repr\u00e9sentantes de l\u2019association animeront des ateliers de sensibilisation, des discussions et des \u00e9changes avec les participantes.<\/p>\n<\/div>\r\n\r\n[vc_empty_space height=\u00a0\u00bb30px\u00a0\u00bb]<div class=\"button_wrapper\"  >\r\n\t\r\n\t<a href=\"https:\/\/www.jeuneetrose.fr\/\" target=\"_blank\" class=\"btn btn-rounded btn-large\" id=\"argenta-custom-69ecf5b632bac\">\r\n\t\t\t\t<span class=\"text\">D\u00e9couvrir Jeune et Rose<\/span>\r\n\t\t\t<\/a>\r\n\t\r\n<\/div>\r\n\r\n\t\t<\/div>\r\n\t<\/div>\t<div class=\"vc_col-md-6 split-box-wrap\">\r\n\t\t<div class=\"parallax-bg\"><\/div>\r\n\t\t<div class=\"content\">\r\n\t\t\t\t\t<\/div>\r\n\t<\/div>\t\r\n<\/div>\r\n\r\n[vc_empty_space height=\u00a0\u00bb0&Prime; el_id=\u00a0\u00bbcap-eco-solidaire\u00a0\u00bb]<div class=\"split-box\" id=\"argenta-custom-69ecf5b632cf4\" \r\n\t\t\t\t>\r\n\t\t<div class=\"vc_col-md-6 split-box-wrap\">\r\n\t\t<div class=\"parallax-bg\"><\/div>\r\n\t\t<div class=\"content\">\r\n\t\t\t\t\t<\/div>\r\n\t<\/div>\t<div class=\"vc_col-md-6 split-box-wrap\">\r\n\t\t<div class=\"parallax-bg\"><\/div>\r\n\t\t<div class=\"content\">\r\n\t\t\t[vc_single_image image=\u00a0\u00bb37&Prime; img_size=\u00a0\u00bbmedium\u00a0\u00bb]<div id=\"argenta-custom-69ecf5b6411fe\"  class=\"heading-wrapper text-left text-titre\"  >\r\n\t\t\t<p class=\"subtitle\">#Cap Eco Solidaire<\/p>\r\n\t\r\n\t<h2 class=\"second-title text-left\">Sensibiliser \u00e0 l'\u00e9co-citoyennet\u00e9<\/h2>\r\n\r\n\t\r\n\t\t<div class=\"divider-solid\"><div class=\"divider-line\"><\/div><\/div>\t\r\n\t<\/div>\t\r\n\r\n[vc_empty_space height=\u00a0\u00bb20px\u00a0\u00bb]<div id=\"argenta-custom-69ecf5b64130b\"  >\r\n\t<p align=\"justify\">Depuis sa cr\u00e9ation, <a href=\"https:\/\/www.asso-cap-eco-solidaire.org\/\" target=\"_blank\" rel=\"noopener\">Cap Eco Solidaire<\/a> agit dans le domaine de l\u2019\u00e9ducation pour <strong>favoriser l\u2019acc\u00e8s \u00e0 l\u2019enseignement<\/strong> au plus grand nombre. C\u2019est pourquoi l&rsquo;association agit d\u00e8s aujourd\u2019hui aux c\u00f4t\u00e9s du <strong>Centre Educatif Nossa Senhora de Boa Esperan\u00e7a<\/strong> (CENSBE). Le CENSBE a \u00e9t\u00e9 fond\u00e9 en 2010 dans le quartier le plus d\u00e9favoris\u00e9 de toutes les \u00eeles du Cap-Vert, celui de Boa Esperan\u00e7a de la ville de Sal Rei, (capitale de l\u2019\u00eele de Boa Vista au Cap-Vert). Le centre a pour objectifs principaux de <strong>fournir des services dans le domaine de l\u2019\u00e9ducation<\/strong> ainsi que <strong>soutenir les familles du quartier<\/strong>, en se concentrant sur les <strong>cr\u00e8ches et les jardins d\u2019enfant accueillant des enfants \u00e2g\u00e9s de 2 mois \u00e0 6 ans<\/strong>. Le Centre contribue \u00e0 l\u2019\u00e9galit\u00e9 des chances dans l\u2019acc\u00e8s \u00e0 l\u2019\u00e9cole pour un apprentissage r\u00e9ussi, et cherche aussi \u00e0 \u00e9veiller les enfants aux arts, aux danses, \u00e0 la capoeira, et aux questions environnementales avec des visites de sensibilisation \u00e0 l\u2019\u00e9cologie.<\/p>\n<p align=\"justify\">Depuis la pand\u00e9mie, le centre a \u00e9t\u00e9 contraint de s\u2019adapter aux nouvelles r\u00e9alit\u00e9s en diminuant consid\u00e9rablement leur capacit\u00e9 d\u2019accueil. Le nombre d\u2019accompagnateurs a \u00e9galement \u00e9t\u00e9 r\u00e9duit, faute de moyen, car les ressources financi\u00e8res du centre se basent sur les cotisations mensuelles des parents d\u2019\u00e9l\u00e8ves. Cette ann\u00e9e, ce sont 78 enfants pris en charge par le centre contre 300 d\u00e9but 2020.<\/p>\n<\/div>\r\n\r\n\t\t<\/div>\r\n\t<\/div>\t\r\n<\/div>\r\n\r\n[\/vc_column][\/vc_row][vc_row full_width=\u00a0\u00bbstretch_row\u00a0\u00bb css=\u00a0\u00bb.vc_custom_1768831278862{background-color: #ffffff !important;}\u00a0\u00bb][vc_column]<div id=\"argenta-custom-69ecf5b6413e2\"  >\r\n\t<p align=\"justify\">Le d\u00e9fi du centre est de taille, c\u2019est la raison pour laquelle <strong>l\u2019association propose aux trekkeuses de participer \u00e0 deux actions solidaires :<\/strong><\/p>\n<\/div>\r\n\r\n[vc_row_inner][vc_column_inner el_class=\u00a0\u00bbcap-eco-solidaire-action\u00a0\u00bb width=\u00a0\u00bb1\/2&Prime;][vc_message message_box_style=\u00a0\u00bb3d\u00a0\u00bb message_box_color=\u00a0\u00bbwhite\u00a0\u00bb icon_fontawesome=\u00a0\u00bbfa fa-check-square-o\u00a0\u00bb]\n<h3 style=\"text-align: center;\" align=\"justify\">1 \u2013 \u00ab\u00a0Op\u00e9ration collation\u00a0\u00bb<\/h3>\n<p align=\"justify\">Afin qu\u2019ils puissent \u00e9tudier dans des conditions optimales les enfants ont besoin d\u2019apports nutritifs suffisants. C\u2019est pourquoi nous avons mis en place \u00ab\u00a0l\u2019op\u00e9ration collation\u00a0\u00bb qui a pour objectif d\u2019<strong>offrir au centre la possibilit\u00e9 de servir au moins une collation suppl\u00e9mentaire par jour et par enfant<\/strong>.<\/p>\n<p align=\"justify\">Pour les trekkeuses qui souhaiteraient participer \u00e0 cette action, un montant un montant \u00e0 verser a \u00e9t\u00e9 d\u00e9fini pour cette aide alimentaire. Pour conna\u00eetre les conditions pr\u00e9cises de l\u2019op\u00e9ration, n\u2019h\u00e9sitez pas \u00e0 contacter l\u2019association : <a href=\"mailto:contact@asso-cap-eco-solidaire.org\">contact@asso-cap-eco-solidaire.org<\/a>.<\/p>\n[\/vc_message][\/vc_column_inner][vc_column_inner el_class=\u00a0\u00bbcap-eco-solidaire-action\u00a0\u00bb width=\u00a0\u00bb1\/2&Prime;][vc_message message_box_style=\u00a0\u00bb3d\u00a0\u00bb message_box_color=\u00a0\u00bbwhite\u00a0\u00bb icon_fontawesome=\u00a0\u00bbfa fa-check-square-o\u00a0\u00bb]\n<h3 style=\"text-align: center;\" align=\"justify\">2 \u2013 Dons financiers pour soutenir les besoins de l\u2019\u00e9cole<\/h3>\n<p align=\"justify\">Pour offrir un meilleur environnement d\u2019apprentissage aux enfants, le centre a besoin d\u2019entretien et de travaux. C\u2019est pourquoi les dons financiers r\u00e9colt\u00e9s par les trekkeuses seront revers\u00e9s pour diff\u00e9rents projets de l\u2019\u00e9cole :<\/p>\n<ul>\n<li>La r\u00e9habilitation des sanitaires<\/li>\n<li>L\u2019\u00e9quipement de la cuisine (achat de la cuisini\u00e8re et du r\u00e9frig\u00e9rateur)<\/li>\n<li>L\u2019\u00e9quipement du jardin d\u2019enfant (achat de jouets p\u00e9dagogiques)<\/li>\n<li>L\u2019\u00e9quipement de la salle de repos (achat de lit pour la sieste des b\u00e9b\u00e9s)<\/li>\n<li>L\u2019achat d\u2019appareils de bureautiques (achat d\u2019une imprimante et d\u2019un ordinateur)<\/li>\n<\/ul>\n[\/vc_message][\/vc_column_inner][\/vc_row_inner][vc_empty_space height=\u00a0\u00bb30px\u00a0\u00bb][vc_row_inner content_placement=\u00a0\u00bbmiddle\u00a0\u00bb][vc_column_inner width=\u00a0\u00bb1\/6&Prime;][\/vc_column_inner][vc_column_inner width=\u00a0\u00bb1\/6&Prime;][\/vc_column_inner][vc_column_inner el_class=\u00a0\u00bbtext-center\u00a0\u00bb width=\u00a0\u00bb1\/3&Prime;]<div class=\"button_wrapper\"  >\r\n\t\r\n\t<a href=\"https:\/\/www.asso-cap-eco-solidaire.org\/projet-cap-vert\" target=\"_blank\" class=\"btn btn-rounded btn-large text-center track_Contact track_Contact-Cap-Vert\" id=\"argenta-custom-69ecf5b6414b4\">\r\n\t\t\t\t<span class=\"text\">En savoir plus sur les actions solidaires<\/span>\r\n\t\t\t<\/a>\r\n\t\r\n<\/div>\r\n\r\n[\/vc_column_inner][vc_column_inner width=\u00a0\u00bb1\/6&Prime;][\/vc_column_inner][vc_column_inner width=\u00a0\u00bb1\/6&Prime;][\/vc_column_inner][\/vc_row_inner][vc_empty_space height=\u00a0\u00bb50px\u00a0\u00bb el_class=\u00a0\u00bbarg-spacer\u00a0\u00bb][\/vc_column][\/vc_row][vc_row full_width=\u00a0\u00bbstretch_row\u00a0\u00bb css=\u00a0\u00bb.vc_custom_1713799942591{background-color: #d7006d !important;}\u00a0\u00bb][vc_column css=\u00a0\u00bb.vc_custom_1510500773686{padding-top: 0px !important;}\u00a0\u00bb el_class=\u00a0\u00bbtext-center\u00a0\u00bb][vc_empty_space height=\u00a0\u00bb70px\u00a0\u00bb el_class=\u00a0\u00bbarg-spacer\u00a0\u00bb]<div id=\"argenta-custom-69ecf5b641587\"  class=\"heading-wrapper text-center text-titre\"  >\r\n\t\t\t<p class=\"subtitle\">Recevez toutes les actualit\u00e9s solidaires<\/p>\r\n\t\r\n\t<h2 class=\"second-title text-center\">Inscrivez-vous \u00e0 la newsletter du trek Rose Trip Cap-Vert !<\/h2>\r\n\r\n\t\r\n\t\r\n\t<\/div>\t\r\n\r\n[vc_empty_space height=\u00a0\u00bb5px\u00a0\u00bb]<div class=\"button_wrapper\"  >\r\n\t\r\n\t<a href=\"https:\/\/www.trekrosetrip.com\/cap-vert\/contact\/\" class=\"btn btn-rounded btn-large text-center\" id=\"argenta-custom-69ecf5b64166c\">\r\n\t\t\t\t<span class=\"text\">S'inscrire \u00e0 la newsletter<\/span>\r\n\t\t\t<\/a>\r\n\t\r\n<\/div>\r\n\r\n[vc_empty_space height=\u00a0\u00bb70px\u00a0\u00bb el_class=\u00a0\u00bbarg-spacer\u00a0\u00bb][\/vc_column][\/vc_row]\n","protected":false},"excerpt":{"rendered":"<p>[vc_row css=\u00a0\u00bb.vc_custom_1509985455989{padding-top: 50px !important;}\u00a0\u00bb][vc_column width=\u00a0\u00bb1\/6&Prime;][\/vc_column][vc_column width=\u00a0\u00bb2\/3&Prime;][vc_empty_space height=\u00a0\u00bb20px\u00a0\u00bb][vc_empty_space height=\u00a0\u00bb20px\u00a0\u00bb][vc_row_inner][vc_column_inner width=\u00a0\u00bb1\/3&Prime;][vc_single_image image=\u00a0\u00bb39&Prime; img_size=\u00a0\u00bbfull\u00a0\u00bb alignment=\u00a0\u00bbcenter\u00a0\u00bb onclick=\u00a0\u00bbcustom_link\u00a0\u00bb link=\u00a0\u00bb#ruban-rose\u00a0\u00bb][\/vc_column_inner][vc_column_inner width=\u00a0\u00bb1\/3&Prime;][vc_single_image image=\u00a0\u00bb474&Prime; img_size=\u00a0\u00bbfull\u00a0\u00bb alignment=\u00a0\u00bbcenter\u00a0\u00bb onclick=\u00a0\u00bbcustom_link\u00a0\u00bb link=\u00a0\u00bb#jeune-et-rose\u00a0\u00bb][\/vc_column_inner][vc_column_inner width=\u00a0\u00bb1\/3&Prime;][vc_single_image image=\u00a0\u00bb37&Prime; img_size=\u00a0\u00bbfull\u00a0\u00bb alignment=\u00a0\u00bbcenter\u00a0\u00bb onclick=\u00a0\u00bbcustom_link\u00a0\u00bb link=\u00a0\u00bb#cap-eco-solidaire\u00a0\u00bb][\/vc_column_inner][\/vc_row_inner][\/vc_column][vc_column width=\u00a0\u00bb1\/6&Prime;][\/vc_column][\/vc_row][vc_row full_width=\u00a0\u00bbstretch_row_content_no_spaces\u00a0\u00bb el_class=\u00a0\u00bbbg-right-bottom\u00a0\u00bb css=\u00a0\u00bb.vc_custom_1509986403293{padding-top: 50px !important;background-position: 0 0 !important;background-repeat: no-repeat !important;}\u00a0\u00bb][vc_column css=\u00a0\u00bb.vc_custom_1482499486696{padding-top: 0px !important;}\u00a0\u00bb][vc_empty_space height=\u00a0\u00bb0&Prime; el_id=\u00a0\u00bbruban-rose\u00a0\u00bb][vc_empty_space height=\u00a0\u00bb0&Prime; el_id=\u00a0\u00bbjeune-et-rose\u00a0\u00bb][vc_empty_space height=\u00a0\u00bb0&Prime; el_id=\u00a0\u00bbcap-eco-solidaire\u00a0\u00bb][\/vc_column][\/vc_row][vc_row full_width=\u00a0\u00bbstretch_row\u00a0\u00bb css=\u00a0\u00bb.vc_custom_1768831278862{background-color: #ffffff !important;}\u00a0\u00bb][vc_column][vc_row_inner][vc_column_inner el_class=\u00a0\u00bbcap-eco-solidaire-action\u00a0\u00bb width=\u00a0\u00bb1\/2&Prime;][vc_message message_box_style=\u00a0\u00bb3d\u00a0\u00bb message_box_color=\u00a0\u00bbwhite\u00a0\u00bb icon_fontawesome=\u00a0\u00bbfa [&hellip;]<\/p>\n","protected":false},"author":1,"featured_media":0,"parent":0,"menu_order":0,"comment_status":"closed","ping_status":"closed","template":"page-templates\/page_without-sidebar.php","meta":{"_acf_changed":false,"footnotes":""},"class_list":["post-108","page","type-page","status-publish","hentry"],"acf":[],"yoast_head":"<!-- This site is optimized with the Yoast SEO Premium plugin v27.4 (Yoast SEO v27.4) - https:\/\/yoast.com\/product\/yoast-seo-premium-wordpress\/ -->\n<title>Un trek solidaire | Rose Trip Cap-Vert Boa Vista<\/title>\n<meta name=\"description\" content=\"En plus de l&#039;aspect sportif, le Rose Trip Cap-Vert est aussi un trek solidaire, soutenant les associations Cap Eco Solidaire et Ruban Rose.\" \/>\n<meta name=\"robots\" content=\"index, follow, max-snippet:-1, max-image-preview:large, max-video-preview:-1\" \/>\n<link rel=\"canonical\" href=\"https:\/\/www.trekrosetrip.com\/cap-vert\/trek-solidaire\/\" \/>\n<meta property=\"og:locale\" content=\"fr_FR\" \/>\n<meta property=\"og:type\" content=\"article\" \/>\n<meta property=\"og:title\" content=\"Rose Trip Cap-Vert, un trek solidaire\" \/>\n<meta property=\"og:description\" content=\"En plus de l&#039;aspect sportif, le Rose Trip Cap-Vert est aussi un trek solidaire, soutenant les associations Cap Eco Solidaire et Ruban Rose.\" \/>\n<meta property=\"og:url\" content=\"https:\/\/www.trekrosetrip.com\/cap-vert\/trek-solidaire\/\" \/>\n<meta property=\"og:site_name\" content=\"Rose Trip Cap-Vert Boa Vista\" \/>\n<meta property=\"article:modified_time\" content=\"2026-01-19T14:02:28+00:00\" \/>\n<meta property=\"og:image\" content=\"https:\/\/www.trekrosetrip.com\/cap-vert\/wp-content\/uploads\/sites\/5\/2024\/04\/trek-rose-trip-cap-vert-ruban-rose.jpg\" \/>\n\t<meta property=\"og:image:width\" content=\"1400\" \/>\n\t<meta property=\"og:image:height\" content=\"879\" \/>\n\t<meta property=\"og:image:type\" content=\"image\/jpeg\" \/>\n<meta name=\"twitter:card\" content=\"summary_large_image\" \/>\n<meta name=\"twitter:label1\" content=\"Dur\u00e9e de lecture estim\u00e9e\" \/>\n\t<meta name=\"twitter:data1\" content=\"6 minutes\" \/>\n<script type=\"application\/ld+json\" class=\"yoast-schema-graph\">{\"@context\":\"https:\\\/\\\/schema.org\",\"@graph\":[{\"@type\":\"WebPage\",\"@id\":\"https:\\\/\\\/www.trekrosetrip.com\\\/cap-vert\\\/trek-solidaire\\\/\",\"url\":\"https:\\\/\\\/www.trekrosetrip.com\\\/cap-vert\\\/trek-solidaire\\\/\",\"name\":\"Un trek solidaire | Rose Trip Cap-Vert Boa Vista\",\"isPartOf\":{\"@id\":\"https:\\\/\\\/www.trekrosetrip.com\\\/cap-vert\\\/#website\"},\"datePublished\":\"2024-04-22T15:17:46+00:00\",\"dateModified\":\"2026-01-19T14:02:28+00:00\",\"description\":\"En plus de l'aspect sportif, le Rose Trip Cap-Vert est aussi un trek solidaire, soutenant les associations Cap Eco Solidaire et Ruban Rose.\",\"breadcrumb\":{\"@id\":\"https:\\\/\\\/www.trekrosetrip.com\\\/cap-vert\\\/trek-solidaire\\\/#breadcrumb\"},\"inLanguage\":\"fr-FR\",\"potentialAction\":[{\"@type\":\"ReadAction\",\"target\":[\"https:\\\/\\\/www.trekrosetrip.com\\\/cap-vert\\\/trek-solidaire\\\/\"]}]},{\"@type\":\"BreadcrumbList\",\"@id\":\"https:\\\/\\\/www.trekrosetrip.com\\\/cap-vert\\\/trek-solidaire\\\/#breadcrumb\",\"itemListElement\":[{\"@type\":\"ListItem\",\"position\":1,\"name\":\"Accueil\",\"item\":\"https:\\\/\\\/www.trekrosetrip.com\\\/cap-vert\\\/\"},{\"@type\":\"ListItem\",\"position\":2,\"name\":\"Rose Trip Cap-Vert, un trek solidaire\"}]},{\"@type\":\"WebSite\",\"@id\":\"https:\\\/\\\/www.trekrosetrip.com\\\/cap-vert\\\/#website\",\"url\":\"https:\\\/\\\/www.trekrosetrip.com\\\/cap-vert\\\/\",\"name\":\"Rose Trip Cap-Vert Boa Vista\",\"description\":\"\",\"potentialAction\":[{\"@type\":\"SearchAction\",\"target\":{\"@type\":\"EntryPoint\",\"urlTemplate\":\"https:\\\/\\\/www.trekrosetrip.com\\\/cap-vert\\\/?s={search_term_string}\"},\"query-input\":{\"@type\":\"PropertyValueSpecification\",\"valueRequired\":true,\"valueName\":\"search_term_string\"}}],\"inLanguage\":\"fr-FR\"}]}<\/script>\n<!-- \/ Yoast SEO Premium plugin. -->","yoast_head_json":{"title":"Un trek solidaire | Rose Trip Cap-Vert Boa Vista","description":"En plus de l'aspect sportif, le Rose Trip Cap-Vert est aussi un trek solidaire, soutenant les associations Cap Eco Solidaire et Ruban Rose.","robots":{"index":"index","follow":"follow","max-snippet":"max-snippet:-1","max-image-preview":"max-image-preview:large","max-video-preview":"max-video-preview:-1"},"canonical":"https:\/\/www.trekrosetrip.com\/cap-vert\/trek-solidaire\/","og_locale":"fr_FR","og_type":"article","og_title":"Rose Trip Cap-Vert, un trek solidaire","og_description":"En plus de l'aspect sportif, le Rose Trip Cap-Vert est aussi un trek solidaire, soutenant les associations Cap Eco Solidaire et Ruban Rose.","og_url":"https:\/\/www.trekrosetrip.com\/cap-vert\/trek-solidaire\/","og_site_name":"Rose Trip Cap-Vert Boa Vista","article_modified_time":"2026-01-19T14:02:28+00:00","og_image":[{"width":1400,"height":879,"url":"https:\/\/www.trekrosetrip.com\/cap-vert\/wp-content\/uploads\/sites\/5\/2024\/04\/trek-rose-trip-cap-vert-ruban-rose.jpg","type":"image\/jpeg"}],"twitter_card":"summary_large_image","twitter_misc":{"Dur\u00e9e de lecture estim\u00e9e":"6 minutes"},"schema":{"@context":"https:\/\/schema.org","@graph":[{"@type":"WebPage","@id":"https:\/\/www.trekrosetrip.com\/cap-vert\/trek-solidaire\/","url":"https:\/\/www.trekrosetrip.com\/cap-vert\/trek-solidaire\/","name":"Un trek solidaire | Rose Trip Cap-Vert Boa Vista","isPartOf":{"@id":"https:\/\/www.trekrosetrip.com\/cap-vert\/#website"},"datePublished":"2024-04-22T15:17:46+00:00","dateModified":"2026-01-19T14:02:28+00:00","description":"En plus de l'aspect sportif, le Rose Trip Cap-Vert est aussi un trek solidaire, soutenant les associations Cap Eco Solidaire et Ruban Rose.","breadcrumb":{"@id":"https:\/\/www.trekrosetrip.com\/cap-vert\/trek-solidaire\/#breadcrumb"},"inLanguage":"fr-FR","potentialAction":[{"@type":"ReadAction","target":["https:\/\/www.trekrosetrip.com\/cap-vert\/trek-solidaire\/"]}]},{"@type":"BreadcrumbList","@id":"https:\/\/www.trekrosetrip.com\/cap-vert\/trek-solidaire\/#breadcrumb","itemListElement":[{"@type":"ListItem","position":1,"name":"Accueil","item":"https:\/\/www.trekrosetrip.com\/cap-vert\/"},{"@type":"ListItem","position":2,"name":"Rose Trip Cap-Vert, un trek solidaire"}]},{"@type":"WebSite","@id":"https:\/\/www.trekrosetrip.com\/cap-vert\/#website","url":"https:\/\/www.trekrosetrip.com\/cap-vert\/","name":"Rose Trip Cap-Vert Boa Vista","description":"","potentialAction":[{"@type":"SearchAction","target":{"@type":"EntryPoint","urlTemplate":"https:\/\/www.trekrosetrip.com\/cap-vert\/?s={search_term_string}"},"query-input":{"@type":"PropertyValueSpecification","valueRequired":true,"valueName":"search_term_string"}}],"inLanguage":"fr-FR"}]}},"_links":{"self":[{"href":"https:\/\/www.trekrosetrip.com\/cap-vert\/wp-json\/wp\/v2\/pages\/108","targetHints":{"allow":["GET"]}}],"collection":[{"href":"https:\/\/www.trekrosetrip.com\/cap-vert\/wp-json\/wp\/v2\/pages"}],"about":[{"href":"https:\/\/www.trekrosetrip.com\/cap-vert\/wp-json\/wp\/v2\/types\/page"}],"author":[{"embeddable":true,"href":"https:\/\/www.trekrosetrip.com\/cap-vert\/wp-json\/wp\/v2\/users\/1"}],"replies":[{"embeddable":true,"href":"https:\/\/www.trekrosetrip.com\/cap-vert\/wp-json\/wp\/v2\/comments?post=108"}],"version-history":[{"count":4,"href":"https:\/\/www.trekrosetrip.com\/cap-vert\/wp-json\/wp\/v2\/pages\/108\/revisions"}],"predecessor-version":[{"id":2718,"href":"https:\/\/www.trekrosetrip.com\/cap-vert\/wp-json\/wp\/v2\/pages\/108\/revisions\/2718"}],"wp:attachment":[{"href":"https:\/\/www.trekrosetrip.com\/cap-vert\/wp-json\/wp\/v2\/media?parent=108"}],"curies":[{"name":"wp","href":"https:\/\/api.w.org\/{rel}","templated":true}]}}